{"id":1802,"date":"2018-05-25T12:39:42","date_gmt":"2018-05-25T09:39:42","guid":{"rendered":"http:\/\/www.dasp.ro\/?page_id=1802"},"modified":"2025-09-23T14:17:07","modified_gmt":"2025-09-23T11:17:07","slug":"protectia-datelor-gdpr","status":"publish","type":"page","link":"https:\/\/www.dasp.ro\/de\/protectia-datelor-gdpr\/","title":{"rendered":"Protec\u021bia datelor cu caracter personal"},"content":{"rendered":"<p style=\"text-align: center;\"><strong>INFORMARE<\/strong><\/p>\n<p><strong>\u00a0<\/strong><\/p>\n<p>Incepand cu 25 Mai 2018 Regulamentul 2016\/679\/UE privind protectia datelor cu caracter personal (General Data Protection Regulation \u2013 GDPR) intra in vigoare. Regulamentul are ca scop crearea unui cadru legislativ unic European care sa protejeze persoanele fizice in ceea ce priveste prelucrarea datelor cu caracter personal si sa reglementeze circulatia acestora.<\/p>\n<p><em>Direc\u021bia de Asisten\u021b\u0103 Social\u0103 a Municipiului Pitesti <\/em>cu sediul in Municipiul Pitesti,Bulevardul Republicii nr.117B, Bl. D5B, parter, se aliniaza prevederilor GDPR<em>.<\/em>\u00a0In acest scop, am trecut prin etape importante de analiza interna si externa, urmate de masuri legale, operationale si tehnice, toate cu scopul unic de conformare la cerintele GDPR.<\/p>\n<p>Astfel, dorim sa va informam in ce fel vom prelucra datele cu caracter personal in interactiunea cu serviciile noastre:<\/p>\n<h2><strong>Ce sunt datele cu caracter personal?<\/strong><\/h2>\n<h2><\/h2>\n<p>Orice fel de informatii care pot duce la identificarea unei persoane fizice, fie vorba de nume, prenume, adresa, CNP sau adresa de e-mail.<\/p>\n<h2><strong>Cum colecteaza DAS Pitesti datele cu caracter personal?<\/strong><\/h2>\n<p>Ele pot fi colectate prin formulare sau direct din apel telefonic, cu informarea clar\u0103 a persoanei cu care interactionam.<\/p>\n<h2><strong>Care sunt datele cu caracter personal prelucrate de DAS Pitesti?<\/strong><\/h2>\n<p><strong>\u00a0<\/strong>\u00a0 \u00a0 \u00a0 \u00a0 \u00a0 \u00a0a) nume \u0219i prenume;<\/p>\n<p><strong>\u00a0<\/strong>\u00a0 \u00a0 \u00a0 \u00a0 \u00a0 \u00a0b) adresa;<\/p>\n<p><strong>\u00a0<\/strong>\u00a0 \u00a0 \u00a0 \u00a0 \u00a0 \u00a0c) num\u0103r telefon;<\/p>\n<p><strong>\u00a0<\/strong>\u00a0 \u00a0 \u00a0 \u00a0 \u00a0 \u00a0d) adresa de e-mail;<\/p>\n<p><strong>\u00a0<\/strong>\u00a0 \u00a0 \u00a0 \u00a0 \u00a0 \u00a0e) cod numeric personal;<\/p>\n<p><strong>\u00a0<\/strong>\u00a0 \u00a0 \u00a0 \u00a0 \u00a0 \u00a0f) imaginea;<\/p>\n<p><strong>\u00a0<\/strong>\u00a0 \u00a0 \u00a0 \u00a0 \u00a0 \u00a0g) date privind s\u0103n\u0103tatea;<\/p>\n<p><strong>\u00a0<\/strong>\u00a0 \u00a0 \u00a0 \u00a0 \u00a0 \u00a0h) date sensibile<\/p>\n<h2><strong>Cum prelucram noi datele cu caracter personal?<\/strong><\/h2>\n<h2><\/h2>\n<p>Prelucrarea si stocarea datelor cu caracter personal este facuta in conditii de siguranta si in scopuri legitime legate in principal de desfasurarea activitatii de prestare servicii.<\/p>\n<h2><strong>In ce scop prelucreaza DAS Pitesti datele cu caracter personal?<\/strong><\/h2>\n<h2><\/h2>\n<p>Situatiile in care DAS Pitesti prelucreaza datele cu caracter personal sunt urmatoarele:<\/p>\n<p>(I) Pentru realizarea obiectului unui contract<strong>;<\/strong><\/p>\n<p><strong>(<\/strong>II) prelucrarea este necesar\u0103 \u00een vederea \u00eendeplinirii unei obliga\u0163ii legale care \u00eei revine operatorului;<\/p>\n<p>(III) prelucrarea este necesar\u0103 pentru a proteja interesele vitale ale persoanei vizate sau ale altei persoane fizice;<\/p>\n<p>(IV) prelucrarea este necesar\u0103 pentru \u00eendeplinirea unei sarcini care serve\u015fte unui interes public sau care rezult\u0103 din exercitarea autorit\u0103\u0163ii publice cu care este \u00eenvestit operatorul.<\/p>\n<h2><strong>In ce temeiuri prelucram datele cu caracter personal?<\/strong><\/h2>\n<p><strong>Temeiul juridic al prelucr\u0103rii<\/strong><\/p>\n<p><strong>\u00a0<\/strong><\/p>\n<p>&#8211; art. 6\u00a0 alin. 1 lit. b) din GDPR, respectiv ,,prelucrarea este necesar\u0103 pentru executarea unui contract la care persoana vizat\u0103 este parte sau pentru a face demersuri la cererea persoanei vizate \u00eenainte de \u00eencheierea unui contract\u201c;<\/p>\n<p>&#8211; art. 6\u00a0 alin. 1 lit. c) din GDPR, respectiv ,,prelucrarea este necesar\u0103 \u00een vederea \u00eendeplinirii unei obliga\u021bii legale care \u00eei revine operatorului\u201c;<\/p>\n<p>&#8211; art. 6\u00a0 alin. 1 lit. d) din GDPR, respectiv ,,prelucrarea este necesar\u0103 pentru a proteja interesele vitale ale persoanei vizate sau ale altei personae fizice\u201c;<\/p>\n<p>&#8211; art. 6\u00a0 alin. 1 lit. e) din GDPR, respectiv ,,prelucrarea este necesar\u0103 pentru \u00eendeplinirea unei sarcini care serve\u0219te unui interes public sau care rezult\u0103 din exercitarea autorit\u0103\u021bii publice cu care este \u00eenvestit operatorul\u201c.<\/p>\n<h2><strong>Unde trimitem datele furnizate de tine?<\/strong><\/h2>\n<h2><\/h2>\n<p>&#8211; autorit\u0103\u021bi publice sau entit\u0103\u021bi autorizate de acestea<\/p>\n<h2><strong>\u00a0<\/strong><\/h2>\n<h2><strong>Pe ce durata prelucreaza DAS Pite\u0219ti datele cu caracter personal?<\/strong><\/h2>\n<p><strong>\u00a0<\/strong><\/p>\n<p>Prelucrarea este pe durata contractului sau pe durata prest\u0103rii serviciilor. Datele personale vor fi p\u0103strate at\u00e2t timp c\u00e2t este necesar pentru scopurile men\u021bionate mai sus sau perioada de timp prev\u0103zut\u0103 de dispozi\u021biile legale, respective \u00eentre 1 \u0219i 50 de ani.<\/p>\n<h2><strong>\u00a0<\/strong><strong>\u00a0<\/strong><\/h2>\n<p><strong>Unde sunt prelucrate datele dumneavoastra?<\/strong><\/p>\n<p><strong>\u00a0<\/strong><\/p>\n<p>Datele sunt colectate \u0219i prelucrate \u00een Rom\u00e2nia. Datele vor fi prelucrate de personalul Direc\u021biei de Asisten\u021b\u0103 Social\u0103 a Municipiului Pite\u0219ti, fiecare salariat folosind minimul necesar de date \u00een vederea execut\u0103rii sarcinilor de serviciu.<\/p>\n<p><strong>Date de contact responsabil cu protec\u021bia datelor :<\/strong><\/p>\n<p>Adresa:\u00a0 Bulevardul\u00a0 Republicii, bloc D5B,\u00a0 parter ( fostul sediul al\u00a0 \u00a0CAR\u00a0 \u00a0 \u00a0 Pensionari).<\/p>\n<p>Telefon:\u00a0 \u00a00372 030 420<\/p>\n<p>E-mail:\u00a0dpopitesti@dasp.ro<\/p>\n<p><strong>Drepturile beneficiarului<\/strong><\/p>\n<p><strong>\u00a0<\/strong><strong><em>a) Dreptul la acces<\/em><\/strong><\/p>\n<p>Dreptul de acces v\u0103 permite s\u0103 ob\u021bine\u021bi din partea noastr\u0103 o confirmare a faptului c\u0103 se prelucreaz\u0103 sau nu date personale care v\u0103 privesc;<\/p>\n<p><strong><em>b) Dreptul la rectificare<\/em><\/strong><\/p>\n<p>Acesta presupune dreptul de a solicita rectificarea sau actualizarea datelor cu caracter personal inexacte sau incomplete care v\u0103 privesc sau completarea acestora, atunci c\u00e2nd acestea sunt incomplete, f\u0103r\u0103 \u00eent\u00e2rzieri nejustificate;<\/p>\n<p><strong><em>c) Dreptul la \u0219tergerea datelor (dreptul de a fi uitat)<\/em><\/strong><\/p>\n<p>Acesta presupune dreptul de a solicita \u0219tergerea datelor cu caracter personal care v\u0103 privesc, f\u0103r\u0103 \u00eent\u00e2rzieri nejustificate. Dreptul de a solicita \u0219tergerea datelor ca fi aplicabil \u00een anumite circumstan\u021be, cum ar fi : (I) datele personale nu mai sunt necesare pentru \u00eendeplinirea scopurilor pentru care au fost colectate sau prelucrate, (II) datele d-voastr\u0103 au fost prelucrate illegal;<\/p>\n<p><strong><em>d) Dreptul la restric\u021bionarea prelucr\u0103rii<\/em><\/strong><\/p>\n<p>Acesta presupune dreptul de a solicita \u0219i de a ob\u021bine restric\u021bionarea prelucr\u0103rii datelor cu caracter personal care v\u0103 privesc, \u00een anumite circumstan\u021be, precum: (I) atunci c\u00e2nd dumneavoastr\u0103 contesta\u021bi exactitatea datelor, pe perioada ce ne-ar permite verificarea exactit\u0103\u021bii acelor date, (II) datele dumneavoastr\u0103 au fost prelucrate illegal, iar dumneavoastr\u0103 v\u0103 opune\u021bi \u0219tergerii acestora, solicit\u00e2nd restric\u021bionarea utiliz\u0103rii lor;<\/p>\n<p><strong><em>e) Dreptul la opozi\u021bie<\/em><\/strong><\/p>\n<p>Acesta presupune c\u0103, \u00een orice moment, ave\u021bi dreptul de a v\u0103 opune, din motive legate de situa\u021bia particular\u0103 \u00een care v\u0103 afla\u021bi, prelucr\u0103rii datelor cu caracter personal atunci c\u00e2nd prelucrarea a fost efectuat\u0103 \u00een interesul nostru legitim.<\/p>\n<p><strong><em>f) dreptul de a depune o pl\u00e2ngere la autoritatea de supraveghere<\/em><\/strong><em>.<\/em><\/p>\n<p>Conform regulamentului GDPR aveti dreptul de a depune o plangere la autoritatea de supraveghere &#8211; Ave\u0163i dreptul de a depune o pl\u00e2ngere la Autoritatea Nationala pentru Prelucrarea Datelor cu Caracter Personal.<\/p>\n<p><strong>Formularul Informare GDPR<\/strong> se gaseste aici: <a href=\"https:\/\/www.dasp.ro\/wp-content\/uploads\/2024\/11\/FORMULAR-INFORMARE-GDPR.pdf\">FORMULAR INFORMARE GDPR<\/a><\/p>\n<p>Formular acord prelucre date:\u00a0 <a href=\"https:\/\/www.dasp.ro\/wp-content\/uploads\/2025\/08\/Formular-acord-prelucrare-date.pdf\">Formular acord prelucrare date<\/a><\/p>\n<p>Informare privind prelucrarea datelor prin intermediul sistemelor video:\u00a0 <a href=\"https:\/\/www.dasp.ro\/wp-content\/uploads\/2025\/08\/Informare-privid-prelucrarea-datelor-prin-intermediul-sistemeleor-video-in-cadrul-Directiei-de-Asistenta-Sociala-a-Municipiului-Pitesti.pdf\">Informare privind prelucrarea datelor prin intermediul sistemeleor video in cadrul Directiei de Asistenta Sociala a Municipiului Pitesti<\/a><\/p>\n","protected":false},"excerpt":{"rendered":"<p>INFORMARE \u00a0 Incepand cu 25 Mai 2018 Regulamentul 2016\/679\/UE privind protectia datelor cu caracter personal (General Data Protection Regulation \u2013 GDPR) intra in vigoare. Regulamentul are ca scop crearea unui cadru legislativ unic European care sa protejeze persoanele fizice in<\/p>\n","protected":false},"author":1,"featured_media":0,"parent":0,"menu_order":0,"comment_status":"closed","ping_status":"closed","template":"","meta":{"footnotes":""},"class_list":["post-1802","page","type-page","status-publish","hentry"],"translation":{"provider":"WPGlobus","version":"3.0.0","language":"de","enabled_languages":["en","es","de","fr","ru"],"languages":{"en":{"title":true,"content":true,"excerpt":false},"es":{"title":false,"content":false,"excerpt":false},"de":{"title":false,"content":false,"excerpt":false},"fr":{"title":false,"content":false,"excerpt":false},"ru":{"title":false,"content":false,"excerpt":false}}},"_links":{"self":[{"href":"https:\/\/www.dasp.ro\/de\/wp-json\/wp\/v2\/pages\/1802","targetHints":{"allow":["GET"]}}],"collection":[{"href":"https:\/\/www.dasp.ro\/de\/wp-json\/wp\/v2\/pages"}],"about":[{"href":"https:\/\/www.dasp.ro\/de\/wp-json\/wp\/v2\/types\/page"}],"author":[{"embeddable":true,"href":"https:\/\/www.dasp.ro\/de\/wp-json\/wp\/v2\/users\/1"}],"replies":[{"embeddable":true,"href":"https:\/\/www.dasp.ro\/de\/wp-json\/wp\/v2\/comments?post=1802"}],"version-history":[{"count":20,"href":"https:\/\/www.dasp.ro\/de\/wp-json\/wp\/v2\/pages\/1802\/revisions"}],"predecessor-version":[{"id":9838,"href":"https:\/\/www.dasp.ro\/de\/wp-json\/wp\/v2\/pages\/1802\/revisions\/9838"}],"wp:attachment":[{"href":"https:\/\/www.dasp.ro\/de\/wp-json\/wp\/v2\/media?parent=1802"}],"curies":[{"name":"wp","href":"https:\/\/api.w.org\/{rel}","templated":true}]}}