{"id":3306,"date":"2020-02-07T10:36:07","date_gmt":"2020-02-07T08:36:07","guid":{"rendered":"http:\/\/www.dasp.ro\/?page_id=3306"},"modified":"2023-07-03T13:01:06","modified_gmt":"2023-07-03T10:01:06","slug":"cerere-pentru-evaluare-complexa-si-incadrare-a-copilului-cu-dizabilitati-in-grad-de-handicap","status":"publish","type":"page","link":"https:\/\/www.dasp.ro\/de\/cerere-pentru-evaluare-complexa-si-incadrare-a-copilului-cu-dizabilitati-in-grad-de-handicap\/","title":{"rendered":"Cerere pentru evaluare complex\u0103 \u015fi \u00eencadrare a copilului cu dizabilit\u0103\u0163i \u00een grad de handicap"},"content":{"rendered":"\n<ul class=\"wp-block-list\">\n<li>cererea-document se gaseste aici:<a href=\"https:\/\/www.dasp.ro\/cerere-pentru-evaluare-complexa-si-incadrare-a-copilului-cu-dizabilitati-in-grad-de-handicapacces-la-servicii-de-abilitare-si-reabilitare-2\/\"> <\/a><a href=\"https:\/\/www.dasp.ro\/wp-content\/uploads\/2023\/07\/Cerere-pentru-evaluare-complexa-si-incadrare-a-copilului-cu-dizabilitati-in-grad-de-handicapacces-la-servicii-de-abilitare-si-reabilitare.pdf\">Cerere pentru evaluare complexa si incadrare a copilului cu dizabilitati in grad de handicap\/acces la servicii de abilitare si reabilitare<\/a><\/li>\n<\/ul>\n","protected":false},"excerpt":{"rendered":"","protected":false},"author":1,"featured_media":0,"parent":0,"menu_order":0,"comment_status":"closed","ping_status":"closed","template":"","meta":{"footnotes":""},"class_list":["post-3306","page","type-page","status-publish","hentry"],"translation":{"provider":"WPGlobus","version":"3.0.0","language":"de","enabled_languages":["en","es","de","fr","ru"],"languages":{"en":{"title":true,"content":true,"excerpt":false},"es":{"title":false,"content":false,"excerpt":false},"de":{"title":false,"content":false,"excerpt":false},"fr":{"title":false,"content":false,"excerpt":false},"ru":{"title":false,"content":false,"excerpt":false}}},"_links":{"self":[{"href":"https:\/\/www.dasp.ro\/de\/wp-json\/wp\/v2\/pages\/3306","targetHints":{"allow":["GET"]}}],"collection":[{"href":"https:\/\/www.dasp.ro\/de\/wp-json\/wp\/v2\/pages"}],"about":[{"href":"https:\/\/www.dasp.ro\/de\/wp-json\/wp\/v2\/types\/page"}],"author":[{"embeddable":true,"href":"https:\/\/www.dasp.ro\/de\/wp-json\/wp\/v2\/users\/1"}],"replies":[{"embeddable":true,"href":"https:\/\/www.dasp.ro\/de\/wp-json\/wp\/v2\/comments?post=3306"}],"version-history":[{"count":5,"href":"https:\/\/www.dasp.ro\/de\/wp-json\/wp\/v2\/pages\/3306\/revisions"}],"predecessor-version":[{"id":7931,"href":"https:\/\/www.dasp.ro\/de\/wp-json\/wp\/v2\/pages\/3306\/revisions\/7931"}],"wp:attachment":[{"href":"https:\/\/www.dasp.ro\/de\/wp-json\/wp\/v2\/media?parent=3306"}],"curies":[{"name":"wp","href":"https:\/\/api.w.org\/{rel}","templated":true}]}}