{"id":4166,"date":"2021-01-11T14:55:22","date_gmt":"2021-01-11T12:55:22","guid":{"rendered":"http:\/\/www.dasp.ro\/?page_id=4166"},"modified":"2021-02-22T09:47:50","modified_gmt":"2021-02-22T07:47:50","slug":"anunt-darea-de-seama","status":"publish","type":"page","link":"https:\/\/www.dasp.ro\/de\/anunt-darea-de-seama\/","title":{"rendered":"Anunt Darea de Seama"},"content":{"rendered":"\n<h2 class=\"wp-block-heading\" style=\"text-align:left\"><strong>\u00ceN ATEN\u021aIA TUTORILOR<\/strong><\/h2>\n\n\n\n<h2 class=\"wp-block-heading\"><strong>DAREA DE SEAM\u0102<\/strong> VA FI DEPUS\u0102 LA JUDEC\u0102TORIE.<\/h2>\n\n\n\n<p><\/p>\n","protected":false},"excerpt":{"rendered":"<p>\u00ceN ATEN\u021aIA TUTORILOR DAREA DE SEAM\u0102 VA FI DEPUS\u0102 LA JUDEC\u0102TORIE.<\/p>\n","protected":false},"author":1,"featured_media":0,"parent":0,"menu_order":0,"comment_status":"closed","ping_status":"closed","template":"","meta":{"footnotes":""},"class_list":["post-4166","page","type-page","status-publish","hentry"],"translation":{"provider":"WPGlobus","version":"3.0.0","language":"de","enabled_languages":["en","es","de","fr","ru"],"languages":{"en":{"title":true,"content":true,"excerpt":false},"es":{"title":false,"content":false,"excerpt":false},"de":{"title":false,"content":false,"excerpt":false},"fr":{"title":false,"content":false,"excerpt":false},"ru":{"title":false,"content":false,"excerpt":false}}},"_links":{"self":[{"href":"https:\/\/www.dasp.ro\/de\/wp-json\/wp\/v2\/pages\/4166","targetHints":{"allow":["GET"]}}],"collection":[{"href":"https:\/\/www.dasp.ro\/de\/wp-json\/wp\/v2\/pages"}],"about":[{"href":"https:\/\/www.dasp.ro\/de\/wp-json\/wp\/v2\/types\/page"}],"author":[{"embeddable":true,"href":"https:\/\/www.dasp.ro\/de\/wp-json\/wp\/v2\/users\/1"}],"replies":[{"embeddable":true,"href":"https:\/\/www.dasp.ro\/de\/wp-json\/wp\/v2\/comments?post=4166"}],"version-history":[{"count":9,"href":"https:\/\/www.dasp.ro\/de\/wp-json\/wp\/v2\/pages\/4166\/revisions"}],"predecessor-version":[{"id":4241,"href":"https:\/\/www.dasp.ro\/de\/wp-json\/wp\/v2\/pages\/4166\/revisions\/4241"}],"wp:attachment":[{"href":"https:\/\/www.dasp.ro\/de\/wp-json\/wp\/v2\/media?parent=4166"}],"curies":[{"name":"wp","href":"https:\/\/api.w.org\/{rel}","templated":true}]}}