{"id":525,"date":"2015-02-17T12:38:08","date_gmt":"2015-02-17T10:38:08","guid":{"rendered":"http:\/\/www.dasp.ro\/?page_id=525"},"modified":"2025-08-01T15:24:06","modified_gmt":"2025-08-01T12:24:06","slug":"serviciul-beneficii-sociale-si-politici-familiale","status":"publish","type":"page","link":"https:\/\/www.dasp.ro\/de\/serviciul-beneficii-sociale-si-politici-familiale\/","title":{"rendered":"Serviciul Beneficii Sociale \u015fi Politici Familiale"},"content":{"rendered":"<p style=\"text-align: center;\"><strong>\u015eEF SERVICIU: GORZKO MIRELA<\/strong><\/p>\n<div style=\"text-align: center;\"><strong>E-mail: <\/strong><a href=\"mailto:dasp@primariapitesti.ro\">dasp@dasp.ro<\/a><\/div>\n<div><b>Camera nr. 8<\/b><\/div>\n<div><b>Telefon: 0372030420, interior 112<\/b><\/div>\n<div><b>Fax: 0372030421<\/b><\/div>\n<div>\u00a0<\/div>\n<p>Operator autorizat prelucrare date cu caracter personal av\u00e2nd ca scop protec\u0163ia \u015fi asisten\u0163a social\u0103, \u00eenscris \u00een registrul de eviden\u0163\u0103 a prelucr\u0103rilor cu caracter personal sub num\u0103rul 17728.<\/p>\n<p><strong>Misiune:<\/strong><\/p>\n<ul>\n<li>Asigurarea m\u0103surilor de protec\u0163ie social\u0103 prin acordarea de beneficii sociale familiilor \u015fi persoanelor aflate \u00een situa\u0163ie de nevoie, pentru cre\u015fterea calit\u0103\u0163ii vie\u0163ii \u015fi promovarea incluziunii sociale;<\/li>\n<\/ul>\n<p><strong>Principalele atribu\u0163ii<\/strong><strong>:<\/strong><\/p>\n<ul>\n<li>Acordarea venitului minim de incluziune- Pentru mai multe informa\u0163ii click <a href=\"https:\/\/www.dasp.ro\/wp-content\/uploads\/2024\/02\/Venit-Minim-de-incluziune-.pdf\">aici<\/a><\/li>\n<li>Acordarea ajutorului pentru \u00eenc\u0103lzirea locuin\u0163ei conform Legii nr.226 \/2021 privind stabilirea m\u0103surilor de protec\u0163ie social\u0103 pentru consumatorul vulnerabil de energie \u2013 Pentru mai multe informa\u0163ii click <a href=\"https:\/\/www.dasp.ro\/wp-content\/uploads\/2022\/10\/INFORMARE.Legea-nr.226-din-2021.pdf\">aici<\/a><\/li>\n<li>Primirea, verificarea \u015fi transmiterea c\u0103tre Agen\u0163ia Jude\u0163ean\u0103 Pentru Pl\u0103\u0163i \u015fi Inspec\u0163ie Social\u0103 Arge\u015f a cererilor privind acordarea aloca\u0163iei de stat pentru copii (Legea nr. 61\/1993, privind aloca\u0163ia de stat pentru copii, cu modific\u0103rile \u015fi complet\u0103rile ulterioare) &#8211; Pentru mai multe informa\u0163ii click <a title=\"Acte necesare alocatie de stat pentru copii\" href=\"https:\/\/www.dasp.ro\/acte-pentru-alocatia-de-stat-pentru-copii\/\" target=\"_blank\" rel=\"noopener\">aici<\/a><\/li>\n<li>Primirea, verificarea \u015fi transmiterea c\u0103tre Agen\u0163ia Jude\u0163ean\u0103 Pentru Pl\u0103\u0163i \u015fi Inspec\u0163ie Social\u0103 Arge\u015f a cererilor privind aplicarea prevederilor Ordonan\u0163ei de Urgen\u0163\u0103 a Guvernului nr. 111\/2010 privind concediul \u015fi indemniza\u0163ia lunar\u0103 pentru cre\u015fterea copiilor &#8211; Pentru mai multe informa\u0163ii click <a title=\"Acte necesare pentru indemnizatie\" href=\"https:\/\/www.dasp.ro\/wp-content\/uploads\/2015\/02\/SBSPF\/Acte necesare pentru indemnizatie.pdf\" target=\"_blank\" rel=\"noopener\">aici<\/a><\/li>\n<li>Acordarea ajutorului de urgen\u0163\u0103 \u00een conformitate cu prevederile Legii nr. 196\/2016 privind venitul minim de incluziune cu modific\u0103rile \u015fi complet\u0103rile ulterioare \u015fi ale HCL nr. 32\/2025 &#8211; Pentru mai multe informa\u0163ii click <a title=\"Acte  necesare AJUTOR DE URGENTA\" href=\"https:\/\/www.dasp.ro\/wp-content\/uploads\/2015\/02\/SBSPF\/Acte  necesare AJUTOR DE URGENTA.pdf\" target=\"_blank\" rel=\"noopener\">aici<\/a><\/li>\n<\/ul>\n\n\n<p><\/p>\n","protected":false},"excerpt":{"rendered":"<p>\u015eEF SERVICIU: GORZKO MIRELA E-mail: dasp@dasp.ro Camera nr. 8 Telefon: 0372030420, interior 112 Fax: 0372030421 \u00a0 Operator autorizat prelucrare date cu caracter personal av\u00e2nd ca scop protec\u0163ia \u015fi asisten\u0163a social\u0103, \u00eenscris \u00een registrul de eviden\u0163\u0103 a prelucr\u0103rilor cu caracter personal<\/p>\n","protected":false},"author":1,"featured_media":0,"parent":0,"menu_order":0,"comment_status":"open","ping_status":"closed","template":"","meta":{"footnotes":""},"class_list":["post-525","page","type-page","status-publish","hentry"],"translation":{"provider":"WPGlobus","version":"3.0.0","language":"de","enabled_languages":["en","es","de","fr","ru"],"languages":{"en":{"title":true,"content":true,"excerpt":false},"es":{"title":false,"content":false,"excerpt":false},"de":{"title":false,"content":false,"excerpt":false},"fr":{"title":false,"content":false,"excerpt":false},"ru":{"title":false,"content":false,"excerpt":false}}},"_links":{"self":[{"href":"https:\/\/www.dasp.ro\/de\/wp-json\/wp\/v2\/pages\/525","targetHints":{"allow":["GET"]}}],"collection":[{"href":"https:\/\/www.dasp.ro\/de\/wp-json\/wp\/v2\/pages"}],"about":[{"href":"https:\/\/www.dasp.ro\/de\/wp-json\/wp\/v2\/types\/page"}],"author":[{"embeddable":true,"href":"https:\/\/www.dasp.ro\/de\/wp-json\/wp\/v2\/users\/1"}],"replies":[{"embeddable":true,"href":"https:\/\/www.dasp.ro\/de\/wp-json\/wp\/v2\/comments?post=525"}],"version-history":[{"count":19,"href":"https:\/\/www.dasp.ro\/de\/wp-json\/wp\/v2\/pages\/525\/revisions"}],"predecessor-version":[{"id":9556,"href":"https:\/\/www.dasp.ro\/de\/wp-json\/wp\/v2\/pages\/525\/revisions\/9556"}],"wp:attachment":[{"href":"https:\/\/www.dasp.ro\/de\/wp-json\/wp\/v2\/media?parent=525"}],"curies":[{"name":"wp","href":"https:\/\/api.w.org\/{rel}","templated":true}]}}