{"id":593,"date":"2015-02-20T13:57:24","date_gmt":"2015-02-20T11:57:24","guid":{"rendered":"http:\/\/www.dasp.ro\/?page_id=593"},"modified":"2023-01-23T13:03:38","modified_gmt":"2023-01-23T11:03:38","slug":"online-forms","status":"publish","type":"page","link":"https:\/\/www.dasp.ro\/de\/online-forms\/","title":{"rendered":"Formulare on-line"},"content":{"rendered":"<div>\n<p><a href=\"https:\/\/www.dasp.ro\/ro_RO\/acte-serviciul-beneficii-sociale-si-politici-familiale\/\">Serviciul Beneficii Sociale \u015fi Politici Familiale<\/a><\/p>\n<p><a href=\"https:\/\/www.dasp.ro\/acte-necesare-pentru-serviciul-de-protectie-a-copilului-si-autoritate-tutelara-2\">Acte necesare pentru serviciul de protectie a copilului si autoritate tutelara<\/a><\/p>\n<p><a href=\"https:\/\/www.dasp.ro\/ro_RO\/acte-serviciul-protectia-persoanelor-cu-handicap-si-a-persoanelor-varstnice\/\">Serviciul Protec\u0163ia persoanelor cu Handicap \u015fi a persoanelor V\u00e2rstnice<\/a><\/p>\n<\/div>\n","protected":false},"excerpt":{"rendered":"<p>Serviciul Beneficii Sociale \u015fi Politici Familiale Acte necesare pentru serviciul de protectie a copilului si autoritate tutelara Serviciul Protec\u0163ia persoanelor cu Handicap \u015fi a persoanelor V\u00e2rstnice<\/p>\n","protected":false},"author":1,"featured_media":0,"parent":0,"menu_order":0,"comment_status":"open","ping_status":"closed","template":"","meta":{"footnotes":""},"class_list":["post-593","page","type-page","status-publish","hentry"],"translation":{"provider":"WPGlobus","version":"3.0.0","language":"de","enabled_languages":["en","es","de","fr","ru"],"languages":{"en":{"title":true,"content":true,"excerpt":false},"es":{"title":false,"content":false,"excerpt":false},"de":{"title":false,"content":false,"excerpt":false},"fr":{"title":false,"content":false,"excerpt":false},"ru":{"title":false,"content":false,"excerpt":false}}},"_links":{"self":[{"href":"https:\/\/www.dasp.ro\/de\/wp-json\/wp\/v2\/pages\/593","targetHints":{"allow":["GET"]}}],"collection":[{"href":"https:\/\/www.dasp.ro\/de\/wp-json\/wp\/v2\/pages"}],"about":[{"href":"https:\/\/www.dasp.ro\/de\/wp-json\/wp\/v2\/types\/page"}],"author":[{"embeddable":true,"href":"https:\/\/www.dasp.ro\/de\/wp-json\/wp\/v2\/users\/1"}],"replies":[{"embeddable":true,"href":"https:\/\/www.dasp.ro\/de\/wp-json\/wp\/v2\/comments?post=593"}],"version-history":[{"count":13,"href":"https:\/\/www.dasp.ro\/de\/wp-json\/wp\/v2\/pages\/593\/revisions"}],"predecessor-version":[{"id":7444,"href":"https:\/\/www.dasp.ro\/de\/wp-json\/wp\/v2\/pages\/593\/revisions\/7444"}],"wp:attachment":[{"href":"https:\/\/www.dasp.ro\/de\/wp-json\/wp\/v2\/media?parent=593"}],"curies":[{"name":"wp","href":"https:\/\/api.w.org\/{rel}","templated":true}]}}