{"id":629,"date":"2015-03-09T12:10:16","date_gmt":"2015-03-09T10:10:16","guid":{"rendered":"http:\/\/www.dasp.ro\/?page_id=629"},"modified":"2025-07-25T14:31:13","modified_gmt":"2025-07-25T11:31:13","slug":"serviciul-financiar-contabilitate-achizitii-publice-informatica-administrativ","status":"publish","type":"page","link":"https:\/\/www.dasp.ro\/de\/serviciul-financiar-contabilitate-achizitii-publice-informatica-administrativ\/","title":{"rendered":"Serviciul Financiar Contabilitate Achizitii Publice Informatica Administrativ"},"content":{"rendered":"<table width=\"281\">\n<tbody>\n<tr>\n<td><strong>\u015eef serviciu:<\/strong> Vlasceanu Emilia Gabriela <strong>Camera nr:<\/strong> 1<strong>Telefon:<\/strong> 0372030420\u00a0interior 102<\/p>\n<p><strong>Fax:<\/strong> 0372030421<br \/>\n<strong>E-mail: <\/strong><a href=\"mailto:dasp@primariapitesti.ro\">dasp@dasp.ro<\/a><\/p>\n<p><strong>Web:<\/strong>\u00a0\u00a0\u00a0 <a href=\"https:\/\/www.dasp.ro\">www.dasp.ro<\/a><\/td>\n<\/tr>\n<\/tbody>\n<\/table>\n<p><strong>Misiune:<\/strong><\/p>\n<ul>\n<li>Reflectarea \u00een expresie b\u0103neasc\u0103 a bunurilor mobile \u015fi imobile, a drepturilor \u015fi obliga\u0163iilor institu\u0163iei, precum \u015fi a mi\u015fc\u0103rilor \u015fi modific\u0103rilor intervenite \u00een urma opera\u0163iunilor patrimoniale efectuate, a cheltuielilor, veniturilor \u015fi rezultatelor ob\u0163inute de aceasta.<\/li>\n<li>Elaborarea bugetului institutiei pe baze fundamentate economic, legal \u015fi utilizarea acestuia ca instrument eficient de management, de mobilizare \u015fi utilizare ra\u0163ional\u0103 a resurselor de care dispune comunitatea la un moment dat.<\/li>\n<li>\u00centre\u021binerea sistemului informatic al institu\u021biei.<\/li>\n<li>Organizarea procedurilor de Achizi\u021bii Publice conform legisla\u021biei in vigoare.<\/li>\n<\/ul>\n<p><strong>Atribu\u0163ii:<\/strong><\/p>\n<ul>\n<li>realizeaz\u0103 eviden\u0163a contabil\u0103 la nivelul institutiei \u00een conformitate cu prevederile legale \u00een vigoare \u015fi \u00eenregistreaz\u0103 cronologic \u015fi sistematic \u00een contabilitate toate opera\u0163iunile economico-financiare care se deruleaz\u0103 direct \u00een cadrul Directiei de Asistenta Sociala a Municipiului Pite\u015fti;<\/li>\n<li>asigur\u0103 \u00eentocmirea, circula\u0163ia \u015fi p\u0103strarea documentelor justificative ce stau la baza \u00eenregistr\u0103rilor \u00een contabilitate \u015fi se preocup\u0103 de prelucrarea pe calculator a datelor din domeniul financiar-contabil;<\/li>\n<li>exercit\u0103 controlul financiar preventiv al opera\u0163iunilor economice, \u00een conformitate cu legisla\u0163ia \u00een vigoare \u015fi cu dispozi\u0163ia emis\u0103 \u00een acest sens de c\u0103tre director;<\/li>\n<li>verific\u0103 exactitatea opera\u0163iunilor \u00eenscrise \u00een extrasele de cont emise de Trezorerie \u015fi existen\u0163a disponibilului din cont \u00eenainte de fiecare plat\u0103;<\/li>\n<li>urm\u0103re\u015fte \u00eencadrarea pl\u0103\u0163ilor \u00een prevederile bugetare \u015fi efectuarea lor cu respectarea prevederilor legale \u015fi a destina\u0163iilor aprobate;<\/li>\n<li>\u00eentocme\u015fte ordonan\u0163\u0103rile, dispozi\u0163iile de plat\u0103 pentru avansuri spre decontare \u015fi ordinele pentru plata furnizorilor de bunuri, lucr\u0103ri \u015fi servicii;<\/li>\n<li>\u00eenregistreaz\u0103 \u00een eviden\u0163ele contabile, cantitativ \u015fi valoric, pe gestiuni, intr\u0103rile \u015fi ie\u015firile de materiale, obiecte de inventar \u015fi alte valori;<\/li>\n<li>\u00eenregistreaz\u0103 cantitativ \u015fi valoric, \u00een eviden\u0163a contabil\u0103 \u015fi \u00een registrele de inventar intr\u0103rile \u015fi ie\u015firile de active din administrarea directa;<\/li>\n<li>\u00eenregistreaz\u0103 \u00een contabilitate, conform dispozi\u0163iilor legale, diferen\u0163ele dintre datele din contabilitate \u015fi cele faptice rezultate \u00een urma inventarierii patrimoniului;<\/li>\n<li>\u00eentocme\u015fte \u015fi verific\u0103 fi\u015fele conturilor contabile, analitice \u015fi sintetice;<\/li>\n<li>verific\u0103 la finele anului soldurile conturilor contabile \u015fi \u00eenchiderea acestora;<\/li>\n<li>\u00eentocme\u015fte state privind drepturile salariale ale personalului Directiei de Asistenta Sociala a Municipiului Pitesti;<\/li>\n<li>\u00eentocme\u015fte declara\u0163iile fiscale privind contribu\u0163iile aferente drepturilor salariale \u015fi le depune \u00een termenul stabilit de legisla\u0163ia \u00een vigoare;<\/li>\n<li>urm\u0103re\u015fte permanent realizarea bugetului pentru activitatea proprie \u015fi ia m\u0103surile necesare pentru buna administrare, \u00eentrebuin\u0163are \u015fi executare a acestuia, cu respectarea disciplinei financiare;<\/li>\n<li>\u00eentocme\u015fte \u015fi urm\u0103re\u015fte execu\u0163ia bugetar\u0103 privind activitatea proprie;<\/li>\n<li>\u00eentocme\u015fte lunar balan\u0163a de verificare, analitic\u0103 \u015fi sintetic\u0103;<\/li>\n<li>\u00eentocme\u015fte trimestrial \u015fi anual bilan\u0163ul contabil privind activitatea proprie precum \u015fi alte rapoarte financiare privind activitatea proprie;<\/li>\n<li>verific\u0103 facturile pentru serviciile executate, stipulate \u00een contractele de lucr\u0103ri \u015fi servicii;<\/li>\n<li>asigur\u0103 o eviden\u0163\u0103 financiar\u0103 a contractelor pentru lucr\u0103ri \u015fi servicii;<\/li>\n<li>\u00eentocme\u015fte si transmite Primariei Municipiului Pite\u0219ti propunerile fundamentate pentru activitatea de elaborare a bugetului Directiei de Asistenta Sociala a Municipiului Pitesti;<\/li>\n<li>\u00eentocme\u015fte detalierile la buget pentru capitolele, subcapitolele \u015fi paragrafele bugetare;<\/li>\n<li>propune repartizarea pe trimestre a creditelor bugetare anuale aprobate;<\/li>\n<li>\u00eentocme\u015fte si transmite ordonatorului principal virarile de credite necesare;<\/li>\n<li>\u00eentocme\u015fte situatiile financiare lunare, trimestriale si anuale si situatia lunara a cheltuielilor de personal si o transmite \u00a0 \u00a0 \u00a0 ordonatorului principal;<\/li>\n<li>\u00eentocme\u015fte lunar deschiderea de credite bugetare pentru fiecare tip de cheltuaiala si o transmite ordonatorului principal;<\/li>\n<\/ul>\n<ul>\n<li>\u00eentre\u021bine sistemul informatic al institu\u021biei;<\/li>\n<li>implementeaz\u0103 noi aplicatii si se ocup\u0103 de buna func\u021bionare a acestora;<\/li>\n<li>acord\u0103 asisten\u021b\u0103 tehnic\u0103 tuturor utilizatorilor;<\/li>\n<li>se ocup\u0103 de func\u021bionarea \u00een parametri a echipamentelor ;<\/li>\n<\/ul>\n<ul>\n<li>centralizeaz\u0103 referatele de necesitate transmise de fiecare compartiment de specialitate , elaboreaz\u0103 \u015fi monitorizeaz\u0103 programul anual al achizi\u0163iilor publice de produse \u015fi servicii;<\/li>\n<li>elaboreaz\u0103 documenta\u0163ia de atribuire, cu sprijinul celorlalte compartimente de specialitate, \u00een func\u0163ie de specificul documenta\u0163iei respective \u015fi de complexitatea problemelor care urmeaz\u0103 a fi rezolvate \u00een contextul aplic\u0103rii procedurii de atribuire;<\/li>\n<li>asigur\u0103 publicarea \u00een Sistemul Electronic al Achizi\u0163iilor Publice a anun\u0163urilor de inten\u0163ie, de participare \u015fi de atribuire pentru achizi\u0163iile de produse \u015fi servicii;<\/li>\n<li>propune, spre aprobare, ordonatorului ter\u0163iar de credite constituirea comisiilor de evaluare pentru atribuirea contractelor de achizi\u0163ie public\u0103 \u015fi particip\u0103 \u00een comisiile de evaluare a ofertelor \u00een vederea atribuirii contractelor de achizi\u0163ie public\u0103;<\/li>\n<li>propune, spre aprobare, ordonatorului ter\u0163iar de credite, constituirea comisiilor de recep\u0163ie pentru produsele si serviciile achizi\u0163ionate;<\/li>\n<li>asigur\u0103 \u00eencheierea contractelor de achizi\u0163ie public\u0103 cu operatorii economici c\u00e2\u015ftig\u0103tori ai procedurilor organizate pentru achizi\u0163iile de produse \u015fi servicii;<\/li>\n<li>asigur\u0103 constituirea \u015fi p\u0103strarea dosarului achizi\u0163iei publice, eviden\u0163a contractelor de achizi\u0163ie public\u0103 de produse \u015fi servicii;<\/li>\n<li>asigur\u0103 \u015fi gestioneaz\u0103 coresponden\u0163a cu autorit\u0103\u0163ile publice care au ca atribu\u0163ii monitorizarea achizi\u0163iilor publice, potrivit legii.<\/li>\n<li>gestioneaz\u0103, monitorizeaz\u0103 \u015fi distribuie, in func\u0163ie de cerin\u0163ele celorlalte compartimente de specialitate, bunuri materiale, mijloace fixe \u015fi obiecte de inventar aflate \u00een patrimoniul Directiei de Asistenta Sociala a Municipiului Pite\u015fti;<\/li>\n<li>particip\u0103 \u00een comisiile de inventariere \u015fi casare a mijloacelor fixe \u015fi a obiectelor de inventar;<\/li>\n<li>r\u0103spunde de aprovizionarea material\u0103 pentru o bun\u0103 func\u0163ionare a tuturor compartimentelor din cadrul institu\u0163iei;<\/li>\n<li>urm\u0103re\u015fte func\u0163ionarea corespunz\u0103toare a tuturor dot\u0103rilor \u015fi instala\u0163iilor aferente institu\u0163iei, lu\u00e2nd m\u0103suri operative de remediere a eventualelor deficien\u0163e, atunci c\u00e2nd situa\u0163ia o impune;<\/li>\n<li>asigur\u0103 instalarea \u015fi men\u0163inerea \u00een stare de func\u0163ionare a sistemelor tehnice de protec\u0163ie \u015fi de alarmare \u00eempotriva efrac\u0163iei la sediul D.A.S. Pite\u015fti \u015fi la centrele sociale, potrivit prevederilor Legii nr. 333\/2003;<\/li>\n<li>gestioneaz\u0103 bonurile valorice de combustibil, \u00eentocme\u015fte fi\u015fa de activitate zilnic\u0103 a autovehiculului din dotarea D.A.S. Pite\u015fti \u015fi urm\u0103re\u015fte realizarea \u00eentre\u0163inerilor periodice \u015fi a repara\u0163iilor curente ale autoturismului din dotarea institu\u0163iei;<\/li>\n<\/ul>\n","protected":false},"excerpt":{"rendered":"<p>\u015eef serviciu: Vlasceanu Emilia Gabriela Camera nr: 1Telefon: 0372030420\u00a0interior 102 Fax: 0372030421 E-mail: dasp@dasp.ro Web:\u00a0\u00a0\u00a0 www.dasp.ro Misiune: Reflectarea \u00een expresie b\u0103neasc\u0103 a bunurilor mobile \u015fi imobile, a drepturilor \u015fi obliga\u0163iilor institu\u0163iei, precum \u015fi a mi\u015fc\u0103rilor \u015fi modific\u0103rilor intervenite \u00een urma<\/p>\n","protected":false},"author":1,"featured_media":0,"parent":0,"menu_order":0,"comment_status":"open","ping_status":"closed","template":"","meta":{"footnotes":""},"class_list":["post-629","page","type-page","status-publish","hentry"],"translation":{"provider":"WPGlobus","version":"3.0.0","language":"de","enabled_languages":["en","es","de","fr","ru"],"languages":{"en":{"title":true,"content":true,"excerpt":false},"es":{"title":false,"content":false,"excerpt":false},"de":{"title":false,"content":false,"excerpt":false},"fr":{"title":false,"content":false,"excerpt":false},"ru":{"title":false,"content":false,"excerpt":false}}},"_links":{"self":[{"href":"https:\/\/www.dasp.ro\/de\/wp-json\/wp\/v2\/pages\/629","targetHints":{"allow":["GET"]}}],"collection":[{"href":"https:\/\/www.dasp.ro\/de\/wp-json\/wp\/v2\/pages"}],"about":[{"href":"https:\/\/www.dasp.ro\/de\/wp-json\/wp\/v2\/types\/page"}],"author":[{"embeddable":true,"href":"https:\/\/www.dasp.ro\/de\/wp-json\/wp\/v2\/users\/1"}],"replies":[{"embeddable":true,"href":"https:\/\/www.dasp.ro\/de\/wp-json\/wp\/v2\/comments?post=629"}],"version-history":[{"count":5,"href":"https:\/\/www.dasp.ro\/de\/wp-json\/wp\/v2\/pages\/629\/revisions"}],"predecessor-version":[{"id":9519,"href":"https:\/\/www.dasp.ro\/de\/wp-json\/wp\/v2\/pages\/629\/revisions\/9519"}],"wp:attachment":[{"href":"https:\/\/www.dasp.ro\/de\/wp-json\/wp\/v2\/media?parent=629"}],"curies":[{"name":"wp","href":"https:\/\/api.w.org\/{rel}","templated":true}]}}