{"id":76,"date":"2014-12-06T22:53:05","date_gmt":"2014-12-06T20:53:05","guid":{"rendered":"http:\/\/www.dasp.ro\/?page_id=76"},"modified":"2025-10-13T10:23:31","modified_gmt":"2025-10-13T07:23:31","slug":"serviciul-protectia-copilului-si-autoritate-tutelara","status":"publish","type":"page","link":"https:\/\/www.dasp.ro\/de\/serviciul-protectia-copilului-si-autoritate-tutelara\/","title":{"rendered":"Serviciul Protec\u0163ia Copilului \u015fi Autoritate Tutelar\u0103"},"content":{"rendered":"<p style=\"text-align: center;\"><strong>\u015eEF SERVICIU: DANIEL STANCIU<\/strong><\/p>\n<p style=\"text-align: center;\"><strong>E-mail: <\/strong><a href=\"mailto:dasp@primariapitesti.ro\"><strong>dasp@dasp.ro<\/strong><\/a><\/p>\n<p><strong>\u00a0<\/strong><\/p>\n<p style=\"text-align: center;\"><strong>Camera nr. 4, parter<\/strong><\/p>\n<p style=\"text-align: center;\"><strong>Telefon: 0372030420, interior 116<\/strong><\/p>\n<p><strong>Principalele atribu\u0163ii:<\/strong><\/p>\n<ul>\n<li>Monitorizare copii cu p\u0103rin\u0163i pleca\u0163i la munc\u0103 \u00een str\u0103in\u0103tate;<\/li>\n<li>Monitorizare copii reintegra\u0163i \u00een familie urmare a \u00eencet\u0103rii unei m\u0103suri de protec\u0163ie special\u0103;<\/li>\n<li>Efectuare de anchete sociale solicitate de DGASPC Arge\u015f;<\/li>\n<li>Efectuare de anchete sociale solicitate de Poli\u0163ia Pite\u015fti;<\/li>\n<li>Efectuare de anchete sociale \u015fi \u00eentocmire planuri servicii solicitate de cet\u0103\u0163eni;<\/li>\n<li>\u00centocmire referate \u015fi dispozi\u0163ii \u00een vederea stabilirii de nume pentru copiii abandona\u0163i;<\/li>\n<li>Eliberare dovezi p\u0103rin\u0163ilor care pleac\u0103 la munc\u0103 \u00een str\u0103in\u0103tate \u015fi \u00ee\u015fi las\u0103 copiii \u00een grija altor persoane;<\/li>\n<li>\u00centocmire rapoarte monitorizare copii ai c\u0103ror p\u0103rin\u0163i nu se \u00een\u0163eleg asupra programului de leg\u0103turi personale stabilit de instan\u0163\u0103;<\/li>\n<li>\u00centocmire referate \u015fi \u015ftampilare formulare pentru cet\u0103\u0163eni ce pleac\u0103 la munc\u0103 \u00een str\u0103in\u0103tate;<\/li>\n<li>\u00centocmire referate \u015fi \u015ftampilare formulare deducere impozit pentru cet\u0103\u0163eni ce lucreaz\u0103 \u00een str\u0103in\u0103tate \u015fi au \u00een \u00eentre\u0163inere persoane \u00een \u0163ar\u0103;<\/li>\n<li>\u00centocmire referate \u015fi \u015ftampilare formulare existen\u0163\u0103 \u00een via\u0163\u0103 pentru cet\u0103\u0163eni ce beneficiaz\u0103 de pensii din partea altor state;<\/li>\n<li>Efectuare de anchete sociale solicitate de instan\u0163\u0103 \u015fi birouri notariale;<\/li>\n<li>Colaborare cu instanta de judecata in vederea primirii de dari de seama si transmiterea lor catre instanta ;<\/li>\n<li>\u00centocmire referate \u015fi dispozi\u0163ii \u00een vederea desemn\u0103rii de curatori speciali pentru minorii sub 14 ani;<\/li>\n<li>Efectuare de anchete sociale pentru programul na\u0163ional ,,Bani de liceu\u201d.<\/li>\n<li>Acord\u0103 \u00een conformitate cu prevederile legisla\u0163iei privind asisten\u0163a social\u0103 a persoanelor v\u00e2rstnice, consiliere gratuit\u0103 \u00een vederea \u00eencheierii actelor juridice de v\u00e2nzare-cump\u0103rare, dona\u0163ie sau \u00eemprumuturi cu garan\u0163ii imobiliare care au ca obiect bunuri mobile sau imobile ale persoanei v\u00e2rstnice, la solicitarea acesteia.<\/li>\n<li>Acord\u0103 conform legisla\u0163iei \u00een vigoare, asisten\u0163\u0103 de specialitate, persoanei v\u00e2rstnice care domiciliaz\u0103 \u00een raza municipiului Pite\u015fti, la cererea acesteia sau din oficiu de c\u0103tre biroul notarial, dup\u0103 caz, \u00een vederea \u00eencheierii unui act juridic de \u00eenstr\u0103inare, cu titlu oneros ori gratuit, a bunurilor ce \u00eei apar\u0163in, \u00een scopul \u00eentre\u0163inerii \u015fi \u00eengrijirii sale.<\/li>\n<\/ul>\n\n\n<p>   <a href=\"https:\/\/www.dasp.ro\/wp-content\/uploads\/2023\/01\/Procedura-de-monitorizare-.pdf\">Procedura de monitorizare<\/a><\/p>\n","protected":false},"excerpt":{"rendered":"<p>\u015eEF SERVICIU: DANIEL STANCIU E-mail: dasp@dasp.ro \u00a0 Camera nr. 4, parter Telefon: 0372030420, interior 116 Principalele atribu\u0163ii: Monitorizare copii cu p\u0103rin\u0163i pleca\u0163i la munc\u0103 \u00een str\u0103in\u0103tate; Monitorizare copii reintegra\u0163i \u00een familie urmare a \u00eencet\u0103rii unei m\u0103suri de protec\u0163ie special\u0103; Efectuare<\/p>\n","protected":false},"author":1,"featured_media":0,"parent":0,"menu_order":0,"comment_status":"open","ping_status":"closed","template":"","meta":{"footnotes":""},"class_list":["post-76","page","type-page","status-publish","hentry"],"translation":{"provider":"WPGlobus","version":"3.0.0","language":"de","enabled_languages":["en","es","de","fr","ru"],"languages":{"en":{"title":true,"content":true,"excerpt":false},"es":{"title":false,"content":false,"excerpt":false},"de":{"title":false,"content":false,"excerpt":false},"fr":{"title":false,"content":false,"excerpt":false},"ru":{"title":false,"content":false,"excerpt":false}}},"_links":{"self":[{"href":"https:\/\/www.dasp.ro\/de\/wp-json\/wp\/v2\/pages\/76","targetHints":{"allow":["GET"]}}],"collection":[{"href":"https:\/\/www.dasp.ro\/de\/wp-json\/wp\/v2\/pages"}],"about":[{"href":"https:\/\/www.dasp.ro\/de\/wp-json\/wp\/v2\/types\/page"}],"author":[{"embeddable":true,"href":"https:\/\/www.dasp.ro\/de\/wp-json\/wp\/v2\/users\/1"}],"replies":[{"embeddable":true,"href":"https:\/\/www.dasp.ro\/de\/wp-json\/wp\/v2\/comments?post=76"}],"version-history":[{"count":19,"href":"https:\/\/www.dasp.ro\/de\/wp-json\/wp\/v2\/pages\/76\/revisions"}],"predecessor-version":[{"id":10021,"href":"https:\/\/www.dasp.ro\/de\/wp-json\/wp\/v2\/pages\/76\/revisions\/10021"}],"wp:attachment":[{"href":"https:\/\/www.dasp.ro\/de\/wp-json\/wp\/v2\/media?parent=76"}],"curies":[{"name":"wp","href":"https:\/\/api.w.org\/{rel}","templated":true}]}}