{"id":797,"date":"2015-11-13T11:26:47","date_gmt":"2015-11-13T09:26:47","guid":{"rendered":"http:\/\/www.dasp.ro\/?page_id=797"},"modified":"2015-12-22T12:26:27","modified_gmt":"2015-12-22T10:26:27","slug":"ce-inseamna-perioada-sarbatorilor-de-craciun","status":"publish","type":"page","link":"https:\/\/www.dasp.ro\/de\/ce-inseamna-perioada-sarbatorilor-de-craciun\/","title":{"rendered":"Ce \u00eenseamn\u0103 perioada s\u0103rb\u0103torilor de Cr\u0103ciun?"},"content":{"rendered":"<p>Ce \u00eenseamn\u0103 perioada s\u0103rb\u0103torilor de Cr\u0103ciun?<\/p>\n<p>\u00ce\u021bi spunem noi, voluntarii \u0219i partenerii campaniei ,, Cr\u0103ciunul intr-o cutie de pantofi\u201d. Perioada s\u0103rb\u0103torilor de iarn\u0103 \u00eenseamn\u0103 \u0219i evenimente caritabile \u0219i campanii cu ocazia Cr\u0103ciunului. Pentru c\u0103 se apropie cu pa\u0219i m\u0103run\u021bi perioada s\u0103rb\u0103torilor, foarte mul\u021bi dintre noi am \u00eenceput s\u0103 ne g\u00e2ndim deja la Cr\u0103ciun \u0219i ne-am \u00eentrebat ce cadouri s\u0103 oferim, ce s\u0103 punem pe masa de cr\u0103ciun, ce prieteni vom avea l\u00e2ng\u0103 noi, dar&#8230;&#8230;. s\u0103 nu uit\u0103m c\u0103 exist\u0103 numeroase familii cu venituri reduse, poate chiar insuficiente, care nu i\u0219i permit un astfel de lux.<\/p>\n<p>\u00cen \u00eent\u00e2mpinarea lor venim noi. Nu ar trebui s\u0103 existe \u00een lume copil care s\u0103 nu simt\u0103 bucuria s\u0103rb\u0103torilor de iarn\u0103 prin primirea a cel pu\u021bin un cadou de cr\u0103ciun, cum nu ar trebui s\u0103 existe oameni pretutindeni care s\u0103 nu simt\u0103 cu adev\u0103rat aceast\u0103 s\u0103rb\u0103toare ce une\u0219te oamenii, care \u00eei face s\u0103 se simt\u0103 mai buni, mai iert\u0103tori, mai aproape de semenii lor.<\/p>\n<p>\u0218i cum am putea face asta? Cum ? Prin participarea noastr\u0103 a tuturor, a celor care \u0219tim cum este s\u0103 sim\u021bi bucuria de a d\u0103rui, de a face un copil fericit, de a reu\u0219i s\u0103 ob\u021binem drept recompens\u0103 din partea lor ,, nevinovatele z\u00e2mbete\u201d.<\/p>\n<p>Dac\u0103 vrei s\u0103 participi la acest eveniment aflat la a V-a edi\u021bie ,, Cr\u0103ciunul \u00eentr-o cutie de pantofi\u201d po\u021bi s\u0103 o faci \u00eencep\u00e2nd cu data de 09.11.2015 &#8211; 25.12.2015, put\u00e2nd d\u0103rui orice \u00eentr-o cutie de carton (preferabil de pantofi) pe care s\u0103 lipi\u021bi o etichet\u0103 cu v\u00e2rsta \u0219i sexul destinatarului (ex: fata 6 ani) care poate cuprinde: o juc\u0103rie (fericirea oric\u0103rui copil), dulciuri (e via\u021ba destul de amar\u0103 ), obiecte de igien\u0103 personal\u0103 (lux pentru copiii no\u0219tri), un obiect vestimentar-pentru a fi folosit iarna (m\u0103nu\u0219i, fular, c\u0103ciuli\u021b\u0103) \u0219i produse ce ne duc cu g\u00e2ndul la educa\u021bie (carte, caiet, pix, carioci, culori,etc.)<\/p>\n<p>Astfel, ai ocazia s\u0103 faci o fapt\u0103 bun\u0103 sim\u021bind c\u0103 ai creat o stare de bine pentru cei care vor primi cadourile tale \u0219i astfel s\u0103 intre \u00een spiritul Cr\u0103ciunului.<\/p>\n<p>Voluntarii se vor transforma \u00een aceast\u0103 prioad\u0103 \u00een ,,Mo\u0219 Cr\u0103ciun\u201d \u0219i ,,Spiridu\u0219ii\u201d lui, \u00eencerc\u00e2nd s\u0103 creeze magia s\u0103rb\u0103torilor de iarn\u0103 \u00een casele acelor copii minuna\u021bi \u0219i reu\u0219ind m\u0103car pentru o zi s\u0103 la \u00eendeplinim dorin\u021bele.<\/p>\n<p>Noi, ne vom asigura dup\u0103 aceea c\u0103 aceste cadouri, aranjate \u0219i ambalate \u00een h\u00e2rtie frumos colorat\u0103 \u0219i puse \u00eentr-o cutie de pantofi, vor ajunge la copii potrivi\u021bi. \u0218i vor ajunge. V\u0103 vom \u021bine la curent, ne vom asigura c\u0103 starea de spirit creat\u0103 de s\u0103rb\u0103toarea Cr\u0103ciunului ce a p\u0103truns \u00een casele voastre va ajunge \u0219i \u00een casele lor.<br \/>\nNe propunem aproape imposibilul: 3.000 de copii. Am plecat de la 500 de copii \u00een urma cu 4 ani, \u0219i \u00een fiecare an, de fiecare Cr\u0103ciun am m\u0103rit num\u0103rul lor cu \u00eenc\u0103 500 \u0219i tot a\u0219a.<\/p>\n<p>De acest Cr\u0103ciun ne-am propus s\u0103 ajungem la:<\/p>\n<ul>\n<li>30 de copii din Centrul de Zi PLATO SCHOOL \u2013 A.S.P.V.<\/li>\n<\/ul>\n<p>70 de copii si personae cu dizabilit\u0103\u0163i, beneficiari ai Asocia\u0163iei Salv\u00e2nd un Suflet salv\u0103m Viitorul;<\/p>\n<p>750 copii din comunitatea defavorizat\u0103 Valea Corbului \u2013 com. C\u0103line\u015fti;<\/p>\n<ul>\n<li>500 copii din localitatea S\u0103pata;<\/li>\n<li>350 copii din comunitatea Cet\u0103\u021beni;<\/li>\n<li>50 copii cazuri sociale din cadrul \u0218colii Gimnaziale nr. 8 Pite\u0219ti;<\/li>\n<li>150 cazuri sociale din cadrul Direc\u021biei de Asisten\u021b\u0103 Social\u0103 a municipiului Pite\u0219ti;<\/li>\n<li>550 copii din comunitatea Streaua \u015fi zona Blocuri \u2013 ora\u015f \u015etef\u0103ne\u015fti;<\/li>\n<li>400 copii din comunitatea Tufanu cu Icoana \u2013 com. M\u0103lureni;<\/li>\n<li>150 copii din comunitatea Troislavi \u2013 com. Mice\u0219ti.<\/li>\n<\/ul>\n<p>Fiecare dintre ei, \u00eenseamn\u0103 un destin, o via\u0163\u0103 la limita subzisten\u0163ei, lacrimi, \u015fi condamnare la s\u0103r\u0103cie. Fiecare dintre ei, poate fi salvat v\u0103z\u00e2nd c\u0103 exist\u0103 \u00een lume \u015fi altceva dec\u00e2t ceea ce i se spune zilnic. Va crede, \u015fi \u00eentr-o bun\u0103 zi, va \u015fti c\u0103 cineva \u201cacolo sus\u201d \u00eel iube\u015fte. Cineva care nu l-a uitat \u00een niciun an, Cineva, sau ceva ce va face ca minunile s\u0103 devin\u0103 via\u0163\u0103 tr\u0103it\u0103 iar visele, realitate.<\/p>\n<p>Campania ,,Cr\u0103ciunul \u00eentr-o cutie de pantofi\u201d este organizat\u0103 de Asociatia ,,Sprijin pentru Viata\u201d, Direc\u021bia de Asisten\u021b\u0103 Social\u0103 a Municipiului Pite\u0219ti, Inspectoratul de Jandarmi Jude\u021bean Arge\u0219, Asocia\u021bia ,,D\u0103ruind vei dob\u00e2ndi XXI\u201d, ,,Teatrul pentru To\u021bi\u201d \u0219i postul de televiziune Arges TV.<\/p>\n<p>Pachetele cadou pot fi trimise \u00een urm\u0103toarele loca\u021bii:<\/p>\n<p>-,,Sprijin pentru Via\u021b\u0103\u201d -Pite\u0219ti, str. Vasile Lupu nr.43, jud. Arge\u0219;<\/p>\n<p>-,,Teatrul pentru To\u021bi\u201d-Pite\u0219ti, str. Dumbravei nr. 31, jud. Arge\u0219;<\/p>\n<p>-,, \u0218anse pentru To\u021bi\u201d-centru de recuperare, Pite\u0219ti, str. Zorilor vis-\u00e0-vis de O.P.C.<\/p>\n<p>Ne pute\u021bi contacta la tel: Asociatia ,,Sprijin pentru Viata\u201d: 0742\/761366; 0744\/886123;<br \/>\nAsocia\u021bia ,, Teatrul pentru To\u021bi\u201d: 0721\/528758 (Mihai Savu) .<\/p>\n<p>Vom face tot posibilul ca toate cadourile, toate minunile \u015fi z\u00e2mbetele s\u0103 le surprindem \u015fi apoi s\u0103 le conect\u0103m iar cu \u201ccei de sus\u201d \u015fi s\u0103 \u00eenchidem cercul.<\/p>\n<p>V\u0103 mul\u0163umim pentru faptul c\u0103 face\u0163i aceast\u0103 lume mai bun\u0103! Avem nevoie de ajutorul vostru, v\u0103 a\u015ftept\u0103m al\u0103turi de noi!<\/p>\n<p>&nbsp;<\/p>\n<p>&nbsp;<\/p>\n<p>&nbsp;<\/p>\n<p>&nbsp;<\/p>\n<ul>\n<li>Primele imagini cu ,,depozitul lui Mos Craciun,,. promit ca o sa va tinem la curent cu toate noutatile<\/li>\n<\/ul>\n<p><a href=\"https:\/\/www.dasp.ro\/wp-content\/uploads\/2015\/11\/pachet.jpg\"><img fetchpriority=\"high\" decoding=\"async\" class=\"size-full wp-image-802 alignleft\" src=\"https:\/\/www.dasp.ro\/wp-content\/uploads\/2015\/11\/pachet.jpg\" alt=\"pachet\" width=\"485\" height=\"367\" srcset=\"https:\/\/www.dasp.ro\/wp-content\/uploads\/2015\/11\/pachet.jpg 485w, https:\/\/www.dasp.ro\/wp-content\/uploads\/2015\/11\/pachet-300x227.jpg 300w\" sizes=\"(max-width: 485px) 100vw, 485px\" \/><\/a><\/p>\n<p>&#8211; Nici Liceul Dimitrie Dima nu ne-a uitat. Si anul acesta s-a alaturat campaniei noastre aducand alimente, dulciuri, hainute si jucarii. Multumim celor ce s-au implicat si mai ales domnului director.<\/p>\n<p>&nbsp;<\/p>\n<p>&nbsp;<\/p>\n<p>&nbsp;<\/p>\n<p>&nbsp;<\/p>\n<p>&nbsp;<\/p>\n<p>&nbsp;<\/p>\n<p>&nbsp;<\/p>\n<p>&nbsp;<\/p>\n<p>&nbsp;<\/p>\n<p>&nbsp;<\/p>\n<p>&nbsp;<\/p>\n<p><a href=\"https:\/\/www.dasp.ro\/wp-content\/uploads\/2015\/11\/1.jpg\"><img decoding=\"async\" class=\"size-full wp-image-806 alignleft\" src=\"https:\/\/www.dasp.ro\/wp-content\/uploads\/2015\/11\/1.jpg\" alt=\"1\" width=\"629\" height=\"863\" srcset=\"https:\/\/www.dasp.ro\/wp-content\/uploads\/2015\/11\/1.jpg 629w, https:\/\/www.dasp.ro\/wp-content\/uploads\/2015\/11\/1-218x300.jpg 218w\" sizes=\"(max-width: 629px) 100vw, 629px\" \/><\/a><\/p>\n<p>&nbsp;<\/p>\n<p>Un exemplu bun l-a dat si Scoala Gimnaziala ,,Traian,, prin implicarea de care a dat dovada. An de an colectivul acestei institutii ne-a fost alaturi si ne-a sprijinit in aceasta campanie. Multumim doamnei director Tulea Cristina si colegilor.<\/p>\n<p style=\"text-align: center;\"><a href=\"https:\/\/www.dasp.ro\/wp-content\/uploads\/2015\/11\/2.jpg\"><img decoding=\"async\" class=\"alignnone  wp-image-807\" src=\"https:\/\/www.dasp.ro\/wp-content\/uploads\/2015\/11\/2.jpg\" alt=\"2\" width=\"255\" height=\"191\" srcset=\"https:\/\/www.dasp.ro\/wp-content\/uploads\/2015\/11\/2.jpg 323w, https:\/\/www.dasp.ro\/wp-content\/uploads\/2015\/11\/2-300x224.jpg 300w\" sizes=\"(max-width: 255px) 100vw, 255px\" \/><\/a>\u00a0\u00a0\u00a0\u00a0\u00a0\u00a0\u00a0\u00a0\u00a0\u00a0\u00a0\u00a0\u00a0\u00a0\u00a0\u00a0\u00a0 <a href=\"https:\/\/www.dasp.ro\/wp-content\/uploads\/2015\/11\/3.jpg\"><img loading=\"lazy\" decoding=\"async\" class=\"alignnone  wp-image-808\" src=\"https:\/\/www.dasp.ro\/wp-content\/uploads\/2015\/11\/3.jpg\" alt=\"3\" width=\"181\" height=\"241\" srcset=\"https:\/\/www.dasp.ro\/wp-content\/uploads\/2015\/11\/3.jpg 243w, https:\/\/www.dasp.ro\/wp-content\/uploads\/2015\/11\/3-224x300.jpg 224w\" sizes=\"(max-width: 181px) 100vw, 181px\" \/><\/a><\/p>\n<p>&nbsp;<\/p>\n<p>&nbsp;<\/p>\n<p style=\"text-align: center;\">,, CR\u0102CIUNUL INTR-O CUTIE DE PANTOFI!<br \/>\nACTIVITATE LA <a href=\"https:\/\/www.facebook.com\/profile.php?id=100008018647857\">Gradinita Tic-Pitic Mioveni<\/a> PENTRU COPIII CU DIZABILITATI DE LA CENTRUL DE ZI ,,PLATO SCHOOL,, GRUPA FLORILE SI CIUPERCUTE<\/p>\n<p style=\"text-align: center;\"><a href=\"https:\/\/www.dasp.ro\/wp-content\/uploads\/2015\/11\/4.jpg\"><img loading=\"lazy\" decoding=\"async\" class=\"alignnone  wp-image-809\" src=\"https:\/\/www.dasp.ro\/wp-content\/uploads\/2015\/11\/4.jpg\" alt=\"4\" width=\"263\" height=\"196\" srcset=\"https:\/\/www.dasp.ro\/wp-content\/uploads\/2015\/11\/4.jpg 328w, https:\/\/www.dasp.ro\/wp-content\/uploads\/2015\/11\/4-300x223.jpg 300w\" sizes=\"(max-width: 263px) 100vw, 263px\" \/><\/a>\u00a0\u00a0\u00a0\u00a0\u00a0\u00a0\u00a0\u00a0\u00a0\u00a0\u00a0\u00a0 <a href=\"https:\/\/www.dasp.ro\/wp-content\/uploads\/2015\/11\/51.jpg\"><img loading=\"lazy\" decoding=\"async\" class=\"alignnone  wp-image-810\" src=\"https:\/\/www.dasp.ro\/wp-content\/uploads\/2015\/11\/51.jpg\" alt=\"5\" width=\"252\" height=\"190\" \/><\/a><\/p>\n<p>\u00a0\u00a0\u00a0\u00a0\u00a0\u00a0\u00a0\u00a0\u00a0\u00a0\u00a0\u00a0\u00a0\u00a0\u00a0\u00a0\u00a0 O noua zi in care spiridusii Mosului au fost pe teren sa colecteze cadourile impachetate cu multa dragoste de elevii din cadrul Scolii nr. 11 Mihai Eminescu pentru acei copii defavorizati care nu au posibilitatea sa simta cu adevarat magia sarbatorilor de iarna, s-a dovedit a fi si de asta data o surpriza placuta pentru noi. Sub indrumarea doamnei <a href=\"https:\/\/www.facebook.com\/elena.proistosescu\">Elena Proistosescu<\/a> careia ii multumim, s-au adunat doar azi aproximativ 200 de pachete cu dulciuri, alimente, hainute, jucarii, rechizite care au ajuns in depozitul lui Mos Craciun. Multumim tuturor celor care azi s-au implicat:cadre didactice, elevi, parinti, cadrelor medicale si nu in ultimul rand colegilor mei de la Jandarmerie.<\/p>\n<p style=\"text-align: center;\"><a href=\"https:\/\/www.dasp.ro\/wp-content\/uploads\/2015\/11\/6.jpg\"><img loading=\"lazy\" decoding=\"async\" class=\"alignnone size-full wp-image-811\" src=\"https:\/\/www.dasp.ro\/wp-content\/uploads\/2015\/11\/6.jpg\" alt=\"6\" width=\"317\" height=\"242\" srcset=\"https:\/\/www.dasp.ro\/wp-content\/uploads\/2015\/11\/6.jpg 317w, https:\/\/www.dasp.ro\/wp-content\/uploads\/2015\/11\/6-300x229.jpg 300w\" sizes=\"(max-width: 317px) 100vw, 317px\" \/><\/a><\/p>\n<p>\u00a0\u00a0\u00a0\u00a0\u00a0\u00a0\u00a0\u00a0\u00a0\u00a0\u00a0\u00a0\u00a0\u00a0\u00a0 O alta componenta a campaniei e,,Craciunul intr-o cutie de pantofi,, o reprezinta si persoanele fara adapost din cele doua adaposturi pentru persoanele fara adapost ,,Speranta,, si ,,Nord,, din Municipiul Pitesti. Cu sprijinul si bunavointa unui om de afaceri din Pitesti care a dorit sa ramana in anonimat, beneficiarii celor doua adaposturi au avut parte de o surpriza: Mos Nicolae le-a adus pe langa dulciuri si fructe, si o masa traditionala specifica sarbatorilor de iarna cu toba, sunca, carne, etc. La randul nostru si noi am avut parte de o surpriza placuta: beneficiarii il asteptau pe Mosul impodobind bradutul si ascultand colinde. O alta surpriza am avut-o eu personal de la idoua dintre beneficiare, a venit si la mine Mosul mai devreme putin cu doua buchete superbe de flori. A fost o seara plina de emotie pentru noi toti. Multumim ,,Omului de bine,, pentru ajutorul oferit.<\/p>\n<p>&nbsp;<\/p>\n<p><img loading=\"lazy\" decoding=\"async\" class=\"wp-image-871 aligncenter\" src=\"https:\/\/www.dasp.ro\/wp-content\/uploads\/2015\/12\/789.jpg\" alt=\"789\" width=\"290\" height=\"386\" srcset=\"https:\/\/www.dasp.ro\/wp-content\/uploads\/2015\/12\/789.jpg 720w, https:\/\/www.dasp.ro\/wp-content\/uploads\/2015\/12\/789-225x300.jpg 225w\" sizes=\"(max-width: 290px) 100vw, 290px\" \/><\/p>\n<p>&nbsp;<\/p>\n<p>&nbsp;<\/p>\n<p>O zi mult asteptata de copiii din centrul ,,Crestem impreuna ,,. Pentru ca au fost cuminti, Mosul le- a adus cadouri cu dulciuri, jucarii,rechizite,etc.<\/p>\n<p><img loading=\"lazy\" decoding=\"async\" class=\"alignnone  wp-image-868\" src=\"https:\/\/www.dasp.ro\/wp-content\/uploads\/2015\/12\/123.jpg\" alt=\"123\" width=\"415\" height=\"311\" srcset=\"https:\/\/www.dasp.ro\/wp-content\/uploads\/2015\/12\/123.jpg 2048w, https:\/\/www.dasp.ro\/wp-content\/uploads\/2015\/12\/123-300x225.jpg 300w, https:\/\/www.dasp.ro\/wp-content\/uploads\/2015\/12\/123-1024x768.jpg 1024w\" sizes=\"(max-width: 415px) 100vw, 415px\" \/><span style=\"text-decoration: underline;\"><span style=\"color: #ffffff; text-decoration: underline;\"> \u00a0 \u00a0 \u00a0 \u00a0 \u00a0 \u00a0 \u00a0 \u00a0 \u00a0 \u00a0 \u00a0\u00a0 \u00a0<\/span><span style=\"color: #ffffff; text-decoration: underline;\"> \u00a0 \u00a0<\/span> <\/span><img loading=\"lazy\" decoding=\"async\" class=\"alignnone size-full wp-image-869\" src=\"https:\/\/www.dasp.ro\/wp-content\/uploads\/2015\/12\/456.jpg\" alt=\"456\" width=\"487\" height=\"255\" srcset=\"https:\/\/www.dasp.ro\/wp-content\/uploads\/2015\/12\/456.jpg 487w, https:\/\/www.dasp.ro\/wp-content\/uploads\/2015\/12\/456-300x157.jpg 300w\" sizes=\"(max-width: 487px) 100vw, 487px\" \/><\/p>\n<p>&nbsp;<\/p>\n<p>&nbsp;<\/p>\n<p>&nbsp;<\/p>\n<p>La gradinita cu program prelungit ,,Armonia,, am fost intampinati de cadrele didactice si de copilasii care asteptau sa-l ajute pe Mosul sa stranga cadourile pentru copii defavorizati. Intr-o atmosfera de Craciun am preluat frumoasele cadouri. Multumim intregului colectiv si doamnei director pentru implicare.<\/p>\n<p><img loading=\"lazy\" decoding=\"async\" class=\"wp-image-874 aligncenter\" src=\"https:\/\/www.dasp.ro\/wp-content\/uploads\/2015\/12\/11.jpg\" alt=\"1\" width=\"478\" height=\"358\" srcset=\"https:\/\/www.dasp.ro\/wp-content\/uploads\/2015\/12\/11.jpg 960w, https:\/\/www.dasp.ro\/wp-content\/uploads\/2015\/12\/11-300x225.jpg 300w\" sizes=\"(max-width: 478px) 100vw, 478px\" \/><\/p>\n<p>&nbsp;<\/p>\n<p>Multumim si gradinitei cu program prelungit ,,Castelul Fermecat,,pentru implicare.<\/p>\n<p>&nbsp;<\/p>\n<p><img loading=\"lazy\" decoding=\"async\" class=\"alignnone  wp-image-875\" src=\"https:\/\/www.dasp.ro\/wp-content\/uploads\/2015\/12\/2.jpg\" alt=\"2\" width=\"484\" height=\"363\" srcset=\"https:\/\/www.dasp.ro\/wp-content\/uploads\/2015\/12\/2.jpg 960w, https:\/\/www.dasp.ro\/wp-content\/uploads\/2015\/12\/2-300x225.jpg 300w\" sizes=\"(max-width: 484px) 100vw, 484px\" \/><span style=\"text-decoration: underline;\"><span style=\"color: #ffffff; text-decoration: underline;\">\u00a0\u00a0\u00a0\u00a0\u00a0\u00a0 <\/span><\/span><img loading=\"lazy\" decoding=\"async\" class=\"alignnone  wp-image-876\" src=\"https:\/\/www.dasp.ro\/wp-content\/uploads\/2015\/12\/3.jpg\" alt=\"3\" width=\"472\" height=\"354\" srcset=\"https:\/\/www.dasp.ro\/wp-content\/uploads\/2015\/12\/3.jpg 960w, https:\/\/www.dasp.ro\/wp-content\/uploads\/2015\/12\/3-300x225.jpg 300w\" sizes=\"(max-width: 472px) 100vw, 472px\" \/><\/p>\n<p>&nbsp;<\/p>\n<p>&nbsp;<\/p>\n<p>90% dintre unit\u0103\u0163ile de \u00eenv\u0103\u0163\u0103m\u00e2nt din Pite\u015fti, plus \u015ecoala \u201eVintil\u0103 Br\u0103tianu\u201d \u015etef\u0103ne\u015fti s-au al\u0103turat, p\u00e2n\u0103 \u00een acest moment, campaniei \u201eCr\u0103ciunul \u00eentr-o cutie de pantofi\u201d, derulate de Asocia\u0163ia \u201eSprijin pentru via\u0163\u0103\u201d, \u00een parteneriat cu Direc\u0163ia de Asisten\u0163\u0103 Social\u0103 Pite\u015fti, Inspectoratul de Jandarmi Jude\u0163ean, Asocia\u0163ia \u201eD\u0103ruind vei dob\u00e2ndi XXI\u201d \u015fi \u201eTeatrul pentru To\u0163i\u201d. Cu mic, cu mare \u2013 pre\u015fcolari, \u015fcolari \u015fi studen\u0163i \u2013 au pus \u00een cadourile destinate copiilor nevoia\u015fi haine, juc\u0103rii, alimente, rechizite etc., dar \u015fi un pic din praful magic al s\u0103rb\u0103torilor de iarn\u0103.<\/p>\n<p>Spiridu\u015fii lui Mo\u015f Cr\u0103ciun au ajuns, \u00een aceast\u0103 s\u0103pt\u0103m\u00e2n\u0103, \u00een colonia din Z\u0103voi, pentru a se interesa de condi\u0163ia social\u0103 a prichindeilor care frecventeaz\u0103 gr\u0103dini\u0163a din zona denumit\u0103 \u201eora\u015ful de carton\u201d.<\/p>\n<p>\u015eapte suflete care locuiesc \u00eentr-o barac\u0103 vor fi ajutate suplimentar \u00een cadrul campaniei umanitare. O mam\u0103 f\u0103r\u0103 niciun venit, un tat\u0103 pensionat pe baz de boal\u0103 \u015fi cinci copii care, \u00een ciuda s\u0103r\u0103ciei, nu au abandonat \u015fcoala sau gr\u0103dini\u0163a i-au impresionat p\u00e2n\u0103 la lacrimi pe voluntari.<\/p>\n<p><a href=\"https:\/\/www.dasp.ro\/wp-content\/uploads\/2015\/12\/111.jpg\"><img loading=\"lazy\" decoding=\"async\" class=\"wp-image-880 aligncenter\" src=\"https:\/\/www.dasp.ro\/wp-content\/uploads\/2015\/12\/111.jpg\" alt=\"11\" width=\"471\" height=\"353\" srcset=\"https:\/\/www.dasp.ro\/wp-content\/uploads\/2015\/12\/111.jpg 800w, https:\/\/www.dasp.ro\/wp-content\/uploads\/2015\/12\/111-300x225.jpg 300w\" sizes=\"(max-width: 471px) 100vw, 471px\" \/><\/a><\/p>\n<p>&nbsp;<\/p>\n<p>De data asta facem apel la oamenii cu suflet si cu posibilitati materiale care doresc sa ne sprijine cu o MASINA DE SPALAT pentru aceasta familie. Locuiesc 8 suflete intr-o baraca la marginea Pitestiului. Trei adulti si 5 minori. Mama este casnica iar tatal pensionat pe caz de boala. Singurele venituri sunt pensia de handicap si alocatiile celor mici.Cu toate ca traiesc intr-o saracie lucie, parintii isi iubesc copii foarte mult, si-ar da si viata pentru ei.<\/p>\n<p>&nbsp;<\/p>\n<p><a href=\"https:\/\/www.dasp.ro\/wp-content\/uploads\/2015\/12\/12.jpg\"><img loading=\"lazy\" decoding=\"async\" class=\"wp-image-881 aligncenter\" src=\"https:\/\/www.dasp.ro\/wp-content\/uploads\/2015\/12\/12.jpg\" alt=\"12\" width=\"465\" height=\"349\" srcset=\"https:\/\/www.dasp.ro\/wp-content\/uploads\/2015\/12\/12.jpg 960w, https:\/\/www.dasp.ro\/wp-content\/uploads\/2015\/12\/12-300x225.jpg 300w\" sizes=\"(max-width: 465px) 100vw, 465px\" \/><\/a><\/p>\n<p>&nbsp;<\/p>\n<p>&nbsp;<\/p>\n<p>Sediul Directiei de Asistenta Sociala s-a transformat pentru cateva ore in ,,Depozitul,, lui Mos Craciun. Voluntarii campaniei au distribuit 97 de cadouri cu jucarii, hainute, rechizite si 37 pungi cu alimente si dulciuri copiilor beneficiarilor de ajutor social. Multumim celor care ne-au sprijinit si au facut ca acest lucru sa fie posibil.<\/p>\n<p><a href=\"https:\/\/www.dasp.ro\/wp-content\/uploads\/2015\/12\/13.jpg\"><img loading=\"lazy\" decoding=\"async\" class=\"wp-image-882 aligncenter\" src=\"https:\/\/www.dasp.ro\/wp-content\/uploads\/2015\/12\/13.jpg\" alt=\"13\" width=\"489\" height=\"367\" srcset=\"https:\/\/www.dasp.ro\/wp-content\/uploads\/2015\/12\/13.jpg 960w, https:\/\/www.dasp.ro\/wp-content\/uploads\/2015\/12\/13-300x225.jpg 300w\" sizes=\"(max-width: 489px) 100vw, 489px\" \/><\/a><\/p>\n<p>&nbsp;<\/p>\n<p>&nbsp;<\/p>\n<p>Spiridusii Mosului au ajuns si la centrul de zi pentru persoane cu dizabilitati ,,Salvand un suflet salvam viitorul,, din Campulung. Datorita presedintei Mihaela Toma care ne-a contactat, presedinta acestui centru, un numar de aproximativ 70 de persoane copii si adulti cu handicap au simtit bucuria sarbatorilor prin venirea Mosului care le-a adus cadouri constand in alimente de baza , dulciuri si plusuri pentru copii.<\/p>\n<p><img loading=\"lazy\" decoding=\"async\" class=\"wp-image-902 aligncenter\" src=\"https:\/\/www.dasp.ro\/wp-content\/uploads\/2015\/12\/1a.jpg\" alt=\"1a\" width=\"415\" height=\"311\" srcset=\"https:\/\/www.dasp.ro\/wp-content\/uploads\/2015\/12\/1a.jpg 960w, https:\/\/www.dasp.ro\/wp-content\/uploads\/2015\/12\/1a-300x225.jpg 300w\" sizes=\"(max-width: 415px) 100vw, 415px\" \/><\/p>\n<p>&nbsp;<\/p>\n<p>Intr-un loc parca uitat de lume- Valea Mare Pravat din Campulung, Mosul a intalnit peste 800 de copii. Nerabdatori si foarte curiosi atat copii cat si adultii l-au asteptat pe Mosul in curtea scolii care la un moment dat a devenit neincapatoare pentru sufletele care isi doreau sa-l vada pe Mosul. Aici am aflat ca este prima data cand cineva se gandeste sa mearga si in aceasta comunitate defavorizata cu cadouri, iar multi dintre copilasi nu au avut posibilitatea sa-l vada pe Mosul. Datorita voua dragii mei, delor care v-ati facut timp sa fiti alaturi de noi in minunatul nostru proiect, am reusit sa facem fericiti mai multi ingerasi.<\/p>\n<p>&nbsp;<\/p>\n<p><img loading=\"lazy\" decoding=\"async\" class=\"wp-image-903 aligncenter\" src=\"https:\/\/www.dasp.ro\/wp-content\/uploads\/2015\/12\/1b.jpg\" alt=\"1b\" width=\"437\" height=\"328\" srcset=\"https:\/\/www.dasp.ro\/wp-content\/uploads\/2015\/12\/1b.jpg 960w, https:\/\/www.dasp.ro\/wp-content\/uploads\/2015\/12\/1b-300x225.jpg 300w\" sizes=\"(max-width: 437px) 100vw, 437px\" \/><\/p>\n","protected":false},"excerpt":{"rendered":"<p>Ce \u00eenseamn\u0103 perioada s\u0103rb\u0103torilor de Cr\u0103ciun? \u00ce\u021bi spunem noi, voluntarii \u0219i partenerii campaniei ,, Cr\u0103ciunul intr-o cutie de pantofi\u201d. Perioada s\u0103rb\u0103torilor de iarn\u0103 \u00eenseamn\u0103 \u0219i evenimente caritabile \u0219i campanii cu ocazia Cr\u0103ciunului. Pentru c\u0103 se apropie cu pa\u0219i m\u0103run\u021bi perioada<\/p>\n","protected":false},"author":1,"featured_media":799,"parent":0,"menu_order":0,"comment_status":"open","ping_status":"closed","template":"","meta":{"footnotes":""},"class_list":["post-797","page","type-page","status-publish","has-post-thumbnail","hentry"],"translation":{"provider":"WPGlobus","version":"3.0.0","language":"de","enabled_languages":["en","es","de","fr","ru"],"languages":{"en":{"title":true,"content":true,"excerpt":false},"es":{"title":false,"content":false,"excerpt":false},"de":{"title":false,"content":false,"excerpt":false},"fr":{"title":false,"content":false,"excerpt":false},"ru":{"title":false,"content":false,"excerpt":false}}},"_links":{"self":[{"href":"https:\/\/www.dasp.ro\/de\/wp-json\/wp\/v2\/pages\/797","targetHints":{"allow":["GET"]}}],"collection":[{"href":"https:\/\/www.dasp.ro\/de\/wp-json\/wp\/v2\/pages"}],"about":[{"href":"https:\/\/www.dasp.ro\/de\/wp-json\/wp\/v2\/types\/page"}],"author":[{"embeddable":true,"href":"https:\/\/www.dasp.ro\/de\/wp-json\/wp\/v2\/users\/1"}],"replies":[{"embeddable":true,"href":"https:\/\/www.dasp.ro\/de\/wp-json\/wp\/v2\/comments?post=797"}],"version-history":[{"count":16,"href":"https:\/\/www.dasp.ro\/de\/wp-json\/wp\/v2\/pages\/797\/revisions"}],"predecessor-version":[{"id":906,"href":"https:\/\/www.dasp.ro\/de\/wp-json\/wp\/v2\/pages\/797\/revisions\/906"}],"wp:featuredmedia":[{"embeddable":true,"href":"https:\/\/www.dasp.ro\/de\/wp-json\/wp\/v2\/media\/799"}],"wp:attachment":[{"href":"https:\/\/www.dasp.ro\/de\/wp-json\/wp\/v2\/media?parent=797"}],"curies":[{"name":"wp","href":"https:\/\/api.w.org\/{rel}","templated":true}]}}