{"id":108,"date":"2014-12-07T02:22:25","date_gmt":"2014-12-07T00:22:25","guid":{"rendered":"http:\/\/www.dasp.ro\/?page_id=108"},"modified":"2025-07-25T14:29:24","modified_gmt":"2025-07-25T11:29:24","slug":"serviciul-de-asistenta-comunitara","status":"publish","type":"page","link":"https:\/\/www.dasp.ro\/es\/serviciul-de-asistenta-comunitara\/","title":{"rendered":"Serviciul de Asisten\u021b\u0103 Comunitar\u0103"},"content":{"rendered":"<div><\/div>\n<h4>\u00a0 \u00a0 \u00a0 Serviciul de Asisten\u021b\u0103 Comunitar\u0103<\/h4>\n<p><strong>\u00a0 \u00a0 \u00a0 \u00a0 \u00a0\u015eef serviciu<\/strong>: Nicoleta-Cristina Voicule\u021b<\/p>\n<p><strong>\u00a0 \u00a0 \u00a0 \u00a0 \u00a0Tel: <\/strong>0736\/701139<\/p>\n<p><strong>\u00a0 \u00a0 \u00a0 \u00a0 \u00a0Serviciul de Asisten\u021b\u0103 Comunitar\u0103<\/strong>\u00a0compus din:<\/p>\n<ul>\n<li><strong>Centrul de zi de asisten\u021b\u0103 \u0219i recuperare \u201e\u0218anse pentru To\u021bi<\/strong><\/li>\n<li><strong>Ad\u0103postul pe timp de noapte \u201eSperan\u021ba\u201d<\/strong><\/li>\n<li><strong>Ad\u0103postul pe timp de noapte Nord\u00a0<\/strong>situat \u00een cadrul\u00a0<strong>P.T.204<\/strong>\u00a0din cartierul Nord<\/li>\n<li><strong>Clubul de pensionari situat \u00een cartierul G\u0103vana III,\u00a0<\/strong>situat \u00een cadrul<strong>\u00a0P.T.907<\/strong><\/li>\n<li><strong>Clubul de pensionari situat \u00een cartierul Trivale,\u00a0<\/strong>situat \u00een cadrul<strong>\u00a0P.T.612<\/strong><\/li>\n<li><strong>Clubul de pensionari B.C.R. , <\/strong>situat \u00een cadrul P.T. 517 , str. Maior \u0218on\u021bu.<\/li>\n<\/ul>\n<p><strong>Centrul de zi de asisten\u021b\u0103 \u0219i recuperare \u201e\u0218anse pentru To\u021bi\u201d<\/strong><\/p>\n<p>Str.Zorilor, Nr.15, vis-a-vis de OPC;<\/p>\n<p><strong>Tel:<\/strong>\u00a00348\/424680;<\/p>\n<p><strong>Fax:<\/strong> 0372030421;<\/p>\n<p><strong>E-mail:<\/strong>\u00a0<a href=\"mailto:dasp@primariapitesti.ro\">dasp@dasp.ro<\/a><\/p>\n<p><strong><u>Misiunea:<\/u><\/strong><strong>\u00a0\u00a0<\/strong><\/p>\n<ul>\n<li>Asigurarea asisten\u0163ei medicale curente \u015fi de recuperare a persoanelor cu dizabilit\u0103\u0163i.<\/li>\n<li>Centrul de recuperare se adreseaza persoanelor cu afectiuni neuro-motorii, afectiuni reumatologice si posttraumatice.<\/li>\n<\/ul>\n<p><strong><u>Obiective:<\/u><\/strong><\/p>\n<ul>\n<li>crearea unui serviciu social capabil a r\u0103spunde nevoilor sociale ale persoanelor cu dizabilit\u0103\u0163i;<\/li>\n<li>asigurarea unui mediu adecvat \u00een vederea recuper\u0103rii cel pu\u0163in par\u0163iale a persoanelor adulte cu dizabilit\u0103\u0163i;<\/li>\n<li>realizarea unor activit\u0103\u0163i de recuperare prin terapie de recuperare individual\u0103 a persoanelor cu dizabilit\u0103\u0163i;<\/li>\n<li>consiliere medical\u0103, psihologic\u0103, social\u0103 \u015fi juridic\u0103 at\u00e2t pentru persoanele cu dizabilit\u0103\u0163i, c\u00e2t \u015fi pentru membrii familiilor acestora.<\/li>\n<\/ul>\n<p><strong><u>Servicii oferite:<\/u><\/strong><\/p>\n<p>Persoanele care se adreseaza centrului pot beneficia de urmatoarele servicii:<\/p>\n<ul>\n<li>consiliere medical\u0103;<\/li>\n<li>consiliere psihologic\u0103;<\/li>\n<li>consiliere social\u0103,<\/li>\n<li>fizioterapie;<\/li>\n<li>kinetoterapie;<\/li>\n<li>masaj;<\/li>\n<li>reflexoterapie<\/li>\n<\/ul>\n<p><strong><u>Acte necesare:<\/u><\/strong><\/p>\n<ul>\n<li>bilet de trimitere simpla de la medicul de familie;<\/li>\n<li>copie de pe biletul de ie\u015fire din spital, dac\u0103 este cazul;<\/li>\n<li>copie de pe certificatul de handicap pentru persoanele \u00eencadrate \u00eentr-un grad de handicap;<\/li>\n<li>CI\/BI;<\/li>\n<li>cupon de pensie.<\/li>\n<\/ul>\n<p><strong><u>Program de functionare:<\/u><\/strong>\u00a0L-V, \u00eentre orele 09:00 \u2013 17:00.<\/p>\n<p><strong>Ad\u0103postul pe timp de noapte \u201eSperan\u021ba\u201d<\/strong><\/p>\n<p>cartierul G\u0103vana III, bl.M5a, parter;<\/p>\n<p><strong>Tel:<\/strong>\u00a00736\/701141; 0248\/282000;<\/p>\n<p><strong>Fax:<\/strong> 0372030421;<\/p>\n<p><strong>E-mail:<\/strong>\u00a0<a href=\"mailto:dasp@primariapitesti.ro\">dasp@dasp.ro<\/a><\/p>\n<p><strong>\u00a0<\/strong><\/p>\n<p><strong>Ad\u0103postul\u00a0pe timp de noapte Nord<\/strong><\/p>\n<p>Str. G-ral Magheru;<\/p>\n<p><strong>Tel:<\/strong>\u00a00348\/426882;<\/p>\n<p><strong>Fax:\u00a0<\/strong>0372030421;<\/p>\n<p><strong>E-mail:<\/strong>\u00a0<a href=\"mailto:dasp@primariapitesti.ro\">dasp@dasp.ro<\/a><\/p>\n<p><strong><u>Misiunea :<\/u><\/strong><\/p>\n<ul>\n<li>Asigurarea caz\u0103rii, cazarmamentului \u015fi condi\u0163iilor igienico-sanitare pentru persoanele asistate.<\/li>\n<li>Ad\u0103postul de urgen\u0163\u0103 pe timp de noapte Nord se adreseaz\u0103 persoanelor de sex masculin, lipsite de ad\u0103post, persoanelor victime ale violen\u0163ei domestice \u015fi persoanelor care la o anumit\u0103 v\u00e2rst\u0103, din diferite motive, nu au unde s\u0103 locuiasc\u0103, iar adapostul ,,Speran\u021ba\u201d este destinat persoanelor de sex feminin.<\/li>\n<\/ul>\n<p><strong><u>Obiective:<\/u><\/strong><\/p>\n<ul>\n<li>crearea \u015fi asigurarea unui climat favorabil satisfacerii unor nevoi sociale esen\u0163iale persoanelor cu probleme sociale deosebite care, pe l\u00e2ng\u0103 drama abandonului familial, se lovesc \u015fi de marginalizare \u015fi excludere din partea societ\u0103\u0163ii.<\/li>\n<\/ul>\n<p><strong><u>Servicii oferite:<\/u><\/strong><\/p>\n<ul>\n<li>cazare pe timp de noapte;<\/li>\n<li>condi\u0163ii igienico-sanitare;<\/li>\n<li>consiliere psiho-social\u0103;<\/li>\n<li>consiliere juridic\u0103;<\/li>\n<li>consiliere medical\u0103;<\/li>\n<\/ul>\n<p><strong><u>Condi\u021bii privind accesul \u00een ad\u0103postul de noapte:<\/u><\/strong><\/p>\n<ul>\n<li>persoanele care se adreseaz\u0103 centrului trebuie s\u0103 fie locuitori ai Municipiului Pite\u015fti, dar \u00een cazuri excep\u0163ionale este permis\u0103 \u015fi cazarea persoanelor cu domiciliul \u00een alte localit\u0103\u0163i, p\u00e2n\u0103 la g\u0103sirea unei solu\u0163ii locative;<\/li>\n<li>s\u0103 posede asupra lor un act de identitate(BI\/CI);<\/li>\n<li>s\u0103 nu se afle sub influen\u0163a b\u0103uturilor alcoolice, substan\u0163elor halucinogene sau a drogurilor;<\/li>\n<li>s\u0103 se poat\u0103 \u00eengriji singuri;<\/li>\n<li>s\u0103 semneze acordul de intrare \u00een cadrul centrului din care s\u0103 reias\u0103 c\u0103 este \u00eentr-o stare de s\u0103n\u0103tate fizic\u0103 \u015fi psihic\u0103 normal\u0103, c\u0103 nu sufer\u0103 de boli transmisibile (sifilis, TBC, SIDA, boli de piele, scabie, parazi\u0163i) \u015fi c\u0103 nu are r\u0103ni deschise;<\/li>\n<li>s\u0103 se angajeze c\u0103 respect\u0103 prevederile Regulamentului de ordine interioara, ordinea \u015fi lini\u015ftea public\u0103 precum \u015fi integritatea bunurilor din dotare.<\/li>\n<\/ul>\n<p><strong><u>Programul de func\u021bionare:<\/u><\/strong>\u00a0L-D, \u00eentre orele 20:00 \u2013 08:00<\/p>\n<p>Pe perioada sezonului rece, programul de func\u021bionare este \u00eentre orele 18:00 \u2013 08:00.<\/p>\n<p><strong>Cluburile de pensionari din cartierele G\u0103vana III , Trivale <\/strong><strong>\u0219i B.C.R. -centru<\/strong><\/p>\n<p><strong><u>Misiunea :<\/u><\/strong><\/p>\n<ul>\n<li>Asigurarea activit\u0103\u0163ilor cultural-educative \u015fi de socializare a beneficiarilor, toate activit\u0103\u0163ile desf\u0103\u015fur\u00e2ndu-se \u00een baza ,,Regulamentului de organizare \u015fi func\u0163ionare a Serviciului de Asisten\u0163\u0103 Comunitar\u0103,,<\/li>\n<li>Cluburile pensionarilor se adreseaz\u0103 persoanelor v\u00e2rstnice indiferent dac\u0103 acestea au sau nu calitatea de pensionar.<\/li>\n<\/ul>\n<p><strong><u>Obiective:<\/u><\/strong><\/p>\n<ul>\n<li>cre\u015fterea calit\u0103\u0163ii vie\u0163ii prin dezvoltarea rela\u0163iilor interpersonale, a gradului de interdependen\u0163\u0103 precum \u015fi cre\u015fterea gradului de solidaritate a unui grup.<\/li>\n<\/ul>\n<p><strong><u>Servicii oferite:<\/u><\/strong><\/p>\n<ul>\n<li>activit\u0103\u0163ile de petrecere a timpului liber ( jocuri de \u015fah, table, remy, etc)<\/li>\n<li>consiliere psihologic\u0103,<\/li>\n<li>consiliere medical\u0103,<\/li>\n<li>consiliere juridic\u0103,<\/li>\n<li>consiliere social\u0103.<\/li>\n<\/ul>\n<p><strong><u>Condi\u021bii privind accesul \u00een club:<\/u><\/strong><\/p>\n<ul>\n<li>persoanele care se adreseaz\u0103 cluburilor trebuie s\u0103 aib\u0103 domiciliul \u00een Municipiul Pite\u015fti, \u00een special din cartierele men\u021bionate;<\/li>\n<li>s\u0103 completeze acordul de participare pus la dispozi\u0163ie de c\u0103tre personalul cluburilor;<\/li>\n<li>s\u0103 posede asupra lor un act de identitate;<\/li>\n<li>s\u0103 nu se afle sub influen\u0163a b\u0103uturilor alcoolice, a substan\u0163elor halucinogene sau a drogurilor.<\/li>\n<li>s\u0103 se angajeze c\u0103 respect\u0103 prevederile Regulamentului de ordine interioara, ordinea \u015fi lini\u015ftea public\u0103 precum \u015fi integritatea bunurilor din dotare.<\/li>\n<\/ul>\n<p><strong><u>Programul de functionare:<\/u><\/strong> L-V , \u00eentre orele 10:00 \u2013 18:00.<\/p>\n<div><\/div>\n","protected":false},"excerpt":{"rendered":"<p>\u00a0 \u00a0 \u00a0 Serviciul de Asisten\u021b\u0103 Comunitar\u0103 \u00a0 \u00a0 \u00a0 \u00a0 \u00a0\u015eef serviciu: Nicoleta-Cristina Voicule\u021b \u00a0 \u00a0 \u00a0 \u00a0 \u00a0Tel: 0736\/701139 \u00a0 \u00a0 \u00a0 \u00a0 \u00a0Serviciul de Asisten\u021b\u0103 Comunitar\u0103\u00a0compus din: Centrul de zi de asisten\u021b\u0103 \u0219i recuperare \u201e\u0218anse pentru To\u021bi<\/p>\n","protected":false},"author":1,"featured_media":0,"parent":0,"menu_order":0,"comment_status":"open","ping_status":"closed","template":"","meta":{"footnotes":""},"class_list":["post-108","page","type-page","status-publish","hentry"],"translation":{"provider":"WPGlobus","version":"3.0.0","language":"es","enabled_languages":["en","es","de","fr","ru"],"languages":{"en":{"title":true,"content":true,"excerpt":false},"es":{"title":false,"content":false,"excerpt":false},"de":{"title":false,"content":false,"excerpt":false},"fr":{"title":false,"content":false,"excerpt":false},"ru":{"title":false,"content":false,"excerpt":false}}},"_links":{"self":[{"href":"https:\/\/www.dasp.ro\/es\/wp-json\/wp\/v2\/pages\/108","targetHints":{"allow":["GET"]}}],"collection":[{"href":"https:\/\/www.dasp.ro\/es\/wp-json\/wp\/v2\/pages"}],"about":[{"href":"https:\/\/www.dasp.ro\/es\/wp-json\/wp\/v2\/types\/page"}],"author":[{"embeddable":true,"href":"https:\/\/www.dasp.ro\/es\/wp-json\/wp\/v2\/users\/1"}],"replies":[{"embeddable":true,"href":"https:\/\/www.dasp.ro\/es\/wp-json\/wp\/v2\/comments?post=108"}],"version-history":[{"count":17,"href":"https:\/\/www.dasp.ro\/es\/wp-json\/wp\/v2\/pages\/108\/revisions"}],"predecessor-version":[{"id":9518,"href":"https:\/\/www.dasp.ro\/es\/wp-json\/wp\/v2\/pages\/108\/revisions\/9518"}],"wp:attachment":[{"href":"https:\/\/www.dasp.ro\/es\/wp-json\/wp\/v2\/media?parent=108"}],"curies":[{"name":"wp","href":"https:\/\/api.w.org\/{rel}","templated":true}]}}