{"id":1402,"date":"2017-01-19T13:53:40","date_gmt":"2017-01-19T11:53:40","guid":{"rendered":"http:\/\/www.dasp.ro\/?page_id=1402"},"modified":"2017-01-19T14:04:16","modified_gmt":"2017-01-19T12:04:16","slug":"doc1","status":"publish","type":"page","link":"https:\/\/www.dasp.ro\/es\/doc1\/","title":{"rendered":"DOC1"},"content":{"rendered":"<p>&nbsp;<\/p>\n<p><strong>\u00a0<\/strong><\/p>\n<p>D\u00e2nd clic\u00a0<a href=\" https:\/\/www.dasp.ro\/hotarare-doc2\/\"><strong>aici<\/strong><\/a>\u00a0pute\u0163i consulta proiectul de hot\u0103r\u00e2re referitor la <strong>\u00a0<\/strong>aprobarea criteriilor de selec\u021bie \u0219i a procedurii privind admiterea\/ie\u0219irea beneficiarilor \u00een\/din centrele private de \u00eengrijire \u00een regim reziden\u021bial cu care Direc\u021bia de Asisten\u021b\u0103 Social\u0103\u00a0 a Municipiului Pite\u0219ti \u00a0\u00eencheie contracte de acordare a serviciilor sociale.<br \/>\nConform prevederilor art.7 alin.(4) din Legea nr.52\/2003 privind transparen\u0163a decizional\u0103 \u00een administra\u0163ia public\u0103, republicat\u0103, termenul de depunere, \u00een scris, a propunerilor, sugestiilor sau opiniilor cu privire la proiectul men\u0163ionat, este de 10 zile calendaristice, calculate de la data public\u0103rii prezentului anun\u0163.<br \/>\nPropunerile, sugestiile sau opiniile se primesc prin e-mail, <strong>dasp@dasp.ro<\/strong>, precum \u015fi la sediul Directiei de Asistenta Sociala a Municipiului Pite\u015fti.<br \/>\nPotrivit art.7 alin.(6) din Legea nr.52\/2003, republicat\u0103, \u201epersoanele sau organiza\u0163iile interesate care transmit \u00een scris propuneri, sugestii sau opinii cu privire la proiectul de act normativ supus dezbaterii publice vor specifica articolul sau articolele din proiectul de act normativ la care se refer\u0103, men\u0163ion\u00e2nd data trimiterii \u015fi datele de contact ale expeditorului\u201d.<\/p>\n","protected":false},"excerpt":{"rendered":"<p>&nbsp; \u00a0 D\u00e2nd clic\u00a0aici\u00a0pute\u0163i consulta proiectul de hot\u0103r\u00e2re referitor la \u00a0aprobarea criteriilor de selec\u021bie \u0219i a procedurii privind admiterea\/ie\u0219irea beneficiarilor \u00een\/din centrele private de \u00eengrijire \u00een regim reziden\u021bial cu care Direc\u021bia de Asisten\u021b\u0103 Social\u0103\u00a0 a Municipiului Pite\u0219ti \u00a0\u00eencheie contracte de<\/p>\n","protected":false},"author":1,"featured_media":0,"parent":0,"menu_order":0,"comment_status":"closed","ping_status":"closed","template":"","meta":{"footnotes":""},"class_list":["post-1402","page","type-page","status-publish","hentry"],"translation":{"provider":"WPGlobus","version":"3.0.0","language":"es","enabled_languages":["en","es","de","fr","ru"],"languages":{"en":{"title":true,"content":true,"excerpt":false},"es":{"title":false,"content":false,"excerpt":false},"de":{"title":false,"content":false,"excerpt":false},"fr":{"title":false,"content":false,"excerpt":false},"ru":{"title":false,"content":false,"excerpt":false}}},"_links":{"self":[{"href":"https:\/\/www.dasp.ro\/es\/wp-json\/wp\/v2\/pages\/1402","targetHints":{"allow":["GET"]}}],"collection":[{"href":"https:\/\/www.dasp.ro\/es\/wp-json\/wp\/v2\/pages"}],"about":[{"href":"https:\/\/www.dasp.ro\/es\/wp-json\/wp\/v2\/types\/page"}],"author":[{"embeddable":true,"href":"https:\/\/www.dasp.ro\/es\/wp-json\/wp\/v2\/users\/1"}],"replies":[{"embeddable":true,"href":"https:\/\/www.dasp.ro\/es\/wp-json\/wp\/v2\/comments?post=1402"}],"version-history":[{"count":2,"href":"https:\/\/www.dasp.ro\/es\/wp-json\/wp\/v2\/pages\/1402\/revisions"}],"predecessor-version":[{"id":1407,"href":"https:\/\/www.dasp.ro\/es\/wp-json\/wp\/v2\/pages\/1402\/revisions\/1407"}],"wp:attachment":[{"href":"https:\/\/www.dasp.ro\/es\/wp-json\/wp\/v2\/media?parent=1402"}],"curies":[{"name":"wp","href":"https:\/\/api.w.org\/{rel}","templated":true}]}}