{"id":25,"date":"2014-12-06T21:09:25","date_gmt":"2014-12-06T19:09:25","guid":{"rendered":"http:\/\/www.dasp.ro\/?page_id=25"},"modified":"2023-07-03T11:06:39","modified_gmt":"2023-07-03T08:06:39","slug":"acte-necesare-pentru-dosarul-de-angajare-al-asistentului-personal","status":"publish","type":"page","link":"https:\/\/www.dasp.ro\/es\/acte-necesare-pentru-dosarul-de-angajare-al-asistentului-personal\/","title":{"rendered":"Acte necesare pentru dosarul de angajare al asistentului personal"},"content":{"rendered":"<ul>\n<li>cerere &#8211; document g\u0103sit aici: \u00a0<a href=\"https:\/\/www.dasp.ro\/wp-content\/uploads\/2023\/07\/acte-necesare-pentru-dosarul-de-angajare-al-asistentului-personal.pdf\">cerere dosar angajare asistent personal<\/a><\/li>\n<li>viza director executiv DGASPC Arge\u0219;<\/li>\n<li>carnet de munc\u0103 seria &#8230;.. nr&#8230;&#8230;&#8230;.;<\/li>\n<li>copie B.I. \/ C.I. al asistentului, inclusiv partea cu adresa;<\/li>\n<li>copie acte de stare civil\u0103 (certificat de c\u0103s\u0103torie, certificat de deces, hot\u0103r\u00e2re de divor\u0163) pentru asistent;<\/li>\n<li>copii acte de studii ale asistentului;<\/li>\n<li>copie decizie pensie limit\u0103 de v\u00e2rst\u0103 a asistentului (dac\u0103 este cazul);<\/li>\n<li>dosar medical individual &#8211; al asistentului;<\/li>\n<li>cazier pentru asistent;<\/li>\n<li>adeverin\u0163\u0103 de la administra\u0163ia financiar\u0103 pentru asistent;<\/li>\n<li>curriculum vitae al asistentului;<\/li>\n<li>angajament, pe propria r\u0103spundere, dat la notariat, de a anun\u0163a \u00een termen de 48 ore orice modificare;<\/li>\n<li>copie certificat de handicap legalizat la notariat;<\/li>\n<li>copie B.I. \/ C.I. al persoanei cu handicap (inclusiv partea cu adresa) sau certificatul de na\u015ftere \u00een cazul minorului;<\/li>\n<li>ancheta social\u0103;<\/li>\n<li>copie decizie pensie limit\u0103 de v\u00e2rst\u0103 pentru bolnav (dac\u0103 este cazul);<\/li>\n<li>acordul persoanei cu handicap, sau dup\u0103 caz al reprezentantului legal al acesteia ori al familiei, exprimat \u00een scris pentru angajare.<\/li>\n<\/ul>\n","protected":false},"excerpt":{"rendered":"<p>cerere &#8211; document g\u0103sit aici: \u00a0cerere dosar angajare asistent personal viza director executiv DGASPC Arge\u0219; carnet de munc\u0103 seria &#8230;.. nr&#8230;&#8230;&#8230;.; copie B.I. \/ C.I. al asistentului, inclusiv partea cu adresa; copie acte de stare civil\u0103 (certificat de c\u0103s\u0103torie, certificat<\/p>\n","protected":false},"author":1,"featured_media":0,"parent":0,"menu_order":0,"comment_status":"open","ping_status":"closed","template":"","meta":{"footnotes":""},"class_list":["post-25","page","type-page","status-publish","hentry"],"translation":{"provider":"WPGlobus","version":"3.0.0","language":"es","enabled_languages":["en","es","de","fr","ru"],"languages":{"en":{"title":true,"content":true,"excerpt":false},"es":{"title":false,"content":false,"excerpt":false},"de":{"title":false,"content":false,"excerpt":false},"fr":{"title":false,"content":false,"excerpt":false},"ru":{"title":false,"content":false,"excerpt":false}}},"_links":{"self":[{"href":"https:\/\/www.dasp.ro\/es\/wp-json\/wp\/v2\/pages\/25","targetHints":{"allow":["GET"]}}],"collection":[{"href":"https:\/\/www.dasp.ro\/es\/wp-json\/wp\/v2\/pages"}],"about":[{"href":"https:\/\/www.dasp.ro\/es\/wp-json\/wp\/v2\/types\/page"}],"author":[{"embeddable":true,"href":"https:\/\/www.dasp.ro\/es\/wp-json\/wp\/v2\/users\/1"}],"replies":[{"embeddable":true,"href":"https:\/\/www.dasp.ro\/es\/wp-json\/wp\/v2\/comments?post=25"}],"version-history":[{"count":4,"href":"https:\/\/www.dasp.ro\/es\/wp-json\/wp\/v2\/pages\/25\/revisions"}],"predecessor-version":[{"id":7910,"href":"https:\/\/www.dasp.ro\/es\/wp-json\/wp\/v2\/pages\/25\/revisions\/7910"}],"wp:attachment":[{"href":"https:\/\/www.dasp.ro\/es\/wp-json\/wp\/v2\/media?parent=25"}],"curies":[{"name":"wp","href":"https:\/\/api.w.org\/{rel}","templated":true}]}}