{"id":30,"date":"2014-12-06T21:12:50","date_gmt":"2014-12-06T19:12:50","guid":{"rendered":"http:\/\/www.dasp.ro\/?page_id=30"},"modified":"2023-07-03T15:21:17","modified_gmt":"2023-07-03T12:21:17","slug":"acte-necesare-pentru-ancheta-sociala","status":"publish","type":"page","link":"https:\/\/www.dasp.ro\/es\/acte-necesare-pentru-ancheta-sociala\/","title":{"rendered":"Acte necesare pentru ancheta sociala"},"content":{"rendered":"<ul>\n<li>cerere &#8211; document gasiti aici: <a href=\"https:\/\/www.dasp.ro\/wp-content\/uploads\/2023\/07\/cerere-si-acte-adulti-cu-handicap.pdf\">cerere si acte adulti cu-handicap<\/a><\/li>\n<li>certificatul cu grad de handicap sau acte medicale din care s\u0103 reias\u0103 clar diagnosticul (copie xerox);<\/li>\n<li>buletinul bolnavului \u0219i al persoanelor care locuiesc cu bolnavul(original \u0219i copie xerox);<\/li>\n<li>adeverin\u021b\u0103 de la administrator(cu nominalizarea persoanelor cale locuiesc efectiv \u00een apartament);<\/li>\n<li>cupoane de pensie (dup\u0103 caz, at\u00e2t pentru bolnav c\u00e2t \u015fi pentru persoanele care locuiesc cu bolnavul) \u2013 original \u0219i copie xerox;<\/li>\n<li>de stiut unde lucreaz\u0103 membrii familiei \u0219i salariul net pe care \u00eel ridic\u0103.<\/li>\n<\/ul>\n","protected":false},"excerpt":{"rendered":"<p>cerere &#8211; document gasiti aici: cerere si acte adulti cu-handicap certificatul cu grad de handicap sau acte medicale din care s\u0103 reias\u0103 clar diagnosticul (copie xerox); buletinul bolnavului \u0219i al persoanelor care locuiesc cu bolnavul(original \u0219i copie xerox); adeverin\u021b\u0103 de<\/p>\n","protected":false},"author":1,"featured_media":0,"parent":0,"menu_order":0,"comment_status":"open","ping_status":"closed","template":"","meta":{"footnotes":""},"class_list":["post-30","page","type-page","status-publish","hentry"],"translation":{"provider":"WPGlobus","version":"3.0.0","language":"es","enabled_languages":["en","es","de","fr","ru"],"languages":{"en":{"title":true,"content":true,"excerpt":false},"es":{"title":false,"content":false,"excerpt":false},"de":{"title":false,"content":false,"excerpt":false},"fr":{"title":false,"content":false,"excerpt":false},"ru":{"title":false,"content":false,"excerpt":false}}},"_links":{"self":[{"href":"https:\/\/www.dasp.ro\/es\/wp-json\/wp\/v2\/pages\/30","targetHints":{"allow":["GET"]}}],"collection":[{"href":"https:\/\/www.dasp.ro\/es\/wp-json\/wp\/v2\/pages"}],"about":[{"href":"https:\/\/www.dasp.ro\/es\/wp-json\/wp\/v2\/types\/page"}],"author":[{"embeddable":true,"href":"https:\/\/www.dasp.ro\/es\/wp-json\/wp\/v2\/users\/1"}],"replies":[{"embeddable":true,"href":"https:\/\/www.dasp.ro\/es\/wp-json\/wp\/v2\/comments?post=30"}],"version-history":[{"count":7,"href":"https:\/\/www.dasp.ro\/es\/wp-json\/wp\/v2\/pages\/30\/revisions"}],"predecessor-version":[{"id":7949,"href":"https:\/\/www.dasp.ro\/es\/wp-json\/wp\/v2\/pages\/30\/revisions\/7949"}],"wp:attachment":[{"href":"https:\/\/www.dasp.ro\/es\/wp-json\/wp\/v2\/media?parent=30"}],"curies":[{"name":"wp","href":"https:\/\/api.w.org\/{rel}","templated":true}]}}