{"id":600,"date":"2015-02-20T14:27:04","date_gmt":"2015-02-20T12:27:04","guid":{"rendered":"http:\/\/www.dasp.ro\/?page_id=600"},"modified":"2025-10-13T10:16:59","modified_gmt":"2025-10-13T07:16:59","slug":"servicii","status":"publish","type":"page","link":"https:\/\/www.dasp.ro\/es\/servicii\/","title":{"rendered":"Servicii"},"content":{"rendered":"<p><a href=\"https:\/\/www.dasp.ro\/ro_RO\/serviciul-beneficii-sociale-si-politici-familiale\/\">Serviciul Beneficii Sociale \u015fi Politici Familiale<\/a><\/p>\n<p><a href=\"https:\/\/www.dasp.ro\/ro_RO\/serviciul-protectia-copilului-si-autoritate-tutelara\/\">Serviciul Protec\u0163ia Copilului \u015fi Autoritate Tutelar\u0103<\/a><\/p>\n<p><a href=\"https:\/\/www.dasp.ro\/ro_RO\/serviciul-protectia-persoanelor-cu-handicap-si-a-persoanelor-varstnice\/\">Serviciul Protec\u0163ia Persoanelor cu Handicap \u015fi a Persoanelor V\u00e2rstnice<\/a><\/p>\n<p><a href=\"https:\/\/www.dasp.ro\/ro_RO\/serviciul-de-asistenta-comunitara\/\">Serviciul de Asistenta Comunitara<\/a><\/p>\n<p><a href=\"https:\/\/www.dasp.ro\/serviciul-de-asistenta-medicala\/\">Serviciul de Asisten\u021b\u0103 Medical\u0103<\/a><\/p>\n<p><a href=\"https:\/\/www.dasp.ro\/ro_RO\/serviciul-financiar-contabilitate-achizitii-publice-informatica-administrativ\/\">Serviciul Financiar Contabilitate Achizitii Publice Informatica Administrativ<\/a><\/p>\n<p><a href=\"https:\/\/www.dasp.ro\/biroului-personal-juridic-si-securitatea-muncii\/\">Serviciul Personal, Juridic \u0219i Securitatea Muncii<\/a><\/p>\n<p><a href=\"https:\/\/www.dasp.ro\/centrul-multifunctional-comunitar\">Centrul Multifunctional Comunitar<\/a><\/p>\n\n\n<p><\/p>\n","protected":false},"excerpt":{"rendered":"<p>Serviciul Beneficii Sociale \u015fi Politici Familiale Serviciul Protec\u0163ia Copilului \u015fi Autoritate Tutelar\u0103 Serviciul Protec\u0163ia Persoanelor cu Handicap \u015fi a Persoanelor V\u00e2rstnice Serviciul de Asistenta Comunitara Serviciul de Asisten\u021b\u0103 Medical\u0103 Serviciul Financiar Contabilitate Achizitii Publice Informatica Administrativ Serviciul Personal, Juridic \u0219i<\/p>\n","protected":false},"author":1,"featured_media":0,"parent":0,"menu_order":0,"comment_status":"open","ping_status":"closed","template":"","meta":{"footnotes":""},"class_list":["post-600","page","type-page","status-publish","hentry"],"translation":{"provider":"WPGlobus","version":"3.0.0","language":"es","enabled_languages":["en","es","de","fr","ru"],"languages":{"en":{"title":true,"content":true,"excerpt":false},"es":{"title":false,"content":false,"excerpt":false},"de":{"title":false,"content":false,"excerpt":false},"fr":{"title":false,"content":false,"excerpt":false},"ru":{"title":false,"content":false,"excerpt":false}}},"_links":{"self":[{"href":"https:\/\/www.dasp.ro\/es\/wp-json\/wp\/v2\/pages\/600","targetHints":{"allow":["GET"]}}],"collection":[{"href":"https:\/\/www.dasp.ro\/es\/wp-json\/wp\/v2\/pages"}],"about":[{"href":"https:\/\/www.dasp.ro\/es\/wp-json\/wp\/v2\/types\/page"}],"author":[{"embeddable":true,"href":"https:\/\/www.dasp.ro\/es\/wp-json\/wp\/v2\/users\/1"}],"replies":[{"embeddable":true,"href":"https:\/\/www.dasp.ro\/es\/wp-json\/wp\/v2\/comments?post=600"}],"version-history":[{"count":8,"href":"https:\/\/www.dasp.ro\/es\/wp-json\/wp\/v2\/pages\/600\/revisions"}],"predecessor-version":[{"id":10018,"href":"https:\/\/www.dasp.ro\/es\/wp-json\/wp\/v2\/pages\/600\/revisions\/10018"}],"wp:attachment":[{"href":"https:\/\/www.dasp.ro\/es\/wp-json\/wp\/v2\/media?parent=600"}],"curies":[{"name":"wp","href":"https:\/\/api.w.org\/{rel}","templated":true}]}}