{"id":7166,"date":"2022-09-02T09:01:33","date_gmt":"2022-09-02T06:01:33","guid":{"rendered":"http:\/\/www.dasp.ro\/?page_id=7166"},"modified":"2022-09-02T09:12:33","modified_gmt":"2022-09-02T06:12:33","slug":"comunicat-activitate-cresa-pitesti","status":"publish","type":"page","link":"https:\/\/www.dasp.ro\/es\/comunicat-activitate-cresa-pitesti\/","title":{"rendered":"Comunicat activitate Cresa Pitesti"},"content":{"rendered":"\n<p><strong>ANUN\u021a IMPORTANT PRIVIND ACTIVITATEA CRE\u0218ELOR DIN MUNICIPIUL PITE\u0218TI!<\/strong><\/p>\n\n\n\n<p><strong>V\u0103 aducem la cuno\u0219tin\u021b\u0103 c\u0103, \u00eencep\u00e2nd cu data de 01.09.2022, \u00een baza prevederilor H.C.L. nr. 225\/23.06.2022, activitatea de educa\u021bie timpurie antepre\u0219colar\u0103 din cadrul Centrului de \u00cengrijire \u0219i Educa\u021bie Timpurie Cre\u0219e Pite\u0219ti va trece la CRE\u0218A PITE\u0218TI, unitate de \u00eenv\u0103\u021b\u0103m\u00e2nt antepre\u0219colar cu personalitate juridic\u0103.&nbsp; Astfel, \u00eencep\u00e2nd cu 01.09.2022, toate opera\u021biunile legate de aceast\u0103 activitate vor avea loc la adresa din Complex Cioc\u00e2rlia, str. Carpa\u021bi nr. 38 ( l\u00e2ng\u0103 Avocatul Poporului).<\/strong><\/p>\n\n\n\n<p><strong>Date de contact: &nbsp;&nbsp;&nbsp;&nbsp;&nbsp;telefon:&nbsp; 0728053441<\/strong><\/p>\n\n\n\n<p>                                 <strong>e-mail: <\/strong><a href=\"mailto:cresepitesti@gmail.com\"><strong>cresepitesti@gmail.com<\/strong><\/a><\/p>\n\n\n\n<div style=\"height:100px\" aria-hidden=\"true\" class=\"wp-block-spacer\"><\/div>\n\n\n\n<p><strong>PROGRAMUL\u00a0DE\u00a0FUNC\u021aIONARE\u00a0AL\u00a0INSTITU\u021aIEI<\/strong><\/p>\n\n\n\n<p><\/p>\n\n\n\n<p><strong>Luni, Mar\u0163i, Miercuri :&nbsp;&nbsp;&nbsp;07:30 \u2013 12:45<br>&nbsp;&nbsp;&nbsp;&nbsp;&nbsp;&nbsp;&nbsp;&nbsp;&nbsp;&nbsp;&nbsp;&nbsp;&nbsp;&nbsp;&nbsp;&nbsp;&nbsp;&nbsp;&nbsp;&nbsp;&nbsp;&nbsp;&nbsp;&nbsp;&nbsp;&nbsp;&nbsp;&nbsp;&nbsp;&nbsp;&nbsp;&nbsp;&nbsp;&nbsp;&nbsp;&nbsp;12:45&nbsp;\u2013 13:00 &#8211; pauz\u0103 de mas\u0103&nbsp;<br>&nbsp;&nbsp;&nbsp;&nbsp;&nbsp;&nbsp;&nbsp;&nbsp;&nbsp;&nbsp;&nbsp;&nbsp;&nbsp;&nbsp;&nbsp;&nbsp;&nbsp;&nbsp;&nbsp;&nbsp;&nbsp;&nbsp;&nbsp;&nbsp;&nbsp;&nbsp;&nbsp;&nbsp;&nbsp;&nbsp;&nbsp;&nbsp;&nbsp;&nbsp;&nbsp;&nbsp;13:00 \u2013 15:45<br><br>Joi :&nbsp;&nbsp;&nbsp;&nbsp;&nbsp;&nbsp;&nbsp;&nbsp;&nbsp;&nbsp;&nbsp;&nbsp;&nbsp;&nbsp;&nbsp;&nbsp;&nbsp;&nbsp;&nbsp;&nbsp;&nbsp;&nbsp;&nbsp;&nbsp;&nbsp;&nbsp;&nbsp;&nbsp;&nbsp;&nbsp;07:30 \u2013 12:30<br>&nbsp;&nbsp;&nbsp;&nbsp;&nbsp;&nbsp;&nbsp;&nbsp;&nbsp;&nbsp;&nbsp;&nbsp;&nbsp;&nbsp;&nbsp;&nbsp;&nbsp;&nbsp;&nbsp;&nbsp;&nbsp;&nbsp;&nbsp;&nbsp;&nbsp;&nbsp;&nbsp;&nbsp;&nbsp;&nbsp;&nbsp;&nbsp;&nbsp;&nbsp;&nbsp; 12:30&nbsp;\u2013 13:00 &#8211; pauz\u0103 de mas\u0103&nbsp;<br>&nbsp;&nbsp;&nbsp;&nbsp;&nbsp;&nbsp;&nbsp;&nbsp;&nbsp;&nbsp;&nbsp;&nbsp;&nbsp;&nbsp;&nbsp;&nbsp;&nbsp;&nbsp;&nbsp;&nbsp;&nbsp;&nbsp;&nbsp;&nbsp;&nbsp;&nbsp;&nbsp;&nbsp;&nbsp;&nbsp;&nbsp;&nbsp;&nbsp;&nbsp;&nbsp;&nbsp;13:00 \u2013 18:30<\/strong><\/p>\n\n\n\n<p><strong>Vineri :\u00a0\u00a0\u00a0\u00a0\u00a0\u00a0\u00a0\u00a0\u00a0\u00a0\u00a0\u00a0\u00a0\u00a0\u00a0\u00a0\u00a0\u00a0\u00a0\u00a0\u00a0\u00a0\u00a0\u00a0\u00a007:30 \u2013 13:00<\/strong><\/p>\n\n\n\n<div style=\"height:100px\" aria-hidden=\"true\" class=\"wp-block-spacer\"><\/div>\n","protected":false},"excerpt":{"rendered":"<p>ANUN\u021a IMPORTANT PRIVIND ACTIVITATEA CRE\u0218ELOR DIN MUNICIPIUL PITE\u0218TI! V\u0103 aducem la cuno\u0219tin\u021b\u0103 c\u0103, \u00eencep\u00e2nd cu data de 01.09.2022, \u00een baza prevederilor H.C.L. nr. 225\/23.06.2022, activitatea de educa\u021bie timpurie antepre\u0219colar\u0103 din cadrul Centrului de \u00cengrijire \u0219i Educa\u021bie Timpurie Cre\u0219e Pite\u0219ti va<\/p>\n","protected":false},"author":1,"featured_media":0,"parent":0,"menu_order":0,"comment_status":"closed","ping_status":"closed","template":"","meta":{"footnotes":""},"class_list":["post-7166","page","type-page","status-publish","hentry"],"translation":{"provider":"WPGlobus","version":"3.0.0","language":"es","enabled_languages":["en","es","de","fr","ru"],"languages":{"en":{"title":true,"content":true,"excerpt":false},"es":{"title":false,"content":false,"excerpt":false},"de":{"title":false,"content":false,"excerpt":false},"fr":{"title":false,"content":false,"excerpt":false},"ru":{"title":false,"content":false,"excerpt":false}}},"_links":{"self":[{"href":"https:\/\/www.dasp.ro\/es\/wp-json\/wp\/v2\/pages\/7166","targetHints":{"allow":["GET"]}}],"collection":[{"href":"https:\/\/www.dasp.ro\/es\/wp-json\/wp\/v2\/pages"}],"about":[{"href":"https:\/\/www.dasp.ro\/es\/wp-json\/wp\/v2\/types\/page"}],"author":[{"embeddable":true,"href":"https:\/\/www.dasp.ro\/es\/wp-json\/wp\/v2\/users\/1"}],"replies":[{"embeddable":true,"href":"https:\/\/www.dasp.ro\/es\/wp-json\/wp\/v2\/comments?post=7166"}],"version-history":[{"count":2,"href":"https:\/\/www.dasp.ro\/es\/wp-json\/wp\/v2\/pages\/7166\/revisions"}],"predecessor-version":[{"id":7169,"href":"https:\/\/www.dasp.ro\/es\/wp-json\/wp\/v2\/pages\/7166\/revisions\/7169"}],"wp:attachment":[{"href":"https:\/\/www.dasp.ro\/es\/wp-json\/wp\/v2\/media?parent=7166"}],"curies":[{"name":"wp","href":"https:\/\/api.w.org\/{rel}","templated":true}]}}