{"id":9222,"date":"2025-04-24T13:31:03","date_gmt":"2025-04-24T10:31:03","guid":{"rendered":"https:\/\/www.dasp.ro\/?page_id=9222"},"modified":"2025-04-24T13:32:58","modified_gmt":"2025-04-24T10:32:58","slug":"petitii","status":"publish","type":"page","link":"https:\/\/www.dasp.ro\/es\/petitii\/","title":{"rendered":"Petitii"},"content":{"rendered":"\n<p><\/p>\n\n\n\n<p class=\"has-text-align-center\"><strong>PETI\u021aII<\/strong><\/p>\n\n\n\n<div style=\"height:100px\" aria-hidden=\"true\" class=\"wp-block-spacer\"><\/div>\n\n\n\n<p>Conform art.2 din O.G. nr. 27\/ 2002 privind reglementarea activit\u0103\u0163ii de solu\u0163ionare a peti\u0163iilor cu modific\u0103rile \u015fi complet\u0103rile ulterioare, prin peti\u0163ie se \u00een\u0163elege cererea, reclama\u0163ia, sesizarea sau propunerea formulat\u0103 \u00een scris ori prin po\u015ft\u0103 electronic\u0103, pe care un cet\u0103\u0163ean sau o organiza\u0163ie legal constituit\u0103 o poate adresa autorit\u0103\u0163ilor \u015fi institu\u0163iilor publice centrale \u015fi locale, serviciilor publice descentralizate ale ministerelor \u015fi ale celorlalte organe centrale, companiilor \u015fi societ\u0103\u0163ilor na\u0163ionale, societ\u0103\u0163ilor comerciale de interes jude\u0163ean sau local, precum \u015fi regiilor autonome, denumite \u00een continuare autorit\u0103\u0163i \u015fi institu\u0163ii publice.<\/p>\n\n\n\n<p>Conform art.7 alin. (1) din O.G. nr. 27\/ 2002 peti\u0163iile anonime sau cele \u00een care nu sunt trecute datele de identificare a peti\u0163ionarului nu se iau \u00een considerare \u015fi se claseaz\u0103.<\/p>\n\n\n\n<p>Dispozi\u0163iile alin. (1) nu se aplic\u0103 \u00een cazul peti\u0163iilor anonime sau al celor \u00een care nu sunt men\u0163ionate datele de identificare a peti\u0163ionarului \u015fi care se refer\u0103 la cazuri de h\u0103r\u0163uire pe criteriu de sex ori de h\u0103r\u0163uire moral\u0103.<\/p>\n\n\n\n<p>Peti\u0163iile care se refer\u0103 la cazuri de h\u0103r\u0163uire pe criteriu de sex ori de h\u0103r\u0163uire moral\u0103 sunt supuse analizei persoanei responsabile sau, dup\u0103 caz, Comisiei de primire \u015fi solu\u0163ionare a cazurilor de h\u0103r\u0163uire, \u00een conformitate cu metodologia privind preven\u0163ia \u015fi combaterea h\u0103r\u0163uirii pe criteriu de sex, precum \u015fi a h\u0103r\u0163uirii morale, aprobat\u0103 prin hot\u0103r\u00e2re a Guvernului. Dac\u0103 \u00een urma analiz\u0103rii peti\u0163iilor rezult\u0103 c\u0103 ar putea \u00eentruni elementele constitutive ale unei infrac\u0163iuni \u00een condi\u0163iile prev\u0103zute de legea penal\u0103, de h\u0103r\u0163uire sexual\u0103, agresiune sexual\u0103 sau folosirea abuziv\u0103 a func\u0163iei \u00een scop sexual, persoana responsabil\u0103 sau, dup\u0103 caz, pre\u015fedintele Comisiei de primire \u015fi solu\u0163ionare a cazurilor de h\u0103r\u0163uire are obliga\u0163ia sesiz\u0103rii de \u00eendat\u0103 a organelor de urm\u0103rire penal\u0103, \u00een condi\u0163iile Legii nr. 135\/2010&nbsp;privind Codul de procedur\u0103 penal\u0103&nbsp;, cu modific\u0103rile \u015fi complet\u0103rile ulterioare.<\/p>\n\n\n\n<p>Peti\u0163iile pot fi depuse direct la sediul Direc\u021biei de Asisten\u021b\u0103 Social\u0103 a Municipiului Pite\u0219ti (adresa sediu: Pitesti, Bulevardul Republicii nr. 117B, bl. D5B, parter&nbsp;, Cod po\u015ftal: 110195) sau pot fi transmise prin po\u015ft\u0103, fax (0372030421) sau e-mail la adresa&nbsp;<a href=\"mailto:dasp@dasp.ro\">dasp@dasp.ro<\/a><\/p>\n","protected":false},"excerpt":{"rendered":"<p>PETI\u021aII Conform art.2 din O.G. nr. 27\/ 2002 privind reglementarea activit\u0103\u0163ii de solu\u0163ionare a peti\u0163iilor cu modific\u0103rile \u015fi complet\u0103rile ulterioare, prin peti\u0163ie se \u00een\u0163elege cererea, reclama\u0163ia, sesizarea sau propunerea formulat\u0103 \u00een scris ori prin po\u015ft\u0103 electronic\u0103, pe care un cet\u0103\u0163ean<\/p>\n","protected":false},"author":1,"featured_media":0,"parent":0,"menu_order":0,"comment_status":"closed","ping_status":"closed","template":"","meta":{"footnotes":""},"class_list":["post-9222","page","type-page","status-publish","hentry"],"translation":{"provider":"WPGlobus","version":"3.0.0","language":"es","enabled_languages":["en","es","de","fr","ru"],"languages":{"en":{"title":true,"content":true,"excerpt":false},"es":{"title":false,"content":false,"excerpt":false},"de":{"title":false,"content":false,"excerpt":false},"fr":{"title":false,"content":false,"excerpt":false},"ru":{"title":false,"content":false,"excerpt":false}}},"_links":{"self":[{"href":"https:\/\/www.dasp.ro\/es\/wp-json\/wp\/v2\/pages\/9222","targetHints":{"allow":["GET"]}}],"collection":[{"href":"https:\/\/www.dasp.ro\/es\/wp-json\/wp\/v2\/pages"}],"about":[{"href":"https:\/\/www.dasp.ro\/es\/wp-json\/wp\/v2\/types\/page"}],"author":[{"embeddable":true,"href":"https:\/\/www.dasp.ro\/es\/wp-json\/wp\/v2\/users\/1"}],"replies":[{"embeddable":true,"href":"https:\/\/www.dasp.ro\/es\/wp-json\/wp\/v2\/comments?post=9222"}],"version-history":[{"count":4,"href":"https:\/\/www.dasp.ro\/es\/wp-json\/wp\/v2\/pages\/9222\/revisions"}],"predecessor-version":[{"id":9226,"href":"https:\/\/www.dasp.ro\/es\/wp-json\/wp\/v2\/pages\/9222\/revisions\/9226"}],"wp:attachment":[{"href":"https:\/\/www.dasp.ro\/es\/wp-json\/wp\/v2\/media?parent=9222"}],"curies":[{"name":"wp","href":"https:\/\/api.w.org\/{rel}","templated":true}]}}