{"id":9683,"date":"2025-09-22T09:14:14","date_gmt":"2025-09-22T06:14:14","guid":{"rendered":"https:\/\/www.dasp.ro\/?page_id=9683"},"modified":"2025-09-22T11:58:17","modified_gmt":"2025-09-22T08:58:17","slug":"integritate-institutionala","status":"publish","type":"page","link":"https:\/\/www.dasp.ro\/es\/integritate-institutionala\/","title":{"rendered":"Integritate institu\u021bional\u0103"},"content":{"rendered":"\n<p><a href=\"https:\/\/www.dasp.ro\/wp-content\/uploads\/2021\/11\/cod-etic.pdf\" data-type=\"attachment\" data-id=\"5975\">Cod etic<\/a><\/p>\n\n\n\n<p><a href=\"https:\/\/www.dasp.ro\/lista-cuprinzand-cadourile-primite-conform-legii-251-2004-si-destinatia-acestora\/\" data-type=\"page\" data-id=\"9689\">List\u0103 cuprinz\u00e2nd cadourile primite potrivit legii 251\/2004 \u0219i destina\u021bia acestora<\/a><\/p>\n\n\n\n<p><a href=\"https:\/\/www.dasp.ro\/avertizorul-in-interes-public\/\">Mecanismul de raportare a \u00eencalc\u0103rilor legii<\/a><\/p>\n\n\n\n<p><a href=\"https:\/\/www.dasp.ro\/wp-content\/uploads\/2022\/04\/declaratie.pdf\">Declaratie privind asumarea agendei de integritate<\/a><\/p>\n\n\n\n<p><a href=\"https:\/\/www.dasp.ro\/planul-de-integritate-al-institutiei\/\" data-type=\"page\" data-id=\"9713\">Planul de integritate al institu\u021biei<\/a><\/p>\n\n\n\n<p><a href=\"https:\/\/www.dasp.ro\/raport-narativ-referitor-la-stadiul-implementarii-masurilor-prevazute-in-sna\/\" data-type=\"page\" data-id=\"9719\">Raport narativ referitor la stadiul implement\u0103rii m\u0103surilor prev\u0103zute \u00een SNA<\/a><\/p>\n\n\n\n<p><a href=\"https:\/\/www.dasp.ro\/situatia-incidentelor-de-integritate\/\" data-type=\"page\" data-id=\"9724\">Situa\u021bia incidentelor de integritate<\/a><\/p>\n\n\n\n<p><a href=\"https:\/\/www.dasp.ro\/studii-cercetari-ghiduri-materiale-informative-relevante\/\" data-type=\"page\" data-id=\"9729\">Studii\/cercet\u0103ri\/ghiduri\/materiale informative relevante<\/a><\/p>\n","protected":false},"excerpt":{"rendered":"<p>Cod etic List\u0103 cuprinz\u00e2nd cadourile primite potrivit legii 251\/2004 \u0219i destina\u021bia acestora Mecanismul de raportare a \u00eencalc\u0103rilor legii Declaratie privind asumarea agendei de integritate Planul de integritate al institu\u021biei Raport narativ referitor la stadiul implement\u0103rii m\u0103surilor prev\u0103zute \u00een SNA Situa\u021bia<\/p>\n","protected":false},"author":341,"featured_media":0,"parent":0,"menu_order":0,"comment_status":"closed","ping_status":"closed","template":"","meta":{"footnotes":""},"class_list":["post-9683","page","type-page","status-publish","hentry"],"translation":{"provider":"WPGlobus","version":"3.0.0","language":"es","enabled_languages":["en","es","de","fr","ru"],"languages":{"en":{"title":true,"content":true,"excerpt":false},"es":{"title":false,"content":false,"excerpt":false},"de":{"title":false,"content":false,"excerpt":false},"fr":{"title":false,"content":false,"excerpt":false},"ru":{"title":false,"content":false,"excerpt":false}}},"_links":{"self":[{"href":"https:\/\/www.dasp.ro\/es\/wp-json\/wp\/v2\/pages\/9683","targetHints":{"allow":["GET"]}}],"collection":[{"href":"https:\/\/www.dasp.ro\/es\/wp-json\/wp\/v2\/pages"}],"about":[{"href":"https:\/\/www.dasp.ro\/es\/wp-json\/wp\/v2\/types\/page"}],"author":[{"embeddable":true,"href":"https:\/\/www.dasp.ro\/es\/wp-json\/wp\/v2\/users\/341"}],"replies":[{"embeddable":true,"href":"https:\/\/www.dasp.ro\/es\/wp-json\/wp\/v2\/comments?post=9683"}],"version-history":[{"count":11,"href":"https:\/\/www.dasp.ro\/es\/wp-json\/wp\/v2\/pages\/9683\/revisions"}],"predecessor-version":[{"id":9731,"href":"https:\/\/www.dasp.ro\/es\/wp-json\/wp\/v2\/pages\/9683\/revisions\/9731"}],"wp:attachment":[{"href":"https:\/\/www.dasp.ro\/es\/wp-json\/wp\/v2\/media?parent=9683"}],"curies":[{"name":"wp","href":"https:\/\/api.w.org\/{rel}","templated":true}]}}