{"id":1031,"date":"2016-03-07T10:26:42","date_gmt":"2016-03-07T08:26:42","guid":{"rendered":"http:\/\/www.dasp.ro\/?page_id=1031"},"modified":"2016-03-07T10:54:41","modified_gmt":"2016-03-07T08:54:41","slug":"un-zambet-o-floare","status":"publish","type":"page","link":"https:\/\/www.dasp.ro\/fr\/un-zambet-o-floare\/","title":{"rendered":",,Un zambet, o floare,,"},"content":{"rendered":"<p>O zi superba de primavara, o zi in care ,,oamenii fara adapost femei si barbati,, au vrut sa marcheze venirea primaverii prin mobilizarea lor in cadrul actiunii ,,Un zambet, o floare,, actiune care va avea loc pe data de 8 Martie de ziua femeii. Se spune ca: ,,oferind unei persoane flori albe ii transmiti mesaje de genul: \u201cIti multumesc\u201c, \u201cCu respect si afectiune\u201c, \u201cIarta-ma\u201c, etc. Acestia au cules azi flori specifice acestui anotimp. Actiunea va fi sustinuta in parteneriat de: Directia de Asistenta Sociala a Municipiului Pitesti, Inspectoratul Judetean de Jandarmi Arges si Asociatia Sportiva ,,Spider Sport,, Pite\u0219ti.<\/p>\n<p>&nbsp;<\/p>\n<p><img fetchpriority=\"high\" decoding=\"async\" class=\"alignnone  wp-image-1039\" src=\"https:\/\/www.dasp.ro\/wp-content\/uploads\/2016\/03\/IMG_20160302_143507.jpg\" alt=\"IMG_20160302_143507\" width=\"360\" height=\"270\" srcset=\"https:\/\/www.dasp.ro\/wp-content\/uploads\/2016\/03\/IMG_20160302_143507.jpg 1288w, https:\/\/www.dasp.ro\/wp-content\/uploads\/2016\/03\/IMG_20160302_143507-300x225.jpg 300w, https:\/\/www.dasp.ro\/wp-content\/uploads\/2016\/03\/IMG_20160302_143507-1024x768.jpg 1024w\" sizes=\"(max-width: 360px) 100vw, 360px\" \/>\u00a0\u00a0\u00a0\u00a0 <img decoding=\"async\" class=\"alignnone  wp-image-1038\" src=\"https:\/\/www.dasp.ro\/wp-content\/uploads\/2016\/03\/12795103_1101791869841019_6042670857541605936_o.jpg\" alt=\"12795103_1101791869841019_6042670857541605936_o\" width=\"360\" height=\"270\" srcset=\"https:\/\/www.dasp.ro\/wp-content\/uploads\/2016\/03\/12795103_1101791869841019_6042670857541605936_o.jpg 1288w, https:\/\/www.dasp.ro\/wp-content\/uploads\/2016\/03\/12795103_1101791869841019_6042670857541605936_o-300x225.jpg 300w, https:\/\/www.dasp.ro\/wp-content\/uploads\/2016\/03\/12795103_1101791869841019_6042670857541605936_o-1024x768.jpg 1024w\" sizes=\"(max-width: 360px) 100vw, 360px\" \/> \u00a0\u00a0 <img decoding=\"async\" class=\"alignnone  wp-image-1037\" src=\"https:\/\/www.dasp.ro\/wp-content\/uploads\/2016\/03\/12792335_1101790583174481_6485321768581275986_o.jpg\" alt=\"12792335_1101790583174481_6485321768581275986_o\" width=\"361\" height=\"270\" srcset=\"https:\/\/www.dasp.ro\/wp-content\/uploads\/2016\/03\/12792335_1101790583174481_6485321768581275986_o.jpg 1288w, https:\/\/www.dasp.ro\/wp-content\/uploads\/2016\/03\/12792335_1101790583174481_6485321768581275986_o-300x225.jpg 300w, https:\/\/www.dasp.ro\/wp-content\/uploads\/2016\/03\/12792335_1101790583174481_6485321768581275986_o-1024x768.jpg 1024w\" sizes=\"(max-width: 361px) 100vw, 361px\" \/><\/p>\n<p><img loading=\"lazy\" decoding=\"async\" class=\"alignnone  wp-image-1036\" src=\"https:\/\/www.dasp.ro\/wp-content\/uploads\/2016\/03\/12792331_1101827459837460_808123120749182369_o.jpg\" alt=\"12792331_1101827459837460_808123120749182369_o\" width=\"360\" height=\"270\" srcset=\"https:\/\/www.dasp.ro\/wp-content\/uploads\/2016\/03\/12792331_1101827459837460_808123120749182369_o.jpg 1288w, https:\/\/www.dasp.ro\/wp-content\/uploads\/2016\/03\/12792331_1101827459837460_808123120749182369_o-300x225.jpg 300w, https:\/\/www.dasp.ro\/wp-content\/uploads\/2016\/03\/12792331_1101827459837460_808123120749182369_o-1024x768.jpg 1024w\" sizes=\"(max-width: 360px) 100vw, 360px\" \/> \u00a0\u00a0 <img loading=\"lazy\" decoding=\"async\" class=\"alignnone  wp-image-1035\" src=\"https:\/\/www.dasp.ro\/wp-content\/uploads\/2016\/03\/11212586_1101791419841064_1576618227668263446_o.jpg\" alt=\"11212586_1101791419841064_1576618227668263446_o\" width=\"360\" height=\"270\" srcset=\"https:\/\/www.dasp.ro\/wp-content\/uploads\/2016\/03\/11212586_1101791419841064_1576618227668263446_o.jpg 1288w, https:\/\/www.dasp.ro\/wp-content\/uploads\/2016\/03\/11212586_1101791419841064_1576618227668263446_o-300x225.jpg 300w, https:\/\/www.dasp.ro\/wp-content\/uploads\/2016\/03\/11212586_1101791419841064_1576618227668263446_o-1024x768.jpg 1024w\" sizes=\"(max-width: 360px) 100vw, 360px\" \/>\u00a0 \u00a0 <img loading=\"lazy\" decoding=\"async\" class=\"alignnone  wp-image-1034\" src=\"https:\/\/www.dasp.ro\/wp-content\/uploads\/2016\/03\/980749_1101829256503947_6297959135167687464_o.jpg\" alt=\"980749_1101829256503947_6297959135167687464_o\" width=\"360\" height=\"270\" srcset=\"https:\/\/www.dasp.ro\/wp-content\/uploads\/2016\/03\/980749_1101829256503947_6297959135167687464_o.jpg 1288w, https:\/\/www.dasp.ro\/wp-content\/uploads\/2016\/03\/980749_1101829256503947_6297959135167687464_o-300x225.jpg 300w, https:\/\/www.dasp.ro\/wp-content\/uploads\/2016\/03\/980749_1101829256503947_6297959135167687464_o-1024x768.jpg 1024w\" sizes=\"(max-width: 360px) 100vw, 360px\" \/><\/p>\n<p>&nbsp;<\/p>\n<p>&nbsp;<\/p>\n<p>&nbsp;<\/p>\n<p>&nbsp;<\/p>\n<p>&nbsp;<\/p>\n<p>&nbsp;<\/p>\n<p>&nbsp;<\/p>\n<p>&nbsp;<\/p>\n<p>&nbsp;<\/p>\n<p><a title=\"Ce \u00eenseamn\u0103 perioada s\u0103rb\u0103torilor de Cr\u0103ciun?\" href=\"https:\/\/www.dasp.ro\/ce-inseamna-perioada-sarbatorilor-de-craciun\/\">Ce \u00eenseamn\u0103 perioada s\u0103rb\u0103torilor de Cr\u0103ciun?<\/a><\/p>\n","protected":false},"excerpt":{"rendered":"<p>O zi superba de primavara, o zi in care ,,oamenii fara adapost femei si barbati,, au vrut sa marcheze venirea primaverii prin mobilizarea lor in cadrul actiunii ,,Un zambet, o floare,, actiune care va avea loc pe data de 8<\/p>\n","protected":false},"author":1,"featured_media":1046,"parent":0,"menu_order":0,"comment_status":"open","ping_status":"closed","template":"","meta":{"footnotes":""},"class_list":["post-1031","page","type-page","status-publish","has-post-thumbnail","hentry"],"translation":{"provider":"WPGlobus","version":"3.0.0","language":"fr","enabled_languages":["en","es","de","fr","ru"],"languages":{"en":{"title":true,"content":true,"excerpt":false},"es":{"title":false,"content":false,"excerpt":false},"de":{"title":false,"content":false,"excerpt":false},"fr":{"title":false,"content":false,"excerpt":false},"ru":{"title":false,"content":false,"excerpt":false}}},"_links":{"self":[{"href":"https:\/\/www.dasp.ro\/fr\/wp-json\/wp\/v2\/pages\/1031","targetHints":{"allow":["GET"]}}],"collection":[{"href":"https:\/\/www.dasp.ro\/fr\/wp-json\/wp\/v2\/pages"}],"about":[{"href":"https:\/\/www.dasp.ro\/fr\/wp-json\/wp\/v2\/types\/page"}],"author":[{"embeddable":true,"href":"https:\/\/www.dasp.ro\/fr\/wp-json\/wp\/v2\/users\/1"}],"replies":[{"embeddable":true,"href":"https:\/\/www.dasp.ro\/fr\/wp-json\/wp\/v2\/comments?post=1031"}],"version-history":[{"count":7,"href":"https:\/\/www.dasp.ro\/fr\/wp-json\/wp\/v2\/pages\/1031\/revisions"}],"predecessor-version":[{"id":1044,"href":"https:\/\/www.dasp.ro\/fr\/wp-json\/wp\/v2\/pages\/1031\/revisions\/1044"}],"wp:featuredmedia":[{"embeddable":true,"href":"https:\/\/www.dasp.ro\/fr\/wp-json\/wp\/v2\/media\/1046"}],"wp:attachment":[{"href":"https:\/\/www.dasp.ro\/fr\/wp-json\/wp\/v2\/media?parent=1031"}],"curies":[{"name":"wp","href":"https:\/\/api.w.org\/{rel}","templated":true}]}}