{"id":3524,"date":"2020-03-24T13:16:53","date_gmt":"2020-03-24T11:16:53","guid":{"rendered":"http:\/\/www.dasp.ro\/?page_id=3524"},"modified":"2020-03-24T13:16:55","modified_gmt":"2020-03-24T11:16:55","slug":"anunt-amanare-concurs-pentru-ocuparea-posturilor-vacante-de-medic-stomatolog-din-cadrul-serviciului-de-asistenta-medicala","status":"publish","type":"page","link":"https:\/\/www.dasp.ro\/fr\/anunt-amanare-concurs-pentru-ocuparea-posturilor-vacante-de-medic-stomatolog-din-cadrul-serviciului-de-asistenta-medicala\/","title":{"rendered":"Anun\u021b am\u00e2nare concurs pentru ocuparea posturilor vacante de medic stomatolog din cadrul Serviciului de Asisten\u021b\u0103 Medical\u0103"},"content":{"rendered":"\n<figure class=\"wp-block-image\"><img fetchpriority=\"high\" decoding=\"async\" width=\"692\" height=\"138\" src=\"https:\/\/www.dasp.ro\/wp-content\/uploads\/2020\/03\/image-1.png\" alt=\"\" class=\"wp-image-3525\" srcset=\"https:\/\/www.dasp.ro\/wp-content\/uploads\/2020\/03\/image-1.png 692w, https:\/\/www.dasp.ro\/wp-content\/uploads\/2020\/03\/image-1-300x60.png 300w\" sizes=\"(max-width: 692px) 100vw, 692px\" \/><\/figure>\n\n\n\n<p style=\"text-align:center\"><strong>ANUN\u021a<\/strong><\/p>\n\n\n\n<div style=\"height:100px\" aria-hidden=\"true\" class=\"wp-block-spacer\"><\/div>\n\n\n\n<p>&nbsp;&nbsp;&nbsp;&nbsp;&nbsp;&nbsp;&nbsp;&nbsp;&nbsp; Ca\nurmare a contextului epidemiologic actual, Direc\u021bia de Asisten\u021b\u0103 Social\u0103 a\nMunicipiului Pite\u0219ti anun\u021b\u0103 am\u00e2narea concursului pentru ocuparea posturilor\nvacante de medic stomatolog din cadrul Serviciului de Asisten\u021b\u0103 Medical\u0103-\nCompartimentul Asisten\u021b\u0103 Medical\u0103 \u0218colara, p\u00e2n\u0103 la o dat\u0103 care va fi comunicat\u0103\nulterior.<\/p>\n\n\n\n<div style=\"height:100px\" aria-hidden=\"true\" class=\"wp-block-spacer\"><\/div>\n\n\n\n<p>\u00a0\u00a0\u00a0\u00a0\u00a0\u00a0\u00a0\u00a0\u00a0\u00a0\u00a0\u00a0\u00a0\u00a0 DIRECTOR EXECUTIV\u00a0\u00a0\u00a0\u00a0\u00a0\u00a0\u00a0\u00a0\u00a0\u00a0\u00a0\u00a0\u00a0\u00a0\u00a0\u00a0\u00a0\u00a0\u00a0\u00a0\u00a0\u00a0\u00a0\u00a0\u00a0\u00a0\u00a0\u00a0\u00a0\u00a0\u00a0\u00a0\u00a0\u00a0\u00a0\u00a0\u00a0\u00a0\u00a0\u00a0\u00a0\u00a0\u00a0\u00a0\u00a0\u0218EF SERVICIU<\/p>\n\n\n\n<p>\u00a0\u00a0\u00a0\u00a0\u00a0\u00a0\u00a0\u00a0\u00a0\u00a0\u00a0\u00a0\u00a0\u00a0\u00a0\u00a0\u00a0\u00a0\u00a0\u00a0\u00a0\u00a0\u00a0\u00a0\u00a0 Iancu Sorin\u00a0\u00a0\u00a0\u00a0\u00a0\u00a0\u00a0\u00a0\u00a0\u00a0\u00a0\u00a0\u00a0\u00a0\u00a0\u00a0\u00a0\u00a0\u00a0\u00a0\u00a0\u00a0\u00a0\u00a0 Personal, Juridic, Securitatea Muncii<\/p>\n\n\n\n<p>\u00a0\u00a0\u00a0\u00a0\u00a0\u00a0\u00a0\u00a0\u00a0\u00a0\u00a0\u00a0\u00a0\u00a0\u00a0\u00a0\u00a0\u00a0\u00a0\u00a0\u00a0\u00a0\u00a0\u00a0\u00a0\u00a0\u00a0\u00a0\u00a0\u00a0\u00a0\u00a0\u00a0\u00a0\u00a0\u00a0\u00a0\u00a0\u00a0\u00a0\u00a0 \u00a0\u00a0\u00a0\u00a0\u00a0\u00a0\u00a0\u00a0\u00a0\u00a0\u00a0\u00a0\u00a0\u00a0\u00a0\u00a0\u00a0\u00a0\u00a0\u00a0\u00a0\u00a0\u00a0\u00a0\u00a0\u00a0\u00a0\u00a0\u00a0\u00a0\u00a0\u00a0\u00a0\u00a0\u00a0\u00a0\u00a0\u00a0\u00a0\u00a0\u00a0\u00a0\u00a0\u00a0\u00a0\u00a0\u00a0\u00a0\u00a0Sima M\u0103d\u0103lina Elena<\/p>\n\n\n\n<div style=\"height:100px\" aria-hidden=\"true\" class=\"wp-block-spacer\"><\/div>\n\n\n\n<p>Red.\/Dact.\nGE\/2ex.<\/p>\n","protected":false},"excerpt":{"rendered":"<p>ANUN\u021a &nbsp;&nbsp;&nbsp;&nbsp;&nbsp;&nbsp;&nbsp;&nbsp;&nbsp; Ca urmare a contextului epidemiologic actual, Direc\u021bia de Asisten\u021b\u0103 Social\u0103 a Municipiului Pite\u0219ti anun\u021b\u0103 am\u00e2narea concursului pentru ocuparea posturilor vacante de medic stomatolog din cadrul Serviciului de Asisten\u021b\u0103 Medical\u0103- Compartimentul Asisten\u021b\u0103 Medical\u0103 \u0218colara, p\u00e2n\u0103 la o dat\u0103 care<\/p>\n","protected":false},"author":1,"featured_media":0,"parent":0,"menu_order":0,"comment_status":"closed","ping_status":"closed","template":"","meta":{"footnotes":""},"class_list":["post-3524","page","type-page","status-publish","hentry"],"translation":{"provider":"WPGlobus","version":"3.0.0","language":"fr","enabled_languages":["en","es","de","fr","ru"],"languages":{"en":{"title":true,"content":true,"excerpt":false},"es":{"title":false,"content":false,"excerpt":false},"de":{"title":false,"content":false,"excerpt":false},"fr":{"title":false,"content":false,"excerpt":false},"ru":{"title":false,"content":false,"excerpt":false}}},"_links":{"self":[{"href":"https:\/\/www.dasp.ro\/fr\/wp-json\/wp\/v2\/pages\/3524","targetHints":{"allow":["GET"]}}],"collection":[{"href":"https:\/\/www.dasp.ro\/fr\/wp-json\/wp\/v2\/pages"}],"about":[{"href":"https:\/\/www.dasp.ro\/fr\/wp-json\/wp\/v2\/types\/page"}],"author":[{"embeddable":true,"href":"https:\/\/www.dasp.ro\/fr\/wp-json\/wp\/v2\/users\/1"}],"replies":[{"embeddable":true,"href":"https:\/\/www.dasp.ro\/fr\/wp-json\/wp\/v2\/comments?post=3524"}],"version-history":[{"count":2,"href":"https:\/\/www.dasp.ro\/fr\/wp-json\/wp\/v2\/pages\/3524\/revisions"}],"predecessor-version":[{"id":3527,"href":"https:\/\/www.dasp.ro\/fr\/wp-json\/wp\/v2\/pages\/3524\/revisions\/3527"}],"wp:attachment":[{"href":"https:\/\/www.dasp.ro\/fr\/wp-json\/wp\/v2\/media?parent=3524"}],"curies":[{"name":"wp","href":"https:\/\/api.w.org\/{rel}","templated":true}]}}