{"id":4171,"date":"2021-01-13T12:12:41","date_gmt":"2021-01-13T10:12:41","guid":{"rendered":"http:\/\/www.dasp.ro\/?page_id=4171"},"modified":"2021-01-13T12:12:43","modified_gmt":"2021-01-13T10:12:43","slug":"anunt-4","status":"publish","type":"page","link":"https:\/\/www.dasp.ro\/fr\/anunt-4\/","title":{"rendered":"ANUNT"},"content":{"rendered":"\n<p>Proba scris\u0103 a concursului de recrutare pentru ocuparea postului contractual vacant de referent, treapt\u0103 profesional\u0103 IA din cadrul Biroului Achizi\u021bii Publice, Informatic\u0103, Administrativ, se va sus\u021bine \u00een data de 14.01.2021, ora 10:00, la Filarmonica Pite\u0219ti cu sediul \u00een Calea Bucure\u0219ti nr. 2, Pite\u0219ti, jud. Arge\u0219<\/p>\n","protected":false},"excerpt":{"rendered":"<p>Proba scris\u0103 a concursului de recrutare pentru ocuparea postului contractual vacant de referent, treapt\u0103 profesional\u0103 IA din cadrul Biroului Achizi\u021bii Publice, Informatic\u0103, Administrativ, se va sus\u021bine \u00een data de 14.01.2021, ora 10:00, la Filarmonica Pite\u0219ti cu sediul \u00een Calea Bucure\u0219ti<\/p>\n","protected":false},"author":1,"featured_media":0,"parent":0,"menu_order":0,"comment_status":"closed","ping_status":"closed","template":"","meta":{"footnotes":""},"class_list":["post-4171","page","type-page","status-publish","hentry"],"translation":{"provider":"WPGlobus","version":"3.0.0","language":"fr","enabled_languages":["en","es","de","fr","ru"],"languages":{"en":{"title":true,"content":true,"excerpt":false},"es":{"title":false,"content":false,"excerpt":false},"de":{"title":false,"content":false,"excerpt":false},"fr":{"title":false,"content":false,"excerpt":false},"ru":{"title":false,"content":false,"excerpt":false}}},"_links":{"self":[{"href":"https:\/\/www.dasp.ro\/fr\/wp-json\/wp\/v2\/pages\/4171","targetHints":{"allow":["GET"]}}],"collection":[{"href":"https:\/\/www.dasp.ro\/fr\/wp-json\/wp\/v2\/pages"}],"about":[{"href":"https:\/\/www.dasp.ro\/fr\/wp-json\/wp\/v2\/types\/page"}],"author":[{"embeddable":true,"href":"https:\/\/www.dasp.ro\/fr\/wp-json\/wp\/v2\/users\/1"}],"replies":[{"embeddable":true,"href":"https:\/\/www.dasp.ro\/fr\/wp-json\/wp\/v2\/comments?post=4171"}],"version-history":[{"count":3,"href":"https:\/\/www.dasp.ro\/fr\/wp-json\/wp\/v2\/pages\/4171\/revisions"}],"predecessor-version":[{"id":4174,"href":"https:\/\/www.dasp.ro\/fr\/wp-json\/wp\/v2\/pages\/4171\/revisions\/4174"}],"wp:attachment":[{"href":"https:\/\/www.dasp.ro\/fr\/wp-json\/wp\/v2\/media?parent=4171"}],"curies":[{"name":"wp","href":"https:\/\/api.w.org\/{rel}","templated":true}]}}