{"id":5010,"date":"2021-05-11T16:01:00","date_gmt":"2021-05-11T13:01:00","guid":{"rendered":"http:\/\/www.dasp.ro\/?page_id=5010"},"modified":"2021-05-18T15:19:31","modified_gmt":"2021-05-18T12:19:31","slug":"calendarul-inscrierilor-la-crese-in-anul-scolar-2021-2022","status":"publish","type":"page","link":"https:\/\/www.dasp.ro\/fr\/calendarul-inscrierilor-la-crese-in-anul-scolar-2021-2022\/","title":{"rendered":"Calendarul inscrierilor la crese in anul scolar 2021-2022"},"content":{"rendered":"\n<figure class=\"wp-block-image\"><img fetchpriority=\"high\" decoding=\"async\" width=\"671\" height=\"161\" src=\"https:\/\/www.dasp.ro\/wp-content\/uploads\/2021\/05\/Antet-modif.png\" alt=\"\" class=\"wp-image-5217\" srcset=\"https:\/\/www.dasp.ro\/wp-content\/uploads\/2021\/05\/Antet-modif.png 671w, https:\/\/www.dasp.ro\/wp-content\/uploads\/2021\/05\/Antet-modif-300x72.png 300w\" sizes=\"(max-width: 671px) 100vw, 671px\" \/><\/figure>\n\n\n\n<p style=\"text-align:center\"><strong>CALENDARUL \u00ceNSCRIERILOR PENTRU OCUPAREA UNUI LOC \u00ceN CRE\u0218ELE DIN MUNICIPIUL PITE\u0218TI PENTRU ANUL \u0218COLAR 2021-2022<\/strong><\/p>\n\n\n\n<p>\u00cen perioada 02-30.06.2021 se vor derula \u00eenscrierile la cre\u0219ele de\nstat din Municipiul Pite\u0219ti, pentru\ncopiii cu v\u00e2rste cuprinse \u00eentre 3 luni \u0219i 3 ani, pentru anul \u0219colar 2021-2022.<\/p>\n\n\n\n<p>Dosarele de \u00eenscriere pentru ocuparea unui loc \u00een cre\u0219e, pentru anul \u0219colar 2021- 2022, se vor putea depune la sediul D.A.S. Pite\u0219ti din Bld. Republicii, nr. 117 B, bloc D5B, parter, astfel:<\/p>\n\n\n\n<p><\/p>\n\n\n\n<ul class=\"wp-block-list\"><li>in perioada 02-18 iunie 2021:<\/li><\/ul>\n\n\n\n<p>-luni, marti, miercuri in intervalul orar 8:30  &#8211; 12:30 , 13:00-15:30, <\/p>\n\n\n\n<p>-joi in intervalul orar  8:30  &#8211; 12:30 , 13:00-18:00 ,<\/p>\n\n\n\n<p>-vineri in intervalul orar  8:30  &#8211; 12:30 .<\/p>\n\n\n\n<ul class=\"wp-block-list\"><li>in perioada 21-30 iunie 2021:<\/li><\/ul>\n\n\n\n<p>-luni, marti, miercuri in intervalul orar 8:30  &#8211; 12:30 ,<\/p>\n\n\n\n<p>-joi in intervalul orar  8:30  &#8211; 12:30 , 13:00-18:00 ,<\/p>\n\n\n\n<p>-vineri in intervalul orar  8:30  &#8211; 12:30 .<\/p>\n\n\n\n<p>In conformitate cu prevederile art. 1, punctul 1 din Anexa nr. 2 la Hot\u0103r\u00e2rea nr. 394\/18.05.2020 privind&nbsp; declararea&nbsp; st\u0103rii de alert\u0103&nbsp; la&nbsp; nivel&nbsp; na\u021bional&nbsp; \u0219i&nbsp; m\u0103surile&nbsp; care se aplic\u0103 pe durata acesteia pentru prevenirea \u0219i&nbsp; combaterea&nbsp; efectelor&nbsp; pandemiei&nbsp; de&nbsp; COVID-19,&nbsp; \u00een spa\u021biile \u00eenchise se instituie obligativitatea purt\u0103rii m\u0103\u0219tii de protec\u021bie. Ca atare, v\u0103 rug\u0103m s\u0103 respecta\u021bi aceast\u0103 prevedere, c\u00e2nd v\u0103 prezenta\u021bi la sediul D.A.S. Pite\u0219ti \u00een vederea depunerii dosarului de \u00eenscriere<strong>.<\/strong><\/p>\n\n\n\n<p>\u00cen perioada 01.07-15.07.2021, va avea loc analiza tuturor dosarelor depuse, de c\u0103tre Comisia de analiz\u0103 a dosarelor numit\u0103 prin dispozi\u021bie a Directorului executiv al D.A.S. Pite\u0219ti. Lista&nbsp; nominal\u0103&nbsp; cu punctajul stabilit&nbsp; pentru&nbsp; fiecare copil pentru care s-a depus dosar de \u00eenscriere la cre\u0219\u0103 \u00een anul \u0219colar urm\u0103tor, respectiv \u00eencep\u00e2nd cu luna septembrie a anului \u00een curs va fi afi\u0219at\u0103 la Avizierul existent la D.A.S. Pite\u0219ti \u0219i publicat\u0103 pe site-ul D.A.S. Pite\u0219ti, respectiv <a href=\"http:\/\/www.daso.ro\/\">www.dasp.ro <\/a>\u0219i pe site-ul Prim\u0103riei Municipiului Pite\u0219ti.<\/p>\n\n\n\n<p>Punctajul stabilit \u0219i acordat fiec\u0103rui copil \u00een baza actelor depuse la dosarul pentru \u00eenscrierea&nbsp; \u00een cre\u0219\u0103&nbsp; poate fi contestat&nbsp; de c\u0103tre p\u0103rin\u021bii\/reprezentan\u021bii legali ai copilului \u00een termen de 2 zile lucr\u0103toare de la data public\u0103rii. Contesta\u021biile se depun la Registratura D.A.S. Pite\u0219ti \u0219i vor fi analizate&nbsp; de c\u0103tre o Comisie de solu\u021bionare&nbsp; a&nbsp; contesta\u021biilor constituit\u0103 \u00een baza dispozi\u021biei Directorului executiv al DASP, \u00een termen de 3 zile lucr\u0103toare de la data expir\u0103rii perioadei de depunere a contesta\u021biilor.<\/p>\n\n\n\n<p>Dup\u0103 expirarea&nbsp; perioadei de contesta\u021bie, Directorul executiv al D.A.S. Pite\u0219ti aprob\u0103 prin dispozi\u021bie, lista cu copiii \u00eenscri\u0219i \u0219i admi\u0219i pentru a frecventa cre\u0219a pentru anul \u0219colar 2021-2022,&nbsp; respectiv&nbsp; perioada septembrie 2021-iunie 2022. Copiii vor fi admi\u0219i pentru a frecventa cre\u0219ele \u00een ordinea descresc\u0103toare a punctajului ob\u021binut&nbsp; \u00een&nbsp; urma&nbsp; evalu\u0103rii dosarelor, \u00een func\u021bie de locurile disponibile \u00een cre\u0219\u0103 pentru anul \u0219colar urm\u0103tor, dar \u0219i de op\u021biunea p\u0103rin\u021bilor\/ reprezentan\u021bilor legali. \u00een cazul \u00een care op\u021biunea ini\u021bial\u0103 a p\u0103rin\u021bilor\/reprezentan\u021bilor legali nu poate fi \u00eendeplinit\u0103, ace\u0219tia pot opta pentru un loc \u00eentr-o cre\u0219\u0103 \u00een care au r\u0103mas locuri neocupate.<\/p>\n\n\n\n<p>Actele necesare \u00eenscrierii copiilor la cre\u0219\u0103 sunt:<\/p>\n\n\n\n<p>1. copie dup\u0103 certificatul de na\u015ftere al copilului;<\/p>\n\n\n\n<p>2. copie dup\u0103 actele de identitate ale p\u0103rin\u021bilor\/reprezentan\u021bilor legali, certificatele de na\u015ftere ale fra\u021bilor minori \u0219i,<strong> <\/strong>dup\u0103 caz, copie a hot\u0103r\u00e2rii\/sentin\u021bei de plasament sau a sentin\u021bei de \u00eencredin tare \u00een vederea adop\u021biei;<\/p>\n\n\n\n<p>3. adeverin\u021b\u0103 &nbsp;de venituri &nbsp;pentru&nbsp; fiecare dintre p\u0103rin\u021bii\/reprezentan\u021bii legali, care sa cuprind\u0103 venitul brut al p\u0103rintelui pe ultimele 6 luni, anterioare \u00eenscrierii. Dup\u0103 caz, acestea pot fi:<\/p>\n\n\n\n<p>          a.       adeverin\u021b\u0103 cu venitul brut al p\u0103rintelui realizat \u00een ultimele 6 luni<strong>, <\/strong>anterioare \u00eenscrierii (\u00een situa\u021bia \u00een care p\u0103rintele\/p\u0103rin\u021bii sunt salaria\u021bi);<\/p>\n\n\n\n<p>           b.        copie dup\u0103 Decizia de stabilire a cuantumului sau fi\u0219a pl\u0103\u021bilor aferente indemniza\u021biei pentru concediul de \u00eengrijire \u0219i cre\u015ftere a copilului, emis\u0103 de Agen\u021bia Jude\u021bean\u0103 de Presta\u021bii \u0219i Inspec\u021bie Social\u0103 Arge\u0219 (dac\u0103&nbsp; mama\/tata este sau a fost \u00een ultimele<strong> <\/strong>6 luni \u00een aceast\u0103 situa\u021bie);<\/p>\n\n\n\n<p>            c.        copie dup\u0103 ultima Declara\u021bie privind veniturile realizate, \u00eenregistrat\u0103 la Administra\u021bia Finan\u021belor Publice sau Adeverin\u021b\u0103 Fiscal\u0103 (\u00een situa\u021bia \u00een care p\u0103rintele este persoan\u0103 fizic\u0103 autorizat\u0103, are o profesie liberal\u0103 sau nu este salariat);<\/p>\n\n\n\n<p>             d.         adeverin\u021b\u0103 eliberat\u0103 de Administra\u021bia Finan\u021belor Publice sau Adeverin\u021b\u0103 Fiscal\u0103 care s\u0103 ateste c\u0103 p\u0103rintele\/p\u0103rin\u021bii nu au realizat venituri \u00een ulrimele 6 luni anterioare \u00eenscrierii ( \u00een situatia \u00een care&nbsp; p\u0103rintele\/p\u0103rin\u021bii nu&nbsp; au&nbsp; desfasurat&nbsp; nici o activitate aduc\u0103toare de venituri, \u00een ultimele 6 luni anterioare \u00eenscrierii );<\/p>\n\n\n\n<p>    4. adeverin\u021b\u0103 emis\u0103 de A.J.O.F.M., din care s\u0103 rezulte c\u0103 persoana respectiv\u0103 este \u00een c\u0103utarea unui loc de munc\u0103 \u2014 dac\u0103 este cazul ;<\/p>\n\n\n\n<p>    5. adeverin\u021b\u0103\/decizie de la locul de munc\u0103 al p\u0103rintelui care se afl\u0103 \u00een concediu pentru cre\u015fterea copilului, \u00een care se va specifica data \u00eencet\u0103rii suspend\u0103rii contractului de munc\u0103;<\/p>\n\n\n\n<p>   6. adeverin\u021b\u0103 de la gr\u0103dini\u021ba care func\u021bioneaz\u0103 \u00een aceea\u0219i cl\u0103dire cu cre\u0219a, dac\u0103 este frecventat\u0103 de fra\u021bi sau surori ale copilului pentru care se solicit\u0103 \u00eenscrierea la cre\u0219\u0103- daca este cazul;<\/p>\n\n\n\n<p>    7. adeverin\u021b\u0103 de la unitatea de \u00eenvatamant frecventat\u0103 de c\u0103tre mam\u0103 la forma de zi -dac\u0103 este cazul;<\/p>\n\n\n\n<p>    8. copie dup\u0103 sentinta de divor\u021b\/dovad\u0103 cuantum pensie de \u00eentre\u021binere(alimentar\u0103)\/copie act deces &#8211; dac\u0103 este cazul;<\/p>\n\n\n\n<p>    9. alte acte doveditoare privind situatia de dificultate a familiei &#8211; dac\u0103 este cazul, respectiv acte de stabilire a unei\/unor dizabilit\u0103\u021bi ale copilului pentru care se solicit\u0103 \u00eenscrierea, acte de stabilire a tutelei \u00een dreptul unei persoane pensionate, a copilului pentru care se solicit\u0103 \u00eenscrierea, acte doveditoare a situa\u021biilor de risc de separare de p\u0103rin\u021bi a copilului pentru care se solicit\u0103 \u00eenscrierea;<\/p>\n\n\n\n<p>    10. dosar plic.<\/p>\n\n\n\n<p>\u00cen conformitate cu prevederile Regulamentului de Organizare \u0219i Func\u021bionare al D.A.S. Pite\u0219ti, aprobat prin H.C.L. nr. 244\/12.07.2018, criteriile pentru departajare la \u00eenscriere, \u00een vederea clasific\u0103rii dosarelor pentru admiterea copiilor \u00een cre\u0219\u0103, sunt:<\/p>\n\n\n\n<p>a) domiciliul\/re\u0219edin\u021ba p\u0103rin\u021bilor c\u00e2t mai apropiat de cre\u0219a la care se solicit\u0103 \u00eenscrierea (dovedit prin copia dup\u0103 actul de identitate) &#8211; 5 puncte ;<\/p>\n\n\n\n<p>b) locul&nbsp;&nbsp; de&nbsp;&nbsp;&nbsp; munc\u0103&nbsp;&nbsp;&nbsp; al&nbsp;&nbsp; p\u0103rin\u021bilor\/reprezentan\u021bilor&nbsp;&nbsp;&nbsp;&nbsp;&nbsp; legali&nbsp;&nbsp;&nbsp; (care&nbsp;&nbsp;&nbsp; au&nbsp;&nbsp;&nbsp; raportul&nbsp;&nbsp;&nbsp; de munc\u0103\/serviciu nesuspendat, dovedit prin adeverin\u021b\u0103 de serviciu) \u2014 5 puncte pentru fiecare ;<\/p>\n\n\n\n<p>c) adeverinta de la unitatea de \u00eenva\u021b\u0103m\u00e2nt frecventat\u0103 de c\u0103tre mam\u0103 la&nbsp; forma de zi (dac\u0103 este cazul) \u2014 5 puncte<\/p>\n\n\n\n<p>d) mame care au \u00een \u00eengrijire un alt copil sub v\u00e2rsta de 1 an (se ata\u0219eaz\u0103 copie a certificatului de na\u015ftere al copilului) &#8211; 2 puncte<\/p>\n\n\n\n<p>e) fra\u021bi sau surori care frecventeaz\u0103 gr\u0103dini\u021be care func\u021bioneaz\u0103 \u00een aceea\u0219i cl\u0103dire cu cre\u0219a (se ata\u0219eaz\u0103 o adeverinta de la gr\u0103dini\u021b\u0103) &#8211; 5 puncte<\/p>\n\n\n\n<p>f) copii gemeni (se va completa c\u00e2te un dosar pentru fiecare copil) &#8211; 5 puncte pentru fiecare copil<\/p>\n\n\n\n<p>g) familie cu mai mul\u021bi<strong> <\/strong>copii (se vor ata\u0219a copiile certificatelor de na\u015ftere ale copiilor) &#8211; 2 puncte pentru fiecare copil<\/p>\n\n\n\n<p>h) familie cu p\u0103rinte unic (se va ata\u0219a un act notarial\/sentin\u021b\u0103 prin care \u00eencredin\u021beaz\u0103 minorul, care s\u0103 demonstreze faptul c\u0103 are \u00een \u00eentretinere copilul) &#8211; 10 puncte;<\/p>\n\n\n\n<p>i) p\u0103rin\u021bii care nu au un loc de munc\u0103, dar care se afl\u0103 \u00een c\u0103utarea unui loc de munc\u0103 (\u00een cazul \u0219omerilor indemniza\u021bi se va prezenta copie dup\u0103 carnetul de \u0219omer vizat la zi, iar \u00een cazul celor neindemniza\u021bi se va prezenta adeverin\u021b\u0103 emis\u0103 de AJOFM din care s\u0103 rezulte c\u0103 persoana respectiv\u0103 este \u00een c\u0103utarea unui loc de munc\u0103) \u2014 5 puncte fiecare.<\/p>\n\n\n\n<p>Adeverin\u021bele de la serviciu se vor puncta \u00een func\u021bie de luna \u00een care \u00ee\u0219i reiau activitatea p\u0103rintii afla\u021bi \u00een concediu pentru \u00eengrijirea copilului, astfel:<\/p>\n\n\n\n<p>a) celor care \u00ee\u0219i reiau activitatea \u00eenainte de luna septembrie li se vor acorda &#8211; 5 puncte;<\/p>\n\n\n\n<p>b) celor care i\u0219i vor relua activitatea din luna septembrie &#8211; 4 puncte; octombrie \u2014 3 puncte; noiembrie &#8211; 2puncte, decembrie &#8211; p\u00e2n\u0103 la finele anului \u0219colar 1 punct.<\/p>\n\n\n\n<p>Cazurilor sociale li se vor aloca 5 puncte ( se va ata\u0219a ancheta social\u0103):<\/p>\n\n\n\n<p>a) copii cu dizabilit\u0103\u021bi ;<\/p>\n\n\n\n<p>b) ambii p\u0103rin\u021bi \u0219omeri;<\/p>\n\n\n\n<p>c) copii afla\u021bi \u00een tutela altor persoane pensionate conform prevederilor legale \u00een vigoare;<\/p>\n\n\n\n<p>d) copii lua\u021bi \u00een plasament \u00een familie;<\/p>\n\n\n\n<p>e)copii afla\u021bi \u00een situa\u021bii de risc de separare de p\u0103rin\u021bi.<\/p>\n\n\n\n<p>Pentru a putea beneficia de punctajul alocat fiec\u0103rui criteriu\nde departajare, se vor anexa la cererea de \u00eenscriere toate actele doveditoare necesare.<\/p>\n\n\n\n<p>Formularele necesare, precum \u0219i informa\u021biile privind \u00eenscrierea&nbsp; copiilor&nbsp; \u00een&nbsp; cre\u0219e&nbsp; \u00een anul \u0219colar 2021-2022 sunt disponibile pe site-ul D.A.S. Pite\u0219ti, respectiv <a href=\"https:\/\/www.dasp.ro\/\">www.dasp.ro <\/a>.<\/p>\n\n\n\n<p><a href=\"https:\/\/www.dasp.ro\/wp-content\/uploads\/2021\/05\/Model-Adeverinta.pdf\">Model-Adeverinta<\/a><\/p>\n\n\n\n<p><a href=\"https:\/\/www.dasp.ro\/wp-content\/uploads\/2021\/05\/Model-cerere-inscriere-cresa-anul-scolar-2021-2022.pdf\">Model cerere inscriere cresa anul scolar 2021-2022<\/a><\/p>\n","protected":false},"excerpt":{"rendered":"<p>CALENDARUL \u00ceNSCRIERILOR PENTRU OCUPAREA UNUI LOC \u00ceN CRE\u0218ELE DIN MUNICIPIUL PITE\u0218TI PENTRU ANUL \u0218COLAR 2021-2022 \u00cen perioada 02-30.06.2021 se vor derula \u00eenscrierile la cre\u0219ele de stat din Municipiul Pite\u0219ti, pentru copiii cu v\u00e2rste cuprinse \u00eentre 3 luni \u0219i 3 ani,<\/p>\n","protected":false},"author":1,"featured_media":0,"parent":0,"menu_order":0,"comment_status":"closed","ping_status":"closed","template":"","meta":{"footnotes":""},"class_list":["post-5010","page","type-page","status-publish","hentry"],"translation":{"provider":"WPGlobus","version":"3.0.0","language":"fr","enabled_languages":["en","es","de","fr","ru"],"languages":{"en":{"title":true,"content":true,"excerpt":false},"es":{"title":false,"content":false,"excerpt":false},"de":{"title":false,"content":false,"excerpt":false},"fr":{"title":false,"content":false,"excerpt":false},"ru":{"title":false,"content":false,"excerpt":false}}},"_links":{"self":[{"href":"https:\/\/www.dasp.ro\/fr\/wp-json\/wp\/v2\/pages\/5010","targetHints":{"allow":["GET"]}}],"collection":[{"href":"https:\/\/www.dasp.ro\/fr\/wp-json\/wp\/v2\/pages"}],"about":[{"href":"https:\/\/www.dasp.ro\/fr\/wp-json\/wp\/v2\/types\/page"}],"author":[{"embeddable":true,"href":"https:\/\/www.dasp.ro\/fr\/wp-json\/wp\/v2\/users\/1"}],"replies":[{"embeddable":true,"href":"https:\/\/www.dasp.ro\/fr\/wp-json\/wp\/v2\/comments?post=5010"}],"version-history":[{"count":15,"href":"https:\/\/www.dasp.ro\/fr\/wp-json\/wp\/v2\/pages\/5010\/revisions"}],"predecessor-version":[{"id":5220,"href":"https:\/\/www.dasp.ro\/fr\/wp-json\/wp\/v2\/pages\/5010\/revisions\/5220"}],"wp:attachment":[{"href":"https:\/\/www.dasp.ro\/fr\/wp-json\/wp\/v2\/media?parent=5010"}],"curies":[{"name":"wp","href":"https:\/\/api.w.org\/{rel}","templated":true}]}}