{"id":530,"date":"2015-02-17T13:29:13","date_gmt":"2015-02-17T11:29:13","guid":{"rendered":"http:\/\/www.dasp.ro\/?page_id=530"},"modified":"2025-07-25T14:27:13","modified_gmt":"2025-07-25T11:27:13","slug":"serviciul-protectia-persoanelor-cu-handicap-si-a-persoanelor-varstnice","status":"publish","type":"page","link":"https:\/\/www.dasp.ro\/fr\/serviciul-protectia-persoanelor-cu-handicap-si-a-persoanelor-varstnice\/","title":{"rendered":"Serviciul Protec\u0163ia Persoanelor cu Handicap \u015fi a Persoanelor V\u00e2rstnice"},"content":{"rendered":"<p style=\"text-align: center;\"><strong>\u015eEF SERVICIU: IOSEFINA ILIE\u015e<\/strong><\/p>\n<div style=\"text-align: center;\"><strong>E-mail:<\/strong> <a href=\"mailto:primaria@primariapitesti.ro\">dasp@dasp.ro<\/a><\/div>\n<div><strong>Telefon:<\/strong> 0372030420, interior 107<\/div>\n<div><strong>Fax:<\/strong> \u00a0\u00a0\u00a0 \u00a00372030421<\/div>\n<p><strong><span style=\"text-decoration: underline;\">Misiunea:<\/span><span style=\"color: #000000;\">\u00a0<\/span><\/strong><\/p>\n<ul>\n<li>Protec\u0163ia persoanelor cu handicap \u015fi a celor v\u00e2rstnice, acordarea asisten\u0163ei sociale, stabilit\u0103 de legisla\u0163ie \u015fi dat\u0103 \u00een competen\u0163a autorit\u0103\u0163ilor locale.<\/li>\n<\/ul>\n<p><span style=\"text-decoration: underline;\"><strong>Principalele atribu\u021bii:<\/strong><\/span><\/p>\n<p>Aplicarea prevederilor Legii nr.448\/2006, republicat\u0103 privind protec\u021bia \u0219i promovarea drepturilor persoanelor cu handicap prin:<\/p>\n<ul>\n<li>verificarea activit\u0103\u021bii asisten\u021bilor personali;<\/li>\n<li>efectuarea de anchete sociale pentru persoanele care doresc incadrarea intr-un grad de handicap sau isi revizuiesc certificatele de incadrare;<\/li>\n<li>efectuarea de anchete sociale pentru persoanele incadrate in gradul grav de handicap care doresc sa renunte la asistent personal si sa beneficieze de indemnizatie.<\/li>\n<li>efectuarea de anchete sociale pentru persoanele \u00eencadrate \u00eentr-un grad de handicap care solicit\u0103 roviniet\u0103 sau loc de parcare<\/li>\n<li>verificarea la domiciliu a beneficiarilor de indemniza\u021bie<\/li>\n<li>efectuarea de anchete sociale pentru persoanele beneficare de pensie de invaliditate, la solicitarea Comisiei de Expertiz\u0103 Medical\u0103<\/li>\n<li>Aplicarea prevederilor Legii nr.17\/2000, privind asistenta sociala a persoanelor varstnice prin:<\/li>\n<li>efectuarea de anchete sociale necesare pentru internarea persoanelor varstnice \u00een centre de \u00eengrijire \u0219i asisten\u021b\u0103 sau centre medico-sociale<\/li>\n<li>consilierea persoanele v\u00e2rstnice, la solicitarea acestora.<\/li>\n<\/ul>\n<p><span style=\"text-decoration: underline;\"><strong>Principalele prevederi legislative<\/strong><\/span> care stabilesc cadrul \u00een care se desf\u0103\u015foar\u0103 activitatea serviciului:<\/p>\n<ul>\n<li>Constitu\u0163ia Rom\u00e2niei;<\/li>\n<li>Legea nr.448\/2006 privind protectia si promovarea drepturilor persoanelor cu handicap, republicat\u0103;<\/li>\n<li>HGR nr.268\/2007 privind aprobarea Normelor metodologice\u00a0 de aplicare a prevederilor Legii nr.448\/2006;<\/li>\n<li>Legea nr.17\/2000, privind asistenta sociala a persoanelor v\u00e2rstnice.<\/li>\n<\/ul>\n<p><strong>Lista documentelor necesare pentru: <\/strong><br \/>\n<strong>Dosarul de angajare al asistentului personal:<\/strong><\/p>\n<ul>\n<li>viza director executiv DGASPC Arges;<\/li>\n<li>carnet de munc\u0103 seria \u2026nr\u2026;<\/li>\n<li>copie B.I. \/C.I. al asistentului, inclusiv partea cu adresa;<\/li>\n<li>copie acte de stare civil\u0103 (certificat de c\u0103s\u0103torie, certificat de deces, hot\u0103r\u00e2re de divor\u0163) pentru asistent;<\/li>\n<li>copii acte de studii ale asistentului;<\/li>\n<li>copie decizie pensie limit\u0103 de v\u00e2rst\u0103 a asistentului (dac\u0103 este cazul);<\/li>\n<li>dosar medical individual- al asistentului;<\/li>\n<li>cazier pentru asistent;<\/li>\n<li>adeverin\u0163\u0103 de la administra\u0163ia financiar\u0103 pentru asistent;<\/li>\n<li>curriculum vitae al asistentului;<\/li>\n<li>angajament, pe propria r\u0103spundere, dat la notariat;<\/li>\n<li>copie certificat de handicap legalizat la notariat;<\/li>\n<li>copie B.I. \/C.I. al persoanei cu handicap (inclusiv partea cu adresa) sau certificatul de na\u015ftere \u00een cazul minorului;<\/li>\n<li>ancheta social\u0103;<\/li>\n<li>copie decizie pensie limit\u0103 de v\u00e2rst\u0103 pentru bolnav (dac\u0103 este cazul);<\/li>\n<li>acordul persoanei cu handicap, sau dup\u0103 caz al reprezentantului legal al acesteia ori al familiei, exprimat \u00een scris pentru angajare.<strong>\u00a0<\/strong><\/li>\n<\/ul>\n<p><strong>Pentru dosarul de indemniza\u0163ie:<\/strong><\/p>\n<ul>\n<li>viz\u0103 D.G.A.S.P.C. Arge\u015f;<\/li>\n<li>copie BI\/CI persoan\u0103 cu handicap grav sau, dup\u0103 caz, certificatul de na\u015ftere al minorului cu handicap grav;<\/li>\n<li>dup\u0103 caz, copie BI\/CI p\u0103rinte sau reprezentant legal, tutore sau curator, al persoanei adulte cu handicap;<\/li>\n<li>decizia de pensionare a bolnavului (dac\u0103 este cazul);<\/li>\n<li>dispozi\u0163ia de curatel\u0103 sau tutel\u0103( dac\u0103 este cazul)<\/li>\n<li>ancheta social\u0103;<strong>\u00a0<\/strong><\/li>\n<\/ul>\n<p><strong>Pentru dosarul de abonament:<\/strong><\/p>\n<p>a)\u00a0\u00a0\u00a0 pentru persoana cu handicap:<\/p>\n<ul>\n<li>copie BI\/CI;<\/li>\n<li>copie certificat de \u00eencadrare \u00een grad de handicap ( accentuat \u015fi grav)<\/li>\n<li>copie legitima\u0163ie de persoan\u0103 cu handicap eliberat\u0103 de DGASPC;<\/li>\n<\/ul>\n<p>b)\u00a0\u00a0\u00a0 pentru asistentul personal:<\/p>\n<ul>\n<li>copie BI\/CI asistent personal;<\/li>\n<li>copie certificat de \u00eencadrare \u00een grad de handicap al bolnavului;<\/li>\n<li>copie legitima\u0163ie cu men\u0163iunea &#8220;asistent personal&#8221; eliberat\u0103 de DGASPC;<\/li>\n<\/ul>\n<p>c)\u00a0\u00a0\u00a0\u00a0 pentru \u00eenso\u0163itor:<\/p>\n<ul>\n<li>copie BI\/CI persoan\u0103 cu handicap;<\/li>\n<li>copie certificat de \u00eencadrare \u00een grad de handicap;<\/li>\n<li>copie legitima\u0163ie persoan\u0103 cu handicap, cu men\u0163iunea &#8220;\u00eenso\u0163itor&#8221;;<\/li>\n<li>ancheta social\u0103 ( numai pentru adul\u0163ii cu handicap auditiv \u015fi mintal accentuat);<\/li>\n<\/ul>\n<p><strong>Pentru ancheta social\u0103:<\/strong><\/p>\n<ul>\n<li>certificatul cu grad de handicap sau acte medicale din care sa reiasa clar diagnosticul (copie xerox);<\/li>\n<li>buletinul bolnavului si al persoanelor care locuiesc cu bolnavul(original si copie xerox);<\/li>\n<li>adeverinta de la administrator(cu nominalizarea persoanelor cale locuiesc efectiv in apartament);<\/li>\n<li>cupoane de pensie (dup\u0103 caz, at\u00e2t pentru bolnav c\u00e2t \u015fi pentru persoanele care locuiesc cu bolnavul) original si copie xerox;<\/li>\n<li>de stiut unde lucreaza membrii familiei si salariul net pe care il ridic\u0103.<\/li>\n<\/ul>\n<p><strong>Acte necesare pentru obtinerea abonamentului de transport gratuit<\/strong>:<\/p>\n<p><strong>a) pentru persoana cu handicap:<\/strong><\/p>\n<ul>\n<li>copie xerox certificat de handicap (grad accentuat sau grav)<\/li>\n<li>copie BI \/CI bolnav<\/li>\n<li>copie legitimatie de transport urban<\/li>\n<li>dosar<\/li>\n<li><\/li>\n<\/ul>\n<p><strong>b) pentru asistent personal:<\/strong><\/p>\n<ul>\n<li>copie xerox certificat de handicap (grad accentuat sau grav)<\/li>\n<li>copie BI \/CI asistent personal<\/li>\n<li>copie legitimatie de transport urban<\/li>\n<li>dosar<\/li>\n<li>ancheta sociala sau declaratie la notar<\/li>\n<\/ul>\n","protected":false},"excerpt":{"rendered":"<p>\u015eEF SERVICIU: IOSEFINA ILIE\u015e E-mail: dasp@dasp.ro Telefon: 0372030420, interior 107 Fax: \u00a0\u00a0\u00a0 \u00a00372030421 Misiunea:\u00a0 Protec\u0163ia persoanelor cu handicap \u015fi a celor v\u00e2rstnice, acordarea asisten\u0163ei sociale, stabilit\u0103 de legisla\u0163ie \u015fi dat\u0103 \u00een competen\u0163a autorit\u0103\u0163ilor locale. Principalele atribu\u021bii: Aplicarea prevederilor Legii nr.448\/2006,<\/p>\n","protected":false},"author":1,"featured_media":0,"parent":0,"menu_order":0,"comment_status":"open","ping_status":"closed","template":"","meta":{"footnotes":""},"class_list":["post-530","page","type-page","status-publish","hentry"],"translation":{"provider":"WPGlobus","version":"3.0.0","language":"fr","enabled_languages":["en","es","de","fr","ru"],"languages":{"en":{"title":true,"content":true,"excerpt":false},"es":{"title":false,"content":false,"excerpt":false},"de":{"title":false,"content":false,"excerpt":false},"fr":{"title":false,"content":false,"excerpt":false},"ru":{"title":false,"content":false,"excerpt":false}}},"_links":{"self":[{"href":"https:\/\/www.dasp.ro\/fr\/wp-json\/wp\/v2\/pages\/530","targetHints":{"allow":["GET"]}}],"collection":[{"href":"https:\/\/www.dasp.ro\/fr\/wp-json\/wp\/v2\/pages"}],"about":[{"href":"https:\/\/www.dasp.ro\/fr\/wp-json\/wp\/v2\/types\/page"}],"author":[{"embeddable":true,"href":"https:\/\/www.dasp.ro\/fr\/wp-json\/wp\/v2\/users\/1"}],"replies":[{"embeddable":true,"href":"https:\/\/www.dasp.ro\/fr\/wp-json\/wp\/v2\/comments?post=530"}],"version-history":[{"count":8,"href":"https:\/\/www.dasp.ro\/fr\/wp-json\/wp\/v2\/pages\/530\/revisions"}],"predecessor-version":[{"id":9516,"href":"https:\/\/www.dasp.ro\/fr\/wp-json\/wp\/v2\/pages\/530\/revisions\/9516"}],"wp:attachment":[{"href":"https:\/\/www.dasp.ro\/fr\/wp-json\/wp\/v2\/media?parent=530"}],"curies":[{"name":"wp","href":"https:\/\/api.w.org\/{rel}","templated":true}]}}