{"id":588,"date":"2015-02-20T13:54:25","date_gmt":"2015-02-20T11:54:25","guid":{"rendered":"http:\/\/www.dasp.ro\/?page_id=588"},"modified":"2023-07-04T10:12:32","modified_gmt":"2023-07-04T07:12:32","slug":"acte-serviciul-protectia-persoanelor-cu-handicap-si-a-persoanelor-varstnice","status":"publish","type":"page","link":"https:\/\/www.dasp.ro\/fr\/acte-serviciul-protectia-persoanelor-cu-handicap-si-a-persoanelor-varstnice\/","title":{"rendered":"Acte: Serviciul Protec\u0163ia Persoanelor cu Handicap \u015fi a Persoanelor V\u00e2rstnice"},"content":{"rendered":"<h5><a href=\"https:\/\/www.dasp.ro\/cerere-si-acte-adulti-cu-handicap\/\">Cerere si acte adulti cu handicap<\/a><\/h5>\n<h5><a href=\"https:\/\/www.dasp.ro\/cerere-si-acte-necesare-pentru-minori-cu-handicap\/\">Cerere si acte necesare pentru minori cu handicap<\/a><\/h5>\n<h5><a href=\"https:\/\/www.dasp.ro\/cerere-si-acte-pentru-internare\/\">Cerere si acte pentru internare<\/a><\/h5>\n<h5><a href=\"https:\/\/www.dasp.ro\/cerere-si-acte-pentru-loc-de-parcare\/\">Cerere si acte pentru loc de parcare<\/a><\/h5>\n<h5><a href=\"https:\/\/www.dasp.ro\/\/ro_RO\/acte-necesare-pentru-intocmirea-dosarului-de-indemnizatie\/\">Acte necesare pentru intocmirea dosarului de indemnizatie<\/a><\/h5>\n<p class=\"header-post-title-class\"><a href=\"https:\/\/www.dasp.ro\/\/ro_RO\/acte-necesare-pentru-dosarul-de-angajare-al-asistentului-personal\/\">Acte necesare pentru dosarul de angajare al asistentului personal<\/a><\/p>\n<h5><a href=\"https:\/\/www.dasp.ro\/cerere-pentru-evaluare-complexa-si-incadrare-a-copilului-cu-dizabilitati-in-grad-de-handicap\/\">Cerere pentru evaluare complexa si incadrare a copilului cu dizabilitati in grad de handicap\u00a0<\/a><\/h5>\n<h5><a href=\"https:\/\/www.dasp.ro\/cerere-tip-pentru-evaluare-complexa-si-orientare-scolara-profesionala-a-copiilor-cu-dizabilitati-si-cerinte-educationale-speciale-copiilor-cu-cerinte-educationale-speciale\/\">Cerere tip pentru evaluare complexa si orientare scolara\/profesionala a copiilor cu dizabilitati si cerinte educationale speciale<\/a><\/h5>\n<h5><a href=\"https:\/\/www.dasp.ro\/cerere-acordare-abonament-transport-public\">Acte necesare pentru intocmirea dosarului pentru abonament de transport urban<\/a><\/h5>\n<h5><a href=\"https:\/\/www.dasp.ro\/cerere-si-acte-acordare-concediu-si-indemnizatie-2\">Cerere si acte acordare concediu si indemnizatie<\/a><\/h5>\n<h5><a href=\"https:\/\/www.dasp.ro\/cerere-prelungire-indemnizatie-2\/\">Cerere prelungire indemnizatie<\/a><\/h5>\n<h5><a href=\"https:\/\/www.dasp.ro\/cerere-sistare-indemnizatie-2\/\">Cerere sistare indemnizatie<\/a><\/h5>\n<h5><a href=\"https:\/\/www.dasp.ro\/cerere-virare-indemnizatie-in-cont-2\/\">Cerere virare indemnizatie in cont<\/a><\/h5>\n","protected":false},"excerpt":{"rendered":"<p>Cerere si acte adulti cu handicap Cerere si acte necesare pentru minori cu handicap Cerere si acte pentru internare Cerere si acte pentru loc de parcare Acte necesare pentru intocmirea dosarului de indemnizatie Acte necesare pentru dosarul de angajare al<\/p>\n","protected":false},"author":1,"featured_media":0,"parent":0,"menu_order":0,"comment_status":"open","ping_status":"closed","template":"","meta":{"footnotes":""},"class_list":["post-588","page","type-page","status-publish","hentry"],"translation":{"provider":"WPGlobus","version":"3.0.0","language":"fr","enabled_languages":["en","es","de","fr","ru"],"languages":{"en":{"title":true,"content":true,"excerpt":false},"es":{"title":false,"content":false,"excerpt":false},"de":{"title":false,"content":false,"excerpt":false},"fr":{"title":false,"content":false,"excerpt":false},"ru":{"title":false,"content":false,"excerpt":false}}},"_links":{"self":[{"href":"https:\/\/www.dasp.ro\/fr\/wp-json\/wp\/v2\/pages\/588","targetHints":{"allow":["GET"]}}],"collection":[{"href":"https:\/\/www.dasp.ro\/fr\/wp-json\/wp\/v2\/pages"}],"about":[{"href":"https:\/\/www.dasp.ro\/fr\/wp-json\/wp\/v2\/types\/page"}],"author":[{"embeddable":true,"href":"https:\/\/www.dasp.ro\/fr\/wp-json\/wp\/v2\/users\/1"}],"replies":[{"embeddable":true,"href":"https:\/\/www.dasp.ro\/fr\/wp-json\/wp\/v2\/comments?post=588"}],"version-history":[{"count":16,"href":"https:\/\/www.dasp.ro\/fr\/wp-json\/wp\/v2\/pages\/588\/revisions"}],"predecessor-version":[{"id":7974,"href":"https:\/\/www.dasp.ro\/fr\/wp-json\/wp\/v2\/pages\/588\/revisions\/7974"}],"wp:attachment":[{"href":"https:\/\/www.dasp.ro\/fr\/wp-json\/wp\/v2\/media?parent=588"}],"curies":[{"name":"wp","href":"https:\/\/api.w.org\/{rel}","templated":true}]}}