{"id":6046,"date":"2021-12-21T09:08:08","date_gmt":"2021-12-21T07:08:08","guid":{"rendered":"http:\/\/www.dasp.ro\/?page_id=6046"},"modified":"2021-12-21T09:08:10","modified_gmt":"2021-12-21T07:08:10","slug":"anunt-vacanta-de-iarna-crese","status":"publish","type":"page","link":"https:\/\/www.dasp.ro\/fr\/anunt-vacanta-de-iarna-crese\/","title":{"rendered":"ANUNT VACANTA DE IARNA CRESE"},"content":{"rendered":"\n<figure class=\"wp-block-image size-large\"><a href=\"https:\/\/www.dasp.ro\/wp-content\/uploads\/2021\/12\/img-20.12.png\"><img fetchpriority=\"high\" decoding=\"async\" width=\"617\" height=\"134\" src=\"https:\/\/www.dasp.ro\/wp-content\/uploads\/2021\/12\/img-20.12.png\" alt=\"\" class=\"wp-image-6045\" srcset=\"https:\/\/www.dasp.ro\/wp-content\/uploads\/2021\/12\/img-20.12.png 617w, https:\/\/www.dasp.ro\/wp-content\/uploads\/2021\/12\/img-20.12-300x65.png 300w\" sizes=\"(max-width: 617px) 100vw, 617px\" \/><\/a><\/figure>\n\n\n\n<div style=\"height:100px\" aria-hidden=\"true\" class=\"wp-block-spacer\"><\/div>\n\n\n\n<p class=\"has-text-align-center\"><strong>COMUNICARE<\/strong><\/p>\n\n\n\n<div style=\"height:100px\" aria-hidden=\"true\" class=\"wp-block-spacer\"><\/div>\n\n\n\n<p><\/p>\n\n\n\n<p><strong>PRIN PREZENTA, VA ADUCEM LA CUNOSTIN\u021aA CA, PERIOADA DE VACANT\u0102 DE<br>IARN\u0102 \u00ceN CRE\u0218ELE DIN CADRUL C.\u00ce.E.T.C.P. VA FI 24.12.2021-07.01.2022,<br>ACTIVIT\u0102TILE CU COPIII URMAND A SE RELUA \u00ceN DATA DE 10.01.2022.<\/strong><\/p>\n\n\n\n<div style=\"height:100px\" aria-hidden=\"true\" class=\"wp-block-spacer\"><\/div>\n","protected":false},"excerpt":{"rendered":"<p>COMUNICARE PRIN PREZENTA, VA ADUCEM LA CUNOSTIN\u021aA CA, PERIOADA DE VACANT\u0102 DEIARN\u0102 \u00ceN CRE\u0218ELE DIN CADRUL C.\u00ce.E.T.C.P. VA FI 24.12.2021-07.01.2022,ACTIVIT\u0102TILE CU COPIII URMAND A SE RELUA \u00ceN DATA DE 10.01.2022.<\/p>\n","protected":false},"author":1,"featured_media":0,"parent":0,"menu_order":0,"comment_status":"closed","ping_status":"closed","template":"","meta":{"footnotes":""},"class_list":["post-6046","page","type-page","status-publish","hentry"],"translation":{"provider":"WPGlobus","version":"3.0.0","language":"fr","enabled_languages":["en","es","de","fr","ru"],"languages":{"en":{"title":true,"content":true,"excerpt":false},"es":{"title":false,"content":false,"excerpt":false},"de":{"title":false,"content":false,"excerpt":false},"fr":{"title":false,"content":false,"excerpt":false},"ru":{"title":false,"content":false,"excerpt":false}}},"_links":{"self":[{"href":"https:\/\/www.dasp.ro\/fr\/wp-json\/wp\/v2\/pages\/6046","targetHints":{"allow":["GET"]}}],"collection":[{"href":"https:\/\/www.dasp.ro\/fr\/wp-json\/wp\/v2\/pages"}],"about":[{"href":"https:\/\/www.dasp.ro\/fr\/wp-json\/wp\/v2\/types\/page"}],"author":[{"embeddable":true,"href":"https:\/\/www.dasp.ro\/fr\/wp-json\/wp\/v2\/users\/1"}],"replies":[{"embeddable":true,"href":"https:\/\/www.dasp.ro\/fr\/wp-json\/wp\/v2\/comments?post=6046"}],"version-history":[{"count":3,"href":"https:\/\/www.dasp.ro\/fr\/wp-json\/wp\/v2\/pages\/6046\/revisions"}],"predecessor-version":[{"id":6049,"href":"https:\/\/www.dasp.ro\/fr\/wp-json\/wp\/v2\/pages\/6046\/revisions\/6049"}],"wp:attachment":[{"href":"https:\/\/www.dasp.ro\/fr\/wp-json\/wp\/v2\/media?parent=6046"}],"curies":[{"name":"wp","href":"https:\/\/api.w.org\/{rel}","templated":true}]}}