{"id":63,"date":"2014-12-06T22:35:46","date_gmt":"2014-12-06T20:35:46","guid":{"rendered":"http:\/\/www.dasp.ro\/?page_id=63"},"modified":"2023-07-14T16:15:22","modified_gmt":"2023-07-14T13:15:22","slug":"conditiile-si-actele-necesare-pentru-obtinerea-ajutorului-social","status":"publish","type":"page","link":"https:\/\/www.dasp.ro\/fr\/conditiile-si-actele-necesare-pentru-obtinerea-ajutorului-social\/","title":{"rendered":"Conditiile si actele necesare pentru obtinerea ajutorului social"},"content":{"rendered":"<p>AJUTORUL SOCIAL<\/p>\n<p>Potrivit Legii nr. 416\/2001 privind venitul minim garantat, cu modific\u0103rile \u015fi complet\u0103rile ulterioare,<\/p>\n<p>ajutorul social se acorda familiilor si persoanelor singure, cet\u0103teni rom\u00e2ni sau straini, precum \u0219i persoanelor f\u0103r\u0103 locuin\u021b\u0103 aflate \u00een situa\u021bie de nevoie, care traiesc \u00een ad\u0103posturi improvizate.<\/p>\n<p><strong>Beneficiari<\/strong><\/p>\n<p>Familiile si persoanele singure ale caror venituri se situeaza sub nivelul lunar al venitului minim garantat stabilit prin ordonanta de urgenta. Cuantumul lunar al Venitului Minim Garantat (VMG) este stabilit prin raportare la indicatorul social de referinta ISR (a carui valoare este stabilita prin lege la\u00a0<strong>598 LEI)<\/strong><\/p>\n<p>Nivelurile pentru VMG sunt urmatoarele:<\/p>\n<p><em>Persoana singura = 0.283 x ISR =\u00a0<strong>170<\/strong>\u00a0lei<br \/>\nFamilia formata din 2 persoane = 0.510 x ISR =\u00a0<strong>305<\/strong>\u00a0lei<br \/>\nFamilia formata din 3 persoane = 0.714 x ISR =\u00a0<strong>427<\/strong>\u00a0lei<br \/>\nFamilia formata din 4 persoane = 0.884 x ISR =\u00a0<strong>529<\/strong>\u00a0lei<br \/>\nFamilia formata din 5 persoane = 1.054 x ISR =\u00a0<strong>631<\/strong>\u00a0lei<\/em><br \/>\nPentru fiecare alta persoana peste numarul de 5 persoane, ajutorul social se mareste cu 0.073 x ISR.<\/p>\n<p>Cuantumul ajutorului social se stabileste ca\u00a0<strong>diferenta<\/strong>\u00a0intre nivelurile mentionate mai sus si venitul net lunar al familiei sau al persoanei singure.<\/p>\n<p><strong>Cuantumul ajutorului social se stabile\u015fte ca diferen\u0163\u0103 \u00eentre nivelurile prev\u0103zute la art. 4 din lege \u015fi venitul net lunar al familiei sau al persoanei singure.<\/strong><\/p>\n<p>La stabilirea venitului net lunar al familiei sau, dup\u0103 caz, al persoanei singure <strong>se iau \u00een considerare toate veniturile<\/strong> pe care membrii acesteia le realizeaz\u0103, inclusiv cele care provin din drepturi de asigur\u0103ri sociale de stat, asigur\u0103ri de \u015fomaj, obliga\u0163ii legale de \u00eentre\u0163inere, indemniza\u0163ii, aloca\u0163ii \u015fi ajutoare cu caracter permanent \u015fi alte crean\u0163e legale, <strong>cu excep\u0163ia <\/strong>burselor de studiu \u015fi a cuantumului sprijinului financiar ce se acord\u0103 elevilor \u00een cadrul Programului na\u0163ional de protec\u0163ie social\u0103 \u201cBani de liceu\u201d.<\/p>\n<p>Pentru sumele acordate ca ajutor social, conform prevederilor prezentei legi, <strong>una dintre persoanele majore apte de munc\u0103 din familia beneficiar\u0103 are obliga\u0163ia de a presta lunar, la\u00a0 solicitarea primarului, ac\u0163iuni sau lucr\u0103ri de interes local, <\/strong>f\u0103r\u0103 a se putea dep\u0103\u015fi regimul normal de lucru \u015fi cu respectarea normelor de securitate \u015fi igien\u0103 a muncii.<\/p>\n<p>Num\u0103rul orelor de munc\u0103 se calculeaz\u0103 propor\u0163ional cu cuantumul ajutorului social de care beneficiaz\u0103 persoana sau familia \u00een cauz\u0103.<\/p>\n<p>Face <strong><u>excep\u0163ie de la \u00eendeplinirea obliga\u0163iei de a presta ore de munc\u0103<\/u>, <\/strong>persoana apt\u0103 de munc\u0103 \u015fi care se afl\u0103 \u00een una dintre urm\u0103toarele situa\u0163ii:<\/p>\n<ul>\n<li>\u00a0asigur\u0103 cre\u015fterea \u015fi \u00eengrijirea, potrivit legii, a unuia sau a mai multor copii \u00een v\u00e2rst\u0103 de p\u00e2n\u0103 la 7 ani \u015fi p\u00e2n\u0103 la 18 ani \u00een cazul copilului cu handicap grav sau accentuat, dovedit prin certificat eliberat de Comisia pentru protec\u0163ia copilului;<\/li>\n<li>\u00a0asigur\u0103 \u00eengrijirea, potrivit legii, a uneia sau a mai multor persoane cu handicap grav sau accentuat, sau persoane v\u00e2rstnice dependente care nu beneficiaz\u0103 de asistent personal sau \u00eengrijitor la domiciliu, \u00een condi\u0163iile legii;<\/li>\n<li>particip\u0103 la un program de preg\u0103tire profesional\u0103;<\/li>\n<li>este \u00eencadrat\u0103 \u00een munc\u0103.<\/li>\n<\/ul>\n<p>Ajutor social<\/p>\n<ul>\n<li><a href=\"https:\/\/www.dasp.ro\/wp-content\/uploads\/2023\/07\/Cerere-ajutor-social.pdf\">cerere-tip\u00a0<\/a><\/li>\n<li>buletin, carte de identitate, carte de identitate provizorie ale tuturor membrilor familiei, care au implinit v\u00e2rsta de 14 ani;<\/li>\n<li>certificate de na\u0219tere copii ( pentru copii mai mici de 14 ani);<\/li>\n<li>certificat\/certificatele de c\u0103s\u0103torie;<\/li>\n<li>hot\u0103r\u00e2re de divort, care trebuie sa fie definitiv\u0103 si irevocabil\u0103 ( dac\u0103 este cazul);<\/li>\n<li>hot\u0103r\u00e2re definitiv\u0103 de \u00eencuviin\u0163are a adop\u0163iei, de \u00eencredin\u0163are sau plasament familial al minorul<\/li>\n<li>certificat de de atestare fiscal\u0103 eliberat de Directia Impozite si Taxe Locale a Municipiului Pitesti\u00a0 ( Casa C\u0103rtii ), din care s\u0103 rezulte bunurile detinute \u00een proprietate pentru to\u0163i membrii familiei;<\/li>\n<li>\u00een cazul de\u021binerii \u00een proprietate a unui autoturism\/autoturisme \u015fi\/sau motociclet\u0103\/motociclete\u00a0 se va prezenta cartea de identitate a autoturismului\u00a0\u00a0 pentru\u00a0 eviden\u0163ierea vechimii.<\/li>\n<li>adeverin\u0163\u0103 doveditoare a faptului c\u0103 solicitantul sau membrii familiei nu realizeaz\u0103 venituri impozabile, eliberat\u0103 de c\u0103tre Direc\u0163ia General\u0103 a Finan\u0163elor Publice Arge\u015f, pentru toate persoanele care au \u00eemplinit v\u00e2rsta de 16 ani .<\/li>\n<li>adeverin\u021b\u0103 eliberat\u0103 de Asocia\u021bia de locatari\/proprietari \u00een care sa se specifice nominal persoanele care locuiesc la adresa declarat\u0103;<\/li>\n<li>adeverin\u021b\u0103 eliberat\u0103 de la Agen\u021bia Local\u0103 de Ocupare a For\u021bei de Munc\u0103 \u2013pentru persoanele apte de munc\u0103, din care s\u0103 rezulte ca sunt in cautarea unui loc\u00a0 de munc\u0103, nu au refuzat nejustificat un loc de munc\u0103 oferit, sau participarea la un program de stimularea a fortei de munca sau de formare profesional\u0103 ;<\/li>\n<li>cupon de pensie( dac\u0103 este cazul);<\/li>\n<li>adeverin\u021b\u0103 eliberat\u0103 de la \u0219coal\u0103 la care sunt \u00eenscri\u0219i copiii, care urmeaz\u0103 o form\u0103 de \u00eenv\u0103\u021b\u00e2m\u00e2nt la zi \u00een care s\u0103 se specifice dac\u0103 beneficiaz\u0103 de burs\u0103 scolar\u0103 \u0219i\u00a0 cuantumul acesteia;<\/li>\n<li>adeverin\u0163\u0103 de rol agricol ( pentru cei care de\u0163in terenuri agricole \u00een municipiul Pitesti ).<\/li>\n<li>Actul doveditor privind proprietatea, contract de \u00eenchiriere locuin\u0163\u0103 fond locativ de stat sau chiria\u015f la proprietar<\/li>\n<li>declaratie pe propria raspundere dat\u0103 \u00een fata unui notar public :<\/li>\n<\/ul>\n<p>&#8211; privind lipsa veniturilor sau veniturile nete realizate de toti membrii familiei, in\u00a0\u00a0\u00a0 luna\u00a0 anterioar\u0103\u00a0 depunerii cererii de acordare a ajutorului social;<\/p>\n<p>&#8211; modul de gospod\u0103rire \u2013 \u00een cazul \u00een care solicitantul locuie\u015fte cu alte persoane ;<\/p>\n<p>&#8211; nefrecventarea cursurilor scolare de c\u0103tre copii aflati in \u00eentretinere si care sunt de v\u00e2rst\u0103 scolar\u0103 ;<\/p>\n<p>&#8211; nu realizeaz\u0103 venituri din pensii- pentru solicitantii care au v\u00e2rsta standard de pensionare.<\/p>\n","protected":false},"excerpt":{"rendered":"<p>AJUTORUL SOCIAL Potrivit Legii nr. 416\/2001 privind venitul minim garantat, cu modific\u0103rile \u015fi complet\u0103rile ulterioare, ajutorul social se acorda familiilor si persoanelor singure, cet\u0103teni rom\u00e2ni sau straini, precum \u0219i persoanelor f\u0103r\u0103 locuin\u021b\u0103 aflate \u00een situa\u021bie de nevoie, care traiesc \u00een<\/p>\n","protected":false},"author":1,"featured_media":0,"parent":0,"menu_order":0,"comment_status":"open","ping_status":"closed","template":"","meta":{"footnotes":""},"class_list":["post-63","page","type-page","status-publish","hentry"],"translation":{"provider":"WPGlobus","version":"3.0.0","language":"fr","enabled_languages":["en","es","de","fr","ru"],"languages":{"en":{"title":true,"content":true,"excerpt":false},"es":{"title":false,"content":false,"excerpt":false},"de":{"title":false,"content":false,"excerpt":false},"fr":{"title":false,"content":false,"excerpt":false},"ru":{"title":false,"content":false,"excerpt":false}}},"_links":{"self":[{"href":"https:\/\/www.dasp.ro\/fr\/wp-json\/wp\/v2\/pages\/63","targetHints":{"allow":["GET"]}}],"collection":[{"href":"https:\/\/www.dasp.ro\/fr\/wp-json\/wp\/v2\/pages"}],"about":[{"href":"https:\/\/www.dasp.ro\/fr\/wp-json\/wp\/v2\/types\/page"}],"author":[{"embeddable":true,"href":"https:\/\/www.dasp.ro\/fr\/wp-json\/wp\/v2\/users\/1"}],"replies":[{"embeddable":true,"href":"https:\/\/www.dasp.ro\/fr\/wp-json\/wp\/v2\/comments?post=63"}],"version-history":[{"count":11,"href":"https:\/\/www.dasp.ro\/fr\/wp-json\/wp\/v2\/pages\/63\/revisions"}],"predecessor-version":[{"id":8030,"href":"https:\/\/www.dasp.ro\/fr\/wp-json\/wp\/v2\/pages\/63\/revisions\/8030"}],"wp:attachment":[{"href":"https:\/\/www.dasp.ro\/fr\/wp-json\/wp\/v2\/media?parent=63"}],"curies":[{"name":"wp","href":"https:\/\/api.w.org\/{rel}","templated":true}]}}