{"id":66,"date":"2014-12-06T22:38:44","date_gmt":"2014-12-06T20:38:44","guid":{"rendered":"http:\/\/www.dasp.ro\/?page_id=66"},"modified":"2023-06-09T14:55:41","modified_gmt":"2023-06-09T11:55:41","slug":"conditii-si-acte-necesare-pentru-obtinerea-alocatiei-pentru-sustinerea-familiei","status":"publish","type":"page","link":"https:\/\/www.dasp.ro\/fr\/conditii-si-acte-necesare-pentru-obtinerea-alocatiei-pentru-sustinerea-familiei\/","title":{"rendered":"Conditii si acte necesare pentru obtinerea alocatiei pentru sustinerea familiei"},"content":{"rendered":"<p>Legea nr.277\/2010 privind aloca\u0163ia pentru sus\u0163inerea familiei &#8211; republicat\u0103 instituie aloca\u0163ia pentru sus\u0163inerea familiei ca form\u0103 de sprijin pentru familiile cu venituri reduse care au \u00een cre\u015ftere \u015fi \u00eengrijire copii \u00een v\u00e2rst\u0103 de p\u00e2n\u0103 la 18 ani, denumit\u0103 \u00een continuare aloca\u0163ie.<\/p>\n<p>Acordarea aloca\u0163iei prev\u0103zute are drept scop completarea veniturilor familiilor \u00een vederea asigur\u0103rii unor condi\u0163ii mai bune pentru cre\u015fterea, \u00eengrijirea \u015fi educarea copiilor, precum \u015fi stimularea frecvent\u0103rii de c\u0103tre copiii de v\u00e2rst\u0103 \u015fcolar\u0103, afla\u0163i \u00een \u00eengrijirea familiilor cu venituri reduse, a cursurilor unei forme de \u00eenv\u0103\u0163\u0103m\u00e2nt, organizate potrivit legii.<\/p>\n<p>Beneficiaz\u0103 de aloca\u0163ia pentru sus\u0163inerea familiei, familia format\u0103 din so\u0163, so\u0163ie \u015fi copiii afla\u0163i \u00een \u00eentre\u0163inerea acestora, care locuiesc \u00eempreun\u0103, denumit\u0103 \u00een continuare familie.<\/p>\n<p>Beneficiaz\u0103 de aloca\u0163ie \u015fi familia format\u0103 din persoana singur\u0103 \u015fi copiii afla\u0163i \u00een \u00eentre\u0163inerea acesteia \u015fi care locuiesc \u00eempreun\u0103 cu aceasta, denumit\u0103 \u00een continuare familie monoparental\u0103.<\/p>\n<p>Familiile care au \u00een \u00eentre\u0163inere copii de v\u00e2rst\u0103 \u015fcolar\u0103, beneficiaz\u0103 de aloca\u0163ie \u00een condi\u0163iile \u00een care copiii frecventeaz\u0103 f\u0103r\u0103 \u00eentrerupere cursurile unei forme de \u00eenv\u0103\u0163\u0103m\u00e2nt organizate potrivit legii, cu excep\u0163ia celor care le \u00eentrerup din motive medicale, \u015fi nu \u00eenregistreaz\u0103 absen\u0163e nemotivate \u00een cursul unui semestru care s\u0103 conduc\u0103 la sc\u0103derea sub 8 a notei la purtare.<\/p>\n<p>Pentru familiile care au \u00een \u00eentre\u0163inere copii de v\u00e2rst\u0103 \u015fcolar\u0103 cu handicap grav sau accentuat \u015fi care nu frecventeaz\u0103 o form\u0103 de \u00eenv\u0103\u0163\u0103m\u00e2nt organizat\u0103 \u00een condi\u0163iile legii, aloca\u0163ia se acord\u0103 cu condi\u0163ia prezent\u0103rii certificatului de \u00eencadrare \u00eentr-un grad de handicap si a dovezii eliberate de direc\u021biile de asisten\u021b\u0103 social, prin care se atest\u0103 faptul c\u0103 respectivul copil nu poate fi \u00eenscris \u00een nicio form\u0103 de \u00eenv\u0103\u0163\u0103m\u00e2nt prev\u0103zut\u0103 de lege.<\/p>\n<p><strong>\u00a0<\/strong><\/p>\n<p>Diferen\u021bierea acord\u0103rii aloca\u021biilor familiale \u00een func\u021bie de veniturile familiilor \u0219i num\u0103rul de copii din familie, respectiv stabilirea a dou\u0103 tran\u0219e de venituri astfel:<\/p>\n<p><strong>Familiile si persoanele singure care au \u00een \u00eentre\u0163inere copii \u00een v\u0103rst\u0103 de p\u00e2n\u0103 la 18 ani, beneficiaz\u0103 de aloca\u0163ie pentru sus\u0163inerea familiei, dac\u0103 acestea realizeaz\u0103 venituri nete lunare pe membru de familie de p\u00e2n\u0103 la 634 lei\/ membru de familie.<\/strong><\/p>\n<p>La stabilirea venitului net lunar al familiei sau, dup\u0103 caz, al persoanei singure se iau \u00een considerare toate veniturile pe care membrii acesteia le-au realizat \u00een luna anterioara depunerii cererii, inclusiv cele care provin din drepturi de asigur\u0103ri sociale de stat, asigur\u0103ri de \u015fomaj, indemniza\u0163ii, aloca\u0163ii \u015fi ajutoare cu caracter permanent, indiferent de bugetul din care se suport\u0103, obliga\u0163ii legale de \u00eentre\u0163inere \u015fi alte crean\u0163e legale, cu excep\u0163ia:<\/p>\n<p>-aloca\u0163iei de stat pentru copii, prev\u0103zut\u0103 de Legea nr.61\/1993 privind aloca\u0163ia de stat pentru copii, republicat\u0103, cu modific\u0103rile \u015fi complet\u0103rile ulterioare;<\/p>\n<p>-bugetului personal complementar lunar \u015fi a presta\u0163iilor sociale prev\u0103zute la art. 58 alin. (4) lit. b) \u015fi, respectiv, alin. (5) din Legea nr.448\/2006 privind protec\u0163ia \u015fi promovarea drepturilor persoanelor cu handicap, republicat\u0103, cu modific\u0103rile \u015fi complet\u0103rile ulterioare;<\/p>\n<p>-burselor \u015fcolare, a drepturilor acordate \u00een baza art. 51 alin. (2) \u015fi art. 85 alin. (2) din Legea educa\u0163iei na\u0163ionale nr.1\/2011, cu modific\u0103rile \u015fi complet\u0103rile ulterioare;<\/p>\n<p>-stimulentului educa\u0163ional oferit, potrivit prevederilor Legii nr.248\/2015 privind stimularea particip\u0103rii \u00een \u00eenv\u0103\u0163\u0103m\u00e2ntul pre\u015fcolar a copiilor provenind din familii defavorizate, cu modific\u0103rile ulterioare, sub form\u0103 de tichet social pentru stimularea particip\u0103rii \u00een \u00eenv\u0103\u0163\u0103m\u00e2ntul pre\u015fcolar a copiilor proveni\u0163i din familii defavorizate;<\/p>\n<p>-sprijinului financiar prev\u0103zut de Hot\u0103r\u00e2rea Guvernului nr.1.488\/2004 privind aprobarea criteriilor \u015fi a cuantumului sprijinului financiar ce se acord\u0103 elevilor \u00een cadrul Programului na\u0163ional de protec\u0163ie social\u0103 \u00abBani de liceu\u00bb, cu modific\u0103rile \u015fi complet\u0103rile ulterioare;<\/p>\n<p><strong>FAMILIA CU \u00a02 \u00a0P\u0102RIN\u021aI (complementar\u0103)<\/strong><\/p>\n<p><strong>\u00a0 \u00a0 \u00a0 \u00a0 \u00a0 \u00a0 \u00a0 \u00a0 \u00a0 \u00a0 \u00a0 \u00a0 \u00a0 \u00a0 \u00a0 \u00a0 \u00a0 \u00a0 \u00a0 \u00a0 \u00a0 \u00a0 \u00a0 \u00a0 \u00a0 \u00a0 \u00a0 \u00a0 \u00a0 \u00a0 \u00a0 \u00a0 \u00a0 \u00a0 \u00a0 \u00a0 \u00a0 \u00a0 \u00a0 \u00a0 \u00a0 \u00a0 \u00a0 \u00a0 \u00a0\u00a0\u00a0\u00a0\u00a0\u00a0\u00a0\u00a0\u00a0\u00a0\u00a0\u00a0\u00a0\u00a0\u00a0\u00a0\u00a0\u00a0\u00a0Cuantum nou<\/strong><\/p>\n<table width=\"643\">\n<tbody>\n<tr>\n<td width=\"199\">VENITURI\u00a0\u00a0<strong>0 &#8211; 239 LEI<\/strong><\/td>\n<td width=\"211\">1 copil<\/td>\n<td width=\"233\"><strong>\u00a0 99 lei<\/strong><\/td>\n<\/tr>\n<tr>\n<td width=\"199\"><\/td>\n<td width=\"211\">2 copii<\/td>\n<td width=\"233\"><strong>197 lei<\/strong><\/td>\n<\/tr>\n<tr>\n<td width=\"199\"><\/td>\n<td width=\"211\">3 copii<\/td>\n<td width=\"233\"><strong>295 lei<\/strong><\/td>\n<\/tr>\n<tr>\n<td width=\"199\"><\/td>\n<td width=\"211\">4 sau mai mul\u021bi copii<\/td>\n<td width=\"233\"><strong>393 lei<\/strong><\/td>\n<\/tr>\n<tr>\n<td width=\"199\">VENITURI\u00a0\u00a0<strong>239 &#8211; 634 LEI<\/strong><\/td>\n<td width=\"211\">1 copil<\/td>\n<td width=\"233\"><strong>\u00a0 90 lei<\/strong><\/td>\n<\/tr>\n<tr>\n<td width=\"199\"><\/td>\n<td width=\"211\">2 copii<\/td>\n<td width=\"233\"><strong>180 lei<\/strong><\/td>\n<\/tr>\n<tr>\n<td width=\"199\"><\/td>\n<td width=\"211\">3 copii<\/td>\n<td width=\"233\"><strong>270 lei<\/strong><\/td>\n<\/tr>\n<tr>\n<td width=\"199\"><\/td>\n<td width=\"211\">4 sau mai mul\u021bi copii<\/td>\n<td width=\"233\"><strong>359 lei<\/strong><\/td>\n<\/tr>\n<\/tbody>\n<\/table>\n<p><strong>\u00a0 \u00a0 \u00a0 \u00a0 \u00a0 \u00a0 \u00a0 \u00a0 \u00a0 \u00a0 \u00a0 \u00a0 \u00a0 \u00a0 \u00a0 \u00a0 \u00a0 \u00a0 \u00a0 \u00a0 \u00a0 \u00a0 \u00a0 \u00a0 \u00a0 \u00a0 \u00a0 \u00a0 \u00a0 \u00a0 \u00a0 \u00a0 \u00a0 \u00a0 \u00a0 \u00a0 \u00a0 \u00a0 \u00a0 \u00a0 \u00a0 \u00a0 \u00a0<\/strong><\/p>\n<p><strong>\u00a0\u00a0 \u00a0 \u00a0 \u00a0 \u00a0 \u00a0 \u00a0 \u00a0 \u00a0 \u00a0 \u00a0 \u00a0 \u00a0<\/strong><\/p>\n<p><strong>\u00a0<\/strong><\/p>\n<p><strong>\u00a0<\/strong><\/p>\n<p><strong>FAMILIA CU \u00a01 \u00a0P\u0102RINTE (monoparental\u0103)<\/strong><\/p>\n<p><strong>\u00a0<\/strong><\/p>\n<p><strong>\u00a0 \u00a0 \u00a0 \u00a0 \u00a0 \u00a0 \u00a0 \u00a0 \u00a0 \u00a0 \u00a0 \u00a0 \u00a0 \u00a0 \u00a0 \u00a0 \u00a0 \u00a0 \u00a0 \u00a0 \u00a0 \u00a0 \u00a0 \u00a0 \u00a0 \u00a0 \u00a0 \u00a0 \u00a0 \u00a0 \u00a0 \u00a0 \u00a0 \u00a0 \u00a0 \u00a0 \u00a0 \u00a0 \u00a0 \u00a0 \u00a0 \u00a0 \u00a0 \u00a0 \u00a0 \u00a0\u00a0\u00a0\u00a0\u00a0\u00a0\u00a0\u00a0\u00a0\u00a0\u00a0\u00a0\u00a0\u00a0\u00a0\u00a0\u00a0 Cuantum nou<\/strong><\/p>\n<table width=\"612\">\n<tbody>\n<tr>\n<td width=\"234\">VENITURI\u00a0\u00a0<strong>0 &#8211; 239 LEI<\/strong><\/td>\n<td width=\"252\">1 copil<\/td>\n<td width=\"126\"><strong>128 lei<\/strong><\/td>\n<\/tr>\n<tr>\n<td width=\"234\"><\/td>\n<td width=\"252\">2 copii<\/td>\n<td width=\"126\"><strong>256 lei<\/strong><\/td>\n<\/tr>\n<tr>\n<td width=\"234\"><\/td>\n<td width=\"252\">3 copii<\/td>\n<td width=\"126\"><strong>384 lei<\/strong><\/td>\n<\/tr>\n<tr>\n<td width=\"234\"><\/td>\n<td width=\"252\">4 sau mai mul\u021bi copii<\/td>\n<td width=\"126\"><strong>512 lei<\/strong><\/td>\n<\/tr>\n<tr>\n<td width=\"234\">VENITURI\u00a0\u00a0<strong>239 &#8211; 634 LEI<\/strong><\/td>\n<td width=\"252\">1 copil<\/td>\n<td width=\"126\"><strong>122 lei<\/strong><\/td>\n<\/tr>\n<tr>\n<td width=\"234\"><\/td>\n<td width=\"252\">2 copii<\/td>\n<td width=\"126\"><strong>244 lei<\/strong><\/td>\n<\/tr>\n<tr>\n<td width=\"234\"><\/td>\n<td width=\"252\">3 copii<\/td>\n<td width=\"126\"><strong>366 lei<\/strong><\/td>\n<\/tr>\n<tr>\n<td width=\"234\"><\/td>\n<td width=\"252\">4 sau mai mul\u021bi copii<\/td>\n<td width=\"126\"><strong>488 lei<\/strong><\/td>\n<\/tr>\n<\/tbody>\n<\/table>\n<p><strong>\u00a0<\/strong><\/p>\n<p><strong>\u00a0<\/strong><\/p>\n<p><strong>PLAFON MAXIM\u00a0\u00a0\u00a0 <\/strong><strong>634 LEI<\/strong><strong> \/ MEMBRU DE FAMILIE<\/strong><\/p>\n<ul>\n<li>Acordarea aloca\u0163iei <strong><em><u>este condi\u0163ionat\u0103 de nede\u0163inerea \u00een proprietate \/ folosin\u0163\u0103<\/u><\/em><\/strong> de catre solicitant a unuia dintre bunurile prev\u0103zute \u00een tabelul de mai jos:<\/li>\n<\/ul>\n<p><strong><u>\u00a0\u00a0\u00a0 BUNURI\u00a0\u00a0 IMOBILE:<\/u><\/strong><\/p>\n<table>\n<tbody>\n<tr>\n<td width=\"566\"><strong>\u00a0<\/strong><\/td>\n<\/tr>\n<tr>\n<td width=\"566\">\u00a0\u00a0\u00a0 &#8211; <strong><u>cl\u0103diri sau alte spa\u0163ii locative<\/u> \u00een afara locuin\u0163ei de domiciliu sau alte imobile aflate \u00een proprietate, cu excep\u0163ia locuin\u0163ei de domiciliu.<\/strong><\/td>\n<\/tr>\n<tr>\n<td width=\"566\">\u00a0\u00a0 &#8211;\u00a0 terenuri de \u00eemprejmuire a locuin\u0163ei \u015fi\u00a0 curtea\u00a0 aferent\u0103 \u015fi alte terenuri intravilane care dep\u0103\u015fesc 1.000 mp \u00een\u00a0 zona urban\u0103 \u015fi 2.000 mp \u00een zona rural\u0103.<\/td>\n<\/tr>\n<\/tbody>\n<\/table>\n<p><strong><u>BUNURI\u00a0 MOBILE:<\/u><\/strong><\/p>\n<table>\n<tbody>\n<tr>\n<td width=\"572\">\u00a0\u00a0\u00a0 1. <strong>Autoturism\/Autoturisme \u015fi motociclet\u0103\/motociclete cu o vechime mai mic\u0103 de 10 ani, cu excep\u0163ia celor\u00a0 adaptate\u00a0 pentru persoanele cu handicap, ori destinate transportului\u00a0 acestora sau persoanelor dependente, precum \u015fi\u00a0 pentru uzul personal al persoanelor aflate \u00een zone greu accesibile ;<\/strong><\/td>\n<\/tr>\n<tr>\n<td width=\"572\">\u00a0\u00a0\u00a0 2. Mai mult de un autoturism\/ motociclet\u0103 cu\u00a0 o vechime mai mare de 10 ani<\/td>\n<\/tr>\n<tr>\n<td width=\"572\">\u00a0\u00a0\u00a0 3. Autovehicule:autoutilitare, autocamioane de orice fel\u00a0 cu sau\u00a0 f\u0103r\u0103 remorci, rulote, autobuze, microbuze;<\/td>\n<\/tr>\n<tr>\n<td width=\"572\">\u00a0\u00a0\u00a0 4. \u015ealupe, b\u0103rci cu motor, scutere de ap\u0103, iahturi, cu\u00a0 excep\u0163ia b\u0103rcilor necesare\u00a0 pentru uzul\u00a0 persoanelor\u00a0 care locuiesc \u00een Rezerva\u0163ia\u00a0 Biosferei\u00a0 \u201cDelta Dun\u0103rii\u201d<\/td>\n<\/tr>\n<tr>\n<td width=\"572\">\u00a0\u00a0\u00a0 5.Utilaje agricole: tractor, combin\u0103 autopropulsat\u0103;<\/td>\n<\/tr>\n<tr>\n<td width=\"572\">\u00a0\u00a0\u00a0 6. U<u>tilaje de prelucrare agricol\u0103<\/u>: pres\u0103 de ulei, moar\u0103 de cereale;<\/td>\n<\/tr>\n<tr>\n<td width=\"572\">\u00a0\u00a0\u00a0 7. U<u>tilaje de prelucrat lemnul<\/u>: gater,\u00a0 sau alte utilaje de prelucrat lemnul ac\u0163ionate hidraulic, mecanic sau electric;<\/td>\n<\/tr>\n<tr>\n<td width=\"572\">* ) Aflate \u00een stare de func\u0163ionare<\/td>\n<\/tr>\n<\/tbody>\n<\/table>\n<p><strong>\u00a0\u00a0\u00a0 <\/strong><\/p>\n<p><strong>Depozite bancare<\/strong><\/p>\n<table>\n<tbody>\n<tr>\n<td width=\"578\"><strong>1. <\/strong>depozite bancare cu valoare de peste 3.000 lei<strong>.<\/strong><\/td>\n<\/tr>\n<\/tbody>\n<\/table>\n<p>Terenuri\/animale \u015fi\/sau p\u0103s\u0103ri<\/p>\n<table>\n<tbody>\n<tr>\n<td width=\"578\"><\/td>\n<\/tr>\n<tr>\n<td width=\"578\">1.\u00a0\u00a0\u00a0\u00a0\u00a0 Suprafe\u0163e de teren, animale \u015fi p\u0103s\u0103ri a c\u0103ror valoare net\u0103 de produc\u0163ie anual\u0103 dep\u0103\u015fe\u015fte\u00a0 suma de 1.000 euro\u00a0 pentru persoana singur\u0103, respectiv\u00a0 suma de 2.500 euro pentru familie<\/td>\n<\/tr>\n<\/tbody>\n<\/table>\n<p><strong>NOTA<\/strong><\/p>\n<p><strong>DETINEREA\u00a0\u00a0 UNUIA\u00a0 DINTRE\u00a0 BUNURILE\u00a0 MENTIONATE CONDUCE\u00a0 LA EXCLUDEREA\u00a0\u00a0\u00a0 ACORDARII ALOCA\u0162IEI PENTRU SUS\u0162INEREA FAMILIEI<\/strong><\/p>\n<p>Acte necesare pentru ASF<\/p>\n<ul>\n<li>Cerere tip-\u00a0<a href=\"https:\/\/www.dasp.ro\/wp-content\/uploads\/2020\/04\/scan0780.pdf\">click<\/a><\/li>\n<li>carte de identitate, carte de identitate provizorie ale tuturor membrilor familiei, care au implinit 14 ani;<\/li>\n<li>hotarare de incredintare a copilului si de stabilire a pensiei de intretinere, care trebuie sa fie definitiva si irevocabila;<\/li>\n<li>livret de familie sau certificat de casatorie;<\/li>\n<li>certificate de na\u015ftere copii;<\/li>\n<li>Situatiile care nu sunt evidentiate in livretul de familie se dovedesc cu urmatoarele documente:<\/li>\n<\/ul>\n<p>&#8211;\u00a0 hotararea judecatoreasca prin care sotul\/sotia este declarat\/declarata disparut\/disparuta;<\/p>\n<p>&#8211; hotararea judecatoreasca prin care sotul\/sotia este arestat\/arestata preventiv pe o perioada mai mare de 30 de zile sau executa o pedeapsa privativa de libertate si nu participa la intretinerea copiilor;<\/p>\n<p>Alte acte necesare:<\/p>\n<ul>\n<li>adeverinta eliberata de la scoala la care sunt inscrisi copiii, care urmeaza o forma de invatamant, in care sa se specifice daca beneficiaza de bursa scolara si cuantumul acesteia;<\/li>\n<li>adeverinta eliberata de angajator in care sa sa specifice venitul net realizat in luna anterioara depunerii cererii, pentru toti membrii familiei care sunt salariati cu mentiunea daca primesc sau nu bonuri valorice.<\/li>\n<li>adeverinta eliberata de administrator in care sa mentioneze nominal persoanele care locuiesc la adresa mentionata de solicitant;<\/li>\n<li>cupon de pensie;<\/li>\n<li>cupon de somaj;<\/li>\n<li>adeverin\u0163\u0103 doveditoare a faptului c\u0103 solicitantul sau membrii familiei nu realizeaz\u0103 venituri impozabile, eliberat\u0103 de c\u0103tre Direc\u0163ia General\u0103 a Finan\u0163elor Publice Arge\u015f, pentru toate persoanele care au \u00eemplinit v\u00e2rsta de 16 ani <strong>(chiar daca sunt salariati, pensionari sau au indemnizatii sociale)<\/strong><strong>;<\/strong><\/li>\n<li>certificat de rol fiscal eliberat de Directia Impozite si Taxe Locale a Municipiului Pitesti ( Casa Cartii ), din care s\u0103 rezulte bunurile detinute \u00een proprietate pentru to\u0163i membrii familiei<\/li>\n<li>carte de identitate ma\u015fin\u0103\u00a0 (dac\u0103 este cazul)<\/li>\n<li>Actul doveditor privind proprietatea, contract de \u00eenchiriere locuin\u0163\u0103 fond locativ de stat sau chiria\u015f la proprietar<\/li>\n<\/ul>\n","protected":false},"excerpt":{"rendered":"<p>Legea nr.277\/2010 privind aloca\u0163ia pentru sus\u0163inerea familiei &#8211; republicat\u0103 instituie aloca\u0163ia pentru sus\u0163inerea familiei ca form\u0103 de sprijin pentru familiile cu venituri reduse care au \u00een cre\u015ftere \u015fi \u00eengrijire copii \u00een v\u00e2rst\u0103 de p\u00e2n\u0103 la 18 ani, denumit\u0103 \u00een continuare<\/p>\n","protected":false},"author":1,"featured_media":0,"parent":0,"menu_order":0,"comment_status":"open","ping_status":"closed","template":"","meta":{"footnotes":""},"class_list":["post-66","page","type-page","status-publish","hentry"],"translation":{"provider":"WPGlobus","version":"3.0.0","language":"fr","enabled_languages":["en","es","de","fr","ru"],"languages":{"en":{"title":true,"content":true,"excerpt":false},"es":{"title":false,"content":false,"excerpt":false},"de":{"title":false,"content":false,"excerpt":false},"fr":{"title":false,"content":false,"excerpt":false},"ru":{"title":false,"content":false,"excerpt":false}}},"_links":{"self":[{"href":"https:\/\/www.dasp.ro\/fr\/wp-json\/wp\/v2\/pages\/66","targetHints":{"allow":["GET"]}}],"collection":[{"href":"https:\/\/www.dasp.ro\/fr\/wp-json\/wp\/v2\/pages"}],"about":[{"href":"https:\/\/www.dasp.ro\/fr\/wp-json\/wp\/v2\/types\/page"}],"author":[{"embeddable":true,"href":"https:\/\/www.dasp.ro\/fr\/wp-json\/wp\/v2\/users\/1"}],"replies":[{"embeddable":true,"href":"https:\/\/www.dasp.ro\/fr\/wp-json\/wp\/v2\/comments?post=66"}],"version-history":[{"count":8,"href":"https:\/\/www.dasp.ro\/fr\/wp-json\/wp\/v2\/pages\/66\/revisions"}],"predecessor-version":[{"id":7851,"href":"https:\/\/www.dasp.ro\/fr\/wp-json\/wp\/v2\/pages\/66\/revisions\/7851"}],"wp:attachment":[{"href":"https:\/\/www.dasp.ro\/fr\/wp-json\/wp\/v2\/media?parent=66"}],"curies":[{"name":"wp","href":"https:\/\/api.w.org\/{rel}","templated":true}]}}