{"id":688,"date":"2015-07-02T13:35:05","date_gmt":"2015-07-02T10:35:05","guid":{"rendered":"http:\/\/www.dasp.ro\/?page_id=688"},"modified":"2025-08-01T10:00:29","modified_gmt":"2025-08-01T07:00:29","slug":"serviciul-de-asistenta-medicala","status":"publish","type":"page","link":"https:\/\/www.dasp.ro\/fr\/serviciul-de-asistenta-medicala\/","title":{"rendered":"Serviciul de Asisten\u021b\u0103 Medical\u0103"},"content":{"rendered":"<p><b>Compartimentul Asisten\u021b\u0103 Medical\u0103 \u0218colar\u0103<\/b><b><\/b><\/p>\n<div><b>Coordonatori activitate<\/b>: Epure Doina si Popescu Mirela<\/div>\n<div><b>Tel:\u00a0 0372030420<\/b><\/div>\n<div><b>Fax: <\/b><strong>0372030421<\/strong><\/div>\n<div><b>E-mail:<\/b> <a href=\"mailto:dasp@primariapitesti.ro\">dasp@dasp.ro<\/a><\/div>\n<div><\/div>\n<div><b>Cabinetele medicale \u0219colare de medicin\u0103 general\u0103 \u0219i medicin\u0103 dentar\u0103 din unit\u0103\u021bile \u0219colare din municipiul Pite\u0219ti<\/b><\/div>\n<div><\/div>\n<div><b>\u00a0<\/b><\/div>\n<div><strong>Misiunea :<span lang=\"IT\">\u00a0\u00a0<\/span><\/strong><\/div>\n<ul>\n<li>Desf\u0103\u015furarea activit\u0103\u0163ilor de asisten\u0163\u0103 medical\u0103 \u015fi de medicin\u0103 dentar\u0103 \u00een unit\u0103\u0163ile de \u00eenv\u0103\u0163\u0103m\u00e2nt preuniversitar \u0219i universitar.<b><\/b><\/li>\n<\/ul>\n<div><strong>Obiective:<\/strong><\/div>\n<ul>\n<li>Compartimentul Asisten\u021b\u0103 Medical\u0103 \u0218colar\u0103 are ca obiectiv general cre\u015fterea calit\u0103\u0163ii vie\u0163ii prin atribu\u0163iile \u015fi sarcinile ce \u00eei revin \u015fi decurg din asigurarea, coordonarea \u015fi func\u0163ionarea activit\u0103\u0163ii;<b><\/b><\/li>\n<li>Asigurarea asisten\u0163ei medicale curente \u015fi de recuperare a pre\u015fcolarilor, elevilor \u015fi studen\u0163ilor;<b><\/b><\/li>\n<li>Asigurarea asisten\u0163ei stomatologice preventive, curative \u015fi de urgen\u0163\u0103 a elevilor \u015fi studen\u0163ilor din unit\u0103\u0163ile \u015fcolare \u015fi de \u00eenv\u0103\u0163\u0103m\u00e2nt superior.<b><\/b><\/li>\n<\/ul>\n<div><b>Atribu\u021bii principale:<\/b><b><\/b><\/div>\n<ul>\n<li><span lang=\"PT-BR\">particip\u0103 \u00een fiecare an la examinarea medical\u0103 periodic\u0103 a elevilor;<\/span><\/li>\n<li><span lang=\"PT-BR\">particip\u0103 la dispensarizarea elevilor \u015fi a studen\u0163ilor;<\/span><\/li>\n<li><span lang=\"PT-BR\">particip\u0103 la examin\u0103rile medicale de bilan\u0163 al st\u0103rii de s\u0103n\u0103tate;<\/span><\/li>\n<li><span lang=\"PT-BR\">supravegheaz\u0103 respectarea normelor de igiena \u0219i antiepidemice ;<\/span><\/li>\n<li><span lang=\"PT-BR\">acord\u0103 asisten\u021b\u0103 medical\u0103 de urgen\u021b\u0103 \u00een caz de boal\u0103 sau accident;<\/span><\/li>\n<li><span lang=\"PT-BR\">aplic\u0103 m\u0103surile cu caracter profilactic \u0219i curativ prin prevenirea \u0219i combaterea bolilor transmisibile;<\/span><\/li>\n<li><span lang=\"PT-BR\">ia m\u0103suri de dispensarizare \u00een vederea recuper\u0103rii medicale;<\/span><\/li>\n<li><span lang=\"PT-BR\">desf\u0103\u0219oar\u0103 activit\u0103\u021bi de asisten\u021b\u0103 stomatologic\u0103 preventiv\u0103, curativ\u0103 \u0219i de urgen\u021b\u0103.<\/span><\/li>\n<\/ul>\n<div><b>Program de func\u021bionare:<\/b> L-V, \u00een func\u021bie de programul institu\u021biilor \u0219colare<\/div>\n","protected":false},"excerpt":{"rendered":"<p>Compartimentul Asisten\u021b\u0103 Medical\u0103 \u0218colar\u0103 Coordonatori activitate: Epure Doina si Popescu Mirela Tel:\u00a0 0372030420 Fax: 0372030421 E-mail: dasp@dasp.ro Cabinetele medicale \u0219colare de medicin\u0103 general\u0103 \u0219i medicin\u0103 dentar\u0103 din unit\u0103\u021bile \u0219colare din municipiul Pite\u0219ti \u00a0 Misiunea :\u00a0\u00a0 Desf\u0103\u015furarea activit\u0103\u0163ilor de asisten\u0163\u0103 medical\u0103<\/p>\n","protected":false},"author":1,"featured_media":0,"parent":0,"menu_order":0,"comment_status":"open","ping_status":"closed","template":"","meta":{"footnotes":""},"class_list":["post-688","page","type-page","status-publish","hentry"],"translation":{"provider":"WPGlobus","version":"3.0.0","language":"fr","enabled_languages":["en","es","de","fr","ru"],"languages":{"en":{"title":true,"content":true,"excerpt":false},"es":{"title":false,"content":false,"excerpt":false},"de":{"title":false,"content":false,"excerpt":false},"fr":{"title":false,"content":false,"excerpt":false},"ru":{"title":false,"content":false,"excerpt":false}}},"_links":{"self":[{"href":"https:\/\/www.dasp.ro\/fr\/wp-json\/wp\/v2\/pages\/688","targetHints":{"allow":["GET"]}}],"collection":[{"href":"https:\/\/www.dasp.ro\/fr\/wp-json\/wp\/v2\/pages"}],"about":[{"href":"https:\/\/www.dasp.ro\/fr\/wp-json\/wp\/v2\/types\/page"}],"author":[{"embeddable":true,"href":"https:\/\/www.dasp.ro\/fr\/wp-json\/wp\/v2\/users\/1"}],"replies":[{"embeddable":true,"href":"https:\/\/www.dasp.ro\/fr\/wp-json\/wp\/v2\/comments?post=688"}],"version-history":[{"count":6,"href":"https:\/\/www.dasp.ro\/fr\/wp-json\/wp\/v2\/pages\/688\/revisions"}],"predecessor-version":[{"id":9532,"href":"https:\/\/www.dasp.ro\/fr\/wp-json\/wp\/v2\/pages\/688\/revisions\/9532"}],"wp:attachment":[{"href":"https:\/\/www.dasp.ro\/fr\/wp-json\/wp\/v2\/media?parent=688"}],"curies":[{"name":"wp","href":"https:\/\/api.w.org\/{rel}","templated":true}]}}