{"id":7128,"date":"2022-08-23T15:21:40","date_gmt":"2022-08-23T12:21:40","guid":{"rendered":"http:\/\/www.dasp.ro\/?page_id=7128"},"modified":"2022-08-23T15:51:48","modified_gmt":"2022-08-23T12:51:48","slug":"comunicare-completare-documente-dosare-copii-admisi-la-crese","status":"publish","type":"page","link":"https:\/\/www.dasp.ro\/fr\/comunicare-completare-documente-dosare-copii-admisi-la-crese\/","title":{"rendered":"Comunicare completare documente dosare copii admisi la crese"},"content":{"rendered":"\n<figure class=\"wp-block-image size-large\"><a href=\"https:\/\/www.dasp.ro\/wp-content\/uploads\/2022\/08\/Antet-23.08.png\"><img fetchpriority=\"high\" decoding=\"async\" width=\"895\" height=\"165\" src=\"https:\/\/www.dasp.ro\/wp-content\/uploads\/2022\/08\/Antet-23.08.png\" alt=\"\" class=\"wp-image-7129\" srcset=\"https:\/\/www.dasp.ro\/wp-content\/uploads\/2022\/08\/Antet-23.08.png 895w, https:\/\/www.dasp.ro\/wp-content\/uploads\/2022\/08\/Antet-23.08-300x55.png 300w, https:\/\/www.dasp.ro\/wp-content\/uploads\/2022\/08\/Antet-23.08-768x142.png 768w\" sizes=\"(max-width: 895px) 100vw, 895px\" \/><\/a><\/figure>\n\n\n\n<p><\/p>\n\n\n\n<h2 class=\"has-text-align-center wp-block-heading\">COMUNICARE<\/h2>\n\n\n\n<p>\u00cen conformitate cu prevederile art. 23, Capitolul IV din H.C.L. nr. 226\/30.06.2021, documentele care se vor completa de c\u0103tre p\u0103rin\u021bii\/reprezentan\u021bii legali la dosarul copiilor admi\u0219i in anul \u0219colar 2022-2023 sunt:<\/p>\n\n\n\n<p>1.acte medicale care s\u0103 ateste faptul c\u0103, copilul poate frecventa colectivitatea:<\/p>\n\n\n\n<p>-adeverin\u021b\u0103 medical\u0103 de intrare \u00een colectivitate eliberat\u0103 de medicul de familie;<\/p>\n\n\n\n<p>&#8211; aviz epidemiologic \u2014 valabil 48 de ore;<\/p>\n\n\n\n<p>2. \u00een cazul \u00een care copilul are antecedente medicale patologice, la intrarea \u00een colectivitate se impune \u0219i opinia\/avizul\/recomand\u0103rile medicului specialist cu privire la posibilitatea men\u021binerii st\u0103rii de s\u0103n\u0103tate a copilului respectiv(ex. tulbur\u0103ri de metabolism, alergii, fenilcetonuria, boli precum epilepsia etc)<\/p>\n\n\n\n<p>3. examenul coproparazitologic al copilului;<\/p>\n\n\n\n<p>4. fi\u0219a de imuniz\u0103ri actualizat\u0103(dac\u0103 este cazul).<\/p>\n\n\n\n<p>Totodat\u0103, in vederea stabilirii contribu\u021biei lunare a p\u0103rin\u021bilor\/reprezentan\u021bilor legali ai c\u0103ror copii beneficiaz\u0103 de serviciile cre\u0219elor, la dosarul fiec\u0103rui copil se va ad\u0103uga adeverin\u021b\u0103 de salariat pentru fiecare dintre p\u0103rin\u021bi, excep\u021bie facand p\u0103rin\u021bii indemniza\u021bi pentru concediu \u00een vederea cre\u0219terii copilului pan\u0103 la 2 ani, care au depus la dosarul copilului adeverin\u021b\u0103\/fi\u0219\u0103 pl\u0103\u021bi emis\u0103 de Agen\u021bia Jude\u021bean\u0103 pentru Pl\u0103\u021bi \u0219i Inspec\u021bie Social\u0103.<\/p>\n\n\n\n<p>P\u0103rin\u021bii\/reprezentan\u021bii legali ai c\u0103ror copii beneficiaz\u0103 de serviciile cre\u0219elor, care au re\u0219edin\u021ba(domiciliu flotant) in Municipiul Pite\u0219ti, vor semna c\u00e2te o declara\u021bie pe propria r\u0103spundere c\u0103 locuiesc la adresa la care au stabilit\u0103 re\u0219edin\u021ba(domiciliul flotant).<\/p>\n\n\n\n<p><strong>Modelele de documente men\u021bionate mai sus(adeverin\u021b\u0103 de salariat, declara\u021bie pe propria r\u0103spundere c\u0103 locuiesc la adresa la care au stabilit\u0103 re\u0219edin\u021ba) se pot procura de la de la sediul D.A.S. Pite\u0219ti \u0219i de pe site-ul institu\u021biei.<\/strong><strong><\/strong><\/p>\n\n\n\n<p><strong>Conform prevederilor legale, activit\u0103\u021bile cu copiii \u00een cre\u0219ele din cadrul C.\u00ce.E.T.C.P. se vor relua \u00een data de 05.09.2022.<\/strong><\/p>\n\n\n\n<p><a href=\"https:\/\/www.dasp.ro\/wp-content\/uploads\/2022\/08\/adeverinta.pdf\">adeverinta<\/a><\/p>\n\n\n\n<p><a href=\"https:\/\/www.dasp.ro\/wp-content\/uploads\/2022\/08\/declaratie-1.pdf\">declaratie<\/a><\/p>\n","protected":false},"excerpt":{"rendered":"<p>COMUNICARE \u00cen conformitate cu prevederile art. 23, Capitolul IV din H.C.L. nr. 226\/30.06.2021, documentele care se vor completa de c\u0103tre p\u0103rin\u021bii\/reprezentan\u021bii legali la dosarul copiilor admi\u0219i in anul \u0219colar 2022-2023 sunt: 1.acte medicale care s\u0103 ateste faptul c\u0103, copilul poate<\/p>\n","protected":false},"author":1,"featured_media":0,"parent":0,"menu_order":0,"comment_status":"closed","ping_status":"closed","template":"","meta":{"footnotes":""},"class_list":["post-7128","page","type-page","status-publish","hentry"],"translation":{"provider":"WPGlobus","version":"3.0.0","language":"fr","enabled_languages":["en","es","de","fr","ru"],"languages":{"en":{"title":true,"content":true,"excerpt":false},"es":{"title":false,"content":false,"excerpt":false},"de":{"title":false,"content":false,"excerpt":false},"fr":{"title":false,"content":false,"excerpt":false},"ru":{"title":false,"content":false,"excerpt":false}}},"_links":{"self":[{"href":"https:\/\/www.dasp.ro\/fr\/wp-json\/wp\/v2\/pages\/7128","targetHints":{"allow":["GET"]}}],"collection":[{"href":"https:\/\/www.dasp.ro\/fr\/wp-json\/wp\/v2\/pages"}],"about":[{"href":"https:\/\/www.dasp.ro\/fr\/wp-json\/wp\/v2\/types\/page"}],"author":[{"embeddable":true,"href":"https:\/\/www.dasp.ro\/fr\/wp-json\/wp\/v2\/users\/1"}],"replies":[{"embeddable":true,"href":"https:\/\/www.dasp.ro\/fr\/wp-json\/wp\/v2\/comments?post=7128"}],"version-history":[{"count":3,"href":"https:\/\/www.dasp.ro\/fr\/wp-json\/wp\/v2\/pages\/7128\/revisions"}],"predecessor-version":[{"id":7138,"href":"https:\/\/www.dasp.ro\/fr\/wp-json\/wp\/v2\/pages\/7128\/revisions\/7138"}],"wp:attachment":[{"href":"https:\/\/www.dasp.ro\/fr\/wp-json\/wp\/v2\/media?parent=7128"}],"curies":[{"name":"wp","href":"https:\/\/api.w.org\/{rel}","templated":true}]}}