{"id":729,"date":"2015-10-09T11:50:20","date_gmt":"2015-10-09T08:50:20","guid":{"rendered":"http:\/\/www.dasp.ro\/?page_id=729"},"modified":"2015-10-12T09:28:29","modified_gmt":"2015-10-12T06:28:29","slug":"informatii-cu-privire-la-acordarea-ajutorului-de-incalzire-4","status":"publish","type":"page","link":"https:\/\/www.dasp.ro\/fr\/informatii-cu-privire-la-acordarea-ajutorului-de-incalzire-4\/","title":{"rendered":"Informa\u0163ii cu privire la acordarea ajutorului de \u00eenc\u0103lzire"},"content":{"rendered":"<p style=\"text-align: center;\"><strong>ANUN\u0162 PRIVIND ACORDAREA AJUTORULUI DE \u00ceNC\u0102LZIRE A LOCUIN\u0162EI CU ENERGIE TERMIC\u0102 <\/strong><\/p>\n<p style=\"text-align: center;\"><strong>\u00a0FURNIZAT\u0102 \u00ceN SISTEM CENTRALIZAT, GAZE NATURALE ENERGIE ELECTRICA \u015eI LEMNE, C\u0102RBUNI, COMBUSTIBILI <\/strong><\/p>\n<p style=\"text-align: center;\"><strong>\u00a0PETROLIERI PENTRU SEZONUL RECE NOIEMBRIE 2015-MARTIE 2016<\/strong><\/p>\n<p><strong>\u00a0<\/strong><\/p>\n<p><strong>\u00a0<\/strong><\/p>\n<p>\u00cencep\u00e2nd cu data de <span style=\"text-decoration: underline;\"><strong>05.10.2015<\/strong><\/span>, a demarat ac\u0163iunea de primire \u015fi colectare a cererilor privind acordarea ajutorului pentru \u00eenc\u0103lzirea locuin\u0163ei, pentru sezonul rece 1 noiembrie 2015 \u201331 martie 2016, familiilor \u015fi persoanelor singure cu venituri reduse, \u00een conformitate cu prevederile Ordonan\u0163ei de Urgen\u0163\u0103 a Guvernului nr.70\/2011 privind m\u0103surile de protec\u0163ie social\u0103 \u00een perioada sezonului rece, \u015fi a Normelelor Metodologice de aplicare a acesteia, aprobate prin <em>Hot\u0103r\u00e2rea Guvernului <\/em>nr.778\/09.10.2013 .<\/p>\n<p>Distribuirea \u015fi depunerea formularelor privind cererile de acordare a ajutorului de \u00eenc\u0103lzire a locuin\u0163ei cu <strong><em>gaze naturale, energie electrica sau lemne<\/em><\/strong> se va face \u00een cadrul a dou\u0103 centre locale de colectare, de pe raza municipiului Pite\u015fti , cu urm\u0103toarea loca\u0163ie:<\/p>\n<p>&nbsp;<\/p>\n<table style=\"height: 275px;\" width=\"529\">\n<tbody>\n<tr>\n<td style=\"text-align: center;\" width=\"203\"><strong>Nr. Centrului de colectare cereri<\/strong><\/td>\n<td style=\"text-align: center;\" width=\"724\"><strong>Loca\u0163ia centrului de colectare cereri<\/strong><\/td>\n<\/tr>\n<tr>\n<td width=\"203\"><strong>Centrul nr.1<\/strong><\/td>\n<td style=\"text-align: left;\" width=\"724\">\n<p style=\"text-align: left;\"><strong>Centrul de \u00eencas\u0103ri taxe \u015fi impozite locale situat \u00een\u00a0 b-dul Republicii, Bl. G1, parter, (pasajul Casa\u00a0C\u0103r\u0163ii)<br \/>\n<\/strong><\/p>\n<\/td>\n<\/tr>\n<tr>\n<td width=\"203\"><strong>Centrul nr.2<\/strong><\/td>\n<td style=\"text-align: left;\" width=\"724\"><strong>Centrul de \u00eencas\u0103ri taxe \u015fi impozite locale situat \u00een cartierul G\u0103vana, b-dul\u00a0\u00a0 1 decembrie 1918 bl.M5a, parter04<\/strong><\/td>\n<\/tr>\n<\/tbody>\n<\/table>\n<p>&nbsp;<\/p>\n<p>Cererile \u015fi declara\u0163iile pe propria r\u0103spundere pentru <strong>ajutorul cu energie termic\u0103<\/strong> \u00een sistem centralizat, \u00eenso\u0163ite de documentele privind componen\u0163a ,veniturile \u015fi bunurile solicitan\u0163ilor, se <strong>depun individual sau prin intermediul asocia\u0163iilor de proprietari\/chiria\u015fi<\/strong> <strong><em>numai la furnizorul de energie termic\u0103<\/em><\/strong> \u2013 <strong>S.C. TERMO CALOR CONFORT S.A<\/strong>. \u2013 situat \u00een strada Calea Bucure\u015fti, bl. U4, mezanin, \u015fi \u00een centrele de colectarea cererilor stabilite de acesta, respectiv:<\/p>\n<table style=\"height: 196px;\" width=\"453\">\n<tbody>\n<tr>\n<td style=\"text-align: center;\" width=\"203\"><strong>Nr. Centrului de colectare cereri<\/strong><\/td>\n<td style=\"text-align: center;\" width=\"724\"><strong>Loca\u0163ia centrului de colectare cereri<\/strong><\/td>\n<\/tr>\n<tr>\n<td width=\"203\"><strong>Centrul nr.1<\/strong><\/td>\n<td style=\"text-align: center;\" width=\"724\"><strong>Punctul Termic 907<\/strong><\/td>\n<\/tr>\n<tr>\n<td width=\"203\"><strong>Centrul nr.2<\/strong><\/td>\n<td style=\"text-align: center;\" width=\"724\"><strong>Punctul Termic 404<\/strong><\/td>\n<\/tr>\n<tr>\n<td width=\"203\"><strong>Centrul nr.3<\/strong><\/td>\n<td style=\"text-align: center;\" width=\"724\"><strong>Punctul Termic 510<\/strong><\/td>\n<\/tr>\n<tr>\n<td width=\"203\"><strong>Centrul nr.4<\/strong><\/td>\n<td style=\"text-align: center;\" width=\"724\"><strong>Punctul Termic 602<\/strong><\/td>\n<\/tr>\n<tr>\n<td width=\"203\"><strong>Centrul nr.5<\/strong><\/td>\n<td style=\"text-align: center;\" width=\"724\"><strong>Punctul Termic 802<\/strong><\/td>\n<\/tr>\n<tr>\n<td width=\"203\"><strong>Centrul nr.6<\/strong><\/td>\n<td style=\"text-align: center;\" width=\"724\"><strong>Punctul Termic 1006<\/strong><\/td>\n<\/tr>\n<\/tbody>\n<\/table>\n<p>&nbsp;<\/p>\n<p>Familiile sau persoanele singure care utilizeaz\u0103 pentru \u00eenc\u0103lzirea locuin\u0163ei <strong>energie termic\u0103 furnizat\u0103<\/strong> \u00een sistem centralizat, beneficiaz\u0103 de <strong><em>ajutor pentru energie termic\u0103<\/em><\/strong>, sub condi\u0163ia ca venitul net mediu lunar pe membru de familie sa fie de p\u00e2n\u0103 la <strong>786 lei \u00een cazul familiilor<\/strong> \u015fi <strong>1.082 lei \u00een cazul persoanei singure<\/strong>. \u00cen acest caz, compensarea procentual\u0103 aplicat\u0103 la factura lunar\u0103 pentru energie termic\u0103, se prezint\u0103 astfel:<\/p>\n<table style=\"height: 422px;\" width=\"803\">\n<tbody>\n<tr>\n<td style=\"text-align: center;\" width=\"342\"><strong>\u00a0<\/strong><strong>Venit net mediu lunar pe membru de familie <\/strong><\/td>\n<td width=\"323\">\n<p style=\"text-align: center;\"><strong>Compensare <\/strong><strong>procentual\u0103 cu titlu <\/strong><strong>de subven\u0163ie buget stat<\/strong><\/p>\n<p style=\"text-align: center;\"><strong>energie termic\u0103<\/strong><\/p>\n<p style=\"text-align: center;\"><strong>&#8211;<em>Familie-<\/em><\/strong><\/p>\n<\/td>\n<td width=\"401\">\n<p style=\"text-align: center;\"><strong>Compensare <\/strong><strong>procentual\u0103 cu titlu <\/strong><strong>de subven\u0163ie buget stat<\/strong><\/p>\n<p style=\"text-align: center;\"><strong>energie termic\u0103<\/strong><\/p>\n<p style=\"text-align: center;\"><strong><em>-Persoan\u0103 singur\u0103-<\/em><\/strong><\/p>\n<\/td>\n<\/tr>\n<tr>\n<td style=\"text-align: center;\" width=\"342\"><strong>Pana la 155 lei<\/strong><\/td>\n<td style=\"text-align: center;\" width=\"323\"><strong>90%<\/strong><\/td>\n<td style=\"text-align: center;\" width=\"401\"><strong>100%<\/strong><\/td>\n<\/tr>\n<tr>\n<td style=\"text-align: center;\" width=\"342\"><strong>Intre 155,1 lei &#8211; 210 lei<\/strong><\/td>\n<td style=\"text-align: center;\" width=\"323\"><strong>80%<\/strong><\/td>\n<td style=\"text-align: center;\" width=\"401\"><strong>90%<\/strong><\/td>\n<\/tr>\n<tr>\n<td style=\"text-align: center;\" width=\"342\"><strong>Intre 210,1 lei &#8211; 260 lei<\/strong><\/td>\n<td style=\"text-align: center;\" width=\"323\"><strong>70%<\/strong><\/td>\n<td style=\"text-align: center;\" width=\"401\"><strong>80%<\/strong><\/td>\n<\/tr>\n<tr>\n<td style=\"text-align: center;\" width=\"342\"><strong>Intre 260,1 lei &#8211; 310 lei <\/strong><\/td>\n<td style=\"text-align: center;\" width=\"323\"><strong>60%<\/strong><\/td>\n<td style=\"text-align: center;\" width=\"401\"><strong>70%<\/strong><\/td>\n<\/tr>\n<tr>\n<td style=\"text-align: center;\" width=\"342\"><strong>Intre 310,1 lei &#8211; 355 lei <\/strong><\/td>\n<td style=\"text-align: center;\" width=\"323\"><strong>50%<\/strong><\/td>\n<td style=\"text-align: center;\" width=\"401\"><strong>60%<\/strong><\/td>\n<\/tr>\n<tr>\n<td style=\"text-align: center;\" width=\"342\"><strong>Intre 355,1 lei &#8211; 425 lei<\/strong><\/td>\n<td style=\"text-align: center;\" width=\"323\"><strong>40%<\/strong><\/td>\n<td style=\"text-align: center;\" width=\"401\"><strong>50%<\/strong><\/td>\n<\/tr>\n<tr>\n<td style=\"text-align: center;\" width=\"342\"><strong>Intre 425,1 lei &#8211; 480 lei<\/strong><\/td>\n<td style=\"text-align: center;\" width=\"323\"><strong>30%<\/strong><\/td>\n<td style=\"text-align: center;\" width=\"401\"><strong>40%<\/strong><\/td>\n<\/tr>\n<tr>\n<td style=\"text-align: center;\" width=\"342\"><strong>Intre 480,1 lei &#8211; 540 lei<\/strong><\/td>\n<td style=\"text-align: center;\" width=\"323\"><strong>20%<\/strong><\/td>\n<td style=\"text-align: center;\" width=\"401\"><strong>30%<\/strong><\/td>\n<\/tr>\n<tr>\n<td style=\"text-align: center;\" width=\"342\"><strong>Intre 540,1 lei &#8211; 615 lei<\/strong><\/td>\n<td style=\"text-align: center;\" width=\"323\"><strong>10%<\/strong><\/td>\n<td style=\"text-align: center;\" width=\"401\"><strong>20%<\/strong><\/td>\n<\/tr>\n<tr>\n<td style=\"text-align: center;\" width=\"342\"><strong>Intre 615,1 lei &#8211; 786 lei<\/strong><\/td>\n<td style=\"text-align: center;\" width=\"323\"><strong>5%<\/strong><\/td>\n<td style=\"text-align: center;\" width=\"401\"><strong>15%<\/strong><\/td>\n<\/tr>\n<tr>\n<td style=\"text-align: center;\" width=\"342\"><strong>\u00centre 786,1 lei &#8211; 1.082 lei numai pentru persoan\u0103 singur\u0103<\/strong><\/td>\n<td style=\"text-align: center;\" width=\"323\"><strong>0<\/strong><\/td>\n<td style=\"text-align: center;\" width=\"401\"><strong>10%<\/strong><\/td>\n<\/tr>\n<\/tbody>\n<\/table>\n<p>&nbsp;<\/p>\n<p>\u00cen cazul <span style=\"text-decoration: underline;\"><strong>persoanelor singure<\/strong><\/span> , care utilizeaza pentru incalzirea locuintei <strong>energie termic\u0103<\/strong> furnizata in sistem centralizat, si care au venituri pe membru de familie cuprinse <strong>786.1 lei \u2013 1082 lei beneficiaz\u0103 de o compensare procentual\u0103 de 10%.<\/strong><\/p>\n<p>&nbsp;<\/p>\n<p>Pentru familiile si persoanele singure care utilizeaza pentru incalzirea locuintei <strong>gaze naturale<\/strong>, <strong>lemne, c\u0103rbuni, combustibili petrolieri<\/strong>, plafonul maxim de venituri este de <strong>615 lei\/ membru de familie, <\/strong>cuantumul ajutorului stabilindu-se \u00een func\u0163ie de acest venit, conform tabelului de mai jos:<\/p>\n<table style=\"height: 353px;\" width=\"803\">\n<tbody>\n<tr>\n<td style=\"text-align: center;\" width=\"342\"><strong>\u00a0<\/strong><strong>Venit net mediu lunar pe membru de familie \u2013 \u00een lei<\/strong><\/td>\n<td width=\"323\">\n<p style=\"text-align: center;\"><strong>Cuantum &#8211; \u00een lei<\/strong><\/p>\n<p style=\"text-align: center;\"><strong>Ajutor pentru gaze naturale <\/strong><strong> buget stat<\/strong><\/p>\n<p><strong>\u00a0<\/strong><\/td>\n<td style=\"text-align: center;\" width=\"400\"><strong>Cuantum &#8211; \u00een lei<\/strong><strong>Ajutor pentru combustibili solizi sau petrolieri<\/strong><strong>Buget stat<\/strong><\/td>\n<\/tr>\n<tr>\n<td style=\"text-align: center;\" width=\"342\"><strong>P\u00e2n\u0103 la 155 lei<\/strong><\/td>\n<td style=\"text-align: center;\" width=\"323\"><strong>262<\/strong><\/td>\n<td style=\"text-align: center;\" width=\"400\"><strong>54<\/strong><\/td>\n<\/tr>\n<tr>\n<td style=\"text-align: center;\" width=\"342\"><strong>Intre 155,1\u00a0\u00a0 &#8211; 210 <\/strong><\/td>\n<td style=\"text-align: center;\" width=\"323\"><strong>190<\/strong><\/td>\n<td style=\"text-align: center;\" width=\"400\"><strong>48<\/strong><\/td>\n<\/tr>\n<tr>\n<td style=\"text-align: center;\" width=\"342\"><strong>Intre 210,1 &#8211; 260 <\/strong><\/td>\n<td style=\"text-align: center;\" width=\"323\"><strong>150<\/strong><\/td>\n<td style=\"text-align: center;\" width=\"400\"><strong>44<\/strong><\/td>\n<\/tr>\n<tr>\n<td style=\"text-align: center;\" width=\"342\"><strong>Intre 260,1\u00a0\u00a0 &#8211; 310 <\/strong><\/td>\n<td style=\"text-align: center;\" width=\"323\"><strong>120<\/strong><\/td>\n<td style=\"text-align: center;\" width=\"400\"><strong>39<\/strong><\/td>\n<\/tr>\n<tr>\n<td style=\"text-align: center;\" width=\"342\"><strong>Intre 310,1\u00a0\u00a0 &#8211; 355 <\/strong><\/td>\n<td style=\"text-align: center;\" width=\"323\"><strong>90<\/strong><\/td>\n<td style=\"text-align: center;\" width=\"400\"><strong>34<\/strong><\/td>\n<\/tr>\n<tr>\n<td style=\"text-align: center;\" width=\"342\"><strong>Intre 355,1\u00a0\u00a0 &#8211; 425 <\/strong><\/td>\n<td style=\"text-align: center;\" width=\"323\"><strong>70<\/strong><\/td>\n<td style=\"text-align: center;\" width=\"400\"><strong>30<\/strong><\/td>\n<\/tr>\n<tr>\n<td style=\"text-align: center;\" width=\"342\"><strong>Intre 425,1\u00a0\u00a0 &#8211; 480 <\/strong><\/td>\n<td style=\"text-align: center;\" width=\"323\"><strong>45<\/strong><\/td>\n<td style=\"text-align: center;\" width=\"400\"><strong>26<\/strong><\/td>\n<\/tr>\n<tr>\n<td style=\"text-align: center;\" width=\"342\"><strong>Intre 480,1\u00a0\u00a0 &#8211; 540 <\/strong><\/td>\n<td style=\"text-align: center;\" width=\"323\"><strong>35<\/strong><\/td>\n<td style=\"text-align: center;\" width=\"400\"><strong>20<\/strong><\/td>\n<\/tr>\n<tr>\n<td style=\"text-align: center;\" width=\"342\"><strong>Intre 540,1\u00a0\u00a0 &#8211; 615 <\/strong><\/td>\n<td style=\"text-align: center;\" width=\"323\"><strong>20<\/strong><\/td>\n<td style=\"text-align: center;\" width=\"400\"><strong>16<\/strong><\/td>\n<\/tr>\n<\/tbody>\n<\/table>\n<p>&nbsp;<\/p>\n<p>Pentru familiile \u015fi persoanele singure <strong><em>beneficiare ale ajutorului social<\/em><\/strong> stabilit potrivit prevederilor Legii nr. 416\/2001 privind venitul minim garantat, cu modific\u0103rile \u015fi complet\u0103rile ulterioare, <strong>ajutorul pentru combustibili solizi (lemne, c\u0103rbuni) sau petrolieri este de <em>58 lei.<\/em> <\/strong><\/p>\n<p>Pentru familiile si persoanele singure care utilizeaza pentru incalzirea locuintei <strong>energie electric\u0103<\/strong>, plafonul maxim de venituri este de <strong>615 lei\/ membru de familie, <\/strong>cuantumul ajutorului stabilindu-se \u00een func\u0163ie de acest venit, conform tabelului de mai jos:<\/p>\n<p>&nbsp;<\/p>\n<table style=\"height: 252px;\" width=\"462\">\n<tbody>\n<tr>\n<td style=\"text-align: center;\" width=\"197\"><strong>Limite venituri <\/strong><strong>(lei)<\/strong><\/td>\n<td style=\"text-align: center;\" width=\"390\"><strong>Cuantum (lei)<\/strong><\/td>\n<\/tr>\n<tr>\n<td style=\"text-align: center;\" width=\"197\"><strong>P\u00e2n\u0103 la 155<\/strong><\/td>\n<td style=\"text-align: center;\" width=\"390\"><strong>240<\/strong><\/td>\n<\/tr>\n<tr>\n<td style=\"text-align: center;\" width=\"197\"><strong>155,1-210<\/strong><\/td>\n<td style=\"text-align: center;\" width=\"390\"><strong>216<\/strong><\/td>\n<\/tr>\n<tr>\n<td style=\"text-align: center;\" width=\"197\"><strong>210,1-260<\/strong><\/td>\n<td style=\"text-align: center;\" width=\"390\"><strong>192<\/strong><\/td>\n<\/tr>\n<tr>\n<td style=\"text-align: center;\" width=\"197\"><strong>260,1-310<\/strong><\/td>\n<td style=\"text-align: center;\" width=\"390\"><strong>168<\/strong><\/td>\n<\/tr>\n<tr>\n<td style=\"text-align: center;\" width=\"197\"><strong>310,1-355<\/strong><\/td>\n<td style=\"text-align: center;\" width=\"390\"><strong>144<\/strong><\/td>\n<\/tr>\n<tr>\n<td style=\"text-align: center;\" width=\"197\"><strong>355,1-425<\/strong><\/td>\n<td style=\"text-align: center;\" width=\"390\"><strong>120<\/strong><\/td>\n<\/tr>\n<tr>\n<td style=\"text-align: center;\" width=\"197\"><strong>425,1-480<\/strong><\/td>\n<td style=\"text-align: center;\" width=\"390\"><strong>96<\/strong><\/td>\n<\/tr>\n<tr>\n<td style=\"text-align: center;\" width=\"197\"><strong>480,1-540<\/strong><\/td>\n<td style=\"text-align: center;\" width=\"390\"><strong>72<\/strong><\/td>\n<\/tr>\n<tr>\n<td style=\"text-align: center;\" width=\"197\"><strong>540,1-615<\/strong><\/td>\n<td style=\"text-align: center;\" width=\"390\"><strong>48<\/strong><\/td>\n<\/tr>\n<\/tbody>\n<\/table>\n<p>&nbsp;<\/p>\n<p><strong>\u00a0<\/strong><\/p>\n<p>Acordarea ajutorului de \u00eenc\u0103lzire a locuin\u0163ei estei conditionat\u0103 at\u00e2t de nivelul veniturilor din <strong>luna anterioar\u0103 depunerii cererii<\/strong> , c\u00e2t \u015fi de de\u0163inerea \u00een proprietate a unor <span style=\"text-decoration: underline;\"><strong>bunuri mobile sau imobile<\/strong><\/span>, prev\u0103zute \u00een Anexa nr.4 la H.G.nr.778\/.2013. Astfel, dac\u0103 un membru al familiei sau persoana singur\u0103 <span style=\"text-decoration: underline;\"><strong>are \u00een proprietate cel pu\u0163in unul dintre bunurile cuprinse<\/strong> \u00een anexa nr.4 la H.G. nr. 778\/.2013, <strong>nu beneficiaz\u0103<\/strong> de ajutor <strong>pentru \u00eenc\u0103lzirea locuin\u0163ei toat\u0103 familia<\/strong>.<\/span><\/p>\n<p><strong>Proprietarul a dou\u0103 sau mai multe apartamente\/cl\u0103diri cu destina\u0163ie de locuin\u0163\u0103 nu va putea beneficia de ajutorul pentru \u00eenc\u0103lzirea locuin\u0163ei<\/strong><strong>.<\/strong><\/p>\n<p>\u00cen acest sens, pentru to\u0163i solicitan\u0163ii ajutorului de \u00eenc\u0103lzire, <strong><em>se vor face verific\u0103ri cu privire la bunurile mobile sau imobile pe care le de\u0163in \u015fi care se afl\u0103 \u00een eviden\u0163ele fiscale.<\/em> <\/strong><\/p>\n<p><span style=\"text-decoration: underline;\">\u00a0<\/span><\/p>\n<p><span style=\"text-decoration: underline;\"><strong>Declararea unui num\u0103r mai mare de membri de familie sau a unor venituri mai mici dec\u00e2t cele reale, in scopul v\u0103dit de a ob\u0163ine foloase materiale necuvenite, constituie infrac\u0163iune de fals, uz de fals sau \u00een\u015fel\u0103ciune, dup\u0103 caz, si se pedepse\u015fte potrivit dispozi\u0163iilor Codului Penal.<\/strong><\/span><\/p>\n<p><strong>Titularii ajutoarelor pentru \u00eenc\u0103lzirea locuin\u0163ei sunt obliga\u0163i s\u0103 comunice primarului, prin depunerea unei noi cereri-declara\u0163ii pe propria r\u0103spundere, orice modificare intervenit\u0103 \u00een componen\u0163a familiei \u015fi a veniturilor acesteia, <span style=\"text-decoration: underline;\">\u00een termen de 5 zile de la data modific\u0103rii<\/span>.<\/strong><\/p>\n<p>&nbsp;<\/p>\n<p>&nbsp;<\/p>\n<p>&nbsp;<\/p>\n<p>&nbsp;<\/p>\n<p>&nbsp;<\/p>\n","protected":false},"excerpt":{"rendered":"<p>ANUN\u0162 PRIVIND ACORDAREA AJUTORULUI DE \u00ceNC\u0102LZIRE A LOCUIN\u0162EI CU ENERGIE TERMIC\u0102 \u00a0FURNIZAT\u0102 \u00ceN SISTEM CENTRALIZAT, GAZE NATURALE ENERGIE ELECTRICA \u015eI LEMNE, C\u0102RBUNI, COMBUSTIBILI \u00a0PETROLIERI PENTRU SEZONUL RECE NOIEMBRIE 2015-MARTIE 2016 \u00a0 \u00a0 \u00cencep\u00e2nd cu data de 05.10.2015, a demarat ac\u0163iunea<\/p>\n","protected":false},"author":1,"featured_media":0,"parent":0,"menu_order":0,"comment_status":"open","ping_status":"closed","template":"","meta":{"footnotes":""},"class_list":["post-729","page","type-page","status-publish","hentry"],"translation":{"provider":"WPGlobus","version":"3.0.0","language":"fr","enabled_languages":["en","es","de","fr","ru"],"languages":{"en":{"title":true,"content":true,"excerpt":false},"es":{"title":false,"content":false,"excerpt":false},"de":{"title":false,"content":false,"excerpt":false},"fr":{"title":false,"content":false,"excerpt":false},"ru":{"title":false,"content":false,"excerpt":false}}},"_links":{"self":[{"href":"https:\/\/www.dasp.ro\/fr\/wp-json\/wp\/v2\/pages\/729","targetHints":{"allow":["GET"]}}],"collection":[{"href":"https:\/\/www.dasp.ro\/fr\/wp-json\/wp\/v2\/pages"}],"about":[{"href":"https:\/\/www.dasp.ro\/fr\/wp-json\/wp\/v2\/types\/page"}],"author":[{"embeddable":true,"href":"https:\/\/www.dasp.ro\/fr\/wp-json\/wp\/v2\/users\/1"}],"replies":[{"embeddable":true,"href":"https:\/\/www.dasp.ro\/fr\/wp-json\/wp\/v2\/comments?post=729"}],"version-history":[{"count":6,"href":"https:\/\/www.dasp.ro\/fr\/wp-json\/wp\/v2\/pages\/729\/revisions"}],"predecessor-version":[{"id":742,"href":"https:\/\/www.dasp.ro\/fr\/wp-json\/wp\/v2\/pages\/729\/revisions\/742"}],"wp:attachment":[{"href":"https:\/\/www.dasp.ro\/fr\/wp-json\/wp\/v2\/media?parent=729"}],"curies":[{"name":"wp","href":"https:\/\/api.w.org\/{rel}","templated":true}]}}