{"id":7432,"date":"2023-01-23T12:46:01","date_gmt":"2023-01-23T10:46:01","guid":{"rendered":"https:\/\/www.dasp.ro\/?page_id=7432"},"modified":"2026-01-19T09:45:52","modified_gmt":"2026-01-19T07:45:52","slug":"acte-necesare-pentru-serviciul-de-protectie-a-copilului-si-autoritate-tutelara-2","status":"publish","type":"page","link":"https:\/\/www.dasp.ro\/fr\/acte-necesare-pentru-serviciul-de-protectie-a-copilului-si-autoritate-tutelara-2\/","title":{"rendered":"Acte necesare pentru serviciul de protec\u0163ie a copilului \u015fi autoritate tutelar\u0103"},"content":{"rendered":"\n<p><a href=\"https:\/\/www.dasp.ro\/wp-content\/uploads\/2026\/01\/Dare-de-seama-2025.pdf\" data-type=\"attachment\" data-id=\"10125\">Dare de seama<\/a><\/p>\n\n\n\n<p><a href=\"https:\/\/www.dasp.ro\/wp-content\/uploads\/2023\/01\/img20230120_11185743.pdf\">Declaratie numire curator minor<\/a><\/p>\n\n\n\n<p><a href=\"https:\/\/www.dasp.ro\/wp-content\/uploads\/2014\/12\/Formular-privind-efectuarea-unei-anchete-sociale-Bani-de-liceu.pdf\">Formular privind efectuarea unei anchete sociale-Bani de liceu<\/a><\/p>\n\n\n\n<p><a href=\"https:\/\/www.dasp.ro\/wp-content\/uploads\/2023\/11\/Acte-necesare-bursa-sociala-STUDENTI.pdf\">Acte necesare pt bursa sociala-STUDENTI<\/a><\/p>\n\n\n\n<p><a href=\"https:\/\/www.dasp.ro\/wp-content\/uploads\/2025\/07\/NOTIFICARE-STRAINATATE.docx\">Notificare Strainatate<\/a><\/p>\n\n\n\n<p><\/p>\n","protected":false},"excerpt":{"rendered":"<p>Dare de seama Declaratie numire curator minor Formular privind efectuarea unei anchete sociale-Bani de liceu Acte necesare pt bursa sociala-STUDENTI Notificare Strainatate<\/p>\n","protected":false},"author":1,"featured_media":0,"parent":0,"menu_order":0,"comment_status":"closed","ping_status":"closed","template":"","meta":{"footnotes":""},"class_list":["post-7432","page","type-page","status-publish","hentry"],"translation":{"provider":"WPGlobus","version":"3.0.0","language":"fr","enabled_languages":["en","es","de","fr","ru"],"languages":{"en":{"title":true,"content":true,"excerpt":false},"es":{"title":false,"content":false,"excerpt":false},"de":{"title":false,"content":false,"excerpt":false},"fr":{"title":false,"content":false,"excerpt":false},"ru":{"title":false,"content":false,"excerpt":false}}},"_links":{"self":[{"href":"https:\/\/www.dasp.ro\/fr\/wp-json\/wp\/v2\/pages\/7432","targetHints":{"allow":["GET"]}}],"collection":[{"href":"https:\/\/www.dasp.ro\/fr\/wp-json\/wp\/v2\/pages"}],"about":[{"href":"https:\/\/www.dasp.ro\/fr\/wp-json\/wp\/v2\/types\/page"}],"author":[{"embeddable":true,"href":"https:\/\/www.dasp.ro\/fr\/wp-json\/wp\/v2\/users\/1"}],"replies":[{"embeddable":true,"href":"https:\/\/www.dasp.ro\/fr\/wp-json\/wp\/v2\/comments?post=7432"}],"version-history":[{"count":9,"href":"https:\/\/www.dasp.ro\/fr\/wp-json\/wp\/v2\/pages\/7432\/revisions"}],"predecessor-version":[{"id":10126,"href":"https:\/\/www.dasp.ro\/fr\/wp-json\/wp\/v2\/pages\/7432\/revisions\/10126"}],"wp:attachment":[{"href":"https:\/\/www.dasp.ro\/fr\/wp-json\/wp\/v2\/media?parent=7432"}],"curies":[{"name":"wp","href":"https:\/\/api.w.org\/{rel}","templated":true}]}}