{"id":9460,"date":"2025-07-14T15:38:24","date_gmt":"2025-07-14T12:38:24","guid":{"rendered":"https:\/\/www.dasp.ro\/?page_id=9460"},"modified":"2025-09-25T16:15:06","modified_gmt":"2025-09-25T13:15:06","slug":"avertizorul-in-interes-public","status":"publish","type":"page","link":"https:\/\/www.dasp.ro\/fr\/avertizorul-in-interes-public\/","title":{"rendered":"Mecanismul de raportare a \u00eenc\u0103lc\u0103rilor legii"},"content":{"rendered":"\n<p><a href=\"https:\/\/www.dasp.ro\/wp-content\/uploads\/2025\/07\/INFORMARE-AVERTIZOR-DE-INTEGRITATE.pdf\">INFORMARE AVERTIZOR DE INTEGRITATE<\/a><\/p>\n\n\n\n<p><\/p>\n\n\n\n<p><\/p>\n\n\n\n<p><\/p>\n","protected":false},"excerpt":{"rendered":"<p>INFORMARE AVERTIZOR DE INTEGRITATE<\/p>\n","protected":false},"author":1,"featured_media":0,"parent":0,"menu_order":0,"comment_status":"closed","ping_status":"closed","template":"","meta":{"footnotes":""},"class_list":["post-9460","page","type-page","status-publish","hentry"],"translation":{"provider":"WPGlobus","version":"3.0.0","language":"fr","enabled_languages":["en","es","de","fr","ru"],"languages":{"en":{"title":true,"content":true,"excerpt":false},"es":{"title":false,"content":false,"excerpt":false},"de":{"title":false,"content":false,"excerpt":false},"fr":{"title":false,"content":false,"excerpt":false},"ru":{"title":false,"content":false,"excerpt":false}}},"_links":{"self":[{"href":"https:\/\/www.dasp.ro\/fr\/wp-json\/wp\/v2\/pages\/9460","targetHints":{"allow":["GET"]}}],"collection":[{"href":"https:\/\/www.dasp.ro\/fr\/wp-json\/wp\/v2\/pages"}],"about":[{"href":"https:\/\/www.dasp.ro\/fr\/wp-json\/wp\/v2\/types\/page"}],"author":[{"embeddable":true,"href":"https:\/\/www.dasp.ro\/fr\/wp-json\/wp\/v2\/users\/1"}],"replies":[{"embeddable":true,"href":"https:\/\/www.dasp.ro\/fr\/wp-json\/wp\/v2\/comments?post=9460"}],"version-history":[{"count":6,"href":"https:\/\/www.dasp.ro\/fr\/wp-json\/wp\/v2\/pages\/9460\/revisions"}],"predecessor-version":[{"id":9993,"href":"https:\/\/www.dasp.ro\/fr\/wp-json\/wp\/v2\/pages\/9460\/revisions\/9993"}],"wp:attachment":[{"href":"https:\/\/www.dasp.ro\/fr\/wp-json\/wp\/v2\/media?parent=9460"}],"curies":[{"name":"wp","href":"https:\/\/api.w.org\/{rel}","templated":true}]}}