{"id":97,"date":"2014-12-07T01:42:15","date_gmt":"2014-12-06T23:42:15","guid":{"rendered":"http:\/\/www.dasp.ro\/?page_id=97"},"modified":"2025-04-24T11:56:13","modified_gmt":"2025-04-24T08:56:13","slug":"contacteaza-ne","status":"publish","type":"page","link":"https:\/\/www.dasp.ro\/fr\/contacteaza-ne\/","title":{"rendered":"Contacteaz\u0103-ne"},"content":{"rendered":"<p class=\"v1msonormal\" style=\"text-align: center; background: white; margin: 0in 0in 5.0pt 35.45pt;\" align=\"center\"><span style=\"font-family: 'Arial','sans-serif'; color: #2c363a;\">\u00a0<\/span><\/p>\n<p class=\"v1msonormal\" style=\"margin-top: 0in; text-indent: 0.5in; background: white; text-align: left;\" align=\"center\"><span style=\"font-family: 'Arial','sans-serif'; color: #2c363a;\">DATE DE CONTACT:<\/span><\/p>\n<p class=\"v1msonormal\" style=\"margin-top: 0in; text-indent: 0.5in; background: white; text-align: left;\" align=\"center\"><span style=\"font-family: 'Arial','sans-serif'; color: #2c363a;\">Direc\u021bia de Asisten\u021b\u0103 Social\u0103 a Municipiului Pite\u0219ti<\/span><\/p>\n<p class=\"v1msonormal\" style=\"margin-top: 0in; text-indent: 0.5in; background: white; text-align: left;\" align=\"center\"><span style=\"font-family: 'Arial','sans-serif'; color: #2c363a;\">Adresa: Bulevardul Republicii nr. 117B, bl. D5B, parter\u00a0, Cod po\u015ftal: 110195<\/span><\/p>\n<p class=\"v1msonormal\" style=\"margin-top: 0in; text-indent: 0.5in; background: white; text-align: left;\" align=\"center\"><a href=\"mailto:dasp@dasp.ro\"><span style=\"font-family: 'Arial','sans-serif';\">E-mail: dasp@dasp.ro<\/span><\/a><\/p>\n<p class=\"v1msonormal\" style=\"margin-top: 0in; text-indent: 0.5in; background: white; text-align: left;\" align=\"center\"><span style=\"font-family: 'Arial','sans-serif'; color: #2c363a;\">Tel: 0372030420\u00a0\u00a0Fax: 0372030421<\/span><\/p>\n<p class=\"v1msonormal\" style=\"margin-top: 0in; text-indent: 0.5in; background: white; text-align: left;\"><span style=\"font-family: 'Arial','sans-serif'; color: #2c363a;\">\u00a0<\/span><\/p>\n<p><strong>Program de lucru cu publicul<\/strong><\/p>\n<p>LUNI\u00a0 \u00a0 \u00a0 \u00a0 \u00a0 \u00a0 \u00a0 \u00a0 \u00a0 8.30 \u201312.30; 13.00\u00a0\u00a0\u2013 15.30<\/p>\n<p>MARTI\u00a0 \u00a0 \u00a0 \u00a0 \u00a0 \u00a0 \u00a0 \u00a08.30 \u201312.30; 13.00\u00a0\u00a0\u2013 15.30<\/p>\n<p>MIERCURI\u00a0 \u00a0 \u00a0 \u00a0 8.30 \u201312.30; 13.00\u00a0\u00a0\u2013 15.30<\/p>\n<p>JOI\u00a0 \u00a0 \u00a0 \u00a0 \u00a0 \u00a0 \u00a0 \u00a0 \u00a0 \u00a0 \u00a08.30 \u201312.30; 13.00\u00a0\u00a0\u2013 18.00<\/p>\n<p>VINERI\u00a0 \u00a0 \u00a0 \u00a0 \u00a0 \u00a0 \u00a0 8.30 \u2013 12.30<\/p>\n<p><strong>Program de audien\u021be<\/strong><\/p>\n<p>MIERCURI\u00a0 \u00a0 \u00a0 \u00a0 \u00a0 09.00- 11.00<\/p>\n<p class=\"v1msonormal\" style=\"margin-top: 0in; text-align: justify; text-indent: .5in; background: white;\"><span style=\"font-family: 'Arial','sans-serif'; color: #2c363a;\">Sesiz\u0103rile, reclama\u021biile sau peti\u021biile se pot depune folosind Formularul de contact de mai jos, care poate fi completat inclusiv de c\u0103tre persoanele cu dizabilit\u0103\u021bi prin utilizarea instrumentelor de accesibilizare din partea st\u00e2ng\u0103 a paginii de internet a institu\u021biei.<\/span><\/p>\n\n<div class=\"wpcf7 no-js\" id=\"wpcf7-f93-o1\" lang=\"ro-RO\" dir=\"ltr\" data-wpcf7-id=\"93\">\n<div class=\"screen-reader-response\"><p role=\"status\" aria-live=\"polite\" aria-atomic=\"true\"><\/p> <ul><\/ul><\/div>\n<form action=\"\/fr\/wp-json\/wp\/v2\/pages\/97#wpcf7-f93-o1\" method=\"post\" class=\"wpcf7-form init\" aria-label=\"Contact form\" novalidate=\"novalidate\" data-status=\"init\">\n<div style=\"display: none;\">\n<input type=\"hidden\" name=\"_wpcf7\" value=\"93\" \/>\n<input type=\"hidden\" name=\"_wpcf7_version\" value=\"6.0.6\" \/>\n<input type=\"hidden\" name=\"_wpcf7_locale\" value=\"ro_RO\" \/>\n<input type=\"hidden\" name=\"_wpcf7_unit_tag\" value=\"wpcf7-f93-o1\" \/>\n<input type=\"hidden\" name=\"_wpcf7_container_post\" value=\"0\" \/>\n<input type=\"hidden\" name=\"_wpcf7_posted_data_hash\" value=\"\" \/>\n<input type=\"hidden\" name=\"_wpcf7_recaptcha_response\" value=\"\" \/>\n<\/div>\n<lable>Numele (obligatoriu)\n\t<p><span class=\"wpcf7-form-control-wrap\" data-name=\"your-name\"><input size=\"40\" maxlength=\"400\" class=\"wpcf7-form-control wpcf7-text wpcf7-validates-as-required\" aria-required=\"true\" aria-invalid=\"false\" value=\"\" type=\"text\" name=\"your-name\" \/><\/span>\n\t<\/p>\n<\/lable>\n<lable>Adresa de email (obligatoriu)\n\t<p><span class=\"wpcf7-form-control-wrap\" data-name=\"your-email\"><input size=\"40\" maxlength=\"400\" class=\"wpcf7-form-control wpcf7-email wpcf7-validates-as-required wpcf7-text wpcf7-validates-as-email\" aria-required=\"true\" aria-invalid=\"false\" value=\"\" type=\"email\" name=\"your-email\" \/><\/span>\n\t<\/p>\n<\/lable>\n<lable>Subiectul\n\t<p><span class=\"wpcf7-form-control-wrap\" data-name=\"your-subject\"><input size=\"40\" maxlength=\"400\" class=\"wpcf7-form-control wpcf7-text\" aria-invalid=\"false\" value=\"\" type=\"text\" name=\"your-subject\" \/><\/span>\n\t<\/p>\n<\/lable>\n<lable>Mesaj\n\t<p><span class=\"wpcf7-form-control-wrap\" data-name=\"your-message\"><textarea cols=\"40\" rows=\"10\" maxlength=\"2000\" class=\"wpcf7-form-control wpcf7-textarea\" aria-invalid=\"false\" name=\"your-message\"><\/textarea><\/span>\n\t<\/p>\n<\/lable>\n<span class=\"wpcf7-form-control-wrap recaptcha\" data-name=\"recaptcha\"><span data-sitekey=\"6LeuCI4aAAAAAHtIS19m99BLCKMdMFg3AJ2NqXAX\" class=\"wpcf7-form-control wpcf7-recaptcha g-recaptcha\"><\/span>\r\n<noscript>\r\n\t<div class=\"grecaptcha-noscript\">\r\n\t\t<iframe src=\"https:\/\/www.google.com\/recaptcha\/api\/fallback?k=6LeuCI4aAAAAAHtIS19m99BLCKMdMFg3AJ2NqXAX\" frameborder=\"0\" scrolling=\"no\" width=\"310\" height=\"430\">\r\n\t\t<\/iframe>\r\n\t\t<textarea name=\"g-recaptcha-response\" rows=\"3\" cols=\"40\" placeholder=\"reCaptcha Response Here\">\r\n\t\t<\/textarea>\r\n\t<\/div>\r\n<\/noscript>\r\n<\/span>\n<p><span class=\"wpcf7-form-control-wrap\" data-name=\"checkbox-654\"><span class=\"wpcf7-form-control wpcf7-checkbox wpcf7-validates-as-required\"><span class=\"wpcf7-list-item first last\"><label><input type=\"checkbox\" name=\"checkbox-654[]\" value=\"Prin trimiterea formularului sunte\u021bi de acord cu prelucrarea datelor cu caracter personal de c\u0103tre Direc\u021bia de Asisten\u021b\u0103 Social\u0103 a Municipiului Pite\u0219ti cu sediul \u00een Pite\u0219ti, Bulevardul Republicii, nr.117B, \u00een scopul transmiterii unui r\u0103spuns la solicitare. Transmiterea datelor este voluntar\u0103, cu toate acestea, lipsa consim\u021b\u0103m\u00e2ntului va face imposibil\u0103 transmiterea unui r\u0103spuns la \u00eentrebarea dumneavoastr\u0103. Mai multe informatii legate de prelucrarea datelor g\u0103si\u021bi \u00een sec\u021biunea \u201eProtec\u021bia datelor (GDPR)&quot;.\" \/><span class=\"wpcf7-list-item-label\">Prin trimiterea formularului sunte\u021bi de acord cu prelucrarea datelor cu caracter personal de c\u0103tre Direc\u021bia de Asisten\u021b\u0103 Social\u0103 a Municipiului Pite\u0219ti cu sediul \u00een Pite\u0219ti, Bulevardul Republicii, nr.117B, \u00een scopul transmiterii unui r\u0103spuns la solicitare. Transmiterea datelor este voluntar\u0103, cu toate acestea, lipsa consim\u021b\u0103m\u00e2ntului va face imposibil\u0103 transmiterea unui r\u0103spuns la \u00eentrebarea dumneavoastr\u0103. Mai multe informatii legate de prelucrarea datelor g\u0103si\u021bi \u00een sec\u021biunea \u201eProtec\u021bia datelor (GDPR)&quot;.<\/span><\/label><\/span><\/span><\/span>\n<\/p>\n<lable>\n\t<p><input class=\"wpcf7-form-control wpcf7-submit has-spinner\" type=\"submit\" value=\"Trimite\" \/>\n\t<\/p>\n<\/lable><p style=\"display: none !important;\" class=\"akismet-fields-container\" data-prefix=\"_wpcf7_ak_\"><label>&#916;<textarea name=\"_wpcf7_ak_hp_textarea\" cols=\"45\" rows=\"8\" maxlength=\"100\"><\/textarea><\/label><input type=\"hidden\" id=\"ak_js_1\" name=\"_wpcf7_ak_js\" value=\"55\"\/><script>document.getElementById( \"ak_js_1\" ).setAttribute( \"value\", ( new Date() ).getTime() );<\/script><\/p><div class=\"wpcf7-response-output\" aria-hidden=\"true\"><\/div>\n<\/form>\n<\/div>\n\n","protected":false},"excerpt":{"rendered":"<p>\u00a0 DATE DE CONTACT: Direc\u021bia de Asisten\u021b\u0103 Social\u0103 a Municipiului Pite\u0219ti Adresa: Bulevardul Republicii nr. 117B, bl. D5B, parter\u00a0, Cod po\u015ftal: 110195 E-mail: dasp@dasp.ro Tel: 0372030420\u00a0\u00a0Fax: 0372030421 \u00a0 Program de lucru cu publicul LUNI\u00a0 \u00a0 \u00a0 \u00a0 \u00a0 \u00a0 \u00a0<\/p>\n","protected":false},"author":1,"featured_media":357,"parent":0,"menu_order":0,"comment_status":"closed","ping_status":"closed","template":"page-templates\/contact.php","meta":{"footnotes":""},"class_list":["post-97","page","type-page","status-publish","has-post-thumbnail","hentry"],"translation":{"provider":"WPGlobus","version":"3.0.0","language":"fr","enabled_languages":["en","es","de","fr","ru"],"languages":{"en":{"title":true,"content":true,"excerpt":false},"es":{"title":false,"content":false,"excerpt":false},"de":{"title":false,"content":false,"excerpt":false},"fr":{"title":false,"content":false,"excerpt":false},"ru":{"title":false,"content":false,"excerpt":false}}},"_links":{"self":[{"href":"https:\/\/www.dasp.ro\/fr\/wp-json\/wp\/v2\/pages\/97","targetHints":{"allow":["GET"]}}],"collection":[{"href":"https:\/\/www.dasp.ro\/fr\/wp-json\/wp\/v2\/pages"}],"about":[{"href":"https:\/\/www.dasp.ro\/fr\/wp-json\/wp\/v2\/types\/page"}],"author":[{"embeddable":true,"href":"https:\/\/www.dasp.ro\/fr\/wp-json\/wp\/v2\/users\/1"}],"replies":[{"embeddable":true,"href":"https:\/\/www.dasp.ro\/fr\/wp-json\/wp\/v2\/comments?post=97"}],"version-history":[{"count":16,"href":"https:\/\/www.dasp.ro\/fr\/wp-json\/wp\/v2\/pages\/97\/revisions"}],"predecessor-version":[{"id":9221,"href":"https:\/\/www.dasp.ro\/fr\/wp-json\/wp\/v2\/pages\/97\/revisions\/9221"}],"wp:featuredmedia":[{"embeddable":true,"href":"https:\/\/www.dasp.ro\/fr\/wp-json\/wp\/v2\/media\/357"}],"wp:attachment":[{"href":"https:\/\/www.dasp.ro\/fr\/wp-json\/wp\/v2\/media?parent=97"}],"curies":[{"name":"wp","href":"https:\/\/api.w.org\/{rel}","templated":true}]}}