{"id":9719,"date":"2025-09-22T11:41:06","date_gmt":"2025-09-22T08:41:06","guid":{"rendered":"https:\/\/www.dasp.ro\/?page_id=9719"},"modified":"2026-01-12T10:55:35","modified_gmt":"2026-01-12T08:55:35","slug":"raport-narativ-referitor-la-stadiul-implementarii-masurilor-prevazute-in-sna","status":"publish","type":"page","link":"https:\/\/www.dasp.ro\/fr\/raport-narativ-referitor-la-stadiul-implementarii-masurilor-prevazute-in-sna\/","title":{"rendered":"Raport narativ referitor la stadiul implement\u0103rii m\u0103surilor prev\u0103zute \u00een SNA"},"content":{"rendered":"\n<p><a href=\"https:\/\/www.dasp.ro\/wp-content\/uploads\/2026\/01\/Raport-SNA-2025.pdf\" data-type=\"attachment\" data-id=\"10113\">Raport privind stadiul implementarii masurilor prevazute in SNA 2021-2025-AN 2025<\/a><\/p>\n\n\n\n<p><a href=\"https:\/\/www.dasp.ro\/wp-content\/uploads\/2025\/09\/Raport-privind-stadiul-implemantarii-masurilor-prevazute-in-SNA-2021-2025.pdf\">Raport privind stadiul implementarii masurilor prevazute in SNA 2021-2025-AN 2024<\/a><\/p>\n\n\n\n<p><\/p>\n\n\n\n<p><\/p>\n","protected":false},"excerpt":{"rendered":"<p>Raport privind stadiul implementarii masurilor prevazute in SNA 2021-2025-AN 2025 Raport privind stadiul implementarii masurilor prevazute in SNA 2021-2025-AN 2024<\/p>\n","protected":false},"author":341,"featured_media":0,"parent":0,"menu_order":0,"comment_status":"closed","ping_status":"closed","template":"","meta":{"footnotes":""},"class_list":["post-9719","page","type-page","status-publish","hentry"],"translation":{"provider":"WPGlobus","version":"3.0.0","language":"fr","enabled_languages":["en","es","de","fr","ru"],"languages":{"en":{"title":true,"content":true,"excerpt":false},"es":{"title":false,"content":false,"excerpt":false},"de":{"title":false,"content":false,"excerpt":false},"fr":{"title":false,"content":false,"excerpt":false},"ru":{"title":false,"content":false,"excerpt":false}}},"_links":{"self":[{"href":"https:\/\/www.dasp.ro\/fr\/wp-json\/wp\/v2\/pages\/9719","targetHints":{"allow":["GET"]}}],"collection":[{"href":"https:\/\/www.dasp.ro\/fr\/wp-json\/wp\/v2\/pages"}],"about":[{"href":"https:\/\/www.dasp.ro\/fr\/wp-json\/wp\/v2\/types\/page"}],"author":[{"embeddable":true,"href":"https:\/\/www.dasp.ro\/fr\/wp-json\/wp\/v2\/users\/341"}],"replies":[{"embeddable":true,"href":"https:\/\/www.dasp.ro\/fr\/wp-json\/wp\/v2\/comments?post=9719"}],"version-history":[{"count":4,"href":"https:\/\/www.dasp.ro\/fr\/wp-json\/wp\/v2\/pages\/9719\/revisions"}],"predecessor-version":[{"id":10117,"href":"https:\/\/www.dasp.ro\/fr\/wp-json\/wp\/v2\/pages\/9719\/revisions\/10117"}],"wp:attachment":[{"href":"https:\/\/www.dasp.ro\/fr\/wp-json\/wp\/v2\/media?parent=9719"}],"curies":[{"name":"wp","href":"https:\/\/api.w.org\/{rel}","templated":true}]}}