{"id":9788,"date":"2025-09-23T10:23:39","date_gmt":"2025-09-23T07:23:39","guid":{"rendered":"https:\/\/www.dasp.ro\/?page_id=9788"},"modified":"2025-09-23T10:23:41","modified_gmt":"2025-09-23T07:23:41","slug":"formular-pentru-solicitari-in-baza-legii-544-2001","status":"publish","type":"page","link":"https:\/\/www.dasp.ro\/fr\/formular-pentru-solicitari-in-baza-legii-544-2001\/","title":{"rendered":"Formular pentru solicit\u0103ri \u00een baza Legii 544\/2001"},"content":{"rendered":"\n<p>\u00cen conformitate cu prevederile\u00a0din Legea nr. 544 \/ 2001 privind liberul acces la informa\u021biile de interes public, cu modific\u0103rile \u0219i complet\u0103rile ulterioare:<\/p>\n\n\n\n<p><em>\u2013 art. 6 alin. (1) \u201eOrice persoan\u0103 are dreptul s\u0103 solicite \u015fi s\u0103 ob\u0163in\u0103 de la autorit\u0103\u0163ile \u015fi institu\u0163iile publice, \u00een condi\u0163iile prezentei legi, informa\u0163iile de interes public; alin. (2) Autorit\u0103\u0163ile \u015fi institu\u0163iile publice sunt obligate s\u0103 asigure persoanelor, la cererea acestora, informa\u0163iile de interes public solicitate \u00een scris sau verbal;<a>&nbsp;<\/a>alin (3) Solicitarea \u00een scris a informa\u0163iilor de interes public cuprinde urm\u0103toarele elemente:<\/em><\/p>\n\n\n\n<p><em>a)autoritatea sau institu\u0163ia public\u0103 la care se adreseaz\u0103 cererea;<\/em><\/p>\n\n\n\n<p><em>b)informa\u0163ia solicitat\u0103, astfel \u00eenc\u00e2t s\u0103 permit\u0103 autorit\u0103\u0163ii sau institu\u0163iei publice identificarea informa\u0163iei de interes public;<\/em><\/p>\n\n\n\n<p><em>c)numele, prenumele \u015fi semn\u0103tura solicitantului, precum \u015fi adresa la care se solicit\u0103 primirea r\u0103spunsului.'&#8221;<\/em><\/p>\n\n\n\n<p><a href=\"https:\/\/www.dasp.ro\/wp-content\/uploads\/2024\/04\/Cerere-de-informatii-de-interes-public.pdf\">Model Cerere de informatii de interes public<\/a><\/p>\n","protected":false},"excerpt":{"rendered":"<p>\u00cen conformitate cu prevederile\u00a0din Legea nr. 544 \/ 2001 privind liberul acces la informa\u021biile de interes public, cu modific\u0103rile \u0219i complet\u0103rile ulterioare: \u2013 art. 6 alin. (1) \u201eOrice persoan\u0103 are dreptul s\u0103 solicite \u015fi s\u0103 ob\u0163in\u0103 de la autorit\u0103\u0163ile \u015fi<\/p>\n","protected":false},"author":341,"featured_media":0,"parent":0,"menu_order":0,"comment_status":"closed","ping_status":"closed","template":"","meta":{"footnotes":""},"class_list":["post-9788","page","type-page","status-publish","hentry"],"translation":{"provider":"WPGlobus","version":"3.0.0","language":"fr","enabled_languages":["en","es","de","fr","ru"],"languages":{"en":{"title":true,"content":true,"excerpt":false},"es":{"title":false,"content":false,"excerpt":false},"de":{"title":false,"content":false,"excerpt":false},"fr":{"title":false,"content":false,"excerpt":false},"ru":{"title":false,"content":false,"excerpt":false}}},"_links":{"self":[{"href":"https:\/\/www.dasp.ro\/fr\/wp-json\/wp\/v2\/pages\/9788","targetHints":{"allow":["GET"]}}],"collection":[{"href":"https:\/\/www.dasp.ro\/fr\/wp-json\/wp\/v2\/pages"}],"about":[{"href":"https:\/\/www.dasp.ro\/fr\/wp-json\/wp\/v2\/types\/page"}],"author":[{"embeddable":true,"href":"https:\/\/www.dasp.ro\/fr\/wp-json\/wp\/v2\/users\/341"}],"replies":[{"embeddable":true,"href":"https:\/\/www.dasp.ro\/fr\/wp-json\/wp\/v2\/comments?post=9788"}],"version-history":[{"count":1,"href":"https:\/\/www.dasp.ro\/fr\/wp-json\/wp\/v2\/pages\/9788\/revisions"}],"predecessor-version":[{"id":9789,"href":"https:\/\/www.dasp.ro\/fr\/wp-json\/wp\/v2\/pages\/9788\/revisions\/9789"}],"wp:attachment":[{"href":"https:\/\/www.dasp.ro\/fr\/wp-json\/wp\/v2\/media?parent=9788"}],"curies":[{"name":"wp","href":"https:\/\/api.w.org\/{rel}","templated":true}]}}