{"id":3465,"date":"2020-03-11T13:46:19","date_gmt":"2020-03-11T11:46:19","guid":{"rendered":"http:\/\/www.dasp.ro\/?page_id=3465"},"modified":"2020-03-11T13:46:21","modified_gmt":"2020-03-11T11:46:21","slug":"informare-cu-privire-la-activitatea-creselor-din-municipiul-pitesti-11-03-2020","status":"publish","type":"page","link":"https:\/\/www.dasp.ro\/ru\/informare-cu-privire-la-activitatea-creselor-din-municipiul-pitesti-11-03-2020\/","title":{"rendered":"Informare cu privire la activitatea creselor din municipiul Pitesti-11.03.2020"},"content":{"rendered":"\n<p><strong>INFORMARE\nCU PRIVIRE LA ACTIVITATEA CRE\u0218ELOR DIN MUNICIPIUL PITE\u0218TI \u2013 11.03.2020<\/strong><\/p>\n\n\n\n<div style=\"height:100px\" aria-hidden=\"true\" class=\"wp-block-spacer\"><\/div>\n\n\n\n<p>Dragi p\u0103rin\u021bi,<\/p>\n\n\n\n<p>Ca\nm\u0103sur\u0103&nbsp; suplimentar\u0103 de combatere a\nvirusului COVID \u2013 19, \u00een conformitate cu Hot\u0103r\u00e2rea Comitetului Jude\u021bean pentru\nSitua\u021bii de Urgen\u021b\u0103 Arge\u0219, v\u0103 comunic\u0103m c\u0103 <strong>toate<\/strong> <strong>cele 11 cre\u0219e din\ncadrul Centrului de \u00cengrijire \u0219i Educa\u021bie Timpurie Cre\u0219e Pite\u0219ti \u00ee\u0219i vor\nsuspenda activitatea p\u00e2n\u0103 la data de 22 martie 2020, <\/strong>cu posibilitatea de\nprelungire \u00een func\u021bie de evolu\u021bia situa\u021biei.<\/p>\n","protected":false},"excerpt":{"rendered":"<p>INFORMARE CU PRIVIRE LA ACTIVITATEA CRE\u0218ELOR DIN MUNICIPIUL PITE\u0218TI \u2013 11.03.2020 Dragi p\u0103rin\u021bi, Ca m\u0103sur\u0103&nbsp; suplimentar\u0103 de combatere a virusului COVID \u2013 19, \u00een conformitate cu Hot\u0103r\u00e2rea Comitetului Jude\u021bean pentru Situa\u021bii de Urgen\u021b\u0103 Arge\u0219, v\u0103 comunic\u0103m c\u0103 toate cele 11<\/p>\n","protected":false},"author":1,"featured_media":0,"parent":0,"menu_order":0,"comment_status":"closed","ping_status":"closed","template":"","meta":{"footnotes":""},"class_list":["post-3465","page","type-page","status-publish","hentry"],"translation":{"provider":"WPGlobus","version":"3.0.0","language":"ru","enabled_languages":["en","es","de","fr","ru"],"languages":{"en":{"title":true,"content":true,"excerpt":false},"es":{"title":false,"content":false,"excerpt":false},"de":{"title":false,"content":false,"excerpt":false},"fr":{"title":false,"content":false,"excerpt":false},"ru":{"title":false,"content":false,"excerpt":false}}},"_links":{"self":[{"href":"https:\/\/www.dasp.ro\/ru\/wp-json\/wp\/v2\/pages\/3465","targetHints":{"allow":["GET"]}}],"collection":[{"href":"https:\/\/www.dasp.ro\/ru\/wp-json\/wp\/v2\/pages"}],"about":[{"href":"https:\/\/www.dasp.ro\/ru\/wp-json\/wp\/v2\/types\/page"}],"author":[{"embeddable":true,"href":"https:\/\/www.dasp.ro\/ru\/wp-json\/wp\/v2\/users\/1"}],"replies":[{"embeddable":true,"href":"https:\/\/www.dasp.ro\/ru\/wp-json\/wp\/v2\/comments?post=3465"}],"version-history":[{"count":3,"href":"https:\/\/www.dasp.ro\/ru\/wp-json\/wp\/v2\/pages\/3465\/revisions"}],"predecessor-version":[{"id":3468,"href":"https:\/\/www.dasp.ro\/ru\/wp-json\/wp\/v2\/pages\/3465\/revisions\/3468"}],"wp:attachment":[{"href":"https:\/\/www.dasp.ro\/ru\/wp-json\/wp\/v2\/media?parent=3465"}],"curies":[{"name":"wp","href":"https:\/\/api.w.org\/{rel}","templated":true}]}}