{"id":4425,"date":"2021-04-01T11:44:09","date_gmt":"2021-04-01T08:44:09","guid":{"rendered":"http:\/\/www.dasp.ro\/?page_id=4425"},"modified":"2025-09-23T14:21:23","modified_gmt":"2025-09-23T11:21:23","slug":"despre-noi","status":"publish","type":"page","link":"https:\/\/www.dasp.ro\/ru\/despre-noi\/","title":{"rendered":"Despre noi(CRESE)"},"content":{"rendered":"\n<p><strong>Centrul de \u00cengrijire \u0219i Educa\u021bie Timpurie Cre\u0219e Pite\u0219ti (C\u00ceETCP<\/strong>),&nbsp; \u00eenfiin\u021bat prin H.C.L. nr. 95\/ 25.08.2016 ca structur\u0103 a Direc\u021biei de Asisten\u021b\u0103 Social\u0103 a Municipiului Pite\u0219ti, este o institu\u021bie public\u0103 f\u0103r\u0103 personalitate juridic\u0103, specializat\u0103 \u00een servicii cu caracter social, medical, educa\u021bional pentru cre\u0219terea, \u00eengrijirea \u0219i educarea timpurie a copiilor cu v\u00e2rst\u0103 antepre\u0219colar\u0103 \u0219i are in structura sa 11 cre\u0219e. <\/p>\n\n\n\n<p>Misiunea C\u00ceETCP este de a asigura servicii\nintegrate de \u00eengrijire, supraveghere \u0219i educa\u021bie a copiilor de v\u00e2rst\u0103\nantepre\u0219colar\u0103 \u0219i de a dezvolta programe de educa\u021bie timpurie adecvat\u0103 v\u00e2rstei,\nnevoilor, poten\u021bialului de dezvoltare \u0219i particularit\u0103\u021bilor acestora.<\/p>\n\n\n\n<p><\/p>\n","protected":false},"excerpt":{"rendered":"<p>Centrul de \u00cengrijire \u0219i Educa\u021bie Timpurie Cre\u0219e Pite\u0219ti (C\u00ceETCP),&nbsp; \u00eenfiin\u021bat prin H.C.L. nr. 95\/ 25.08.2016 ca structur\u0103 a Direc\u021biei de Asisten\u021b\u0103 Social\u0103 a Municipiului Pite\u0219ti, este o institu\u021bie public\u0103 f\u0103r\u0103 personalitate juridic\u0103, specializat\u0103 \u00een servicii cu caracter social, medical, educa\u021bional<\/p>\n","protected":false},"author":1,"featured_media":0,"parent":0,"menu_order":0,"comment_status":"closed","ping_status":"closed","template":"","meta":{"footnotes":""},"class_list":["post-4425","page","type-page","status-publish","hentry"],"translation":{"provider":"WPGlobus","version":"3.0.0","language":"ru","enabled_languages":["en","es","de","fr","ru"],"languages":{"en":{"title":true,"content":true,"excerpt":false},"es":{"title":false,"content":false,"excerpt":false},"de":{"title":false,"content":false,"excerpt":false},"fr":{"title":false,"content":false,"excerpt":false},"ru":{"title":false,"content":false,"excerpt":false}}},"_links":{"self":[{"href":"https:\/\/www.dasp.ro\/ru\/wp-json\/wp\/v2\/pages\/4425","targetHints":{"allow":["GET"]}}],"collection":[{"href":"https:\/\/www.dasp.ro\/ru\/wp-json\/wp\/v2\/pages"}],"about":[{"href":"https:\/\/www.dasp.ro\/ru\/wp-json\/wp\/v2\/types\/page"}],"author":[{"embeddable":true,"href":"https:\/\/www.dasp.ro\/ru\/wp-json\/wp\/v2\/users\/1"}],"replies":[{"embeddable":true,"href":"https:\/\/www.dasp.ro\/ru\/wp-json\/wp\/v2\/comments?post=4425"}],"version-history":[{"count":4,"href":"https:\/\/www.dasp.ro\/ru\/wp-json\/wp\/v2\/pages\/4425\/revisions"}],"predecessor-version":[{"id":9840,"href":"https:\/\/www.dasp.ro\/ru\/wp-json\/wp\/v2\/pages\/4425\/revisions\/9840"}],"wp:attachment":[{"href":"https:\/\/www.dasp.ro\/ru\/wp-json\/wp\/v2\/media?parent=4425"}],"curies":[{"name":"wp","href":"https:\/\/api.w.org\/{rel}","templated":true}]}}