{"id":5267,"date":"2021-05-25T11:42:54","date_gmt":"2021-05-25T08:42:54","guid":{"rendered":"http:\/\/www.dasp.ro\/?page_id=5267"},"modified":"2021-05-26T11:47:35","modified_gmt":"2021-05-26T08:47:35","slug":"modificari-privind-acordarea-stimulentului-de-insertie","status":"publish","type":"page","link":"https:\/\/www.dasp.ro\/ru\/modificari-privind-acordarea-stimulentului-de-insertie\/","title":{"rendered":"Modificari privind acordarea stimulentului de insertie"},"content":{"rendered":"\n<h1 class=\"wp-block-heading\">Majorarea stimulentului de inser\u021bie: Normele de aplicare au fost\noficializate prin HGR nr. 536\/2021<\/h1>\n\n\n\n<p><strong>Guvernul a aprobat majorarea stimulentului de\ninser\u021bie, de la 650 lei la 1.500 lei, dac\u0103 p\u0103rintele revine \u00een activitate p\u00e2n\u0103\nla v\u00e2rsta de 6 luni a copilului sau 1 an \u00een cazul copilului cu handicap<\/strong><\/p>\n\n\n\n<p>P\u0103rin\u021bii afla\u021bi \u00een concediu pentru cre\u0219terea\ncopiilor vor primi un&nbsp;<strong>stimulent de inser\u021bie majorat la 1.500 de lei,\nfa\u021b\u0103 de 650 de lei c\u00e2t este \u00een prezent<\/strong>, dac\u0103 revin \u00een activitate \u00eenainte de\n\u00eemplinirea de c\u0103tre copil a v\u00e2rstei de 6 luni sau 1 an \u00een cazul copilului cu\nhandicap. Suma este acordat\u0103 p\u00e2n\u0103 la \u00eemplinirea de c\u0103tre copil a v\u00e2rstei de 2\nani, respectiv 3 ani \u00een cazul copilului cu dizabilit\u0103\u021bi.<\/p>\n\n\n\n<p>Actul normativ mai prevede&nbsp; <strong>men\u021binerea\nla nivelul de 650 lei a stimulentului de inser\u021bie<\/strong>&nbsp;acordat pentru:<\/p>\n\n\n\n<p>&#8211; persoanele care realizeaz\u0103 venituri supuse\nimpozitului&nbsp;<strong>dup\u0103 \u00eemplinirea<\/strong>&nbsp;de c\u0103tre copil a v\u00e2rstei de 6 luni\n(1 an \u00een cazul copilului cu handicap) oric\u00e2nd, p\u00e2n\u0103 la \u00eemplinirea de c\u0103tre\ncopil a v\u00e2rstei de 2 ani (3 ani \u00een cazul copilului cu dizabilit\u0103\u021bi);<\/p>\n\n\n\n<p>&#8211; persoanele care realizeaz\u0103 venituri supuse\nimpozitului&nbsp;<strong>dup\u0103 \u00eemplinirea<\/strong>&nbsp;de c\u0103tre copil a v\u00e2rstei de 2 ani\n(3 ani \u00een cazul copilului cu dizabilit\u0103\u021bi) oric\u00e2nd, p\u00e2n\u0103 la \u00eemplinirea de c\u0103tre\ncopil a v\u00e2rstei de 3 ani (4 ani \u00een cazul copilului cu dizabilit\u0103\u021bi).<\/p>\n\n\n\n<p><strong>Stimulentul de inser\u021bie nu se acord\u0103 automat<\/strong>, ci numai \u00een urma unei solicit\u0103ri. Astfel, dac\u0103 face o cerere \u00een acest sens la ie\u0219irea din concediul de cre\u0219tere, oricare dintre p\u0103rin\u021bii copilului poate beneficia de acest stimulent.<\/p>\n\n\n\n<p><a href=\"https:\/\/www.dasp.ro\/wp-content\/uploads\/2021\/05\/Doc3.docx\" target=\"_blank\" rel=\"noreferrer noopener\">Modificari privind acordarea stimulentului de insertie<\/a><\/p>\n\n\n\n<p><br> <br> <br> <\/p>\n","protected":false},"excerpt":{"rendered":"<p>Majorarea stimulentului de inser\u021bie: Normele de aplicare au fost oficializate prin HGR nr. 536\/2021 Guvernul a aprobat majorarea stimulentului de inser\u021bie, de la 650 lei la 1.500 lei, dac\u0103 p\u0103rintele revine \u00een activitate p\u00e2n\u0103 la v\u00e2rsta de 6 luni a<\/p>\n","protected":false},"author":1,"featured_media":0,"parent":0,"menu_order":0,"comment_status":"closed","ping_status":"closed","template":"","meta":{"footnotes":""},"class_list":["post-5267","page","type-page","status-publish","hentry"],"translation":{"provider":"WPGlobus","version":"3.0.0","language":"ru","enabled_languages":["en","es","de","fr","ru"],"languages":{"en":{"title":true,"content":true,"excerpt":false},"es":{"title":false,"content":false,"excerpt":false},"de":{"title":false,"content":false,"excerpt":false},"fr":{"title":false,"content":false,"excerpt":false},"ru":{"title":false,"content":false,"excerpt":false}}},"_links":{"self":[{"href":"https:\/\/www.dasp.ro\/ru\/wp-json\/wp\/v2\/pages\/5267","targetHints":{"allow":["GET"]}}],"collection":[{"href":"https:\/\/www.dasp.ro\/ru\/wp-json\/wp\/v2\/pages"}],"about":[{"href":"https:\/\/www.dasp.ro\/ru\/wp-json\/wp\/v2\/types\/page"}],"author":[{"embeddable":true,"href":"https:\/\/www.dasp.ro\/ru\/wp-json\/wp\/v2\/users\/1"}],"replies":[{"embeddable":true,"href":"https:\/\/www.dasp.ro\/ru\/wp-json\/wp\/v2\/comments?post=5267"}],"version-history":[{"count":2,"href":"https:\/\/www.dasp.ro\/ru\/wp-json\/wp\/v2\/pages\/5267\/revisions"}],"predecessor-version":[{"id":5309,"href":"https:\/\/www.dasp.ro\/ru\/wp-json\/wp\/v2\/pages\/5267\/revisions\/5309"}],"wp:attachment":[{"href":"https:\/\/www.dasp.ro\/ru\/wp-json\/wp\/v2\/media?parent=5267"}],"curies":[{"name":"wp","href":"https:\/\/api.w.org\/{rel}","templated":true}]}}