{"id":61,"date":"2014-12-06T22:31:24","date_gmt":"2014-12-06T20:31:24","guid":{"rendered":"http:\/\/www.dasp.ro\/?page_id=61"},"modified":"2025-10-07T11:26:36","modified_gmt":"2025-10-07T08:26:36","slug":"acte-pentru-ajutorul-de-incalzire","status":"publish","type":"page","link":"https:\/\/www.dasp.ro\/ru\/acte-pentru-ajutorul-de-incalzire\/","title":{"rendered":"Acte necesare pentru ajutorul pentru \u00eenc\u0103lzire"},"content":{"rendered":"\n<p><a href=\"https:\/\/www.dasp.ro\/wp-content\/uploads\/2024\/10\/CERERE.pdf\">CERERE<\/a><\/p>\n\n\n\n<p><a href=\"https:\/\/www.dasp.ro\/wp-content\/uploads\/2024\/10\/Lista-bunurilor-care-conduc-la-excluderea-acordarii-ajutorului-de-incalzire.pdf\">Lista bunurilor care conduc la excluderea acordarii ajutorului de incalzire<\/a><\/p>\n\n\n\n<p><a href=\"https:\/\/www.dasp.ro\/wp-content\/uploads\/2021\/10\/Cerere-ajutor-incalzire.pdf\">&nbsp;<\/a><\/p>\n\n\n\n<div style=\"height:100px\" aria-hidden=\"true\" class=\"wp-block-spacer\"><\/div>\n\n\n\n<p class=\"has-text-align-center\">&nbsp;<\/p>\n\n\n\n<pre class=\"wp-block-code\"><code><div>\n<p style=\"text-align: center;\"><strong>DOCUMENTELE DOVEDITOARE PRIVIND COMPONEN\u0162A \u015eI VENITURILE FAMILIEI\/PERSOANEI SINGURE:<\/strong><\/p>\n<p>\u00a0<\/p>\n<p><strong><u>PT\u00a0 GAZE\u00a0 NATURALE SI SUPLIMENT ENERGIE<\/u><\/strong><\/p>\n<p>- contractul de v\u00e2nzare- cump\u0103rare, contractul de \u00eenchiriere,\u00a0 pentru a\u00a0 dovedi calitatea de proprietar sau chiria\u015f, pentru imobilul\/apartamentul\/locuin\u0163a la care se solicit\u0103 ajutorul ;<\/p>\n<p>- factur\u0103 de gaze recent\u0103 (din ultimele luni ale anului );<\/p>\n<p>- actele de identitate (B.I., C.I., certificat na\u015ftere copii) ale membrilor familiei, din care s\u0103 rezulte c\u0103 ace\u015ftia au domiciliul sau re\u015fedin\u0163a la adresa la care se solicit\u0103 ajutorul;\u00a0<\/p>\n<p>- certificatul de c\u0103s\u0103torie;<\/p>\n<p>- hot\u0103r\u00e2re judec\u0103toreasc\u0103 privind plasamentul, \u00a0\u00eencredin\u0163area, adop\u0163ia copilului,\u00a0 dispozi\u0163ii privind tutela, curatela, sau stabilirea altor m\u0103suri de protec\u0163ie pentru copii;<\/p>\n<p>- adeverin\u0163\u0103 de venit cuprinz\u00e2nd salariul net din luna anterioar\u0103 depunerii cererii cu men\u021biunea de a se specifica pe adeverin\u021b\u0103 daca salariatul prime\u0219te da\/ nu \u00a0bonuri valorice \u0219i care este valoarea acestora;<\/p>\n<p>- cupoane : pensie (orice tip de pensie), aloca\u0163ii \u015fi indemniza\u0163ii, ajutor de \u015fomaj, sau pentru orice alt\u0103 presta\u0163ie social\u0103 , din luna anterioar\u0103 depunerii cererii;<\/p>\n\n<p>\u00a0- adeverin\u0163\u0103 de la facultate pentru studen\u0163i, din care s\u0103 rezulte dac\u0103 beneficiaz\u0103\u00a0 sau nu de\u00a0 burs\u0103;<\/p>\n<p>- decizia de impunere pentru persoanele care realizeaz\u0103 venituri din activit\u0103\u0163i independente sau chirii;<\/p>\n<p>-adeverinta de la administrator din care s\u0103 rezulte nominal toate persoanele care locuiesc\u00a0 la adresa\u00a0 respectiva<\/p>\n<p><strong>-certificat de rol fiscal\u00a0 eliberat de Directia Impozite si Taxe Locale a Municipiului \u00a0Pitesti <\/strong>( Casa C\u0103r\u021bii )<strong>, din care s\u0103 rezulte bunurile detinute \u00een proprietate pentru to\u0163i membrii familiei<\/strong>\u00a0<\/p>\n<p>- adeverin\u0163a de rol agricol ( pentru cei care de\u0163in terenuri agricole \u00een alt\u0103 localitate<strong>).<\/strong><\/p>\n<p><strong>In cazul detinerii \u00een proprietate\u00a0 a unui autoturism\/autoturisme \u015fi\/ sau\u00a0 motociclet\u0103\/motociclete\u00a0 se va prezenta cartea de identitate in copie xerox a autoturismului\u00a0\u00a0 pentru\u00a0 eviden\u0163ierea vechimii.<\/strong><\/p>\n<p><strong><em><u>PENTRU SUPLIMENT<\/u><\/em><\/strong>: factur\u0103 energie electric\u0103 (toate paginile)<\/p>\n<p>\u00a0<\/p>\n<p>\u00a0<\/p>\n<p>\u00a0<\/p>\n<p>\u00a0<\/p>\n<p><strong><u>DOCUMENTELE DOVEDITOARE PRIVIND COMPONEN\u0162A \u015eI VENITURILE FAMILIEI\/PERSOANEI SINGURE:<\/u><\/strong><\/p>\n<p><strong><u>PT\u00a0 ENERGIE ELECTRICA SI SUPLIMENT ENERGIE<\/u><\/strong><\/p>\n<p>- \u00a0contractul de v\u00e2nzare- cump\u0103rare, contractul de \u00eenchiriere,\u00a0 pentru a\u00a0 dovedi calitatea de proprietar sau chiria\u015f, pentru imobilul\/apartamentul\/locuin\u0163a la care se solicit\u0103 ajutorul ;<\/p>\n<p>- factur\u0103 de energie electrica\u00a0 recent\u0103 (din ultimele luni ale anului)- primele 3 pagini;<\/p>\n<p>- actele de identitate (B.I., C.I., certificat na\u015ftere copii) ale membrilor familiei, din care s\u0103 rezulte c\u0103 ace\u015ftia au domiciliul sau re\u015fedin\u0163a la adresa la care se solicit\u0103 ajutorul;\u00a0<\/p>\n<p>- certificatul de c\u0103s\u0103torie;<\/p>\n<p>- hot\u0103r\u00e2re judec\u0103toreasc\u0103 privind plasamentul, \u00eencredin\u0163area, adop\u0163ia copilului,\u00a0 dispozi\u0163ii privind tutela, curatela, sau stabilirea altor m\u0103suri de protec\u0163ie pentru copii;<\/p>\n<p>- adeverin\u0163\u0103 de venit cuprinz\u00e2nd salariul net din luna anterioar\u0103 depunerii cererii cu men\u021biunea de a se specifica pe adeverin\u021b\u0103 daca salariatul prime\u0219te da\/ nu \u00a0bonuri valorice \u0219i care este valoarea acestora;<\/p>\n<p>- cupoane : pensie (orice tip de pensie), aloca\u0163ii \u015fi indemniza\u0163ii, ajutor de \u015fomaj, sau pentru orice alt\u0103 presta\u0163ie social\u0103 , din luna anterioar\u0103 depunerii cererii;<\/p>\n\n<p>\u00a0- adeverin\u0163\u0103 de la facultate pentru studen\u0163i, din care s\u0103 rezulte dac\u0103 beneficiaz\u0103\u00a0 sau nu de\u00a0 burs\u0103;<\/p>\n<p>- decizia de impunere pentru persoanele care realizeaz\u0103 venituri din activit\u0103\u0163i independente sau chirii;<\/p>\n<p>-adeverinta de la administrator din care s\u0103 rezulte nominal persoanele care locuiesc\u00a0 la adresa\u00a0 respectiva<\/p>\n<p><strong>-certificat de rol fiscal eliberat de Directia Impozite si Taxe Locale a Municipiului\u00a0 Pitesti <\/strong>( Casa C\u0103r\u021bii )<strong>,, din care s\u0103 rezulte bunurile detinute \u00een proprietate pentru to\u0163i membrii familiei<\/strong>\u00a0<\/p>\n<p>- adeverin\u0163a de rol agricol ( pentru cei care de\u0163in terenuri agricole \u00een alt\u0103 localitate).<\/p>\n<p><strong>In cazul detinerii \u00een proprietate\u00a0 a unui autoturism\/autoturisme \u015fi\/ sau\u00a0 motociclet\u0103\/motociclete\u00a0 se va prezenta cartea de identitate a autoturismului\u00a0\u00a0 pentru\u00a0 eviden\u0163ierea vechimii.<\/strong><\/p>\n<ul>\n<li><strong>DOVADA DEBRANSARII<\/strong><\/li>\n<li><strong><u>PENTRU SUPLIMENT: <\/u><\/strong>factur\u0103 gaze naturale (toate paginile)<\/li>\n<\/ul>\n<p>\u00a0<\/p>\n<p>\u00a0<\/p>\n<p>\u00a0<\/p>\n<p>\u00a0<\/p>\n<p>\u00a0<\/p>\n<p>\u00a0<\/p>\n<p>\u00a0<\/p>\n<p>\u00a0<\/p>\n<p>\u00a0<\/p>\n<p>\u00a0<\/p>\n<p>\u00a0<\/p>\n<p>\u00a0<\/p>\n<p>\u00a0<\/p>\n<p>\u00a0<\/p>\n<p>\u00a0<\/p>\n<p>\u00a0<\/p>\n<p>\u00a0<\/p>\n<p>\u00a0<\/p>\n<p>\u00a0<\/p>\n<p><strong>\u00a0<\/strong><\/p>\n<p><strong><u>DOCUMENTELE DOVEDITOARE PRIVIND COMPONEN\u0162A \u015eI VENITURILE FAMILIEI\/PERSOANEI SINGURE:<\/u><\/strong><\/p>\n<p><strong><u>PT\u00a0 LEMNE, COMBUSTIBILI PETROLIERI SI SUPLIMENT ENERGIE<\/u><\/strong><\/p>\n<p>\u00a0<\/p>\n<p>- \u00a0contractul de v\u00e2nzare- cump\u0103rare, contractul de \u00eenchiriere,\u00a0 pentru a\u00a0 dovedi calitatea de proprietar sau chiria\u015f, pentru imobilul\/apartamentul\/locuin\u0163a la care se solicit\u0103 ajutorul ;<\/p>\n<p>- actele de identitate (B.I., C.I., certificat na\u015ftere copii) ale membrilor familiei, din care s\u0103 rezulte c\u0103 ace\u015ftia au domiciliul sau re\u015fedin\u0163a la adresa la care se solicit\u0103 ajutorul;\u00a0<\/p>\n<p>- certificatul de c\u0103s\u0103torie;<\/p>\n<p>- hot\u0103r\u00e2re judec\u0103toreasc\u0103 privind plasamentul, \u00eencredin\u0163area, adop\u0163ia copilului,\u00a0 dispozi\u0163ii privind tutela, curatela, sau stabilirea altor m\u0103suri de protec\u0163ie pentru copii;<\/p>\n<p>- adeverin\u0163\u0103 de venit cuprinz\u00e2nd salariul net din luna anterioar\u0103 depunerii cererii cu men\u021biunea de a se specifica pe adeverin\u021b\u0103 dac\u0103 salariatul prime\u0219te da\/ nu\u00a0 bonuri valorice \u0219i care este valoarea acestora;<\/p>\n<p>- cupoane : pensie (orice tip de pensie), aloca\u0163ii \u015fi indemniza\u0163ii, ajutor de \u015fomaj, sau pentru orice alt\u0103 presta\u0163ie social\u0103 , din luna anterioar\u0103 depunerii cererii;<\/p>\n<p>\u00a0- adeverin\u0163\u0103 de la facultate pentru studen\u0163i, din care s\u0103 rezulte dac\u0103 beneficiaz\u0103\u00a0 sau nu de\u00a0 burs\u0103;<\/p>\n<p>- decizia de impunere pentru persoanele care realizeaz\u0103 venituri din activit\u0103\u0163i independente sau chirii;<\/p>\n<p>- adeverin\u0163a de rol agricol ( pentru cei care de\u0163in terenuri agricole \u00een alt\u0103 localitate).<\/p>\n<p>-<strong>certificat de rol fiscal\u00a0 eliberat de Directia Impozite si Taxe Locale a Municipiului\u00a0 Pitesti <\/strong>( Casa C\u0103r\u021bii )<strong>, din care s\u0103 rezulte bunurile detinute \u00een proprietate pentru to\u0163i membrii familiei<\/strong>\u00a0<\/p>\n<p><strong>In cazul detinerii \u00een proprietate\u00a0 a unui autoturism\/autoturisme \u015fi\/ sau\u00a0 motociclet\u0103\/motociclete\u00a0 se va prezenta cartea de identitate a autoturismului\u00a0\u00a0 pentru\u00a0 eviden\u0163ierea vechimii.<\/strong><\/p>\n<ul>\n<li><strong><em><u>PENTRU SUPLIMENT<\/u><\/em><\/strong>: factura gaze naturale (toate paginile) si factura energie electric\u0103 (toate paginile)<\/li>\n<\/ul>\n<p>\u00a0<\/p>\n<p><strong>\u00a0<\/strong><\/p>\n<p><strong>\u00a0<\/strong><\/p>\n<p><strong>\u00a0<\/strong><\/p>\n<p><strong>\u00a0<\/strong><\/p>\n<p><strong>\u00a0\u00a0\u00a0<\/strong><\/p>\n<p><strong>\u00a0\u00a0 \u00a0 \u00a0\u00a0 P<u>T\u00a0 ENERGIE TERMICA SI SUPLIMENT ENERGIE<\/u><\/strong><\/p>\n<p>\u00a0<\/p>\n<p><strong><u>DOCUMENTELE DOVEDITOARE PRIVIND COMPONEN\u0162A \u015eI VENITURILE FAMILIEI\/PERSOANEI SINGURE:<\/u><\/strong><\/p>\n<p>\u00a0<\/p>\n<p><strong>- <\/strong>contractul de v\u00e2nzare- cump\u0103rare, contractul de \u00eenchiriere,\u00a0 pentru a\u00a0 dovedi calitatea de proprietar sau chiria\u015f, pentru imobilul\/apartamentul\/locuin\u0163a la care se solicit\u0103 ajutorul ;<\/p>\n<p>- actele de identitate (B.I., C.I., certificat na\u015ftere copii) ale membrilor familiei, din care s\u0103 rezulte c\u0103 ace\u015ftia au domiciliul sau re\u015fedin\u0163a la adresa la care se solicit\u0103 ajutorul;\u00a0<\/p>\n<p>- certificatul de c\u0103s\u0103torie;<\/p>\n<p>- hot\u0103r\u00e2re judec\u0103toreasc\u0103 privind plasamentul, \u00eencredin\u0163area, adop\u0163ia copilului,\u00a0 dispozi\u0163ii privind tutela, curatela, sau stabilirea altor m\u0103suri de protec\u0163ie pentru copii;<\/p>\n<p>- adeverin\u0163\u0103 de venit cuprinz\u00e2nd salariul net din luna anterioar\u0103 depunerii cererii cu men\u021biunea de a se specifica pe adeverin\u021b\u0103 dac\u0103 salariatul prime\u0219te da\/ nu\u00a0 bonuri valorice \u0219i care este valoarea acestora;<\/p>\n<p>- cupoane : pensie (orice tip de pensie), aloca\u0163ii \u015fi indemniza\u0163ii, ajutor de \u015fomaj, sau pentru orice alt\u0103 presta\u0163ie social\u0103 , din luna anterioar\u0103 depunerii cererii;<\/p>\n<p>- adeverin\u0163\u0103 de la facultate pentru studen\u0163i, din care s\u0103 rezulte dac\u0103 beneficiaz\u0103\u00a0 sau nu de\u00a0 burs\u0103;<\/p>\n<p>- decizia de impunere pentru persoanele care realizeaz\u0103 venituri din activit\u0103\u0163i independente sau chirii;<\/p>\n<p>-adeverinta de la administrator din care s\u0103 rezulte nominal persoanele care locuiesc\u00a0 la adresa\u00a0 respectiva<\/p>\n<p>-<strong>certificat de rol fiscal eliberat de Directia Impozite si Taxe Locale a Municipiului\u00a0 Pitesti ( Casa Car\u021bii ), din care s\u0103 rezulte bunurile detinute \u00een proprietate pentru to\u0163i membrii familiei\u00a0 <\/strong><\/p>\n<p><strong>- adeverin\u0163a de rol agricol ( pentru cei care de\u0163in terenuri agricole \u00een alt\u0103 localitate).<\/strong><\/p>\n<p><strong>In cazul detinerii \u00een proprietate\u00a0 a unui autoturism\/autoturisme \u015fi\/ sau\u00a0 motociclet\u0103\/motociclete\u00a0 se va prezenta cartea de identitate a autoturismului\u00a0\u00a0 pentru\u00a0 eviden\u0163ierea vechimii.<\/strong><\/p>\n<p><strong>\u00a0<\/strong><\/p>\n<p>\u00a0\u00a0\u00a0\u00a0 Cererile \u015fi declara\u0163iile pe propria r\u0103spundere pentru acordarea ajutorului pentru \u00eenc\u0103lzirea locuin\u0163ei cu <strong>energie termic\u0103<\/strong>, vor putea fi \u00eenregistrate \u015fi procesate la furnizor, numai dac\u0103 <strong>poart\u0103 viza de certificare a asocia\u0163iei de proprietari\/ chiria\u015fi <\/strong>de care apar\u0163ine solicitantul ajutorului de \u00eenc\u0103lzire, cu privire la\u00a0 num\u0103rul de camere \u015fi num\u0103rul de persoane trecute \u00een cartea de imobil, care sunt luate \u00een calcul la stabilirea cheltuielilor de \u00eentre\u0163inere.<\/p>\n<p>\u00a0\u00a0\u00a0\u00a0\u00a0\u00a0\u00a0\u00a0 La primirea cererii-declara\u0163ie, administratorul va verifica dac\u0103 num\u0103rul persoanelor declarate \u00een componen\u0163a familiei coincide cu num\u0103rul de persoane pentru care se achit\u0103 lunar cheltuielile de \u00eentre\u0163inere. De asemenea, acesta va verifica dac\u0103 titularul a bifat num\u0103rul de camere \u015fi a semnat cererea-declara\u0163ie pe propria r\u0103spundere, precum \u015fi dac\u0103 aceasta este \u00eenso\u0163it\u0103 de documentele justificative referitoare la veniturile realizate.<\/p>\n<p><strong><em><u>PENTRU SUPLIMENT<\/u><\/em><\/strong><em><u>: <\/u><\/em>factura gaze naturale (toate paginile) si factura energie electric\u0103 (toate paginile)<\/p>\n<p><strong>\u00a0<\/strong><\/p>\n<\/div><\/code><\/pre>\n","protected":false},"excerpt":{"rendered":"<p>CERERE Lista bunurilor care conduc la excluderea acordarii ajutorului de incalzire &nbsp; &nbsp;<\/p>\n","protected":false},"author":1,"featured_media":0,"parent":0,"menu_order":0,"comment_status":"open","ping_status":"closed","template":"","meta":{"footnotes":""},"class_list":["post-61","page","type-page","status-publish","hentry"],"translation":{"provider":"WPGlobus","version":"3.0.0","language":"ru","enabled_languages":["en","es","de","fr","ru"],"languages":{"en":{"title":true,"content":true,"excerpt":false},"es":{"title":false,"content":false,"excerpt":false},"de":{"title":false,"content":false,"excerpt":false},"fr":{"title":false,"content":false,"excerpt":false},"ru":{"title":false,"content":false,"excerpt":false}}},"_links":{"self":[{"href":"https:\/\/www.dasp.ro\/ru\/wp-json\/wp\/v2\/pages\/61","targetHints":{"allow":["GET"]}}],"collection":[{"href":"https:\/\/www.dasp.ro\/ru\/wp-json\/wp\/v2\/pages"}],"about":[{"href":"https:\/\/www.dasp.ro\/ru\/wp-json\/wp\/v2\/types\/page"}],"author":[{"embeddable":true,"href":"https:\/\/www.dasp.ro\/ru\/wp-json\/wp\/v2\/users\/1"}],"replies":[{"embeddable":true,"href":"https:\/\/www.dasp.ro\/ru\/wp-json\/wp\/v2\/comments?post=61"}],"version-history":[{"count":21,"href":"https:\/\/www.dasp.ro\/ru\/wp-json\/wp\/v2\/pages\/61\/revisions"}],"predecessor-version":[{"id":10013,"href":"https:\/\/www.dasp.ro\/ru\/wp-json\/wp\/v2\/pages\/61\/revisions\/10013"}],"wp:attachment":[{"href":"https:\/\/www.dasp.ro\/ru\/wp-json\/wp\/v2\/media?parent=61"}],"curies":[{"name":"wp","href":"https:\/\/api.w.org\/{rel}","templated":true}]}}