{"id":6756,"date":"2022-06-15T15:46:05","date_gmt":"2022-06-15T12:46:05","guid":{"rendered":"http:\/\/www.dasp.ro\/?page_id=6756"},"modified":"2022-06-15T15:46:07","modified_gmt":"2022-06-15T12:46:07","slug":"anunt-privind-acordarea-tichetelor-de-masa-in-valoare-de-100-lei-persoana-destinate-persoanelor-care-s-au-vaccinat-impotriva-covid-19-cu-schema-completa-de-vaccinare-in-perioada-01-noiembrie-2021","status":"publish","type":"page","link":"https:\/\/www.dasp.ro\/ru\/anunt-privind-acordarea-tichetelor-de-masa-in-valoare-de-100-lei-persoana-destinate-persoanelor-care-s-au-vaccinat-impotriva-covid-19-cu-schema-completa-de-vaccinare-in-perioada-01-noiembrie-2021\/","title":{"rendered":"Anunt privind  acordarea tichetelor de mas\u0103 \u00een valoare de 100 lei\/persoan\u0103, destinate persoanelor care s-au vaccinat \u00eempotriva COVID-19  cu schema complet\u0103 de vaccinare \u00een perioada  01  NOIEMBRIE 2021-18 FEBRUARIE 2022"},"content":{"rendered":"\n<figure class=\"wp-block-image size-large\"><a href=\"https:\/\/www.dasp.ro\/wp-content\/uploads\/2022\/06\/antet-15.06png.png\"><img fetchpriority=\"high\" decoding=\"async\" width=\"664\" height=\"177\" src=\"https:\/\/www.dasp.ro\/wp-content\/uploads\/2022\/06\/antet-15.06png.png\" alt=\"\" class=\"wp-image-6755\" srcset=\"https:\/\/www.dasp.ro\/wp-content\/uploads\/2022\/06\/antet-15.06png.png 664w, https:\/\/www.dasp.ro\/wp-content\/uploads\/2022\/06\/antet-15.06png-300x80.png 300w\" sizes=\"(max-width: 664px) 100vw, 664px\" \/><\/a><\/figure>\n\n\n\n<p class=\"has-text-align-center\"><strong><em><u>ANUN\u0162<\/u><\/em><\/strong><strong><u><\/u><\/strong><\/p>\n\n\n\n<p><strong>privind \u00a0a<em>cordarea tichetelor de mas\u0103\u00a0\u00een valoare de 100 lei\/persoan\u0103, destinate persoanelor care s-au vaccinat \u00eempotriva C<\/em><\/strong><strong>OVID-19<\/strong> <strong><em>\u00a0cu schema complet\u0103 de vaccinare \u00een PERIOADA 01 NOIEMBRIE 2021-18 FEBRUARIE 2022 LA CENTRUL DE VACCINARE UAT PITESTI, situat in B-dul Eroilor, nr.26-28 <a>\u00a0 <\/a><\/em><\/strong><\/p>\n\n\n\n<p>&nbsp;&nbsp;&nbsp;&nbsp;&nbsp;&nbsp;&nbsp;&nbsp;&nbsp;&nbsp;&nbsp; Direc\u021bia de Asisten\u021b\u0103 Social\u0103 a Municipiului Pitesti anun\u021b\u0103 c\u0103 a&nbsp; preluat tichetele de mas\u0103 \u00een valoare de 100 lei\/persoan\u0103, &nbsp;destinate persoanelor care s-au vaccinat cu schema complet\u0103 de vaccinare \u00een perioada 01 noiembrie 2021-18 februarie 2022 cu vaccinul Pfizer, doza 2&nbsp; ( noiembrie 2021, decembrie 2021, ianuarie 2022, februarie 2022) sau doza unic\u0103 Johnson&amp;Johnson ( noiembrie 2021, decembrie 2021, ianuarie 2022, februarie 2022) &nbsp;si care nu le-au ridicat&nbsp; anterior datelor men\u021bioante.<\/p>\n\n\n\n<p>&nbsp;&nbsp;&nbsp;&nbsp;&nbsp;&nbsp;&nbsp;&nbsp;&nbsp;&nbsp;&nbsp; \u00cencep\u00e2nd de 16.06.2022, Direc\u021bia de Asisten\u021b\u0103 Social\u0103 a Municipiului Pite\u0219ti &#8211;<strong>Serviciul Beneficii Sociale si Politici Familiale (<\/strong><strong>Bld. Republicii nr.117B, bl. D5B, parter) <\/strong><strong>&nbsp;<\/strong>&nbsp;distribuie aceste tichete, dup\u0103 cum urmeaz\u0103 :<\/p>\n\n\n\n<p class=\"has-text-align-center\"><strong>\u00a0\u00a0\u00a0\u00a0\u00a0\u00a0\u00a0\u00a0\u00a0\u00a0\u00a0\u00a0\u00a0\u00a0\u00a0\u00a0\u00a0\u00a0\u00a0\u00a0\u00a0\u00a0\u00a0\u00a0\u00a0\u00a0\u00a0 PROGRAM:\u00a0\u00a0\u00a0\u00a0\u00a0\u00a0 LUNI -MIERCURI\u00a0\u00a0\u00a0\u00a0\u00a0\u00a0\u00a0\u00a0\u00a0\u00a0\u00a0\u00a0\u00a0\u00a0\u00a0\u00a0\u00a0\u00a0\u00a0     08<sup>30<\/sup> &#8211; 12<sup>30\u00a0 <\/sup>\u0219i 13<sup>00<\/sup> \u2013 15<sup>30<\/sup><\/strong><\/p>\n\n\n\n<p class=\"has-text-align-center\"><strong>\u00a0\u00a0\u00a0\u00a0\u00a0\u00a0\u00a0\u00a0\u00a0\u00a0\u00a0\u00a0\u00a0\u00a0\u00a0\u00a0\u00a0\u00a0\u00a0\u00a0\u00a0\u00a0\u00a0\u00a0\u00a0\u00a0\u00a0\u00a0\u00a0\u00a0\u00a0\u00a0\u00a0\u00a0\u00a0\u00a0\u00a0\u00a0\u00a0\u00a0\u00a0\u00a0\u00a0          \u00a0             JOI\u00a0\u00a0\u00a0\u00a0\u00a0\u00a0\u00a0\u00a0\u00a0\u00a0\u00a0\u00a0\u00a0\u00a0\u00a0\u00a0\u00a0\u00a0\u00a0\u00a0\u00a0\u00a0\u00a0\u00a0\u00a0\u00a0\u00a0\u00a0\u00a0\u00a0\u00a0\u00a0\u00a0             \u00a008<sup>30<\/sup> -12<sup>30<\/sup>\u00a0 \u0219i 13<sup>00<\/sup> \u2013 18<sup>00<\/sup><\/strong><\/p>\n\n\n\n<p class=\"has-text-align-center\"><strong><sup>\u00a0\u00a0\u00a0\u00a0\u00a0\u00a0\u00a0\u00a0\u00a0\u00a0\u00a0\u00a0\u00a0\u00a0\u00a0\u00a0\u00a0\u00a0 \u00a0\u00a0\u00a0\u00a0\u00a0\u00a0\u00a0\u00a0\u00a0\u00a0\u00a0\u00a0\u00a0\u00a0\u00a0\u00a0\u00a0\u00a0\u00a0\u00a0\u00a0\u00a0\u00a0\u00a0\u00a0\u00a0\u00a0\u00a0\u00a0\u00a0\u00a0\u00a0\u00a0\u00a0\u00a0\u00a0\u00a0\u00a0<\/sup><\/strong><strong>VINERI\u00a0\u00a0\u00a0\u00a0\u00a0\u00a0\u00a0\u00a0\u00a0\u00a0\u00a0\u00a0\u00a0\u00a0\u00a0\u00a0\u00a0\u00a0\u00a0\u00a0\u00a0\u00a0\u00a0\u00a0\u00a0\u00a0\u00a0\u00a0\u00a0\u00a0\u00a0\u00a0\u00a0\u00a0\u00a0\u00a0\u00a0\u00a0\u00a0\u00a0\u00a0\u00a0\u00a0\u00a008<sup>30<\/sup>&#8211; 12<sup>30<\/sup><\/strong><\/p>\n\n\n\n<p><strong>&nbsp;&nbsp;&nbsp;&nbsp;&nbsp;&nbsp;&nbsp;&nbsp;&nbsp;&nbsp;&nbsp;&nbsp;&nbsp;&nbsp; Tichetele de mas\u0103 se vor distribui doar titularilor acestora, personal, pe baza c\u0103r\u021bii de identitate \u00een original \u0219i a adeverin\u021bei de vaccinare<\/strong>.<\/p>\n\n\n\n<p>Pentru cei care nu de\u021bin adeverin\u021ba de vaccinare, aceasta poate fi desc\u0103rcat\u0103 de pe site-ul\u00a0<a href=\"https:\/\/adulti.renv.ro\">https:\/\/adulti.renv.ro<\/a> <\/p>\n\n\n\n<p>&nbsp;&nbsp;&nbsp;&nbsp;&nbsp;&nbsp;&nbsp;&nbsp;&nbsp;&nbsp;&nbsp; &nbsp;Persoanele \u00eendrept\u0103tite ,&nbsp; nu mai pot solicita tichetul &nbsp;dup\u0103 expirarea termenului &nbsp;&nbsp;de 6 luni de la data vaccin\u0103rii cu schema complet\u0103 , potrivit Ordinului nr. 1.863 \/ 2021 privind acordarea aloca\u021biei<strong> <\/strong>de hran\u0103 sub forma tichetelor de mas\u0103 persoanelor care se vaccineaz\u0103 cu schem\u0103 complet\u0103 de vaccinare \u00eempotriva virusului SARS-CoV-2.<\/p>\n","protected":false},"excerpt":{"rendered":"<p>ANUN\u0162 privind \u00a0acordarea tichetelor de mas\u0103\u00a0\u00een valoare de 100 lei\/persoan\u0103, destinate persoanelor care s-au vaccinat \u00eempotriva COVID-19 \u00a0cu schema complet\u0103 de vaccinare \u00een PERIOADA 01 NOIEMBRIE 2021-18 FEBRUARIE 2022 LA CENTRUL DE VACCINARE UAT PITESTI, situat in B-dul Eroilor, nr.26-28<\/p>\n","protected":false},"author":1,"featured_media":0,"parent":0,"menu_order":0,"comment_status":"closed","ping_status":"closed","template":"","meta":{"footnotes":""},"class_list":["post-6756","page","type-page","status-publish","hentry"],"translation":{"provider":"WPGlobus","version":"3.0.0","language":"ru","enabled_languages":["en","es","de","fr","ru"],"languages":{"en":{"title":true,"content":true,"excerpt":false},"es":{"title":false,"content":false,"excerpt":false},"de":{"title":false,"content":false,"excerpt":false},"fr":{"title":false,"content":false,"excerpt":false},"ru":{"title":false,"content":false,"excerpt":false}}},"_links":{"self":[{"href":"https:\/\/www.dasp.ro\/ru\/wp-json\/wp\/v2\/pages\/6756","targetHints":{"allow":["GET"]}}],"collection":[{"href":"https:\/\/www.dasp.ro\/ru\/wp-json\/wp\/v2\/pages"}],"about":[{"href":"https:\/\/www.dasp.ro\/ru\/wp-json\/wp\/v2\/types\/page"}],"author":[{"embeddable":true,"href":"https:\/\/www.dasp.ro\/ru\/wp-json\/wp\/v2\/users\/1"}],"replies":[{"embeddable":true,"href":"https:\/\/www.dasp.ro\/ru\/wp-json\/wp\/v2\/comments?post=6756"}],"version-history":[{"count":12,"href":"https:\/\/www.dasp.ro\/ru\/wp-json\/wp\/v2\/pages\/6756\/revisions"}],"predecessor-version":[{"id":6768,"href":"https:\/\/www.dasp.ro\/ru\/wp-json\/wp\/v2\/pages\/6756\/revisions\/6768"}],"wp:attachment":[{"href":"https:\/\/www.dasp.ro\/ru\/wp-json\/wp\/v2\/media?parent=6756"}],"curies":[{"name":"wp","href":"https:\/\/api.w.org\/{rel}","templated":true}]}}