{"id":7154,"date":"2022-08-30T13:36:44","date_gmt":"2022-08-30T10:36:44","guid":{"rendered":"http:\/\/www.dasp.ro\/?page_id=7154"},"modified":"2022-08-30T13:36:46","modified_gmt":"2022-08-30T10:36:46","slug":"anunt-locatie-concursul-din-data-de-01-09-2022-ora-900-medici-dentisti","status":"publish","type":"page","link":"https:\/\/www.dasp.ro\/ru\/anunt-locatie-concursul-din-data-de-01-09-2022-ora-900-medici-dentisti\/","title":{"rendered":"Anunt locatie concursul din data de 01.09.2022 ora 9:00 Medici dentisti"},"content":{"rendered":"\n<figure class=\"wp-block-image size-large\"><a href=\"https:\/\/www.dasp.ro\/wp-content\/uploads\/2022\/08\/Antet-30.08.png\"><img fetchpriority=\"high\" decoding=\"async\" width=\"899\" height=\"256\" src=\"https:\/\/www.dasp.ro\/wp-content\/uploads\/2022\/08\/Antet-30.08.png\" alt=\"\" class=\"wp-image-7153\" srcset=\"https:\/\/www.dasp.ro\/wp-content\/uploads\/2022\/08\/Antet-30.08.png 899w, https:\/\/www.dasp.ro\/wp-content\/uploads\/2022\/08\/Antet-30.08-300x85.png 300w, https:\/\/www.dasp.ro\/wp-content\/uploads\/2022\/08\/Antet-30.08-768x219.png 768w\" sizes=\"(max-width: 899px) 100vw, 899px\" \/><\/a><\/figure>\n\n\n\n<h1 class=\"has-text-align-center wp-block-heading\"><strong>ANUN\u0162<\/strong><\/h1>\n\n\n\n<div style=\"height:100px\" aria-hidden=\"true\" class=\"wp-block-spacer\"><\/div>\n\n\n\n<p>\u00cen aten\u021bia candida\u021bilor la concursul organizat de Direc\u0163ia de Asisten\u0163\u0103 Social\u0103 a Municipiului Pite\u015fti pentru ocuparea unor posturi&nbsp; vacante din cadrul Serviciului de Asisten\u021b\u0103 Medical\u0103-Compartimentul Asisten\u021b\u0103 Medical\u0103 \u0218colar\u0103 respectiv, 3 posturi medic dentist, 1 post de medic dentist specialist, 1 post de medic dentist primar,<\/p>\n\n\n\n<p>V\u0103 facem cunoscut c\u0103 <strong><u>PROBA\u00a0 SCRISA<\/u>\u00a0 <\/strong>a concursului organizat \u00een<strong> data de 01.09.2022, ora 9<sup>00 <\/sup>, se va desf\u0103\u0219ura la sediul Filarmonicii din Pite\u015fti, Calea Bucure\u0219ti nr. 2, bl. 2.<\/strong><\/p>\n","protected":false},"excerpt":{"rendered":"<p>ANUN\u0162 \u00cen aten\u021bia candida\u021bilor la concursul organizat de Direc\u0163ia de Asisten\u0163\u0103 Social\u0103 a Municipiului Pite\u015fti pentru ocuparea unor posturi&nbsp; vacante din cadrul Serviciului de Asisten\u021b\u0103 Medical\u0103-Compartimentul Asisten\u021b\u0103 Medical\u0103 \u0218colar\u0103 respectiv, 3 posturi medic dentist, 1 post de medic dentist specialist,<\/p>\n","protected":false},"author":1,"featured_media":0,"parent":0,"menu_order":0,"comment_status":"closed","ping_status":"closed","template":"","meta":{"footnotes":""},"class_list":["post-7154","page","type-page","status-publish","hentry"],"translation":{"provider":"WPGlobus","version":"3.0.0","language":"ru","enabled_languages":["en","es","de","fr","ru"],"languages":{"en":{"title":true,"content":true,"excerpt":false},"es":{"title":false,"content":false,"excerpt":false},"de":{"title":false,"content":false,"excerpt":false},"fr":{"title":false,"content":false,"excerpt":false},"ru":{"title":false,"content":false,"excerpt":false}}},"_links":{"self":[{"href":"https:\/\/www.dasp.ro\/ru\/wp-json\/wp\/v2\/pages\/7154","targetHints":{"allow":["GET"]}}],"collection":[{"href":"https:\/\/www.dasp.ro\/ru\/wp-json\/wp\/v2\/pages"}],"about":[{"href":"https:\/\/www.dasp.ro\/ru\/wp-json\/wp\/v2\/types\/page"}],"author":[{"embeddable":true,"href":"https:\/\/www.dasp.ro\/ru\/wp-json\/wp\/v2\/users\/1"}],"replies":[{"embeddable":true,"href":"https:\/\/www.dasp.ro\/ru\/wp-json\/wp\/v2\/comments?post=7154"}],"version-history":[{"count":3,"href":"https:\/\/www.dasp.ro\/ru\/wp-json\/wp\/v2\/pages\/7154\/revisions"}],"predecessor-version":[{"id":7160,"href":"https:\/\/www.dasp.ro\/ru\/wp-json\/wp\/v2\/pages\/7154\/revisions\/7160"}],"wp:attachment":[{"href":"https:\/\/www.dasp.ro\/ru\/wp-json\/wp\/v2\/media?parent=7154"}],"curies":[{"name":"wp","href":"https:\/\/api.w.org\/{rel}","templated":true}]}}