{"id":8500,"date":"2024-06-07T14:43:06","date_gmt":"2024-06-07T11:43:06","guid":{"rendered":"https:\/\/www.dasp.ro\/?page_id=8500"},"modified":"2024-06-07T14:43:09","modified_gmt":"2024-06-07T11:43:09","slug":"informatii-prezentate-in-consilierea-initiala-a-persoanei-varstnice","status":"publish","type":"page","link":"https:\/\/www.dasp.ro\/ru\/informatii-prezentate-in-consilierea-initiala-a-persoanei-varstnice\/","title":{"rendered":"Informatii prezentate in consilierea initiala a persoanei varstnice"},"content":{"rendered":"\n<p class=\"has-text-align-center\"><strong>INFORMA\u0162II<\/strong><\/p>\n\n\n\n<p class=\"has-text-align-center\"><strong>&nbsp;prezentate \u00een consilierea ini\u0163ial\u0103 a persoanei v\u00e2rstnice<\/strong><\/p>\n\n\n\n<div style=\"height:100px\" aria-hidden=\"true\" class=\"wp-block-spacer\"><\/div>\n\n\n\n<p><strong>Persoanele v\u00e2rstnice au dreptul la asisten\u0163\u0103 social\u0103<\/strong>, potrivit dispozi\u0163iilor Legii nr.17\/2000 privind asisten\u021ba social\u0103 a persoanelor v\u00e2rstnice, republicat\u0103, \u00een raport cu situa\u0163ia sociomedical\u0103 \u015fi cu resursele economice de care dispun.<\/p>\n\n\n\n<p>&nbsp;&nbsp;&nbsp; &nbsp;&nbsp;&nbsp;&nbsp;&nbsp;&nbsp;&nbsp;Conform legii, <strong>sunt considerate persoane v\u00e2rstnice<\/strong>, persoanele care au \u00eemplinit v\u00e2rsta de pensionare stabilit\u0103 de lege.<\/p>\n\n\n\n<p>&nbsp;&nbsp;&nbsp; &nbsp;&nbsp;&nbsp;&nbsp;&nbsp;&nbsp;&nbsp;<strong>Beneficiaz\u0103 de prevederile Legii<\/strong> nr.17\/2000, persoana v\u00e2rstnic\u0103, care se g\u0103se\u015fte \u00een una dintre urm\u0103toarele <strong>situa\u0163ii<\/strong>:<\/p>\n\n\n\n<p>&nbsp;&nbsp;&nbsp; a) nu are familie sau nu se afl\u0103 \u00een \u00eentre\u0163inerea unei sau unor persoane obligate la aceasta, potrivit dispozi\u0163iilor legale \u00een vigoare;<\/p>\n\n\n\n<p>&nbsp;&nbsp;&nbsp; b) nu are locuin\u0163\u0103 \u015fi nici posibilitatea de a-\u015fi asigura condi\u0163iile de locuit pe baza resurselor proprii;<\/p>\n\n\n\n<p>&nbsp;&nbsp;&nbsp; c) nu realizeaz\u0103 venituri proprii sau acestea nu sunt suficiente pentru asigurarea \u00eengrijirii necesare;<\/p>\n\n\n\n<p>&nbsp;&nbsp;&nbsp; d) nu se poate gospod\u0103ri singur\u0103 sau necesit\u0103 \u00eengrijire specializat\u0103;<\/p>\n\n\n\n<p>&nbsp;&nbsp;&nbsp; e) se afl\u0103 \u00een imposibilitatea de a-\u015fi asigura nevoile sociomedicale, datorit\u0103 bolii ori st\u0103rii fizice sau psihice.<\/p>\n\n\n\n<p>Nevoile persoanelor v\u00e2rstnice se evalueaz\u0103 prin anchet\u0103 social\u0103 care se elaboreaz\u0103 pe baza datelor cu privire la afec\u0163iunile ce necesit\u0103 \u00eengrijire special\u0103, capacitatea de a se gospod\u0103ri \u015fi de a \u00eendeplini cerin\u0163ele fire\u015fti ale vie\u0163ii cotidiene, condi\u0163iile de locuit, precum \u015fi veniturile efective sau poten\u0163iale considerate minime pentru asigurarea satisfacerii nevoilor curente ale vie\u0163ii.<\/p>\n\n\n\n<p>Autoritatea tutelar\u0103\/Instan\u0163a de tutel\u0103 din unitatea administrativ-teritorial\u0103 \u00een care persoana v\u00e2rstnic\u0103 are domiciliul sau re\u015fedin\u0163a are obliga\u0163ia de a acorda, la solicitarea acesteia, <strong>consiliere juridic\u0103 gratuit\u0103<\/strong> \u00een vederea \u00eencheierii contractelor de v\u00e2nzare-cump\u0103rare sau de dona\u0163ie ori \u00een vederea constituirii de garan\u0163ii mobiliare sau imobiliare, care au ca obiect bunurile mobile ori imobile ale persoanei v\u00e2rstnice.<\/p>\n\n\n\n<p>Persoana v\u00e2rstnic\u0103 este asistat\u0103, la cererea acesteia sau din oficiu, dup\u0103 caz, de un reprezentant al autorit\u0103\u0163ii tutelare\/instan\u0163ei de tutel\u0103, in vederea incheierii oricarui act translativ de proprietate, av\u00e2nd ca obiect bunuri proprii, \u00een scopul \u00eentre\u0163inerii \u015fi \u00eengrijirii sale, precum \u015fi \u00een vederea \u00eencheierii contractelor de \u00eenchiriere\/comodat cu persoane fizice, \u00een vederea g\u0103zduirii persoanei v\u00e2rstnice.<\/p>\n\n\n\n<p>Obliga\u0163ia de \u00eentre\u0163inere \u015fi de \u00eengrijire, precum \u015fi modalit\u0103\u0163ile practice de executare a acesteia se prev\u0103d expres \u00een actul juridic \u00eencheiat de notarul public, sub sanc\u0163iunea nulit\u0103\u0163ii.<\/p>\n\n\n\n<p>La solicitarea persoanei v\u00e2rstnice cu domiciliul\/re\u0219edin\u021ba \u00een municipiul Pite\u0219ti, adresat\u0103 serviciului&nbsp; de specialitate (Serviciul Protec\u021bia Copilului \u0219i Autoritate Tutelar\u0103, tel. 0736701138) se asigur\u0103 prin personal specializat consiliere gratuit\u0103 \u00een vederea \u00eencheierii oric\u0103rui act translativ de proprietate<\/p>\n\n\n\n<p>Autoritatea tutelar\u0103 prime\u015fte din oficiu un duplicat al actului juridic \u00eencheiat, cu excep\u0163ia contractelor de \u00eenchiriere\/comodat.<\/p>\n\n\n\n<p>Neexecutarea obliga\u0163iei de \u00eentre\u0163inere \u015fi de \u00eengrijire de c\u0103tre noul proprietar al bunurilor ob\u0163inute ca urmare a actului juridic de \u00eenstr\u0103inare poate fi sesizat\u0103 autorit\u0103\u0163ii tutelare\/instan\u0163ei de tutel\u0103 din unitatea administrativ-teritorial\u0103 \u00een care persoana v\u00e2rstnic\u0103 are domiciliul sau re\u015fedin\u0163a, de c\u0103tre orice persoan\u0103 fizic\u0103 sau juridic\u0103. Autoritatea tutelar\u0103 se poate sesiza \u015fi din oficiu. \u00cen termen de 24 de ore de la \u00eenregistrarea sesiz\u0103rii, autoritatea tutelar\u0103 efectueaz\u0103 o anchet\u0103 social\u0103.<\/p>\n\n\n\n<p><strong>\u00cen cazul decesului persoanei v\u00e2rstnice lipsite de sus\u0163in\u0103tori legali<\/strong> sau c\u00e2nd ace\u015ftia nu pot s\u0103 \u00ee\u015fi \u00eendeplineasc\u0103 obliga\u0163iile familiale datorit\u0103 st\u0103rii de s\u0103n\u0103tate sau situa\u0163iei economice precare, Serviciul Protec\u021bia Persoanelor cu Handicap \u0219i a Persoanelor V\u00e2rstnice (tel.0736701136) face demersurile necesare emiterii <strong>dispozi\u021biei de \u00eenhumare<\/strong>.<\/p>\n\n\n\n<p>Pentru persoanele v\u00e2rstnice care doresc <strong>\u00eencadrarea \u00een grad de handicap<\/strong> sau necesit\u0103 <strong>completarea Grilei de evaluare<\/strong> \u00een vederea ob\u021binerii de servicii sociale, personalul specializat din cadrul Serviciului Protec\u021bia Persoanelor cu Handicap \u0219i a Persoanelor V\u00e2rstnice (tel.0736701136) consiliaz\u0103 solicitan\u021bii, \u00eentocme\u0219te fi\u0219ele de evaluare ini\u021biale, anchetele sociale \u0219i planurile de interven\u021bie.<\/p>\n\n\n\n<p>Persoanele v\u00e2rstnice <strong>f\u0103r\u0103 venituri sau cu venituri mici<\/strong> se pot adresa Serviciului Beneficii Sociale \u0219i Politici Familiale (tel.0736701137) \u00een vederea consilierii.<\/p>\n\n\n\n<p>Prin Serviciul Asisten\u021b\u0103 Comunitar\u0103 se deruleaz\u0103 urm\u0103toarele servicii sociale:<\/p>\n\n\n\n<ol class=\"wp-block-list\" type=\"1\">\n<li>de cazare pe timp de noapte pentru oamenii str\u0103zii -Adapost pe timp de noapte \u201e<strong>Speran\u021ba<\/strong><a>\u201d <\/a>(cartier G\u0103vana) \u0219i Adapost pe timp de noapte \u201e<strong>Nord<\/strong> (situat \u00een cadrul Punctului Termic 204 din cartierul Nord)<\/li>\n\n\n\n<li>de recuperare \u00een cadrul Centrului de Zi de Asisten\u021b\u0103 \u0219i Recuperare \u201e<strong>\u0218anse pentru To\u021bi<\/strong>\u201d, situat \u00een str.Zorilor, nr.15 (tel.0348\/424680)-<\/li>\n\n\n\n<li>de petrecere a timpului liver \u0219i socializare \u00een Cluburile de Pensionari \u201e<strong>G\u0103vana<\/strong>\u201d &nbsp;(cart.G\u0103vana III, P.T.907), \u201e<strong>Trivale<\/strong> \u201d (cart.Trivale P.T. 612) \u0219i \u201e<strong>BCR<\/strong>\u201d &nbsp;(str.Maior \u0218on\u021bu \u00een cadrul P.T.204).<\/li>\n<\/ol>\n\n\n\n<p>Persoanele v\u00e2rstnice care \u00eendeplinesc criteriile pentru <strong>acordarea unei locuin\u021be sociale <\/strong>pot depune solicitarea la Prim\u0103ria Municipiului Pite\u0219ti &#8211; Centrul de Informa\u021bii pentru Cet\u0103\u021beni \u0219i pot ob\u021bine informa\u021bii de la Serviciul Coordonare Asocia\u021bii de Proprietari.<\/p>\n\n\n\n<p>Conform listei furnizorilor de servicii sociale (site-ul Ministerului Muncii), \u00een municipiul Pite\u0219ti sunt licen\u021bia\u021bi urm\u0103torii furnizorii de servicii sociale<a>:<\/a><\/p>\n\n\n\n<p>a) pentru \u00eengrijiri la domiciliu: Unitatea de \u00cengrijiri la Domiciliu \u201eAl\u0103turi de Tine \u201d serviciu aflat \u00een subordinea Direc\u021biei Generale de Asisten\u021b\u0103 Social\u0103 \u0219i Protec\u021bia Copilului Arge\u0219, persoan\u0103 de contact doamna Ioni\u021b\u0103 Gabriela, tel.0744\/557103<\/p>\n\n\n\n<p>b) pentru \u00eengrijire \u00een c\u0103mine private: -Centrul reziden\u021bial de \u00eengrijire persoane v\u00e2rstnice Sf.Stelian, str.Mihail Lungeanu nr.3<\/p>\n\n\n\n<p>\u00a0\u00a0\u00a0\u00a0\u00a0\u00a0\u00a0\u00a0\u00a0\u00a0\u00a0\u00a0\u00a0\u00a0\u00a0\u00a0\u00a0\u00a0\u00a0\u00a0\u00a0\u00a0\u00a0\u00a0\u00a0\u00a0\u00a0\u00a0\u00a0\u00a0&#8211; Casa de Vis pentru Seniori, str. Grigore\u0219ti nr.1V<\/p>\n\n\n\n<p>\u00a0\u00a0\u00a0\u00a0\u00a0\u00a0\u00a0\u00a0\u00a0\u00a0\u00a0\u00a0\u00a0\u00a0\u00a0\u00a0\u00a0\u00a0\u00a0\u00a0\u00a0\u00a0\u00a0\u00a0\u00a0\u00a0\u00a0\u00a0\u00a0 -Centrul reziden\u021bial pentru persoane v\u00e2rstnice Altmed Nursing Depozitelor, str.Depozitelor nr.10<\/p>\n\n\n\n<p>Potrivit prevederilor Ordonan\u0163ei Guvernului nr. 137\/2000  privind <strong>prevenirea \u015fi sanc\u0163ionarea tuturor formelor de discriminare<\/strong>, republicat\u0103, cu modific\u0103rile \u015fi complet\u0103rile ulterioare, orice persoan\u0103 v\u00e2rstnic\u0103 beneficiaz\u0103 de servicii sociale \u00een mod nediscriminatoriu.<\/p>\n\n\n\n<p>\u00cen conformitate cu prevederile Legii nr. 211\/2004 privind unele m\u0103suri pentru asigurarea inform\u0103rii, sprijinirii \u015fi <strong>protec\u0163iei victimelor infrac\u0163iunilor<\/strong>, cu modific\u0103rile \u015fi complet\u0103rile ulterioare, persoanele care sunt victime ale unor infrac\u021biuni se pot adresa Direc\u021biei Generale de Asisten\u021b\u0103 Social\u0103 \u0219i Protec\u021bia Copilului Arge\u0219 \u2013 Compartimentul pentru Sprijinirea Victimilor Infrac\u021biunilor (tel.0248\/271131).<\/p>\n\n\n\n<p>Potrivit prevederilor Legeii nr.217\/2003  pentru prevenirea \u015fi combaterea <strong>violen\u0163ei domestice<\/strong>, republicat\u0103, cu modific\u0103rile \u015fi complet\u0103rile ulterioare autorit\u0103\u0163ile administra\u0163iei publice centrale \u015fi locale au obliga\u0163ia s\u0103 ia m\u0103surile necesare pentru prevenirea violen\u0163ei domestice, pentru pre\u00eent\u00e2mpinarea unor situa\u0163ii de \u00eenc\u0103lcare repetat\u0103 a drepturilor fundamentale ale victimelor violen\u0163ei domestice.<\/p>\n\n\n\n<p>\u00cen acest sens, persoanele v\u00e2rstnice care sunt supuse violen\u021bei domestice se pot adresa Direc\u021biei de Asisten\u021b\u0103 Social\u0103 a Municipiului Pite\u0219ti, pentru \u00eendrumare\/consiliere.<\/p>\n","protected":false},"excerpt":{"rendered":"<p>INFORMA\u0162II &nbsp;prezentate \u00een consilierea ini\u0163ial\u0103 a persoanei v\u00e2rstnice Persoanele v\u00e2rstnice au dreptul la asisten\u0163\u0103 social\u0103, potrivit dispozi\u0163iilor Legii nr.17\/2000 privind asisten\u021ba social\u0103 a persoanelor v\u00e2rstnice, republicat\u0103, \u00een raport cu situa\u0163ia sociomedical\u0103 \u015fi cu resursele economice de care dispun. &nbsp;&nbsp;&nbsp; &nbsp;&nbsp;&nbsp;&nbsp;&nbsp;&nbsp;&nbsp;Conform<\/p>\n","protected":false},"author":1,"featured_media":0,"parent":0,"menu_order":0,"comment_status":"closed","ping_status":"closed","template":"","meta":{"footnotes":""},"class_list":["post-8500","page","type-page","status-publish","hentry"],"translation":{"provider":"WPGlobus","version":"3.0.0","language":"ru","enabled_languages":["en","es","de","fr","ru"],"languages":{"en":{"title":true,"content":true,"excerpt":false},"es":{"title":false,"content":false,"excerpt":false},"de":{"title":false,"content":false,"excerpt":false},"fr":{"title":false,"content":false,"excerpt":false},"ru":{"title":false,"content":false,"excerpt":false}}},"_links":{"self":[{"href":"https:\/\/www.dasp.ro\/ru\/wp-json\/wp\/v2\/pages\/8500","targetHints":{"allow":["GET"]}}],"collection":[{"href":"https:\/\/www.dasp.ro\/ru\/wp-json\/wp\/v2\/pages"}],"about":[{"href":"https:\/\/www.dasp.ro\/ru\/wp-json\/wp\/v2\/types\/page"}],"author":[{"embeddable":true,"href":"https:\/\/www.dasp.ro\/ru\/wp-json\/wp\/v2\/users\/1"}],"replies":[{"embeddable":true,"href":"https:\/\/www.dasp.ro\/ru\/wp-json\/wp\/v2\/comments?post=8500"}],"version-history":[{"count":5,"href":"https:\/\/www.dasp.ro\/ru\/wp-json\/wp\/v2\/pages\/8500\/revisions"}],"predecessor-version":[{"id":8505,"href":"https:\/\/www.dasp.ro\/ru\/wp-json\/wp\/v2\/pages\/8500\/revisions\/8505"}],"wp:attachment":[{"href":"https:\/\/www.dasp.ro\/ru\/wp-json\/wp\/v2\/media?parent=8500"}],"curies":[{"name":"wp","href":"https:\/\/api.w.org\/{rel}","templated":true}]}}