{"id":8539,"date":"2024-07-08T15:20:54","date_gmt":"2024-07-08T12:20:54","guid":{"rendered":"https:\/\/www.dasp.ro\/?page_id=8539"},"modified":"2024-07-08T15:20:56","modified_gmt":"2024-07-08T12:20:56","slug":"anunt-instruire-persoane-care-doresc-sa-devina-asistenti-personali-profesionisti-pentru-persoanele-incadrate-in-gradul-grav-accentuat-de-handicap","status":"publish","type":"page","link":"https:\/\/www.dasp.ro\/ru\/anunt-instruire-persoane-care-doresc-sa-devina-asistenti-personali-profesionisti-pentru-persoanele-incadrate-in-gradul-grav-accentuat-de-handicap\/","title":{"rendered":"Anunt\u00a0Instruire persoane care doresc sa devina\u00a0asistenti personali profesionisti pentru persoanele incadrate in gradul grav\/accentuat de handicap"},"content":{"rendered":"\n<p><\/p>\n\n\n\n<p><\/p>\n\n\n\n<p class=\"has-text-align-center\"><strong>ANUN<\/strong><strong>\u021a<\/strong><\/p>\n\n\n\n<p class=\"has-text-align-center\"><strong>Instruire persoane care doresc s\u0103 devin\u0103<\/strong><\/p>\n\n\n\n<p class=\"has-text-align-center\"><strong>&nbsp;<\/strong><strong>asisten\u021bi personali profesioni\u0219ti<\/strong><\/p>\n\n\n\n<p class=\"has-text-align-center\"><strong>&nbsp;pentru persoanele \u00eencadrate \u00een gradul grav\/accentuat de handicap<\/strong><\/p>\n\n\n\n<div style=\"height:100px\" aria-hidden=\"true\" class=\"wp-block-spacer\"><\/div>\n\n\n\n<p><strong>&nbsp;&nbsp;&nbsp;&nbsp;&nbsp;&nbsp;&nbsp;&nbsp;&nbsp; <\/strong>Direc\u021bia General\u0103 de Asisten\u021b\u0103 Social\u0103 \u0219i Protec\u021bia Copilului Arge\u0219, cu sediul \u00een Pite\u0219ti, str.Calea Dr\u0103g\u0103\u0219ani nr.8 caut\u0103 persoane care doresc s\u0103 fie instruite pentru a deveni asisten\u021bi personali profesioni\u0219ti pentru persoanele \u00eencadrate \u00een gradul grav\/accentuat de handicap.<\/p>\n\n\n\n<p><strong>&nbsp;&nbsp;&nbsp;&nbsp;&nbsp;&nbsp;&nbsp;&nbsp;&nbsp; <\/strong>\u00cen cadrul procesului de dezinstitu\u021bionalizare \u0219i de prevenire a institu\u021bionaliz\u0103rii persoanelor adulte cu dizabilit\u0103\u021bi, Autoritatea Na\u021bional\u0103 pentru Protec\u021bia Drepturilor Persoanelor cu Dizabilit\u0103\u021bi va implementa <strong>proiectul Re\u021beaua asistentului personal profesionist- suport pentru o via\u021b\u0103 independent\u0103 \u00een comunitate pentru persoanele cu dizabilit\u0103\u021bi.<\/strong><\/p>\n\n\n\n<p><strong>&nbsp;&nbsp;&nbsp;&nbsp;&nbsp;&nbsp;&nbsp;&nbsp;&nbsp; <\/strong>Proiectul se desf\u0103\u0219oar\u0103 \u00een parteneriat cu Ministerul Muncii \u0219i Solidarit\u0103\u021bii Sociale \u0219i cu 25 de D.G.A.S.P.C-uri din \u021bar\u0103, \u00een care se reg\u0103se\u0219te \u0219i Direc\u021bia General\u0103 de Asisten\u021b\u0103 Social\u0103 \u0219i Protec\u021bia Copilului Arge\u0219.<\/p>\n\n\n\n<p>&nbsp;&nbsp;&nbsp;&nbsp;&nbsp;&nbsp;&nbsp;&nbsp;&nbsp; \u00cen cadrul acestui proiect vor fi instruite un num\u0103r de 500 de persoane care doresc s\u0103 fi angajate ca asisten\u021bi personali profesioni\u0219ti.<\/p>\n\n\n\n<p><strong>Persoanele care doresc s\u0103 devin\u0103 asisten\u021bi personali profesioni\u0219ti se pot adresa D.G.A.S.P.C. Arge\u0219, cu sediul \u00een Pite\u0219ti, Calea Dr\u0103g\u0103\u0219ani nr.8- Biroului Management de Caz pentru Adul\u021bi \u0219i Monitorizare Servicii Sociale, tel.0731221315 sau 0248\/271131 int.48.<\/strong> <\/p>\n\n\n\n<p>Mai multe date despre asistentul personal profesionist\u00a0 <a href=\"https:\/\/www.dasp.ro\/wp-content\/uploads\/2024\/07\/Anunt-asistenti.pdf\">aici<\/a><\/p>\n","protected":false},"excerpt":{"rendered":"<p>ANUN\u021a Instruire persoane care doresc s\u0103 devin\u0103 &nbsp;asisten\u021bi personali profesioni\u0219ti &nbsp;pentru persoanele \u00eencadrate \u00een gradul grav\/accentuat de handicap &nbsp;&nbsp;&nbsp;&nbsp;&nbsp;&nbsp;&nbsp;&nbsp;&nbsp; Direc\u021bia General\u0103 de Asisten\u021b\u0103 Social\u0103 \u0219i Protec\u021bia Copilului Arge\u0219, cu sediul \u00een Pite\u0219ti, str.Calea Dr\u0103g\u0103\u0219ani nr.8 caut\u0103 persoane care doresc s\u0103<\/p>\n","protected":false},"author":1,"featured_media":0,"parent":0,"menu_order":0,"comment_status":"closed","ping_status":"closed","template":"","meta":{"footnotes":""},"class_list":["post-8539","page","type-page","status-publish","hentry"],"translation":{"provider":"WPGlobus","version":"3.0.0","language":"ru","enabled_languages":["en","es","de","fr","ru"],"languages":{"en":{"title":true,"content":true,"excerpt":false},"es":{"title":false,"content":false,"excerpt":false},"de":{"title":false,"content":false,"excerpt":false},"fr":{"title":false,"content":false,"excerpt":false},"ru":{"title":false,"content":false,"excerpt":false}}},"_links":{"self":[{"href":"https:\/\/www.dasp.ro\/ru\/wp-json\/wp\/v2\/pages\/8539","targetHints":{"allow":["GET"]}}],"collection":[{"href":"https:\/\/www.dasp.ro\/ru\/wp-json\/wp\/v2\/pages"}],"about":[{"href":"https:\/\/www.dasp.ro\/ru\/wp-json\/wp\/v2\/types\/page"}],"author":[{"embeddable":true,"href":"https:\/\/www.dasp.ro\/ru\/wp-json\/wp\/v2\/users\/1"}],"replies":[{"embeddable":true,"href":"https:\/\/www.dasp.ro\/ru\/wp-json\/wp\/v2\/comments?post=8539"}],"version-history":[{"count":2,"href":"https:\/\/www.dasp.ro\/ru\/wp-json\/wp\/v2\/pages\/8539\/revisions"}],"predecessor-version":[{"id":8545,"href":"https:\/\/www.dasp.ro\/ru\/wp-json\/wp\/v2\/pages\/8539\/revisions\/8545"}],"wp:attachment":[{"href":"https:\/\/www.dasp.ro\/ru\/wp-json\/wp\/v2\/media?parent=8539"}],"curies":[{"name":"wp","href":"https:\/\/api.w.org\/{rel}","templated":true}]}}