{"id":8720,"date":"2024-10-15T15:05:20","date_gmt":"2024-10-15T12:05:20","guid":{"rendered":"https:\/\/www.dasp.ro\/?page_id=8720"},"modified":"2025-09-22T13:33:26","modified_gmt":"2025-09-22T10:33:26","slug":"conducere","status":"publish","type":"page","link":"https:\/\/www.dasp.ro\/ru\/conducere\/","title":{"rendered":"Conducere"},"content":{"rendered":"\n<p>Director Executiv : <strong>SORIN IANCU<\/strong><\/p>\n\n\n\n<p>Program de audien\u021be: Miercuri \u00eentre orele 09.00-11.00<\/p>\n\n\n\n<p>Date de contact:<\/p>\n\n\n\n<p>Direc\u021bia de Asisten\u021b\u0103 Social\u0103 a Municipiului Pite\u0219ti<\/p>\n\n\n\n<p>Adresa: Pite\u015fti, Bulevardul Republicii nr. 117B, bl. D5B, parter&nbsp;; Cod po\u015ftal: 110195<\/p>\n\n\n\n<p><a href=\"mailto:E-mail:%20dasp@dasp.ro\">E-mail: dasp@dasp.ro<\/a><\/p>\n\n\n\n<p>Tel: 0372030420&nbsp; Fax: 0372030421<\/p>\n\n\n\n<p><\/p>\n\n\n\n<p><a href=\"https:\/\/www.dasp.ro\/servicii\/\" data-type=\"page\" data-id=\"600\">SERVICII IN CADRUL DIREC\u021aIEI DE ASISTEN\u021a\u0102 SOCIAL\u0102 A MUNICIPIULUI PITE\u0218TI<\/a><\/p>\n\n\n\n<p><\/p>\n\n\n\n<p><\/p>\n\n\n\n<p><strong>PROCEDUR\u0102 AUDIEN\u021aE CET\u0102\u021aENI<\/strong><\/p>\n\n\n\n<p>&nbsp;\u00cen cadrul solicit\u0103rii unei audien\u021be la conducerea institu\u021biei se vor solicita informa\u021bii referitoare la problema pentru&nbsp; care se solicit\u0103&nbsp; audien\u021ba \u0219i referitoare la datele de identitate ale solicitantului care vor fi trecute in fi\u0219a de audien\u021b\u0103, \u00een care se completeaz\u0103 obligatoriu: nume, prenume, date de contact (conform actului de identitate), num\u0103r de telefon, motivul solicit\u0103rii audien\u021bei.<\/p>\n\n\n\n<p>&nbsp;&nbsp;&nbsp;&nbsp;&nbsp;&nbsp;&nbsp;&nbsp;&nbsp;&nbsp;&nbsp; &nbsp;&nbsp; Prin furnizarea informa\u021biilor sunte\u021bi de acord cu prelucrarea datelor cu caracter personal de c\u0103tre Direc\u021bia de Asisten\u021b\u0103 Social\u0103 a Municipiului Pite\u0219ti cu sediul \u00een Pite\u015fti, Bld. Republicii nr. 117B, bl. D5B, parter, cod po\u015ftal: 110195, \u00een scopul rezolv\u0103rii solicit\u0103rii.. Mai multe informatii legate de prelucrarea datelor g\u0103si\u021bi \u00een sec\u021biunea \u201eProtec\u021bia datelor (GDPR)&#8221;.<\/p>\n\n\n\n<p><br><strong>&#8211; &nbsp;\u00ceNSCRIEREA \u00ceN AUDIEN\u021a\u0102-<\/strong><\/p>\n\n\n\n<p>\u2022 Se face la sediul Direc\u021biei de Asisten\u021b\u0103 Social\u0103 a Municipiului Pite\u0219ti prin completarea unei cereri sau online prin intermediul e-mailului ( <a href=\"mailto:dasp@dasp.ro\">dasp@dasp.ro<\/a> ) sau a formularului de contact care reg\u0103se\u0219te pe site-ul institu\u021biei \u00een sec\u021biunea \u201cContacteaz\u0103-ne\u201d.<\/p>\n\n\n\n<p>\u2022 Audien\u0163ele pot fi acordate doar \u00een cadrul unei \u00eent\u00e2lniri programate (cererile pentru solicitarea unei audien\u021be pot fi primite cel mai t\u00e2rziu cu o zi \u00eenainte de ziua acord\u0103rii audien\u021belor) ;<\/p>\n\n\n\n<p>\u2022 \u00censcrierea \u00een audien\u021b\u0103 se face doar pentru probleme care intr\u0103 \u00een competen\u021ba Direc\u021biei de Asisten\u021b\u0103 Social\u0103 a Municipiului Pite\u0219ti \u015fi care pot fi solu\u0163ionate \u00een cadrul legal de c\u0103tre executivul institu\u021biei.&nbsp;<\/p>\n\n\n\n<p>&#8211;<strong>MOTIVELE AUDIEN\u021aEI-<\/strong><\/p>\n\n\n\n<p>\u2022 Pentru solicitarea unei audien\u021be la conducerea (Director Executiv) Direc\u021biei de Asisten\u021b\u0103 Social\u0103 a Municipiului Pite\u0219ti este necesar ca persoana s\u0103 fac\u0103&nbsp;dovada faptului c\u0103 a depus, anterior, o cerere c\u0103reia i s-a r\u0103spuns negativ. De asemenea,&nbsp;pot solicita audien\u021b\u0103 persoanele c\u0103rora nu li s-a r\u0103spuns cererilor \u00een termen legal;<\/p>\n\n\n\n<p>\u2022 Motivul solicit\u0103rii audien\u021bei trebuie s\u0103 fie real \u0219i clar exprimat, formul\u0103rile generale cum&nbsp;ar fi \u201eprobleme personale\u201d nefiind acceptate.<\/p>\n\n\n\n<p><br><strong>&nbsp;&#8211; ORDINEA SOLICIT\u0102RII AUDIEN\u021aELOR &#8211;<\/strong><\/p>\n\n\n\n<p>1, \u0218eful serviciului de specialitate din Direc\u021bia de Asisten\u021b\u0103 Social\u0103 a Municipiului Pite\u0219ti, de competen\u021ba&nbsp;c\u0103ruia este problema care face obiectul solicit\u0103rii audien\u021bei;<\/p>\n\n\n\n<p>2. Directorul Executiv al Direc\u021biei de Asisten\u021b\u0103 Social\u0103 a Municipiului Pite\u0219ti &#8211; va oferi audien\u021be persoanelor care fac dovada faptului c\u0103&nbsp;au fost \u00een audien\u021b\u0103 la unul dintre \u0219efii serviciilor.&nbsp;<\/p>\n\n\n\n<p>NOT\u0102: Timpul alocat fiec\u0103rei audien\u021be este de maximum 20 de minute.<\/p>\n\n\n\n<p><br><strong>&#8211; R\u0102SPUNSUL LA AUDIEN\u021a\u0102 &#8211;<\/strong><\/p>\n\n\n\n<p>\u2022 Se va comunica, la cerere, \u00een scris, \u00een termen de maximum 10 zile lucr\u0103toare de la data \u00een&nbsp;care a avut loc audien\u0163a, prin: po\u015ft\u0103, email sau prin ridicare de la sediul Direc\u021biei de Asisten\u021b\u0103 Social\u0103 a Municipiului Pite\u0219ti;<\/p>\n\n\n\n<p><br><strong>PROGRAM AUDIEN\u021aE:<\/strong><br>\u2022 Miercuri \u00eentre orele 09.00-11.00<\/p>\n","protected":false},"excerpt":{"rendered":"<p>Director Executiv : SORIN IANCU Program de audien\u021be: Miercuri \u00eentre orele 09.00-11.00 Date de contact: Direc\u021bia de Asisten\u021b\u0103 Social\u0103 a Municipiului Pite\u0219ti Adresa: Pite\u015fti, Bulevardul Republicii nr. 117B, bl. D5B, parter&nbsp;; Cod po\u015ftal: 110195 E-mail: dasp@dasp.ro Tel: 0372030420&nbsp; Fax: 0372030421<\/p>\n","protected":false},"author":1,"featured_media":0,"parent":0,"menu_order":0,"comment_status":"closed","ping_status":"closed","template":"","meta":{"footnotes":""},"class_list":["post-8720","page","type-page","status-publish","hentry"],"translation":{"provider":"WPGlobus","version":"3.0.0","language":"ru","enabled_languages":["en","es","de","fr","ru"],"languages":{"en":{"title":true,"content":true,"excerpt":false},"es":{"title":false,"content":false,"excerpt":false},"de":{"title":false,"content":false,"excerpt":false},"fr":{"title":false,"content":false,"excerpt":false},"ru":{"title":false,"content":false,"excerpt":false}}},"_links":{"self":[{"href":"https:\/\/www.dasp.ro\/ru\/wp-json\/wp\/v2\/pages\/8720","targetHints":{"allow":["GET"]}}],"collection":[{"href":"https:\/\/www.dasp.ro\/ru\/wp-json\/wp\/v2\/pages"}],"about":[{"href":"https:\/\/www.dasp.ro\/ru\/wp-json\/wp\/v2\/types\/page"}],"author":[{"embeddable":true,"href":"https:\/\/www.dasp.ro\/ru\/wp-json\/wp\/v2\/users\/1"}],"replies":[{"embeddable":true,"href":"https:\/\/www.dasp.ro\/ru\/wp-json\/wp\/v2\/comments?post=8720"}],"version-history":[{"count":3,"href":"https:\/\/www.dasp.ro\/ru\/wp-json\/wp\/v2\/pages\/8720\/revisions"}],"predecessor-version":[{"id":9738,"href":"https:\/\/www.dasp.ro\/ru\/wp-json\/wp\/v2\/pages\/8720\/revisions\/9738"}],"wp:attachment":[{"href":"https:\/\/www.dasp.ro\/ru\/wp-json\/wp\/v2\/media?parent=8720"}],"curies":[{"name":"wp","href":"https:\/\/api.w.org\/{rel}","templated":true}]}}