{"id":9140,"date":"2025-02-06T15:14:16","date_gmt":"2025-02-06T13:14:16","guid":{"rendered":"https:\/\/www.dasp.ro\/?page_id=9140"},"modified":"2025-02-06T15:27:13","modified_gmt":"2025-02-06T13:27:13","slug":"in-atentia-persoanelor-care-sunt-victime-ale-violentei-domestice-2","status":"publish","type":"page","link":"https:\/\/www.dasp.ro\/ru\/in-atentia-persoanelor-care-sunt-victime-ale-violentei-domestice-2\/","title":{"rendered":"\u00a0\u00a0In atentia persoanelor care sunt victime ale violentei domestice"},"content":{"rendered":"\n<p><strong>&nbsp;&nbsp;&nbsp;&nbsp;&nbsp;&nbsp;&nbsp;&nbsp;&nbsp; \u00cen aten\u021bia persoanelor care sunt victime ale violen\u021bei domestice<\/strong><\/p>\n\n\n\n<p><strong>Linia telefonic\u0103 de urgen\u021b\u0103\u00a0 este <\/strong><\/p>\n\n\n\n<p><strong>-112\u00a0 &#8211;\u00a0 serviciul na\u021bional;<\/strong><\/p>\n\n\n\n<p><strong> -119\u00a0 &#8211; telefonul copilului;<\/strong><\/p>\n\n\n\n<p><strong> &#8211; 0800 500 333- helpline<\/strong><\/p>\n\n\n\n<p><strong>Extras din Legea nr. 217\/2003 pentru prevenirea \u0219i combaterea violen\u021bei domestice, republicat\u0103, cu modific\u0103rile \u0219i complet\u0103rile ulterioare<\/strong><\/p>\n\n\n\n<p><strong>Art. 3<\/strong><\/p>\n\n\n\n<p><a><\/a>\u00cen sensul prezentei legi, violen\u0163a domestic\u0103 \u00eenseamn\u0103 orice inac\u0163iune sau ac\u0163iune inten\u0163ionat\u0103 de violen\u0163\u0103 fizic\u0103, sexual\u0103, psihologic\u0103, economic\u0103, social\u0103, spiritual\u0103 sau cibernetic\u0103, care se produce \u00een mediul familial sau domestic ori \u00eentre so\u0163i sau fo\u015fti so\u0163i, precum \u015fi \u00eentre actuali sau fo\u015fti parteneri, indiferent dac\u0103 agresorul locuie\u015fte sau a locuit \u00eempreun\u0103 cu victima.<\/p>\n\n\n\n<p><strong>Art. 4<\/strong><\/p>\n\n\n\n<p><strong>(1)<\/strong>Violen\u0163a domestic\u0103 se manifest\u0103 sub urm\u0103toarele forme:<\/p>\n\n\n\n<p><a><\/a><strong>a)<\/strong><em>violen\u0163a verbal\u0103<\/em> &#8211; adresarea printr-un limbaj jignitor, brutal, precum utilizarea de insulte, amenin\u0163\u0103ri, cuvinte \u015fi expresii degradante sau umilitoare;<\/p>\n\n\n\n<p><a><\/a><strong>b)<\/strong><em>violen\u0163a psihologic\u0103<\/em> &#8211; impunerea voin\u0163ei sau a controlului personal, provocarea de st\u0103ri de tensiune \u015fi de suferin\u0163\u0103 psihic\u0103 \u00een orice mod \u015fi prin orice mijloace, prin amenin\u0163are verbal\u0103 sau \u00een orice alt\u0103 modalitate, \u015fantaj, violen\u0163\u0103 demonstrativ\u0103 asupra obiectelor \u015fi animalelor, afi\u015fare ostentativ\u0103 a armelor, neglijare, controlul vie\u0163ii personale, acte de gelozie, constr\u00e2ngerile de orice fel, urm\u0103rirea f\u0103r\u0103 drept, supravegherea locuin\u0163ei, a locului de munc\u0103 sau a altor locuri frecventate de victim\u0103, efectuarea de apeluri telefonice sau alte tipuri de comunic\u0103ri prin mijloace de transmitere la distan\u0163\u0103, care prin frecven\u0163\u0103, con\u0163inut sau momentul \u00een care sunt emise creeaz\u0103 temere, precum \u015fi alte ac\u0163iuni cu efect similar;<\/p>\n\n\n\n<p><a><\/a><strong>c)<\/strong><em>violen\u0163a fizic\u0103<\/em> &#8211; v\u0103t\u0103marea corporal\u0103 ori a s\u0103n\u0103t\u0103\u0163ii prin lovire, \u00eembr\u00e2ncire, tr\u00e2ntire, tragere de p\u0103r, \u00een\u0163epare, t\u0103iere, ardere, strangulare, mu\u015fcare, \u00een orice form\u0103 \u015fi de orice intensitate, inclusiv mascate ca fiind rezultatul unor accidente, prin otr\u0103vire, intoxicare, precum \u015fi alte ac\u0163iuni cu efect similar, supunerea la eforturi fizice epuizante sau la activit\u0103\u0163i cu grad mare de risc pentru via\u0163\u0103 sau s\u0103n\u0103tate \u015fi integritate corporal\u0103, altele dec\u00e2t cele de la lit. e);<\/p>\n\n\n\n<p><a><\/a><strong>d)<\/strong><em>violen\u0163a sexual\u0103<\/em> &#8211; agresiune sexual\u0103, impunere de acte degradante, h\u0103r\u0163uire, intimidare, manipulare, brutalitate \u00een vederea \u00eentre\u0163inerii unor rela\u0163ii sexuale for\u0163ate, viol conjugal;<\/p>\n\n\n\n<p><a><\/a><strong>e)<\/strong><em>violen\u0163a economic\u0103<\/em> &#8211; interzicerea activit\u0103\u0163ii profesionale, privare de mijloace economice, inclusiv lipsire de mijloace de existen\u0163\u0103 primar\u0103, cum ar fi hran\u0103, medicamente, obiecte de prim\u0103 necesitate, ac\u0163iunea de sustragere inten\u0163ionat\u0103 a bunurilor persoanei, interzicerea dreptului de a poseda, folosi \u015fi dispune de bunurile comune, control inechitabil asupra bunurilor \u015fi resurselor comune, refuzul de a sus\u0163ine familia, impunerea de munci grele \u015fi nocive \u00een detrimentul s\u0103n\u0103t\u0103\u0163ii, inclusiv unui membru de familie minor, precum \u015fi alte ac\u0163iuni cu efect similar;<\/p>\n\n\n\n<p><a><\/a><strong>f)<\/strong><em>violen\u0163a social\u0103<\/em> &#8211; impunerea izol\u0103rii persoanei de familie, de comunitate \u015fi de prieteni, interzicerea frecvent\u0103rii institu\u0163iei de \u00eenv\u0103\u0163\u0103m\u00e2nt sau a locului de munc\u0103, interzicerea\/limitarea realiz\u0103rii profesionale, impunerea izol\u0103rii, inclusiv \u00een locuin\u0163a comun\u0103, privarea de acces \u00een spa\u0163iul de locuit, deposedarea de acte de identitate, privare inten\u0163ionat\u0103 de acces la informa\u0163ie, precum \u015fi alte ac\u0163iuni cu efect similar;<\/p>\n\n\n\n<p><a><\/a><strong>g)<\/strong><em>violen\u0163a spiritual\u0103<\/em> &#8211; subestimarea sau diminuarea importan\u0163ei satisfacerii necesit\u0103\u0163ilor moral-spirituale prin interzicere, limitare, ridiculizare, penalizare a aspira\u0163iilor membrilor de familie, a accesului la valorile culturale, etnice, lingvistice ori religioase, interzicerea dreptului de a vorbi \u00een limba matern\u0103 \u015fi de a \u00eenv\u0103\u0163a copiii s\u0103 vorbeasc\u0103 \u00een limba matern\u0103, impunerea ader\u0103rii la credin\u0163e \u015fi practici spirituale \u015fi religioase inacceptabile, precum \u015fi alte ac\u0163iuni cu efect similar sau cu repercusiuni similare;<\/p>\n\n\n\n<p><a><\/a><strong>h)<\/strong><em>violen\u0163a cibernetic\u0103<\/em> &#8211; h\u0103r\u0163uire online, mesaje online instigatoare la ur\u0103 pe baz\u0103 de gen, urm\u0103rire online, amenin\u0163\u0103ri online, publicarea nonconsensual\u0103 de informa\u0163ii \u015fi con\u0163inut grafic intim, accesul ilegal de interceptare a comunica\u0163iilor \u015fi datelor private \u015fi orice alt\u0103 form\u0103 de utilizare abuziv\u0103 a tehnologiei informa\u0163iei \u015fi a comunica\u0163iilor prin intermediul calculatoarelor, telefoanelor mobile inteligente sau altor dispozitive similare care folosesc telecomunica\u0163iile sau se pot conecta la internet \u015fi pot transmite \u015fi utiliza platformele sociale sau de e-mail, cu scopul de a face de ru\u015fine, umili, speria, amenin\u0163a, reduce la t\u0103cere victima.<\/p>\n\n\n\n<p><a><\/a><strong>(2)<\/strong>\u00cen nicio form\u0103 \u015fi \u00een nicio \u00eemprejurare, obiceiul, cultura, religia, tradi\u0163ia \u015fi onoarea nu pot fi considerate drept justificare pentru niciun tip de acte de violen\u0163\u0103 definite \u00een prezenta lege.<\/p>\n\n\n\n<p><strong>Art. 5<\/strong><\/p>\n\n\n\n<p><strong>(1)<\/strong>\u00cen sensul prezentei legi, prin membru de familie se \u00een\u0163elege:<\/p>\n\n\n\n<p><a><\/a><strong>a)<\/strong>ascenden\u0163ii \u015fi descenden\u0163ii, fra\u0163ii \u015fi surorile, so\u0163ii \u015fi copiii acestora, precum \u015fi persoanele devenite rude prin adop\u0163ie, potrivit legii;<\/p>\n\n\n\n<p><a><\/a><strong>b)<\/strong>so\u0163ul\/so\u0163ia \u015fi\/sau fostul so\u0163\/fosta so\u0163ie; fra\u0163ii, p\u0103rin\u0163ii \u015fi copiii din alte rela\u0163ii ai so\u0163ului\/so\u0163iei sau ai fostului so\u0163\/fostei so\u0163ii;<\/p>\n\n\n\n<p><a><\/a><strong>c)<\/strong>persoanele care au stabilit rela\u0163ii asem\u0103n\u0103toare acelora dintre so\u0163i sau dintre p\u0103rin\u0163i \u015fi copii, actuali sau fo\u015fti parteneri, indiferent dac\u0103 acestea au locuit sau nu cu agresorul, ascenden\u0163ii \u015fi descenden\u0163ii partenerei\/partenerului, precum \u015fi fra\u0163ii \u015fi surorile acestora;<\/p>\n\n\n\n<p><a><\/a><strong>d)<\/strong>tutorele sau alt\u0103 persoan\u0103 care exercit\u0103 \u00een fapt ori \u00een drept drepturile fa\u0163\u0103 de persoana copilului;<\/p>\n\n\n\n<p><a><\/a><strong>e)<\/strong>reprezentantul legal sau alt\u0103 persoan\u0103 care \u00eengrije\u015fte persoana cu boal\u0103 psihic\u0103, dizabilitate intelectual\u0103 ori handicap fizic, cu excep\u0163ia celor care \u00eendeplinesc aceste atribu\u0163ii \u00een exercitarea sarcinilor profesionale.<\/p>\n\n\n\n<p><a><\/a><strong>(2)<\/strong>\u00cen sensul prezentei legi prin victim\u0103 se \u00een\u0163elege persoana fizic\u0103 ce este supus\u0103 uneia sau mai multor forme de violen\u0163\u0103 prev\u0103zute la art. 4, inclusiv copiii martori la aceste forme de violen\u0163\u0103.<\/p>\n\n\n\n<p><strong>Art. 6<\/strong><\/p>\n\n\n\n<p><a><\/a>Victima violen\u0163ei domestice are dreptul:<\/p>\n\n\n\n<p><a><\/a><strong>a)<\/strong>la respectarea personalit\u0103\u0163ii, demnit\u0103\u0163ii \u015fi a vie\u0163ii sale private;<\/p>\n\n\n\n<p><a><\/a><strong>b)<\/strong>la informarea cu privire la exercitarea drepturilor sale;<\/p>\n\n\n\n<p><a><\/a><strong>c)<\/strong>la protec\u0163ie special\u0103, adecvat\u0103 situa\u0163iei \u015fi nevoilor sale;<\/p>\n\n\n\n<p><a><\/a><strong>d)<\/strong>la servicii de consiliere, reabilitare, reintegrare social\u0103, precum \u015fi la asisten\u0163\u0103 medical\u0103 gratuit\u0103, \u00een condi\u0163iile prezentei legi;<\/p>\n\n\n\n<p><a><\/a><strong>e)<\/strong>la consiliere \u015fi asisten\u0163\u0103 juridic\u0103 gratuit\u0103, \u00een condi\u0163iile legii.<\/p>\n\n\n\n<p><strong>&nbsp;Accesarea serviciilor sociale<\/strong><\/p>\n\n\n\n<p><strong>Art. 16<\/strong><\/p>\n\n\n\n<p><a><\/a><strong>(1)<\/strong>Serviciile sociale pentru prevenirea \u015fi combaterea violen\u0163ei domestice pot fi organizate \u00een regim reziden\u0163ial, \u00een regim de zi sau cu program continuu, cu sau f\u0103r\u0103 personalitate juridic\u0103, de interes local sau jude\u0163ean.<\/p>\n\n\n\n<p><strong>(2)<\/strong>Serviciile sociale pentru prevenirea \u015fi combaterea violen\u0163ei domestice organizate \u00een regim reziden\u0163ial, destinate victimelor violen\u0163ei domestice, cu g\u0103zduire pe perioad\u0103 determinat\u0103, sunt:<\/p>\n\n\n\n<p><a><\/a><strong>a)<\/strong>centre de primire \u00een regim de urgen\u0163\u0103;<\/p>\n\n\n\n<p><a><\/a><strong>b)<\/strong>centre de recuperare;<\/p>\n\n\n\n<p><a><\/a><strong>c)<\/strong>locuin\u0163e protejate.<\/p>\n\n\n\n<p><a><strong><\/strong><\/a><strong>(3)<\/strong>Serviciile sociale pentru prevenirea \u015fi combaterea violen\u0163ei domestice organizate \u00een regim de zi sunt:<\/p>\n\n\n\n<p><a><\/a><strong>a)<\/strong>centre pentru prevenirea \u015fi combaterea violen\u0163ei domestice;<\/p>\n\n\n\n<p><a><\/a><strong>b)<\/strong>centre pentru servicii de informare \u015fi sensibilizare a popula\u0163iei;<\/p>\n\n\n\n<p><a><\/a><strong>c)<\/strong>centre de asisten\u0163\u0103 destinate agresorilor.<\/p>\n\n\n\n<p><a><strong><\/strong><\/a><strong>(4)<\/strong>Serviciile sociale pentru prevenirea \u015fi combaterea violen\u0163ei domestice cu program continuu sunt:<\/p>\n\n\n\n<p><a><\/a><strong>a)<\/strong>servicii de informare \u015fi consiliere pentru victimele violen\u0163ei domestice de tip linie telefonic\u0103 de urgen\u0163\u0103 &#8211; help-line;<\/p>\n\n\n\n<p><a><\/a><strong>b)<\/strong>servicii integrate de urgen\u0163\u0103 destinate victimelor violen\u0163ei sexuale.<\/p>\n\n\n\n<p><a><\/a><strong>(5)<\/strong>Serviciile sociale destinate agresorilor sunt organizate \u00een regim de zi \u015fi au ca obiectiv reabilitarea \u015fi reinser\u0163ia social\u0103 a acestora, prin asigurarea unor m\u0103suri de educa\u0163ie \u015fi consiliere. \u00cen condi\u0163iile legii, centrele pot monitoriza tratamentul adic\u0163iilor.<\/p>\n\n\n\n<p><a><\/a><strong>(6)<\/strong>Serviciile sociale specializate pentru prevenirea \u015fi combaterea violen\u0163ei domestice sunt oferite \u00een mod gratuit victimelor.<\/p>\n","protected":false},"excerpt":{"rendered":"<p>&nbsp;&nbsp;&nbsp;&nbsp;&nbsp;&nbsp;&nbsp;&nbsp;&nbsp; \u00cen aten\u021bia persoanelor care sunt victime ale violen\u021bei domestice Linia telefonic\u0103 de urgen\u021b\u0103\u00a0 este -112\u00a0 &#8211;\u00a0 serviciul na\u021bional; -119\u00a0 &#8211; telefonul copilului; &#8211; 0800 500 333- helpline Extras din Legea nr. 217\/2003 pentru prevenirea \u0219i combaterea violen\u021bei domestice, republicat\u0103,<\/p>\n","protected":false},"author":1,"featured_media":0,"parent":0,"menu_order":0,"comment_status":"closed","ping_status":"closed","template":"","meta":{"footnotes":""},"class_list":["post-9140","page","type-page","status-publish","hentry"],"translation":{"provider":"WPGlobus","version":"3.0.0","language":"ru","enabled_languages":["en","es","de","fr","ru"],"languages":{"en":{"title":true,"content":true,"excerpt":false},"es":{"title":false,"content":false,"excerpt":false},"de":{"title":false,"content":false,"excerpt":false},"fr":{"title":false,"content":false,"excerpt":false},"ru":{"title":false,"content":false,"excerpt":false}}},"_links":{"self":[{"href":"https:\/\/www.dasp.ro\/ru\/wp-json\/wp\/v2\/pages\/9140","targetHints":{"allow":["GET"]}}],"collection":[{"href":"https:\/\/www.dasp.ro\/ru\/wp-json\/wp\/v2\/pages"}],"about":[{"href":"https:\/\/www.dasp.ro\/ru\/wp-json\/wp\/v2\/types\/page"}],"author":[{"embeddable":true,"href":"https:\/\/www.dasp.ro\/ru\/wp-json\/wp\/v2\/users\/1"}],"replies":[{"embeddable":true,"href":"https:\/\/www.dasp.ro\/ru\/wp-json\/wp\/v2\/comments?post=9140"}],"version-history":[{"count":3,"href":"https:\/\/www.dasp.ro\/ru\/wp-json\/wp\/v2\/pages\/9140\/revisions"}],"predecessor-version":[{"id":9143,"href":"https:\/\/www.dasp.ro\/ru\/wp-json\/wp\/v2\/pages\/9140\/revisions\/9143"}],"wp:attachment":[{"href":"https:\/\/www.dasp.ro\/ru\/wp-json\/wp\/v2\/media?parent=9140"}],"curies":[{"name":"wp","href":"https:\/\/api.w.org\/{rel}","templated":true}]}}