{"id":9509,"date":"2025-07-25T14:12:48","date_gmt":"2025-07-25T11:12:48","guid":{"rendered":"https:\/\/www.dasp.ro\/?page_id=9509"},"modified":"2025-07-25T14:12:50","modified_gmt":"2025-07-25T11:12:50","slug":"centrul-multifunctional-comunitar","status":"publish","type":"page","link":"https:\/\/www.dasp.ro\/ru\/centrul-multifunctional-comunitar\/","title":{"rendered":"Centrul Multifunctional Comunitar"},"content":{"rendered":"\n<p class=\"has-text-align-center\"><strong>Centrul Multifunc<\/strong><strong>\u021bional Comunitar<\/strong><\/p>\n\n\n\n<p class=\"has-text-align-center\"><strong>\u015eef centru: Oprea Olivia Ioana<\/strong><\/p>\n\n\n\n<p class=\"has-text-align-center\"><strong>E-mail: dasp@dasp.ro<\/strong><\/p>\n\n\n\n<div style=\"height:100px\" aria-hidden=\"true\" class=\"wp-block-spacer\"><\/div>\n\n\n\n<p>Centrul Multifunc\u021bional Comunitar este compus din:<\/p>\n\n\n\n<p><strong>Centrul de zi pentru persoane adulte cu dizabilit\u0103\u021bi<\/strong><\/p>\n\n\n\n<p><strong>Tel: 0791 302 296<\/strong><\/p>\n\n\n\n<p>Scopul Serviciului social Centrul de zi pentru persoane adulte cu dizabilit\u0103\u021bi este realizarea unui ansamblu de activit\u0103\u021bi \u00een intervale diferite ale zilei pentru a r\u0103spunde nevoilor individuale specifice ale persoanelor adulte cu dizabilit\u0103\u021bi, \u00een vederea dep\u0103\u0219irii situa\u021biilor de dificultate, dezvolt\u0103rii poten\u021bialului \u0219i prevenirii institu\u021bionaliz\u0103rii.<\/p>\n\n\n\n<p><strong>Centrului de consiliere \u015fi sprijin pentru p\u0103rin\u0163i \u0219i copii<\/strong><\/p>\n\n\n\n<p><strong>Tel 0791 302 298<\/strong><\/p>\n\n\n\n<p>Centrul de consiliere \u015fi sprijin pentru p\u0103rin\u021bi \u0219i copii din cadrul Centrului Multifunc\u021bional Comunitar, este un centru de zi care are drept misiune sprijinirea \u015fi asisten\u021ba p\u0103rin\u0163ilor\/poten\u0163ialilor p\u0103rin\u0163i pentru a face fa\u0163\u0103 dificult\u0103\u0163ilor psihosociale care afecteaz\u0103 rela\u0163iile familiale, dezvoltarea competen\u0163elor parentale, prevenirea separ\u0103rii copilului de familia sa, precum \u0219i sprijinirea copiilor atunci c\u00e2nd apar probleme \u00een dezvoltarea acestora.<\/p>\n\n\n\n<p><strong>Centrului de zi pentru copii afla\u021bi \u00een situa\u021bie de risc de separare de p\u0103rin\u021bi<\/strong><\/p>\n\n\n\n<p><strong>Tel 0791 302 298<\/strong><\/p>\n\n\n\n<p>(1) Scopul Serviciului social Centrul de zi pentru copii afla\u021bi \u00een situa\u021bie de risc de separare de p\u0103rin\u021bi este de a oferi copiilor \u00een situa\u021bii de risc, cu v\u00e2rsta cuprins\u0103 \u00eentre 7 ani \u015fi maxim 18 ani, activit\u0103\u0163i de \u00eengrijire, educa\u0163ie, recreere-socializare \u015fi consiliere.Centrul de zi \u00ee\u015fi propune stimularea particip\u0103rii \u015fcolare, atragerea copiilor \u00een activit\u0103\u0163i educative \u015fi recreative de natur\u0103 s\u0103 favorizeze dezvoltarea armonioas\u0103 a personalit\u0103\u0163ii copiilor \u015fi s\u0103 le dezvolte ata\u015famentul fa\u0163\u0103 de valorile specifice unei societ\u0103\u0163i civilizate.<\/p>\n\n\n\n<p>(2) Centrul de zi sprijin\u0103 si asist\u0103 copiii \u0219i parin\u0163ii&nbsp; pentru a face fa\u0163\u0103 dificult\u0103\u0163ilor psihosociale care afecteaz\u0103 rela\u0163iile familiale, pentru dezvoltarea competen\u0163elor parentale, pentru prevenirea separ\u0103rii copilului de familia sa \u015fi sprijin\u0103 copiii atunci c\u00e2nd apar probleme \u00een dezvoltarea acestora.<\/p>\n\n\n\n<p><strong>Centrului de zi pentru persoane v\u00e2rstnice<\/strong><\/p>\n\n\n\n<p><strong>Coordonator Tudoran Dumitra Iuliana<\/strong><\/p>\n\n\n\n<p><strong>Tel. 0791 302 299<\/strong><\/p>\n\n\n\n<p>Scopul Serviciului social Centrul de zi pentru persoane v\u00e2rstniceeste de prevenire a marginaliz\u0103rii \u0219i excluziunii sociale, de cre\u0219tere a gradului de incluziune social\u0103 \u0219i \u00eembun\u0103t\u0103\u021birea calit\u0103\u021bii vie\u021bii persoanelor v\u00e2rstnice din municipiul Pite\u0219ti. De asemenea, scopul serviciului social Centrul de zi pentru persoane v\u00e2rstnice este de a crea un cadru organizat \u00een scopul dezvolt\u0103rii unor aptitudini de socializare colectiv\u0103, oferirea unui spa\u021biu corespunz\u0103tor \u00een care v\u00e2rstnicii s\u0103 se poat\u0103 \u00eent\u00e2lni, rela\u021biona \u0219i desf\u0103\u0219ura o serie de activit\u0103\u021bi recreative cu impact pozitiv asupra st\u0103rii psihice a acestora.<\/p>\n\n\n\n<div style=\"height:100px\" aria-hidden=\"true\" class=\"wp-block-spacer\"><\/div>\n","protected":false},"excerpt":{"rendered":"<p>Centrul Multifunc\u021bional Comunitar \u015eef centru: Oprea Olivia Ioana E-mail: dasp@dasp.ro Centrul Multifunc\u021bional Comunitar este compus din: Centrul de zi pentru persoane adulte cu dizabilit\u0103\u021bi Tel: 0791 302 296 Scopul Serviciului social Centrul de zi pentru persoane adulte cu dizabilit\u0103\u021bi este<\/p>\n","protected":false},"author":1,"featured_media":0,"parent":0,"menu_order":0,"comment_status":"closed","ping_status":"closed","template":"","meta":{"footnotes":""},"class_list":["post-9509","page","type-page","status-publish","hentry"],"translation":{"provider":"WPGlobus","version":"3.0.0","language":"ru","enabled_languages":["en","es","de","fr","ru"],"languages":{"en":{"title":true,"content":true,"excerpt":false},"es":{"title":false,"content":false,"excerpt":false},"de":{"title":false,"content":false,"excerpt":false},"fr":{"title":false,"content":false,"excerpt":false},"ru":{"title":false,"content":false,"excerpt":false}}},"_links":{"self":[{"href":"https:\/\/www.dasp.ro\/ru\/wp-json\/wp\/v2\/pages\/9509","targetHints":{"allow":["GET"]}}],"collection":[{"href":"https:\/\/www.dasp.ro\/ru\/wp-json\/wp\/v2\/pages"}],"about":[{"href":"https:\/\/www.dasp.ro\/ru\/wp-json\/wp\/v2\/types\/page"}],"author":[{"embeddable":true,"href":"https:\/\/www.dasp.ro\/ru\/wp-json\/wp\/v2\/users\/1"}],"replies":[{"embeddable":true,"href":"https:\/\/www.dasp.ro\/ru\/wp-json\/wp\/v2\/comments?post=9509"}],"version-history":[{"count":1,"href":"https:\/\/www.dasp.ro\/ru\/wp-json\/wp\/v2\/pages\/9509\/revisions"}],"predecessor-version":[{"id":9510,"href":"https:\/\/www.dasp.ro\/ru\/wp-json\/wp\/v2\/pages\/9509\/revisions\/9510"}],"wp:attachment":[{"href":"https:\/\/www.dasp.ro\/ru\/wp-json\/wp\/v2\/media?parent=9509"}],"curies":[{"name":"wp","href":"https:\/\/api.w.org\/{rel}","templated":true}]}}