{"id":9793,"date":"2025-09-23T10:29:06","date_gmt":"2025-09-23T07:29:06","guid":{"rendered":"https:\/\/www.dasp.ro\/?page_id=9793"},"modified":"2025-09-23T10:29:07","modified_gmt":"2025-09-23T07:29:07","slug":"modalitatea-de-contestare-a-deciziei-si-modele-de-formulare-in-acest-sens","status":"publish","type":"page","link":"https:\/\/www.dasp.ro\/ru\/modalitatea-de-contestare-a-deciziei-si-modele-de-formulare-in-acest-sens\/","title":{"rendered":"Modalitatea de contestare a deciziei \u0219i modele de formulare in acest sens"},"content":{"rendered":"\n<p>\u00cen conformitate cu prevederile\u00a0din Legea nr. 544 \/ 2001 privind liberul acces la informa\u021biile de interes public, cu modific\u0103rile \u0219i complet\u0103rile ulterioare:<\/p>\n\n\n\n<p>\u00cen cazul \u00een care o persoan\u0103 consider\u0103 c\u0103 dreptul privind accesul la informa\u021biile de interes public a fost \u00eenc\u0103lcat, aceasta se poate adresa cu reclama\u021bie administrativ\u0103 conduc\u0103torului autorit\u0103\u021bii sau institu\u021biei publice c\u0103reia i-a fost solicitat\u0103 informa\u021bia.<\/p>\n\n\n\n<p>Persoana care se consider\u0103 v\u0103t\u0103mat\u0103 \u00een drepturile sale poate depune reclama\u021bia administrativ\u0103&nbsp;\u00een termen de 30 de zile de la luarea la cuno\u0219tin\u021b\u0103 a refuzului explicit sau tacit al angaja\u021bilor din cadrul autorit\u0103\u021bii sau institu\u021biei publice.<\/p>\n\n\n\n<p>Solicitantul care, dup\u0103 primirea r\u0103spunsului la reclama\u021bia administrativ\u0103, se consider\u0103 \u00een continuare lezat \u00een drepturile sale prev\u0103zute de lege, poate face&nbsp;pl\u00e2ngere la sec\u021bia de contencios administrativ a tribunalului, \u00een termen de 30 de zile de la expirarea termenelor prev\u0103zute \u00een Legea nr.544\/2001.<\/p>\n\n\n\n<p><a href=\"https:\/\/www.dasp.ro\/wp-content\/uploads\/2024\/04\/Reclamatie-administrativa-neprimire-raspuns.pdf\">Model Reclamatie administrativa neprimire raspuns<\/a><\/p>\n\n\n\n<p><a href=\"https:\/\/www.dasp.ro\/wp-content\/uploads\/2024\/04\/Reclamatie-administrativa-raspuns-negativ.pdf\">Model Reclamatie administrativa raspuns negativ<\/a><\/p>\n","protected":false},"excerpt":{"rendered":"<p>\u00cen conformitate cu prevederile\u00a0din Legea nr. 544 \/ 2001 privind liberul acces la informa\u021biile de interes public, cu modific\u0103rile \u0219i complet\u0103rile ulterioare: \u00cen cazul \u00een care o persoan\u0103 consider\u0103 c\u0103 dreptul privind accesul la informa\u021biile de interes public a fost<\/p>\n","protected":false},"author":341,"featured_media":0,"parent":0,"menu_order":0,"comment_status":"closed","ping_status":"closed","template":"","meta":{"footnotes":""},"class_list":["post-9793","page","type-page","status-publish","hentry"],"translation":{"provider":"WPGlobus","version":"3.0.0","language":"ru","enabled_languages":["en","es","de","fr","ru"],"languages":{"en":{"title":true,"content":true,"excerpt":false},"es":{"title":false,"content":false,"excerpt":false},"de":{"title":false,"content":false,"excerpt":false},"fr":{"title":false,"content":false,"excerpt":false},"ru":{"title":false,"content":false,"excerpt":false}}},"_links":{"self":[{"href":"https:\/\/www.dasp.ro\/ru\/wp-json\/wp\/v2\/pages\/9793","targetHints":{"allow":["GET"]}}],"collection":[{"href":"https:\/\/www.dasp.ro\/ru\/wp-json\/wp\/v2\/pages"}],"about":[{"href":"https:\/\/www.dasp.ro\/ru\/wp-json\/wp\/v2\/types\/page"}],"author":[{"embeddable":true,"href":"https:\/\/www.dasp.ro\/ru\/wp-json\/wp\/v2\/users\/341"}],"replies":[{"embeddable":true,"href":"https:\/\/www.dasp.ro\/ru\/wp-json\/wp\/v2\/comments?post=9793"}],"version-history":[{"count":1,"href":"https:\/\/www.dasp.ro\/ru\/wp-json\/wp\/v2\/pages\/9793\/revisions"}],"predecessor-version":[{"id":9794,"href":"https:\/\/www.dasp.ro\/ru\/wp-json\/wp\/v2\/pages\/9793\/revisions\/9794"}],"wp:attachment":[{"href":"https:\/\/www.dasp.ro\/ru\/wp-json\/wp\/v2\/media?parent=9793"}],"curies":[{"name":"wp","href":"https:\/\/api.w.org\/{rel}","templated":true}]}}