{"id":9797,"date":"2025-09-23T10:34:56","date_gmt":"2025-09-23T07:34:56","guid":{"rendered":"https:\/\/www.dasp.ro\/?page_id=9797"},"modified":"2025-09-23T10:34:58","modified_gmt":"2025-09-23T07:34:58","slug":"lista-cu-documentele-de-interes-public-si-lista-cu-documentele-produse-gestionate-de-institutie","status":"publish","type":"page","link":"https:\/\/www.dasp.ro\/ru\/lista-cu-documentele-de-interes-public-si-lista-cu-documentele-produse-gestionate-de-institutie\/","title":{"rendered":"Lista cu documentele de interes public \u0219i lista cu documentele produse\/gestionate de institu\u021bie"},"content":{"rendered":"\n<p>\u00cen conformitate cu prevederile&nbsp;din Legea nr. 544 \/ 2001 privind liberul acces la informa\u021biile de interes public, cu modific\u0103rile \u0219i complet\u0103rile ulterioare:<\/p>\n\n\n\n<p>&nbsp;\u2013 art.&nbsp;5&nbsp;alin. (1)&nbsp;&nbsp;<em>\u201d&nbsp;Fiecare autoritate sau institu\u0163ie public\u0103 are obliga\u0163ia s\u0103 comunice din oficiu urm\u0103toarele informa\u0163ii de interes public:<\/em><\/p>\n\n\n\n<p><em>a)&nbsp;<\/em><em>actele normative care reglementeaz\u0103 organizarea \u015fi func\u0163ionarea autorit\u0103\u0163ii sau institu\u0163iei publice;<br>b) structura organizatoric\u0103, atribu\u0163iile departamentelor, programul de func\u0163ionare, programul de audien\u0163e al autorit\u0103\u0163ii sau institu\u0163iei publice;<br>c) numele \u015fi prenumele persoanelor din conducerea autorit\u0103\u0163ii sau a institu\u0163iei publice \u015fi ale func\u0163ionarului responsabil cu difuzarea informa\u0163iilor publice;<br>d) coordonatele de contact ale autorit\u0103\u0163ii sau institu\u0163iei publice, respectiv: denumirea, sediul, numerele de telefon, fax, adresa de e-mail \u015fi adresa paginii de Internet;<br>e) sursele financiare, bugetul \u015fi bilan\u0163ul contabil;<br>f) programele \u015fi strategiile proprii;<br>g) lista cuprinz\u00e2nd documentele de interes public;<br>h) lista cuprinz\u00e2nd categoriile de documente produse \u015fi\/sau gestionate, potrivit legii;<br>i)&nbsp; modalit\u0103\u0163ile de contestare a deciziei autorit\u0103\u0163ii sau a institu\u0163iei publice \u00een situa\u0163ia \u00een care persoana se consider\u0103 v\u0103t\u0103mat\u0103 \u00een privin\u0163a dreptului de acces la informa\u0163iile de interes public solicitate.\u201d<\/em><\/p>\n\n\n\n<p><a href=\"https:\/\/www.dasp.ro\/wp-content\/uploads\/2024\/04\/Lista-documente-interes-public.pdf\">Lista documente de interes public<\/a><\/p>\n\n\n\n<p><a href=\"https:\/\/www.dasp.ro\/wp-content\/uploads\/2024\/04\/Lista-documente-produse-sau-gestionate-de-institutie.pdf\">Lista documente produse sau gestionate de institutie<\/a><\/p>\n\n\n\n<p><a href=\"https:\/\/www.dasp.ro\/wp-content\/uploads\/2024\/04\/Lista-documente-exceptate-de-la-liberul-acces.pdf\">Lista documente exceptate de la liberul acces<\/a><\/p>\n","protected":false},"excerpt":{"rendered":"<p>\u00cen conformitate cu prevederile&nbsp;din Legea nr. 544 \/ 2001 privind liberul acces la informa\u021biile de interes public, cu modific\u0103rile \u0219i complet\u0103rile ulterioare: &nbsp;\u2013 art.&nbsp;5&nbsp;alin. (1)&nbsp;&nbsp;\u201d&nbsp;Fiecare autoritate sau institu\u0163ie public\u0103 are obliga\u0163ia s\u0103 comunice din oficiu urm\u0103toarele informa\u0163ii de interes public:<\/p>\n","protected":false},"author":341,"featured_media":0,"parent":0,"menu_order":0,"comment_status":"closed","ping_status":"closed","template":"","meta":{"footnotes":""},"class_list":["post-9797","page","type-page","status-publish","hentry"],"translation":{"provider":"WPGlobus","version":"3.0.0","language":"ru","enabled_languages":["en","es","de","fr","ru"],"languages":{"en":{"title":true,"content":true,"excerpt":false},"es":{"title":false,"content":false,"excerpt":false},"de":{"title":false,"content":false,"excerpt":false},"fr":{"title":false,"content":false,"excerpt":false},"ru":{"title":false,"content":false,"excerpt":false}}},"_links":{"self":[{"href":"https:\/\/www.dasp.ro\/ru\/wp-json\/wp\/v2\/pages\/9797","targetHints":{"allow":["GET"]}}],"collection":[{"href":"https:\/\/www.dasp.ro\/ru\/wp-json\/wp\/v2\/pages"}],"about":[{"href":"https:\/\/www.dasp.ro\/ru\/wp-json\/wp\/v2\/types\/page"}],"author":[{"embeddable":true,"href":"https:\/\/www.dasp.ro\/ru\/wp-json\/wp\/v2\/users\/341"}],"replies":[{"embeddable":true,"href":"https:\/\/www.dasp.ro\/ru\/wp-json\/wp\/v2\/comments?post=9797"}],"version-history":[{"count":1,"href":"https:\/\/www.dasp.ro\/ru\/wp-json\/wp\/v2\/pages\/9797\/revisions"}],"predecessor-version":[{"id":9798,"href":"https:\/\/www.dasp.ro\/ru\/wp-json\/wp\/v2\/pages\/9797\/revisions\/9798"}],"wp:attachment":[{"href":"https:\/\/www.dasp.ro\/ru\/wp-json\/wp\/v2\/media?parent=9797"}],"curies":[{"name":"wp","href":"https:\/\/api.w.org\/{rel}","templated":true}]}}